{"id":8203,"date":"2026-01-29T14:48:21","date_gmt":"2026-01-29T14:48:21","guid":{"rendered":"https:\/\/turkishtrade.co\/?post_type=product&#038;p=8203"},"modified":"2026-04-09T20:32:45","modified_gmt":"2026-04-09T20:32:45","slug":"brown-calf-leather-shoes","status":"publish","type":"product","link":"https:\/\/turkishtrade.co\/fr\/shop\/brown-calf-leather-shoes\/","title":{"rendered":"Cuir de veau marron Chaussures Ultimate | Hommes Classique"},"content":{"rendered":"<p><strong>Chaussures en cuir de veau marron<\/strong>. Qualit\u00e9 et design ultimes.<\/p>\n<p>Entrez dans un confort sophistiqu\u00e9 gr\u00e2ce \u00e0 notre <strong>Chaussures en cuir de veau marron<\/strong>, Ces chaussures ont \u00e9t\u00e9 con\u00e7ues avec soin pour l'homme moderne. Ces chaussures haut de gamme allient un design classique intemporel \u00e0 une technologie de confort contemporaine, ce qui en fait un compl\u00e9ment indispensable \u00e0 la garde-robe de tout gentleman exigeant. Con\u00e7ues pour une polyvalence ultime, ces chaussures exceptionnelles <strong>chaussures en cuir de veau marron<\/strong> effortlessly transition from casual daytime wear to more refined evening events, ensuring you always look and feel your best, no matter the occasion.<\/p>\n<h3>Une qualit\u00e9 in\u00e9gal\u00e9e et un savoir-faire d'expert<\/h3>\n<p>Notre engagement in\u00e9branlable en faveur de la qualit\u00e9 est \u00e9vident dans chaque d\u00e9tail de ces chaussures remarquables. La tige est fabriqu\u00e9e de mani\u00e8re experte \u00e0 partir de cuir de veau v\u00e9ritable de qualit\u00e9 sup\u00e9rieure, r\u00e9put\u00e9 dans le monde entier pour sa texture incroyablement souple, son \u00e9clat naturel et sa durabilit\u00e9 exceptionnelle. Ce cuir de veau de qualit\u00e9 sup\u00e9rieure offre non seulement une esth\u00e9tique sophistiqu\u00e9e qui attire l'attention, mais il se moule aussi gracieusement \u00e0 votre pied au fil du temps, offrant un ajustement personnalis\u00e9, semblable \u00e0 un gant, qui ne fait que s'am\u00e9liorer avec l'\u00e2ge. La riche teinte marron fonc\u00e9 ajoute une touche d'\u00e9l\u00e9gance intemporelle, garantissant \u00e0 ces chaussures classiques un confort optimal. <strong>chaussures en cuir de veau marron<\/strong> restera un \u00e9l\u00e9ment essentiel de votre collection de chaussures pour les ann\u00e9es \u00e0 venir.<\/p>\n<h3>Un confort sup\u00e9rieur gr\u00e2ce \u00e0 des mat\u00e9riaux avanc\u00e9s<\/h3>\n<p>Faites l'exp\u00e9rience d'un v\u00e9ritable luxe et d'un confort in\u00e9gal\u00e9 de l'int\u00e9rieur vers l'ext\u00e9rieur. Chaque paire est dot\u00e9e d'une doublure en cuir de ch\u00e8vre, r\u00e9put\u00e9e pour son incroyable douceur sur la peau et sa respirabilit\u00e9 sup\u00e9rieure. Cette doublure naturelle aide \u00e0 r\u00e9guler la temp\u00e9rature du pied, le gardant frais, sec et frais pendant les journ\u00e9es les plus longues, ce qui am\u00e9liore consid\u00e9rablement le confort g\u00e9n\u00e9ral. La semelle EVA de pointe vient compl\u00e9ter l'int\u00e9rieur moelleux de la chaussure. Ce mat\u00e9riau l\u00e9ger et tr\u00e8s souple offre une excellente absorption des chocs et un amortissement souple, r\u00e9duisant efficacement la fatigue du pied et offrant un ressort perceptible dans votre d\u00e9marche, m\u00eame pendant les p\u00e9riodes de port prolong\u00e9es. La semelle EVA, \u00e0 la fois robuste et remarquablement confortable, assure \u00e9galement une traction stable et des performances durables sur diverses surfaces.<\/p>\n<h3>Un m\u00e9lange parfait de style et de polyvalence<\/h3>\n<p>Ces chaussures classiques \u00e0 lacets incarnent un \u00e9quilibre parfait entre \u00e9l\u00e9gance d\u00e9contract\u00e9e et esth\u00e9tique raffin\u00e9e. Leur conception polyvalente les rend parfaitement adapt\u00e9es \u00e0 un large \u00e9ventail d'occasions, qu'il s'agisse d'un cadre professionnel d\u00e9contract\u00e9 ou d'une sortie relaxante le week-end. Associez-les sans effort \u00e0 un pantalon chino pour un look chic et d\u00e9contract\u00e9, ou habillez-les avec votre jean pr\u00e9f\u00e9r\u00e9 pour un style discret et sans effort. Disponibles dans une large gamme de tailles europ\u00e9ennes (40, 41, 42, 43, 44), ces pantalons \u00e0 talon sont tr\u00e8s faciles \u00e0 porter. <strong>chaussures en cuir de veau marron<\/strong> sont m\u00e9ticuleusement con\u00e7ues pour offrir un ajustement parfait et confortable \u00e0 de nombreuses personnes. Pour les entreprises qui cherchent \u00e0 stocker des chaussures pour hommes de haute qualit\u00e9, ces chaussures haut de gamme sont disponibles \u00e0 l'achat en gros avec une quantit\u00e9 minimale de commande de 16 paires, offrant une excellente occasion de fournir \u00e0 vos clients estim\u00e9s des options vraiment haut de gamme, exceptionnellement confortables et ind\u00e9niablement \u00e9l\u00e9gantes.<\/p>","protected":false},"excerpt":{"rendered":"<ul>\n<li>Dessus en cuir de veau marron de premi\u00e8re qualit\u00e9 pour une \u00e9l\u00e9gance durable et un attrait sophistiqu\u00e9<\/li>\n<li>Doublure en cuir de ch\u00e8vre respirant et souple pour un confort sup\u00e9rieur tout au long de la journ\u00e9e.<\/li>\n<li>Semelle EVA l\u00e9g\u00e8re et flexible offrant un excellent amorti et un bon soutien.<\/li>\n<li>Disponible dans les tailles europ\u00e9ennes 40, 41, 42, 43, 44 pour garantir un ajustement parfait.<\/li>\n<li>Mod\u00e8le classique \u00e0 lacets, parfait pour les occasions d\u00e9contract\u00e9es ou \u00e9l\u00e9gantes.<\/li>\n<li>Possibilit\u00e9 de vente en gros avec une quantit\u00e9 minimale de 16 paires.<\/li>\n<\/ul>","protected":false},"featured_media":6951,"template":"","meta":{"_acf_changed":false,"_uag_custom_page_level_css":"","site-sidebar-layout":"default","site-content-layout":"","ast-site-content-layout":"default","site-content-style":"default","site-sidebar-style":"default","ast-global-header-display":"","ast-banner-title-visibility":"","ast-main-header-display":"","ast-hfb-above-header-display":"","ast-hfb-below-header-display":"","ast-hfb-mobile-header-display":"","site-post-title":"","ast-breadcrumbs-content":"","ast-featured-img":"","footer-sml-layout":"","ast-disable-related-posts":"","theme-transparent-header-meta":"","adv-header-id-meta":"","stick-header-meta":"","header-above-stick-meta":"","header-main-stick-meta":"","header-below-stick-meta":"","astra-migrate-meta-layouts":"default","ast-page-background-enabled":"default","ast-page-background-meta":{"desktop":{"background-color":"var(--ast-global-color-4)","background-image":"","background-repeat":"repeat","background-position":"center center","background-size":"auto","background-attachment":"scroll","background-type":"","background-media":"","overlay-type":"","overlay-color":"","overlay-opacity":"","overlay-gradient":""},"tablet":{"background-color":"","background-image":"","background-repeat":"repeat","background-position":"center center","background-size":"auto","background-attachment":"scroll","background-type":"","background-media":"","overlay-type":"","overlay-color":"","overlay-opacity":"","overlay-gradient":""},"mobile":{"background-color":"","background-image":"","background-repeat":"repeat","background-position":"center center","background-size":"auto","background-attachment":"scroll","background-type":"","background-media":"","overlay-type":"","overlay-color":"","overlay-opacity":"","overlay-gradient":""}},"ast-content-background-meta":{"desktop":{"background-color":"var(--ast-global-color-5)","background-image":"","background-repeat":"repeat","background-position":"center center","background-size":"auto","background-attachment":"scroll","background-type":"","background-media":"","overlay-type":"","overlay-color":"","overlay-opacity":"","overlay-gradient":""},"tablet":{"background-color":"var(--ast-global-color-5)","background-image":"","background-repeat":"repeat","background-position":"center center","background-size":"auto","background-attachment":"scroll","background-type":"","background-media":"","overlay-type":"","overlay-color":"","overlay-opacity":"","overlay-gradient":""},"mobile":{"background-color":"var(--ast-global-color-5)","background-image":"","background-repeat":"repeat","background-position":"center center","background-size":"auto","background-attachment":"scroll","background-type":"","background-media":"","overlay-type":"","overlay-color":"","overlay-opacity":"","overlay-gradient":""}}},"product_brand":[],"product_cat":[48,47,49,430,1200],"product_tag":[1379,1248,319,287,189,286,936,255,289],"class_list":{"0":"post-8203","1":"product","2":"type-product","3":"status-publish","4":"has-post-thumbnail","6":"product_cat-casual","7":"product_cat-classic","8":"product_cat-loafer","9":"product_cat-men","10":"product_cat-mens-shoes-2","11":"product_tag-brown-calf-leather-shoes","12":"product_tag-classic-casual-shoes","13":"product_tag-comfortable-leather-shoes","14":"product_tag-eva-sole-shoes","15":"product_tag-goat-leather-lining","16":"product_tag-mens-leather-shoes","17":"product_tag-premium-mens-footwear","18":"product_tag-turkish-leather-shoes","19":"product_tag-wholesale-leather-shoes","20":"desktop-align-center","21":"tablet-align-center","22":"mobile-align-center","24":"first","25":"instock","26":"shipping-taxable","27":"purchasable","28":"product-type-variable","29":"has-default-attributes"},"acf":[],"uagb_featured_image_src":{"full":["https:\/\/turkishtrade.co\/wp-content\/uploads\/2026\/01\/2600NZTMN00053-BROWN.png",453,250,false],"thumbnail":["https:\/\/turkishtrade.co\/wp-content\/uploads\/2026\/01\/2600NZTMN00053-BROWN-150x150.png",150,150,true],"medium":["https:\/\/turkishtrade.co\/wp-content\/uploads\/2026\/01\/2600NZTMN00053-BROWN-300x166.png",300,166,true],"medium_large":["https:\/\/turkishtrade.co\/wp-content\/uploads\/2026\/01\/2600NZTMN00053-BROWN.png",453,250,false],"large":["https:\/\/turkishtrade.co\/wp-content\/uploads\/2026\/01\/2600NZTMN00053-BROWN.png",453,250,false],"1536x1536":["https:\/\/turkishtrade.co\/wp-content\/uploads\/2026\/01\/2600NZTMN00053-BROWN.png",453,250,false],"2048x2048":["https:\/\/turkishtrade.co\/wp-content\/uploads\/2026\/01\/2600NZTMN00053-BROWN.png",453,250,false],"trp-custom-language-flag":["https:\/\/turkishtrade.co\/wp-content\/uploads\/2026\/01\/2600NZTMN00053-BROWN-18x10.png",18,10,true],"woocommerce_thumbnail":["https:\/\/turkishtrade.co\/wp-content\/uploads\/2026\/01\/2600NZTMN00053-BROWN-400x250.png",400,250,true],"woocommerce_single":["https:\/\/turkishtrade.co\/wp-content\/uploads\/2026\/01\/2600NZTMN00053-BROWN.png",453,250,false],"woocommerce_gallery_thumbnail":["https:\/\/turkishtrade.co\/wp-content\/uploads\/2026\/01\/2600NZTMN00053-BROWN-100x100.png",100,100,true]},"uagb_author_info":{"display_name":"python python","author_link":"https:\/\/turkishtrade.co\/fr\/author\/"},"uagb_comment_info":0,"uagb_excerpt":"Premium brown calf leather upper for lasting elegance and sophisticated appeal Breathable and soft goat leather lining for superior all-day comfort Lightweight and flexible EVA sole providing excellent cushioning and support Available in EU sizes 40, 41, 42, 43, 44 to ensure a perfect fit Classic lace-up design, perfect for both casual and smart-casual occasions\u2026","_links":{"self":[{"href":"https:\/\/turkishtrade.co\/fr\/wp-json\/wp\/v2\/product\/8203","targetHints":{"allow":["GET"]}}],"collection":[{"href":"https:\/\/turkishtrade.co\/fr\/wp-json\/wp\/v2\/product"}],"about":[{"href":"https:\/\/turkishtrade.co\/fr\/wp-json\/wp\/v2\/types\/product"}],"wp:featuredmedia":[{"embeddable":true,"href":"https:\/\/turkishtrade.co\/fr\/wp-json\/wp\/v2\/media\/6951"}],"wp:attachment":[{"href":"https:\/\/turkishtrade.co\/fr\/wp-json\/wp\/v2\/media?parent=8203"}],"wp:term":[{"taxonomy":"product_brand","embeddable":true,"href":"https:\/\/turkishtrade.co\/fr\/wp-json\/wp\/v2\/product_brand?post=8203"},{"taxonomy":"product_cat","embeddable":true,"href":"https:\/\/turkishtrade.co\/fr\/wp-json\/wp\/v2\/product_cat?post=8203"},{"taxonomy":"product_tag","embeddable":true,"href":"https:\/\/turkishtrade.co\/fr\/wp-json\/wp\/v2\/product_tag?post=8203"}],"curies":[{"name":"wp","href":"https:\/\/api.w.org\/{rel}","templated":true}]}}