{"id":8176,"date":"2026-01-29T14:48:11","date_gmt":"2026-01-29T14:48:11","guid":{"rendered":"https:\/\/turkishtrade.co\/?post_type=product&#038;p=8176"},"modified":"2026-04-09T20:33:07","modified_gmt":"2026-04-09T20:33:07","slug":"classic-calf-leather-loafers-2","status":"publish","type":"product","link":"https:\/\/turkishtrade.co\/fr\/shop\/classic-calf-leather-loafers-2\/","title":{"rendered":"Classic Calf Leather Loafers Amazing | Men's with EVA Sole"},"content":{"rendered":"<p><strong>Mocassins classiques en cuir de veau<\/strong>. Une qualit\u00e9 et un design \u00e9tonnants.<\/p>\n<p>Profitez d'un confort in\u00e9gal\u00e9 et d'un style sophistiqu\u00e9 gr\u00e2ce \u00e0 notre collection exquise de <strong>Mocassins classiques en cuir de veau<\/strong>. Con\u00e7us pour les hommes exigeants, ces mocassins allient l'\u00e9l\u00e9gance traditionnelle au confort moderne, ce qui en fait le compl\u00e9ment id\u00e9al de toute garde-robe. Chaque paire de ces mocassins haut de gamme est m\u00e9ticuleusement fabriqu\u00e9e pour offrir une exp\u00e9rience de port exceptionnelle, vous assurant d'\u00eatre au mieux de votre forme, que vous soyez au bureau ou que vous profitiez d'un week-end d\u00e9contract\u00e9.<\/p>\n<h3>Un confort et un style in\u00e9gal\u00e9s<\/h3>\n<p>Notre <strong>Mocassins classiques en cuir de veau<\/strong> ne se contentent pas d'\u00eatre esth\u00e9tiques, elles sont con\u00e7ues pour offrir un confort sup\u00e9rieur. La tige en cuir de veau v\u00e9ritable, souple et doux, s'adapte \u00e0 votre pied, offrant un ajustement sur mesure d\u00e8s la premi\u00e8re utilisation. \u00c0 l'int\u00e9rieur, une luxueuse doublure en cuir de ch\u00e8vre offre une respirabilit\u00e9 exceptionnelle et une sensation de douceur sur la peau, \u00e9vitant ainsi toute g\u00eane, m\u00eame apr\u00e8s des heures de port. Ces mat\u00e9riaux de qualit\u00e9 sup\u00e9rieure sont compl\u00e9t\u00e9s par une semelle EVA de pointe. Cette semelle l\u00e9g\u00e8re et flexible offre un amorti et un soutien remarquables, absorbant les chocs \u00e0 chaque pas et faisant de ces chaussures les plus confortables du march\u00e9. <strong>Mocassins classiques en cuir de veau<\/strong> que vous poss\u00e9derez.<\/p>\n<h3>Des mat\u00e9riaux de premi\u00e8re qualit\u00e9 pour une qualit\u00e9 durable<\/h3>\n<p>La qualit\u00e9 est au c\u0153ur de notre <strong>Mocassins classiques en cuir de veau<\/strong>. Le choix du cuir de veau pour la tige garantit non seulement un aspect raffin\u00e9, mais aussi une durabilit\u00e9 et une r\u00e9sistance exceptionnelles \u00e0 l'usure quotidienne. Le cuir de veau est r\u00e9put\u00e9 pour sa texture lisse et sa r\u00e9sistance, ce qui garantit que vos mocassins conserveront leur \u00e9l\u00e9gance pendant des ann\u00e9es. L'int\u00e9rieur en cuir de ch\u00e8vre, r\u00e9put\u00e9 pour sa douceur et sa respirabilit\u00e9, cr\u00e9e un environnement optimal pour vos pieds. Cet engagement en faveur de mat\u00e9riaux de haute qualit\u00e9 garantit qu'il ne s'agit pas de simples chaussures, mais d'un investissement dans un style et un confort durables.<\/p>\n<h3>Id\u00e9al pour toutes les occasions<\/h3>\n<p>La conception polyvalente de ces <strong>Mocassins classiques en cuir de veau<\/strong> les rend adapt\u00e9es \u00e0 un large \u00e9ventail d'occasions. Leur silhouette \u00e9l\u00e9gante permet de les associer sans effort \u00e0 une tenue d'affaires d\u00e9contract\u00e9e, comme un pantalon chino et un blazer, pour un look professionnel soign\u00e9. Mais leur confort inh\u00e9rent et leur style discret les rendent \u00e9galement parfaits pour des situations plus d\u00e9contract\u00e9es, en compl\u00e9ment d'un jean ou d'un short pour un ensemble chic et d\u00e9contract\u00e9. Disponibles dans les pointures 40, 41, 42, 43 et 44, ces mocassins conviennent \u00e0 un large \u00e9ventail de tailles de pieds, garantissant un ajustement parfait \u00e0 chaque client \u00e0 la recherche de la chaussure id\u00e9ale. <strong>Mocassins classiques en cuir de veau<\/strong>.<\/p>\n<h3>Opportunit\u00e9s pour le commerce de gros<\/h3>\n<p>Pour les entreprises qui souhaitent proposer des chaussures haut de gamme, nos <strong>Mocassins classiques en cuir de veau<\/strong> sont disponibles \u00e0 l'achat en gros. Avec une quantit\u00e9 minimale de commande de 16 paires, vous pouvez facilement approvisionner votre stock avec un produit qui promet qualit\u00e9, confort et attrait intemporel. Am\u00e9liorez votre collection de chaussures et offrez \u00e0 vos clients ces chaussures exceptionnelles. <strong>Mocassins classiques en cuir de veau<\/strong> qui se distinguent v\u00e9ritablement sur le march\u00e9.<\/p>","protected":false},"excerpt":{"rendered":"<ul>\n<li>Fabriqu\u00e9 de mani\u00e8re experte en cuir de veau v\u00e9ritable de haute qualit\u00e9.<\/li>\n<li>Doublure en cuir de ch\u00e8vre luxueux et respirant pour un confort ultime.<\/li>\n<li>Dot\u00e9e d'une semelle EVA l\u00e9g\u00e8re et flexible, elle assure un amorti tout au long de la journ\u00e9e.<\/li>\n<li>Un mocassin classique et intemporel, polyvalent pour une tenue d\u00e9contract\u00e9e ou semi-formelle.<\/li>\n<li>Disponible pour les achats en gros avec une quantit\u00e9 minimale de 16 paires.<\/li>\n<\/ul>","protected":false},"featured_media":6943,"template":"","meta":{"_acf_changed":false,"_uag_custom_page_level_css":"","site-sidebar-layout":"default","site-content-layout":"","ast-site-content-layout":"default","site-content-style":"default","site-sidebar-style":"default","ast-global-header-display":"","ast-banner-title-visibility":"","ast-main-header-display":"","ast-hfb-above-header-display":"","ast-hfb-below-header-display":"","ast-hfb-mobile-header-display":"","site-post-title":"","ast-breadcrumbs-content":"","ast-featured-img":"","footer-sml-layout":"","ast-disable-related-posts":"","theme-transparent-header-meta":"","adv-header-id-meta":"","stick-header-meta":"","header-above-stick-meta":"","header-main-stick-meta":"","header-below-stick-meta":"","astra-migrate-meta-layouts":"default","ast-page-background-enabled":"default","ast-page-background-meta":{"desktop":{"background-color":"var(--ast-global-color-4)","background-image":"","background-repeat":"repeat","background-position":"center center","background-size":"auto","background-attachment":"scroll","background-type":"","background-media":"","overlay-type":"","overlay-color":"","overlay-opacity":"","overlay-gradient":""},"tablet":{"background-color":"","background-image":"","background-repeat":"repeat","background-position":"center center","background-size":"auto","background-attachment":"scroll","background-type":"","background-media":"","overlay-type":"","overlay-color":"","overlay-opacity":"","overlay-gradient":""},"mobile":{"background-color":"","background-image":"","background-repeat":"repeat","background-position":"center center","background-size":"auto","background-attachment":"scroll","background-type":"","background-media":"","overlay-type":"","overlay-color":"","overlay-opacity":"","overlay-gradient":""}},"ast-content-background-meta":{"desktop":{"background-color":"var(--ast-global-color-5)","background-image":"","background-repeat":"repeat","background-position":"center center","background-size":"auto","background-attachment":"scroll","background-type":"","background-media":"","overlay-type":"","overlay-color":"","overlay-opacity":"","overlay-gradient":""},"tablet":{"background-color":"var(--ast-global-color-5)","background-image":"","background-repeat":"repeat","background-position":"center center","background-size":"auto","background-attachment":"scroll","background-type":"","background-media":"","overlay-type":"","overlay-color":"","overlay-opacity":"","overlay-gradient":""},"mobile":{"background-color":"var(--ast-global-color-5)","background-image":"","background-repeat":"repeat","background-position":"center center","background-size":"auto","background-attachment":"scroll","background-type":"","background-media":"","overlay-type":"","overlay-color":"","overlay-opacity":"","overlay-gradient":""}}},"product_brand":[],"product_cat":[48,47,49,430,1200],"product_tag":[370,512,1377,287,189,719,362,184,977,262],"class_list":{"0":"post-8176","1":"product","2":"type-product","3":"status-publish","4":"has-post-thumbnail","6":"product_cat-casual","7":"product_cat-classic","8":"product_cat-loafer","9":"product_cat-men","10":"product_cat-mens-shoes-2","11":"product_tag-black-loafers","12":"product_tag-casual-loafers","13":"product_tag-classic-calf-leather-loafers","14":"product_tag-eva-sole-shoes","15":"product_tag-goat-leather-lining","16":"product_tag-mens-leather-loafers","17":"product_tag-premium-footwear","18":"product_tag-slip-on-shoes","19":"product_tag-timeless-style","20":"product_tag-wholesale-mens-shoes","21":"desktop-align-center","22":"tablet-align-center","23":"mobile-align-center","25":"first","26":"instock","27":"shipping-taxable","28":"purchasable","29":"product-type-variable","30":"has-default-attributes"},"acf":[],"uagb_featured_image_src":{"full":["https:\/\/turkishtrade.co\/wp-content\/uploads\/2026\/01\/2600NZTMN00046-BLACK.png",453,250,false],"thumbnail":["https:\/\/turkishtrade.co\/wp-content\/uploads\/2026\/01\/2600NZTMN00046-BLACK-150x150.png",150,150,true],"medium":["https:\/\/turkishtrade.co\/wp-content\/uploads\/2026\/01\/2600NZTMN00046-BLACK-300x166.png",300,166,true],"medium_large":["https:\/\/turkishtrade.co\/wp-content\/uploads\/2026\/01\/2600NZTMN00046-BLACK.png",453,250,false],"large":["https:\/\/turkishtrade.co\/wp-content\/uploads\/2026\/01\/2600NZTMN00046-BLACK.png",453,250,false],"1536x1536":["https:\/\/turkishtrade.co\/wp-content\/uploads\/2026\/01\/2600NZTMN00046-BLACK.png",453,250,false],"2048x2048":["https:\/\/turkishtrade.co\/wp-content\/uploads\/2026\/01\/2600NZTMN00046-BLACK.png",453,250,false],"trp-custom-language-flag":["https:\/\/turkishtrade.co\/wp-content\/uploads\/2026\/01\/2600NZTMN00046-BLACK-18x10.png",18,10,true],"woocommerce_thumbnail":["https:\/\/turkishtrade.co\/wp-content\/uploads\/2026\/01\/2600NZTMN00046-BLACK-400x250.png",400,250,true],"woocommerce_single":["https:\/\/turkishtrade.co\/wp-content\/uploads\/2026\/01\/2600NZTMN00046-BLACK.png",453,250,false],"woocommerce_gallery_thumbnail":["https:\/\/turkishtrade.co\/wp-content\/uploads\/2026\/01\/2600NZTMN00046-BLACK-100x100.png",100,100,true]},"uagb_author_info":{"display_name":"python python","author_link":"https:\/\/turkishtrade.co\/fr\/author\/"},"uagb_comment_info":0,"uagb_excerpt":"Expertly crafted from genuine, high-quality calf leather. Features a luxurious and breathable goat leather lining for ultimate comfort. Equipped with a lightweight and flexible EVA sole, ensuring all-day cushioning. Showcases a timeless classic loafer design, versatile for both casual and semi-formal wear. Available for wholesale purchase with a minimum order quantity of 16 pairs.","_links":{"self":[{"href":"https:\/\/turkishtrade.co\/fr\/wp-json\/wp\/v2\/product\/8176","targetHints":{"allow":["GET"]}}],"collection":[{"href":"https:\/\/turkishtrade.co\/fr\/wp-json\/wp\/v2\/product"}],"about":[{"href":"https:\/\/turkishtrade.co\/fr\/wp-json\/wp\/v2\/types\/product"}],"wp:featuredmedia":[{"embeddable":true,"href":"https:\/\/turkishtrade.co\/fr\/wp-json\/wp\/v2\/media\/6943"}],"wp:attachment":[{"href":"https:\/\/turkishtrade.co\/fr\/wp-json\/wp\/v2\/media?parent=8176"}],"wp:term":[{"taxonomy":"product_brand","embeddable":true,"href":"https:\/\/turkishtrade.co\/fr\/wp-json\/wp\/v2\/product_brand?post=8176"},{"taxonomy":"product_cat","embeddable":true,"href":"https:\/\/turkishtrade.co\/fr\/wp-json\/wp\/v2\/product_cat?post=8176"},{"taxonomy":"product_tag","embeddable":true,"href":"https:\/\/turkishtrade.co\/fr\/wp-json\/wp\/v2\/product_tag?post=8176"}],"curies":[{"name":"wp","href":"https:\/\/api.w.org\/{rel}","templated":true}]}}