{"id":8175,"date":"2026-01-29T14:48:11","date_gmt":"2026-01-29T14:48:11","guid":{"rendered":"https:\/\/turkishtrade.co\/?post_type=product&#038;p=8175"},"modified":"2026-04-09T20:33:12","modified_gmt":"2026-04-09T20:33:12","slug":"mens-black-leather-derby-shoes-17","status":"publish","type":"product","link":"https:\/\/turkishtrade.co\/fr\/shop\/mens-black-leather-derby-shoes-17\/","title":{"rendered":"Chaussures de derby en cuir noir pour hommes Chaussures de derby en cuir de veau v\u00e9ritable pour hommes"},"content":{"rendered":"<p><strong>Chaussures derby en cuir noir pour hommes<\/strong>. Qualit\u00e9 et design authentiques.<\/p>\n<p>D\u00e9couvrez l'incarnation du style classique et du confort durable gr\u00e2ce \u00e0 nos produits exquis. <b>Chaussures derby en cuir noir pour hommes<\/b>. M\u00e9ticuleusement fabriqu\u00e9es pour r\u00e9pondre aux normes de qualit\u00e9 et d'esth\u00e9tique les plus \u00e9lev\u00e9es, ces chaussures sont con\u00e7ues pour les personnes exigeantes qui appr\u00e9cient \u00e0 la fois l'\u00e9l\u00e9gance et l'aspect pratique. Parfaites pour toutes sortes d'occasions, des r\u00e9unions d'affaires aux sorties d\u00e9contract\u00e9es et sophistiqu\u00e9es, ces chaussures ont \u00e9t\u00e9 con\u00e7ues pour les personnes qui appr\u00e9cient l'\u00e9l\u00e9gance et la praticit\u00e9. <b>Chaussures derby en cuir noir pour hommes<\/b> sont un \u00e9l\u00e9ment de base polyvalent pour toute garde-robe moderne.<\/p>\n<h3>Mat\u00e9riaux de premi\u00e8re qualit\u00e9 pour un confort et un style sup\u00e9rieurs<\/h3>\n<p>Au c\u0153ur de ces chaussures derby exceptionnelles se trouve un engagement envers des mat\u00e9riaux de premi\u00e8re qualit\u00e9. L'empeigne est fabriqu\u00e9e \u00e0 partir de <i>cuir de veau<\/i>, Le cuir de vachette est r\u00e9put\u00e9 pour sa texture lisse, sa brillance naturelle et sa remarquable durabilit\u00e9. Ce cuir luxueux ne se contente pas d'assurer une apparence sophistiqu\u00e9e, il se moule \u00e9galement \u00e0 votre pied au fil du temps, offrant un ajustement personnalis\u00e9 et confortable. Compl\u00e9tant l'ext\u00e9rieur robuste, l'int\u00e9rieur est doubl\u00e9 d'un cuir souple. <i>cuir de ch\u00e8vre<\/i>. Cette doublure de haute qualit\u00e9 est respirante, \u00e9vacue l'humidit\u00e9 et est incroyablement douce pour la peau, garantissant un confort tout au long de la journ\u00e9e, m\u00eame en cas de port prolong\u00e9. Ces choix judicieux de mat\u00e9riaux font de nos <b>Chaussures derby en cuir noir pour hommes<\/b> un v\u00e9ritable investissement dans le style et le bien-\u00eatre.<\/p>\n<h3>Con\u00e7u pour la performance et la polyvalence<\/h3>\n<p>Au-del\u00e0 de leur esth\u00e9tique \u00e9tonnante, ces <b>Chaussures derby en cuir noir pour hommes<\/b> sont con\u00e7us pour des performances optimales. La l\u00e9g\u00e8ret\u00e9 et la robustesse des <i>Semelle EVA<\/i> offre un excellent amorti et une grande flexibilit\u00e9, absorbant les impacts \u00e0 chaque pas. Sa semelle antid\u00e9rapante assure une adh\u00e9rence fiable sur diverses surfaces, offrant confiance et stabilit\u00e9. Ce derby classique \u00e0 lacets pr\u00e9sente une silhouette intemporelle, avec un \u00e9l\u00e9gant bout uni et de subtils d\u00e9tails textur\u00e9s sur l'empeigne, qui ajoutent une touche contemporaine \u00e0 son charme traditionnel. Disponibles dans une large gamme de pointures europ\u00e9ennes (40, 41, 42, 43 et 44), elles s'adaptent facilement \u00e0 votre morphologie. Ces chaussures de haute qualit\u00e9 <b>Chaussures derby en cuir noir pour hommes<\/b> passent sans effort d'une tenue formelle \u00e0 un ensemble chic et d\u00e9contract\u00e9, ce qui en fait un compl\u00e9ment indispensable \u00e0 toute collection de chaussures.<\/p>\n<h3>Opportunit\u00e9 de vente en gros pour les d\u00e9taillants<\/h3>\n<p>Pour les d\u00e9taillants qui souhaitent offrir \u00e0 leurs clients des chaussures haut de gamme, notre collection de <b>Chaussures derby en cuir noir pour hommes<\/b> pr\u00e9sente une excellente opportunit\u00e9 de vente en gros. Nous sommes fiers d'offrir un savoir-faire et des mat\u00e9riaux de qualit\u00e9 sup\u00e9rieure, garantissant ainsi la satisfaction de nos clients. Avec une quantit\u00e9 minimale de commande de seulement 16 paires, les entreprises peuvent facilement stocker ces chaussures populaires et polyvalentes. <b>Chaussures derby en cuir noir pour hommes<\/b>, Les fabricants de chaussures peuvent ainsi enrichir leurs stocks avec des produits de haute qualit\u00e9 qui plaisent \u00e0 une large client\u00e8le. Am\u00e9liorez votre offre de chaussures et devenez notre partenaire pour offrir \u00e0 votre client\u00e8le le meilleur du style masculin classique et un confort in\u00e9gal\u00e9.<\/p>","protected":false},"excerpt":{"rendered":"<ul>\n<li>Tige en cuir de veau de premi\u00e8re qualit\u00e9 pour une durabilit\u00e9 et un style sophistiqu\u00e9.<\/li>\n<li>La doublure en cuir de ch\u00e8vre souple assure un confort et une respirabilit\u00e9 exceptionnels.<\/li>\n<li>La semelle EVA l\u00e9g\u00e8re et flexible offre un amorti et un confort tout au long de la journ\u00e9e.<\/li>\n<li>Disponible dans les tailles europ\u00e9ennes 40, 41, 42, 43, 44 pour un ajustement parfait.<\/li>\n<li>Derby classique \u00e0 lacets, id\u00e9al pour une tenue d\u00e9contract\u00e9e et professionnelle.<\/li>\n<li>Les demandes de vente en gros sont les bienvenues avec une commande minimum de 16 paires.<\/li>\n<\/ul>","protected":false},"featured_media":6940,"template":"","meta":{"_acf_changed":false,"_uag_custom_page_level_css":"","site-sidebar-layout":"default","site-content-layout":"","ast-site-content-layout":"default","site-content-style":"default","site-sidebar-style":"default","ast-global-header-display":"","ast-banner-title-visibility":"","ast-main-header-display":"","ast-hfb-above-header-display":"","ast-hfb-below-header-display":"","ast-hfb-mobile-header-display":"","site-post-title":"","ast-breadcrumbs-content":"","ast-featured-img":"","footer-sml-layout":"","ast-disable-related-posts":"","theme-transparent-header-meta":"","adv-header-id-meta":"","stick-header-meta":"","header-above-stick-meta":"","header-main-stick-meta":"","header-below-stick-meta":"","astra-migrate-meta-layouts":"default","ast-page-background-enabled":"default","ast-page-background-meta":{"desktop":{"background-color":"var(--ast-global-color-4)","background-image":"","background-repeat":"repeat","background-position":"center center","background-size":"auto","background-attachment":"scroll","background-type":"","background-media":"","overlay-type":"","overlay-color":"","overlay-opacity":"","overlay-gradient":""},"tablet":{"background-color":"","background-image":"","background-repeat":"repeat","background-position":"center center","background-size":"auto","background-attachment":"scroll","background-type":"","background-media":"","overlay-type":"","overlay-color":"","overlay-opacity":"","overlay-gradient":""},"mobile":{"background-color":"","background-image":"","background-repeat":"repeat","background-position":"center center","background-size":"auto","background-attachment":"scroll","background-type":"","background-media":"","overlay-type":"","overlay-color":"","overlay-opacity":"","overlay-gradient":""}},"ast-content-background-meta":{"desktop":{"background-color":"var(--ast-global-color-5)","background-image":"","background-repeat":"repeat","background-position":"center center","background-size":"auto","background-attachment":"scroll","background-type":"","background-media":"","overlay-type":"","overlay-color":"","overlay-opacity":"","overlay-gradient":""},"tablet":{"background-color":"var(--ast-global-color-5)","background-image":"","background-repeat":"repeat","background-position":"center center","background-size":"auto","background-attachment":"scroll","background-type":"","background-media":"","overlay-type":"","overlay-color":"","overlay-opacity":"","overlay-gradient":""},"mobile":{"background-color":"var(--ast-global-color-5)","background-image":"","background-repeat":"repeat","background-position":"center center","background-size":"auto","background-attachment":"scroll","background-type":"","background-media":"","overlay-type":"","overlay-color":"","overlay-opacity":"","overlay-gradient":""}}},"product_brand":[],"product_cat":[48,47,49,430,1200],"product_tag":[196,566,754,287,1376,310,632,280,254],"class_list":{"0":"post-8175","1":"product","2":"type-product","3":"status-publish","4":"has-post-thumbnail","6":"product_cat-casual","7":"product_cat-classic","8":"product_cat-loafer","9":"product_cat-men","10":"product_cat-mens-shoes-2","11":"product_tag-black-leather-shoes","12":"product_tag-calfskin-shoes","13":"product_tag-classic-mens-shoes","14":"product_tag-eva-sole-shoes","15":"product_tag-formal-leather-shoes","16":"product_tag-mens-derby-shoes","17":"product_tag-premium-leather-shoes","18":"product_tag-smart-casual-shoes","19":"product_tag-wholesale-footwear","20":"desktop-align-center","21":"tablet-align-center","22":"mobile-align-center","24":"first","25":"instock","26":"shipping-taxable","27":"purchasable","28":"product-type-variable","29":"has-default-attributes"},"acf":[],"uagb_featured_image_src":{"full":["https:\/\/turkishtrade.co\/wp-content\/uploads\/2026\/01\/2600NZTMN00045-BLACK.png",453,250,false],"thumbnail":["https:\/\/turkishtrade.co\/wp-content\/uploads\/2026\/01\/2600NZTMN00045-BLACK-150x150.png",150,150,true],"medium":["https:\/\/turkishtrade.co\/wp-content\/uploads\/2026\/01\/2600NZTMN00045-BLACK-300x166.png",300,166,true],"medium_large":["https:\/\/turkishtrade.co\/wp-content\/uploads\/2026\/01\/2600NZTMN00045-BLACK.png",453,250,false],"large":["https:\/\/turkishtrade.co\/wp-content\/uploads\/2026\/01\/2600NZTMN00045-BLACK.png",453,250,false],"1536x1536":["https:\/\/turkishtrade.co\/wp-content\/uploads\/2026\/01\/2600NZTMN00045-BLACK.png",453,250,false],"2048x2048":["https:\/\/turkishtrade.co\/wp-content\/uploads\/2026\/01\/2600NZTMN00045-BLACK.png",453,250,false],"trp-custom-language-flag":["https:\/\/turkishtrade.co\/wp-content\/uploads\/2026\/01\/2600NZTMN00045-BLACK-18x10.png",18,10,true],"woocommerce_thumbnail":["https:\/\/turkishtrade.co\/wp-content\/uploads\/2026\/01\/2600NZTMN00045-BLACK-400x250.png",400,250,true],"woocommerce_single":["https:\/\/turkishtrade.co\/wp-content\/uploads\/2026\/01\/2600NZTMN00045-BLACK.png",453,250,false],"woocommerce_gallery_thumbnail":["https:\/\/turkishtrade.co\/wp-content\/uploads\/2026\/01\/2600NZTMN00045-BLACK-100x100.png",100,100,true]},"uagb_author_info":{"display_name":"python python","author_link":"https:\/\/turkishtrade.co\/fr\/author\/"},"uagb_comment_info":0,"uagb_excerpt":"Premium Calf Leather Upper for durability and sophisticated style. Soft Goat Leather Lining ensures exceptional comfort and breathability. Lightweight and Flexible EVA Sole provides cushioning and all-day comfort. Available in European sizes 40, 41, 42, 43, 44 for a perfect fit. Classic lace-up Derby design ideal for smart-casual and professional settings. Wholesale inquiries welcome with\u2026","_links":{"self":[{"href":"https:\/\/turkishtrade.co\/fr\/wp-json\/wp\/v2\/product\/8175","targetHints":{"allow":["GET"]}}],"collection":[{"href":"https:\/\/turkishtrade.co\/fr\/wp-json\/wp\/v2\/product"}],"about":[{"href":"https:\/\/turkishtrade.co\/fr\/wp-json\/wp\/v2\/types\/product"}],"wp:featuredmedia":[{"embeddable":true,"href":"https:\/\/turkishtrade.co\/fr\/wp-json\/wp\/v2\/media\/6940"}],"wp:attachment":[{"href":"https:\/\/turkishtrade.co\/fr\/wp-json\/wp\/v2\/media?parent=8175"}],"wp:term":[{"taxonomy":"product_brand","embeddable":true,"href":"https:\/\/turkishtrade.co\/fr\/wp-json\/wp\/v2\/product_brand?post=8175"},{"taxonomy":"product_cat","embeddable":true,"href":"https:\/\/turkishtrade.co\/fr\/wp-json\/wp\/v2\/product_cat?post=8175"},{"taxonomy":"product_tag","embeddable":true,"href":"https:\/\/turkishtrade.co\/fr\/wp-json\/wp\/v2\/product_tag?post=8175"}],"curies":[{"name":"wp","href":"https:\/\/api.w.org\/{rel}","templated":true}]}}