{"id":8170,"date":"2026-01-29T14:48:10","date_gmt":"2026-01-29T14:48:10","guid":{"rendered":"https:\/\/turkishtrade.co\/?post_type=product&#038;p=8170"},"modified":"2026-04-09T20:33:38","modified_gmt":"2026-04-09T20:33:38","slug":"mens-black-calf-leather-loafers-2","status":"publish","type":"product","link":"https:\/\/turkishtrade.co\/fr\/shop\/mens-black-calf-leather-loafers-2\/","title":{"rendered":"Mocassins en cuir de veau noir Best-Selling | Mocassins en cuir de veau noir Casual"},"content":{"rendered":"<p><strong>Mocassins en cuir de veau noir pour hommes<\/strong>. La qualit\u00e9 et le design les plus vendus.<\/p>\n<p>Entrez dans un style et un confort in\u00e9gal\u00e9s gr\u00e2ce \u00e0 nos magnifiques <strong>Mocassins en cuir de veau noir pour hommes<\/strong>. Con\u00e7us pour l'homme moderne, ces mocassins allient \u00e9l\u00e9gance intemporelle et design contemporain, ce qui en fait un \u00e9l\u00e9ment essentiel de toute garde-robe. L'ext\u00e9rieur en cuir de veau noir riche exsude la sophistication, offrant une esth\u00e9tique polyvalente qui passe sans probl\u00e8me des sorties d\u00e9contract\u00e9es aux occasions plus raffin\u00e9es. Chaque paire t\u00e9moigne d'un savoir-faire sup\u00e9rieur, promettant durabilit\u00e9 et finition raffin\u00e9e.<\/p>\n<h3>Un confort in\u00e9gal\u00e9 et des mat\u00e9riaux de premi\u00e8re qualit\u00e9<\/h3>\n<p>Profitez d'un confort luxueux \u00e0 chaque pas, gr\u00e2ce \u00e0 une s\u00e9lection minutieuse de mat\u00e9riaux de premi\u00e8re qualit\u00e9. La tige est fabriqu\u00e9e en cuir de veau noir de haute qualit\u00e9, connu pour sa texture souple et son attrait durable. \u00c0 l'int\u00e9rieur, vos pieds seront berc\u00e9s par une doublure en cuir de ch\u00e8vre doux et respirant, assurant un confort maximal et pr\u00e9venant les irritations, m\u00eame en cas de port prolong\u00e9. Mais le confort ne s'arr\u00eate pas l\u00e0. Ces <strong>Mocassins en cuir de veau noir pour hommes<\/strong> sont dot\u00e9es d'une semelle EVA l\u00e9g\u00e8re et flexible. Cette technologie de semelle avanc\u00e9e offre une excellente absorption des chocs et une traction sup\u00e9rieure, fournissant une base confortable qui soutient vos pieds tout au long de la journ\u00e9e.<\/p>\n<h3>Un style polyvalent pour toutes les occasions<\/h3>\n<p>Con\u00e7us pour \u00eatre polyvalents, ces mocassins d\u00e9contract\u00e9s sont parfaits pour une multitude de situations. Que vous vous habilliez pour un brunch le week-end, un environnement de bureau d\u00e9contract\u00e9 ou une soir\u00e9e, ces mocassins d\u00e9contract\u00e9s sont parfaits pour une multitude de situations. <strong>Mocassins en cuir de veau noir pour hommes<\/strong> rehausseront votre ensemble. Leur conception \u00e0 enfiler est pratique, tandis que leur silhouette classique, avec un subtil d\u00e9tail m\u00e9tallique sur l'empeigne, ajoute une touche de charme discret. Associez-les \u00e0 un pantalon chino pour un look chic et d\u00e9contract\u00e9, ou \u00e0 un jean pour une allure \u00e9l\u00e9gante et sans effort. Disponibles en tailles 40, 41, 42, 43 et 44, elles s'adaptent parfaitement \u00e0 un large \u00e9ventail de clients.<\/p>\n<h3>Con\u00e7ue pour durer et laisser une impression durable<\/h3>\n<p>Investissez dans des chaussures de qualit\u00e9 qui r\u00e9sistent \u00e0 l'\u00e9preuve du temps. Nos mocassins en cuir de veau noir ne sont pas seulement esth\u00e9tiques, ils sont con\u00e7us pour durer. La tige robuste en cuir de veau, associ\u00e9e \u00e0 la semelle durable en EVA, garantit la long\u00e9vit\u00e9 et la r\u00e9sistance \u00e0 l'usure quotidienne. Les coutures et les finitions m\u00e9ticuleuses t\u00e9moignent d'un engagement en faveur de l'excellence, vous offrant une paire de chaussures qui conservera son apparence \u00e9l\u00e9gante pendant des ann\u00e9es. Pour les d\u00e9taillants et les entreprises, ces mocassins haut de gamme sont disponibles \u00e0 l'achat en gros, avec une commande minimum de 16 paires, ce qui en fait un excellent compl\u00e9ment \u00e0 votre collection de chaussures haut de gamme. Ces mocassins en cuir pour homme sont un m\u00e9lange parfait de style, de confort et de durabilit\u00e9.<\/p>","protected":false},"excerpt":{"rendered":"<ul>\n<li>Dessus en cuir de veau noir de premi\u00e8re qualit\u00e9 pour un look sophistiqu\u00e9<\/li>\n<li>La doublure en cuir de ch\u00e8vre luxueux assure une respirabilit\u00e9 et une douceur exceptionnelles.<\/li>\n<li>Semelle EVA l\u00e9g\u00e8re et flexible offrant un confort tout au long de la journ\u00e9e et une traction sup\u00e9rieure.<\/li>\n<li>Mocassins d\u00e9contract\u00e9s classiques avec un subtil accent m\u00e9tallique<\/li>\n<li>Disponible en plusieurs tailles : 40, 41, 42, 43, 44<\/li>\n<li>Vente en gros possible avec une quantit\u00e9 minimale de 16 paires.<\/li>\n<\/ul>","protected":false},"featured_media":6929,"template":"","meta":{"_acf_changed":false,"_uag_custom_page_level_css":"","site-sidebar-layout":"default","site-content-layout":"","ast-site-content-layout":"default","site-content-style":"default","site-sidebar-style":"default","ast-global-header-display":"","ast-banner-title-visibility":"","ast-main-header-display":"","ast-hfb-above-header-display":"","ast-hfb-below-header-display":"","ast-hfb-mobile-header-display":"","site-post-title":"","ast-breadcrumbs-content":"","ast-featured-img":"","footer-sml-layout":"","ast-disable-related-posts":"","theme-transparent-header-meta":"","adv-header-id-meta":"","stick-header-meta":"","header-above-stick-meta":"","header-main-stick-meta":"","header-below-stick-meta":"","astra-migrate-meta-layouts":"default","ast-page-background-enabled":"default","ast-page-background-meta":{"desktop":{"background-color":"var(--ast-global-color-4)","background-image":"","background-repeat":"repeat","background-position":"center center","background-size":"auto","background-attachment":"scroll","background-type":"","background-media":"","overlay-type":"","overlay-color":"","overlay-opacity":"","overlay-gradient":""},"tablet":{"background-color":"","background-image":"","background-repeat":"repeat","background-position":"center center","background-size":"auto","background-attachment":"scroll","background-type":"","background-media":"","overlay-type":"","overlay-color":"","overlay-opacity":"","overlay-gradient":""},"mobile":{"background-color":"","background-image":"","background-repeat":"repeat","background-position":"center center","background-size":"auto","background-attachment":"scroll","background-type":"","background-media":"","overlay-type":"","overlay-color":"","overlay-opacity":"","overlay-gradient":""}},"ast-content-background-meta":{"desktop":{"background-color":"var(--ast-global-color-5)","background-image":"","background-repeat":"repeat","background-position":"center center","background-size":"auto","background-attachment":"scroll","background-type":"","background-media":"","overlay-type":"","overlay-color":"","overlay-opacity":"","overlay-gradient":""},"tablet":{"background-color":"var(--ast-global-color-5)","background-image":"","background-repeat":"repeat","background-position":"center center","background-size":"auto","background-attachment":"scroll","background-type":"","background-media":"","overlay-type":"","overlay-color":"","overlay-opacity":"","overlay-gradient":""},"mobile":{"background-color":"var(--ast-global-color-5)","background-image":"","background-repeat":"repeat","background-position":"center center","background-size":"auto","background-attachment":"scroll","background-type":"","background-media":"","overlay-type":"","overlay-color":"","overlay-opacity":"","overlay-gradient":""}}},"product_brand":[],"product_cat":[48,49,430,1200],"product_tag":[370,185,512,220,303,189,1371,536,1372,546],"class_list":{"0":"post-8170","1":"product","2":"type-product","3":"status-publish","4":"has-post-thumbnail","6":"product_cat-casual","7":"product_cat-loafer","8":"product_cat-men","9":"product_cat-mens-shoes-2","10":"product_tag-black-loafers","11":"product_tag-calf-leather-shoes","12":"product_tag-casual-loafers","13":"product_tag-comfortable-loafers","14":"product_tag-eva-sole-footwear","15":"product_tag-goat-leather-lining","16":"product_tag-mens-black-calf-leather-loafers","17":"product_tag-premium-leather-loafers","18":"product_tag-slip-on-shoes-men","19":"product_tag-stylish-mens-shoes","20":"desktop-align-center","21":"tablet-align-center","22":"mobile-align-center","24":"first","25":"instock","26":"shipping-taxable","27":"purchasable","28":"product-type-variable","29":"has-default-attributes"},"acf":[],"uagb_featured_image_src":{"full":["https:\/\/turkishtrade.co\/wp-content\/uploads\/2026\/01\/2600NZTMN00040-BLACK.png",453,250,false],"thumbnail":["https:\/\/turkishtrade.co\/wp-content\/uploads\/2026\/01\/2600NZTMN00040-BLACK-150x150.png",150,150,true],"medium":["https:\/\/turkishtrade.co\/wp-content\/uploads\/2026\/01\/2600NZTMN00040-BLACK-300x166.png",300,166,true],"medium_large":["https:\/\/turkishtrade.co\/wp-content\/uploads\/2026\/01\/2600NZTMN00040-BLACK.png",453,250,false],"large":["https:\/\/turkishtrade.co\/wp-content\/uploads\/2026\/01\/2600NZTMN00040-BLACK.png",453,250,false],"1536x1536":["https:\/\/turkishtrade.co\/wp-content\/uploads\/2026\/01\/2600NZTMN00040-BLACK.png",453,250,false],"2048x2048":["https:\/\/turkishtrade.co\/wp-content\/uploads\/2026\/01\/2600NZTMN00040-BLACK.png",453,250,false],"trp-custom-language-flag":["https:\/\/turkishtrade.co\/wp-content\/uploads\/2026\/01\/2600NZTMN00040-BLACK-18x10.png",18,10,true],"woocommerce_thumbnail":["https:\/\/turkishtrade.co\/wp-content\/uploads\/2026\/01\/2600NZTMN00040-BLACK-400x250.png",400,250,true],"woocommerce_single":["https:\/\/turkishtrade.co\/wp-content\/uploads\/2026\/01\/2600NZTMN00040-BLACK.png",453,250,false],"woocommerce_gallery_thumbnail":["https:\/\/turkishtrade.co\/wp-content\/uploads\/2026\/01\/2600NZTMN00040-BLACK-100x100.png",100,100,true]},"uagb_author_info":{"display_name":"python python","author_link":"https:\/\/turkishtrade.co\/fr\/author\/"},"uagb_comment_info":0,"uagb_excerpt":"Premium black calf leather upper for a sophisticated look Luxurious goat leather lining ensures exceptional breathability and softness Lightweight and flexible EVA sole provides all-day comfort and superior traction Classic casual loafer design with a subtle metallic accent Available in a range of sizes: 40, 41, 42, 43, 44 Wholesale available with a minimum order\u2026","_links":{"self":[{"href":"https:\/\/turkishtrade.co\/fr\/wp-json\/wp\/v2\/product\/8170","targetHints":{"allow":["GET"]}}],"collection":[{"href":"https:\/\/turkishtrade.co\/fr\/wp-json\/wp\/v2\/product"}],"about":[{"href":"https:\/\/turkishtrade.co\/fr\/wp-json\/wp\/v2\/types\/product"}],"wp:featuredmedia":[{"embeddable":true,"href":"https:\/\/turkishtrade.co\/fr\/wp-json\/wp\/v2\/media\/6929"}],"wp:attachment":[{"href":"https:\/\/turkishtrade.co\/fr\/wp-json\/wp\/v2\/media?parent=8170"}],"wp:term":[{"taxonomy":"product_brand","embeddable":true,"href":"https:\/\/turkishtrade.co\/fr\/wp-json\/wp\/v2\/product_brand?post=8170"},{"taxonomy":"product_cat","embeddable":true,"href":"https:\/\/turkishtrade.co\/fr\/wp-json\/wp\/v2\/product_cat?post=8170"},{"taxonomy":"product_tag","embeddable":true,"href":"https:\/\/turkishtrade.co\/fr\/wp-json\/wp\/v2\/product_tag?post=8170"}],"curies":[{"name":"wp","href":"https:\/\/api.w.org\/{rel}","templated":true}]}}