{"id":8169,"date":"2026-01-29T14:48:10","date_gmt":"2026-01-29T14:48:10","guid":{"rendered":"https:\/\/turkishtrade.co\/?post_type=product&#038;p=8169"},"modified":"2026-04-09T20:33:43","modified_gmt":"2026-04-09T20:33:43","slug":"mens-casual-leather-loafers-5","status":"publish","type":"product","link":"https:\/\/turkishtrade.co\/fr\/shop\/mens-casual-leather-loafers-5\/","title":{"rendered":"Mocassins en cuir d\u00e9contract\u00e9s pour hommes avec semelle EVA"},"content":{"rendered":"<p><strong>Mocassins en cuir pour hommes<\/strong>. Une qualit\u00e9 et un design \u00e9tonnants.<\/p>\n<p>Profitez d'un confort in\u00e9gal\u00e9 et d'un style intemporel gr\u00e2ce \u00e0 nos produits de qualit\u00e9 sup\u00e9rieure. <strong>Mocassins en cuir pour hommes<\/strong>. Con\u00e7us pour l'homme moderne, ces mocassins associent un design classique \u00e0 des mat\u00e9riaux contemporains pour offrir une exp\u00e9rience de la chaussure sans pareille. Fabriqu\u00e9e en cuir de vachette v\u00e9ritable, la tige pr\u00e9sente une texture sophistiqu\u00e9e et une durabilit\u00e9 naturelle qui ne fait que s'am\u00e9liorer avec l'\u00e2ge. <strong>Mocassins en cuir pour hommes<\/strong> deviennent un \u00e9l\u00e9ment essentiel de votre garde-robe. Ce ne sont pas de simples chaussures, mais une d\u00e9claration de go\u00fbt raffin\u00e9 et de praticit\u00e9 quotidienne, parfaite pour ceux qui appr\u00e9cient la qualit\u00e9 et le confort.<\/p>\n<h3>Confort in\u00e9gal\u00e9 gr\u00e2ce \u00e0 la semelle en EVA et \u00e0 la doublure en cuir de ch\u00e8vre<\/h3>\n<p>Faites l'exp\u00e9rience du confort de l'int\u00e9rieur \u00e0 chaque pas. Chaque paire de nos <strong>Mocassins en cuir pour hommes<\/strong> est dot\u00e9 d'une doublure en cuir de ch\u00e8vre doux et respirant, offrant une sensation de luxe sur la peau et aidant \u00e0 r\u00e9guler la temp\u00e9rature pour une utilisation tout au long de la journ\u00e9e. Cette doublure naturelle \u00e9vite l'inconfort et garantit une sensation de fra\u00eecheur, m\u00eame apr\u00e8s des heures d'utilisation. La semelle l\u00e9g\u00e8re en EVA offre un amorti et une flexibilit\u00e9 exceptionnels, absorbant les chocs \u00e0 chaque foul\u00e9e. <strong>Mocassins en cuir pour hommes<\/strong> pour des p\u00e9riodes prolong\u00e9es de marche ou de station debout. Dites adieu aux chaussures lourdes et inconfortables et adoptez la sensation sans effort de nos mocassins bien pens\u00e9s, con\u00e7us pour votre bien-\u00eatre ultime.<\/p>\n<h3>Un style polyvalent pour toutes les occasions<\/h3>\n<p>Que vous vous rendiez \u00e0 une r\u00e9union d'affaires d\u00e9contract\u00e9e, que vous preniez un brunch le week-end ou que vous fassiez simplement des courses, ces <strong>Mocassins en cuir pour hommes<\/strong> sont votre choix de pr\u00e9dilection. Leur design polyvalent se marie parfaitement avec diverses tenues, des pantalons d\u00e9contract\u00e9s \u00e0 votre paire de jeans ou de chinos pr\u00e9f\u00e9r\u00e9e. La silhouette \u00e9l\u00e9gante des mocassins, accentu\u00e9e par de subtils d\u00e9tails de couture et un design classique de fente de penny, vous permet d'avoir toujours l'air poli et bien mis, sans sacrifier le confort. Ce ne sont pas seulement des chaussures, c'est un investissement dans un style polyvalent qui rehausse n'importe quel ensemble, ce qui en fait un \u00e9l\u00e9ment indispensable de votre collection de chaussures. La riche teinte marron ajoute une touche de sophistication classique.<\/p>\n<h3>Artisanat de qualit\u00e9 et possibilit\u00e9 de vente en gros<\/h3>\n<p>Notre engagement en faveur de la qualit\u00e9 est \u00e9vident dans chaque point de couture et dans le choix des mat\u00e9riaux. Les produits de cette cat\u00e9gorie sont <strong>Mocassins en cuir pour hommes<\/strong> sont m\u00e9ticuleusement construites pour offrir une long\u00e9vit\u00e9 et un attrait durable, tout en offrant une valeur exceptionnelle. Disponibles dans les pointures europ\u00e9ennes 40, 41, 42, 43 et 44, elles s'adressent \u00e0 un large \u00e9ventail de pieds, garantissant ainsi un ajustement parfait pour beaucoup. Pour les entreprises cherchant \u00e0 stocker des chaussures de haute qualit\u00e9 qui trouvent un \u00e9cho aupr\u00e8s de clients exigeants, nous proposons des options de vente en gros attrayantes. Le minimum de commande pour ces chaussures exceptionnelles est de 1,5 million d'euros. <strong>Mocassins en cuir pour hommes<\/strong> est de 16 paires, ce qui vous permet d'apporter facilement et efficacement un style et un confort haut de gamme \u00e0 votre client\u00e8le. Choisissez nos <strong>Mocassins en cuir pour hommes<\/strong> pour un m\u00e9lange de tradition, d'innovation et de confort supr\u00eame. Rehaussez votre collection avec ces mocassins en cuir essentiels d\u00e8s aujourd'hui.<\/p>","protected":false},"excerpt":{"rendered":"<ul>\n<li>Fabriqu\u00e9 en cuir de vachette v\u00e9ritable pour plus de durabilit\u00e9 et de style.<\/li>\n<li>Doublure en cuir de ch\u00e8vre souple et respirant pour un confort sup\u00e9rieur.<\/li>\n<li>Semelle EVA l\u00e9g\u00e8re et flexible offrant un excellent amorti.<\/li>\n<li>Mocassins classiques et d\u00e9contract\u00e9s convenant \u00e0 diverses occasions.<\/li>\n<li>Disponible dans les tailles 40, 41, 42, 43 et 44 de l'UE.<\/li>\n<li>Possibilit\u00e9 de vente en gros (commande minimale : 16 paires).<\/li>\n<\/ul>","protected":false},"featured_media":6927,"template":"","meta":{"_acf_changed":false,"_uag_custom_page_level_css":"","site-sidebar-layout":"default","site-content-layout":"","ast-site-content-layout":"default","site-content-style":"default","site-sidebar-style":"default","ast-global-header-display":"","ast-banner-title-visibility":"","ast-main-header-display":"","ast-hfb-above-header-display":"","ast-hfb-below-header-display":"","ast-hfb-mobile-header-display":"","site-post-title":"","ast-breadcrumbs-content":"","ast-featured-img":"","footer-sml-layout":"","ast-disable-related-posts":"","theme-transparent-header-meta":"","adv-header-id-meta":"","stick-header-meta":"","header-above-stick-meta":"","header-main-stick-meta":"","header-below-stick-meta":"","astra-migrate-meta-layouts":"default","ast-page-background-enabled":"default","ast-page-background-meta":{"desktop":{"background-color":"var(--ast-global-color-4)","background-image":"","background-repeat":"repeat","background-position":"center center","background-size":"auto","background-attachment":"scroll","background-type":"","background-media":"","overlay-type":"","overlay-color":"","overlay-opacity":"","overlay-gradient":""},"tablet":{"background-color":"","background-image":"","background-repeat":"repeat","background-position":"center center","background-size":"auto","background-attachment":"scroll","background-type":"","background-media":"","overlay-type":"","overlay-color":"","overlay-opacity":"","overlay-gradient":""},"mobile":{"background-color":"","background-image":"","background-repeat":"repeat","background-position":"center center","background-size":"auto","background-attachment":"scroll","background-type":"","background-media":"","overlay-type":"","overlay-color":"","overlay-opacity":"","overlay-gradient":""}},"ast-content-background-meta":{"desktop":{"background-color":"var(--ast-global-color-5)","background-image":"","background-repeat":"repeat","background-position":"center center","background-size":"auto","background-attachment":"scroll","background-type":"","background-media":"","overlay-type":"","overlay-color":"","overlay-opacity":"","overlay-gradient":""},"tablet":{"background-color":"var(--ast-global-color-5)","background-image":"","background-repeat":"repeat","background-position":"center center","background-size":"auto","background-attachment":"scroll","background-type":"","background-media":"","overlay-type":"","overlay-color":"","overlay-opacity":"","overlay-gradient":""},"mobile":{"background-color":"var(--ast-global-color-5)","background-image":"","background-repeat":"repeat","background-position":"center center","background-size":"auto","background-attachment":"scroll","background-type":"","background-media":"","overlay-type":"","overlay-color":"","overlay-opacity":"","overlay-gradient":""}}},"product_brand":[],"product_cat":[48,49,430,1200],"product_tag":[147,449,220,438,221,215,186,225,279,456],"class_list":{"0":"post-8169","1":"product","2":"type-product","3":"status-publish","4":"has-post-thumbnail","6":"product_cat-casual","7":"product_cat-loafer","8":"product_cat-men","9":"product_cat-mens-shoes-2","10":"product_tag-brown-loafers","11":"product_tag-casual-shoes","12":"product_tag-comfortable-loafers","13":"product_tag-eva-sole","14":"product_tag-genuine-leather","15":"product_tag-leather-loafers","16":"product_tag-mens-loafers","17":"product_tag-mens-footwear","18":"product_tag-penny-loafers","19":"product_tag-wholesale-loafers","20":"desktop-align-center","21":"tablet-align-center","22":"mobile-align-center","24":"first","25":"instock","26":"shipping-taxable","27":"purchasable","28":"product-type-variable","29":"has-default-attributes"},"acf":[],"uagb_featured_image_src":{"full":["https:\/\/turkishtrade.co\/wp-content\/uploads\/2026\/01\/2600NZTMN00039-BEIGE.png",453,250,false],"thumbnail":["https:\/\/turkishtrade.co\/wp-content\/uploads\/2026\/01\/2600NZTMN00039-BEIGE-150x150.png",150,150,true],"medium":["https:\/\/turkishtrade.co\/wp-content\/uploads\/2026\/01\/2600NZTMN00039-BEIGE-300x166.png",300,166,true],"medium_large":["https:\/\/turkishtrade.co\/wp-content\/uploads\/2026\/01\/2600NZTMN00039-BEIGE.png",453,250,false],"large":["https:\/\/turkishtrade.co\/wp-content\/uploads\/2026\/01\/2600NZTMN00039-BEIGE.png",453,250,false],"1536x1536":["https:\/\/turkishtrade.co\/wp-content\/uploads\/2026\/01\/2600NZTMN00039-BEIGE.png",453,250,false],"2048x2048":["https:\/\/turkishtrade.co\/wp-content\/uploads\/2026\/01\/2600NZTMN00039-BEIGE.png",453,250,false],"trp-custom-language-flag":["https:\/\/turkishtrade.co\/wp-content\/uploads\/2026\/01\/2600NZTMN00039-BEIGE-18x10.png",18,10,true],"woocommerce_thumbnail":["https:\/\/turkishtrade.co\/wp-content\/uploads\/2026\/01\/2600NZTMN00039-BEIGE-400x250.png",400,250,true],"woocommerce_single":["https:\/\/turkishtrade.co\/wp-content\/uploads\/2026\/01\/2600NZTMN00039-BEIGE.png",453,250,false],"woocommerce_gallery_thumbnail":["https:\/\/turkishtrade.co\/wp-content\/uploads\/2026\/01\/2600NZTMN00039-BEIGE-100x100.png",100,100,true]},"uagb_author_info":{"display_name":"python python","author_link":"https:\/\/turkishtrade.co\/fr\/author\/"},"uagb_comment_info":0,"uagb_excerpt":"Crafted from genuine Cowhide Leather for durability and style. Features a soft and breathable Goat Leather Lining for superior comfort. Lightweight and flexible EVA Sole provides excellent cushioning. Classic Casual Loafer design suitable for various occasions. Available in EU sizes 40, 41, 42, 43, and 44. Wholesale opportunities available (Minimum Order: 16 Pairs).","_links":{"self":[{"href":"https:\/\/turkishtrade.co\/fr\/wp-json\/wp\/v2\/product\/8169","targetHints":{"allow":["GET"]}}],"collection":[{"href":"https:\/\/turkishtrade.co\/fr\/wp-json\/wp\/v2\/product"}],"about":[{"href":"https:\/\/turkishtrade.co\/fr\/wp-json\/wp\/v2\/types\/product"}],"wp:featuredmedia":[{"embeddable":true,"href":"https:\/\/turkishtrade.co\/fr\/wp-json\/wp\/v2\/media\/6927"}],"wp:attachment":[{"href":"https:\/\/turkishtrade.co\/fr\/wp-json\/wp\/v2\/media?parent=8169"}],"wp:term":[{"taxonomy":"product_brand","embeddable":true,"href":"https:\/\/turkishtrade.co\/fr\/wp-json\/wp\/v2\/product_brand?post=8169"},{"taxonomy":"product_cat","embeddable":true,"href":"https:\/\/turkishtrade.co\/fr\/wp-json\/wp\/v2\/product_cat?post=8169"},{"taxonomy":"product_tag","embeddable":true,"href":"https:\/\/turkishtrade.co\/fr\/wp-json\/wp\/v2\/product_tag?post=8169"}],"curies":[{"name":"wp","href":"https:\/\/api.w.org\/{rel}","templated":true}]}}