{"id":8167,"date":"2026-01-29T14:48:08","date_gmt":"2026-01-29T14:48:08","guid":{"rendered":"https:\/\/turkishtrade.co\/product\/men-2600nztmn00037\/"},"modified":"2026-04-09T20:34:00","modified_gmt":"2026-04-09T20:34:00","slug":"mens-casual-suede-brogue-shoes","status":"publish","type":"product","link":"https:\/\/turkishtrade.co\/fr\/shop\/mens-casual-suede-brogue-shoes\/","title":{"rendered":"Chaussures Brogue Casual en daim pour hommes Ultimate | Brogue Casual en daim pour hommes Derby"},"content":{"rendered":"<p><strong>Chaussures brogue en daim pour hommes<\/strong>. Qualit\u00e9 et design ultimes.<\/p>\n<p>D\u00e9couvrez l'alliance parfaite du style classique et du confort moderne avec nos produits de qualit\u00e9 sup\u00e9rieure. <b>Chaussures brogue en daim pour hommes<\/b>. Con\u00e7ues pour l'homme contemporain qui accorde de l'importance \u00e0 l'esth\u00e9tique et \u00e0 la facilit\u00e9 d'utilisation, ces chaussures sont un compl\u00e9ment essentiel \u00e0 toute garde-robe d\u00e9contract\u00e9e sophistiqu\u00e9e. Faites l'exp\u00e9rience d'un confort in\u00e9gal\u00e9 et d'une \u00e9l\u00e9gance intemporelle \u00e0 chaque pas dans ces chaussures polyvalentes. <b>Chaussures brogue en daim pour hommes<\/b>.<\/p>\n<h3>Artisanat et mat\u00e9riaux de premi\u00e8re qualit\u00e9<\/h3>\n<p>Chaque paire de ces chaussures exquises est m\u00e9ticuleusement fabriqu\u00e9e \u00e0 partir de cuir de veau v\u00e9ritable de haute qualit\u00e9, offrant une luxueuse texture de daim qui est \u00e0 la fois douce au toucher et remarquablement durable. Leur riche teinte marron terreux les rend incroyablement polyvalentes, s'associant sans effort \u00e0 toute une s\u00e9rie de tenues, des pantalons d\u00e9contract\u00e9s aux jeans d\u00e9labr\u00e9s. \u00c0 l'int\u00e9rieur, vos pieds seront berc\u00e9s par une doublure en cuir de ch\u00e8vre somptueusement douce, garantissant une bonne respirabilit\u00e9 et un confort exceptionnel tout au long de la journ\u00e9e. Cette doublure de qualit\u00e9 sup\u00e9rieure permet \u00e0 vos pieds de rester au frais, ce qui rend ces chaussures tr\u00e8s agr\u00e9ables \u00e0 porter. <b>Chaussures brogue en daim pour hommes<\/b> id\u00e9al pour une utilisation prolong\u00e9e. Les mat\u00e9riaux de qualit\u00e9 sup\u00e9rieure garantissent une qualit\u00e9 durable et une finition raffin\u00e9e qui se distingue.<\/p>\n<h3>Conception innovante et caract\u00e9ristiques de confort ultime<\/h3>\n<p>Les d\u00e9tails brogue distinctifs, une marque de fabrique traditionnelle, ajoutent une touche de sophistication classique \u00e0 ces chaussures par ailleurs d\u00e9contract\u00e9es. Les perforations complexes et les motifs inspir\u00e9s des pointes d'ailes rehaussent le design g\u00e9n\u00e9ral, faisant de ces chaussures des chaussures de ville. <b>Chaussures brogue en daim pour hommes<\/b> pour diverses occasions. Ce qui distingue vraiment ces chaussures, c'est leur semelle EVA l\u00e9g\u00e8re et innovante. Cette technologie de pointe offre un amorti et une flexibilit\u00e9 sup\u00e9rieurs, absorbant les chocs \u00e0 chaque foul\u00e9e. Le contraste entre la semelle EVA d'un blanc \u00e9clatant et la tige en daim marron riche cr\u00e9e un look saisissant et contemporain qui exsude le style moderne. Que vous naviguiez dans les rues de la ville ou que vous profitiez d'un week-end d\u00e9contract\u00e9, la semelle EVA vous assure un confort et un soutien maximum, ce qui fait de ces chaussures le choix id\u00e9al pour un style de vie actif.<\/p>\n<h3>Polyvalence et style pour toutes les occasions<\/h3>\n<p>Notre <b>Chaussures brogue en daim pour hommes<\/b> sont incroyablement polyvalents et passent sans probl\u00e8me du bureau \u00e0 l'aventure du week-end. Associez-les \u00e0 un pantalon chino et \u00e0 une chemise boutonn\u00e9e pour un look \u00e0 la fois \u00e9l\u00e9gant et d\u00e9contract\u00e9, ou habillez-les avec votre jean pr\u00e9f\u00e9r\u00e9 pour une ambiance cool sans effort. Disponibles en tailles EU 40, 41, 42, 43 et 44 pour les hommes, il est facile de trouver la chaussure id\u00e9ale. Am\u00e9liorez votre collection de chaussures avec une paire qui incarne parfaitement le confort, la durabilit\u00e9 et un style ind\u00e9niable. Pour les d\u00e9taillants et les entreprises, ces <b>Chaussures brogue en daim pour hommes<\/b> sont disponibles \u00e0 l'achat en gros, avec une quantit\u00e9 minimale de 16 paires, ce qui en fait un excellent choix pour \u00e9largir votre inventaire avec des chaussures de qualit\u00e9 tr\u00e8s demand\u00e9es. Investissez dans nos <b>Chaussures brogue en daim pour hommes<\/b> et red\u00e9finissez votre \u00e9l\u00e9gance d\u00e9contract\u00e9e.<\/p>","protected":false},"excerpt":{"rendered":"<ul>\n<li>Fabriqu\u00e9 en cuir de veau de premi\u00e8re qualit\u00e9 avec une doublure en cuir de ch\u00e8vre souple pour un confort supr\u00eame.<\/li>\n<li>Elle est dot\u00e9e de d\u00e9tails brogue \u00e9l\u00e9gants et d'une semelle EVA durable et l\u00e9g\u00e8re.<\/li>\n<li>Parfait pour une tenue polyvalente et d\u00e9contract\u00e9e, alliant sophistication et confort au quotidien.<\/li>\n<li>Disponible dans les tailles europ\u00e9ennes 40-44.<\/li>\n<li>Les demandes de vente en gros sont les bienvenues ; la quantit\u00e9 minimale de commande est de 16 paires.<\/li>\n<\/ul>","protected":false},"featured_media":6921,"template":"","meta":{"_acf_changed":false,"_uag_custom_page_level_css":"","site-sidebar-layout":"default","site-content-layout":"","ast-site-content-layout":"default","site-content-style":"default","site-sidebar-style":"default","ast-global-header-display":"","ast-banner-title-visibility":"","ast-main-header-display":"","ast-hfb-above-header-display":"","ast-hfb-below-header-display":"","ast-hfb-mobile-header-display":"","site-post-title":"","ast-breadcrumbs-content":"","ast-featured-img":"","footer-sml-layout":"","ast-disable-related-posts":"","theme-transparent-header-meta":"","adv-header-id-meta":"","stick-header-meta":"","header-above-stick-meta":"","header-main-stick-meta":"","header-below-stick-meta":"","astra-migrate-meta-layouts":"default","ast-page-background-enabled":"default","ast-page-background-meta":{"desktop":{"background-color":"var(--ast-global-color-4)","background-image":"","background-repeat":"repeat","background-position":"center center","background-size":"auto","background-attachment":"scroll","background-type":"","background-media":"","overlay-type":"","overlay-color":"","overlay-opacity":"","overlay-gradient":""},"tablet":{"background-color":"","background-image":"","background-repeat":"repeat","background-position":"center center","background-size":"auto","background-attachment":"scroll","background-type":"","background-media":"","overlay-type":"","overlay-color":"","overlay-opacity":"","overlay-gradient":""},"mobile":{"background-color":"","background-image":"","background-repeat":"repeat","background-position":"center center","background-size":"auto","background-attachment":"scroll","background-type":"","background-media":"","overlay-type":"","overlay-color":"","overlay-opacity":"","overlay-gradient":""}},"ast-content-background-meta":{"desktop":{"background-color":"var(--ast-global-color-5)","background-image":"","background-repeat":"repeat","background-position":"center center","background-size":"auto","background-attachment":"scroll","background-type":"","background-media":"","overlay-type":"","overlay-color":"","overlay-opacity":"","overlay-gradient":""},"tablet":{"background-color":"var(--ast-global-color-5)","background-image":"","background-repeat":"repeat","background-position":"center center","background-size":"auto","background-attachment":"scroll","background-type":"","background-media":"","overlay-type":"","overlay-color":"","overlay-opacity":"","overlay-gradient":""},"mobile":{"background-color":"var(--ast-global-color-5)","background-image":"","background-repeat":"repeat","background-position":"center center","background-size":"auto","background-attachment":"scroll","background-type":"","background-media":"","overlay-type":"","overlay-color":"","overlay-opacity":"","overlay-gradient":""}}},"product_brand":[],"product_cat":[48,49,430,1200],"product_tag":[199,185,1368,1369,303,1258,1370,649,337,262],"class_list":{"0":"post-8167","1":"product","2":"type-product","3":"status-publish","4":"has-post-thumbnail","6":"product_cat-casual","7":"product_cat-loafer","8":"product_cat-men","9":"product_cat-mens-shoes-2","10":"product_tag-brown-dress-shoes","11":"product_tag-calf-leather-shoes","12":"product_tag-casual-brogues","13":"product_tag-comfort-shoes-men","14":"product_tag-eva-sole-footwear","15":"product_tag-goat-lined-shoes","16":"product_tag-lace-up-casual","17":"product_tag-leather-derby-shoes","18":"product_tag-mens-suede-shoes","19":"product_tag-wholesale-mens-shoes","20":"desktop-align-center","21":"tablet-align-center","22":"mobile-align-center","24":"first","25":"instock","26":"shipping-taxable","27":"purchasable","28":"product-type-variable","29":"has-default-attributes"},"acf":[],"uagb_featured_image_src":{"full":["https:\/\/turkishtrade.co\/wp-content\/uploads\/2026\/01\/2600NZTMN00037-BEIGE.png",453,250,false],"thumbnail":["https:\/\/turkishtrade.co\/wp-content\/uploads\/2026\/01\/2600NZTMN00037-BEIGE-150x150.png",150,150,true],"medium":["https:\/\/turkishtrade.co\/wp-content\/uploads\/2026\/01\/2600NZTMN00037-BEIGE-300x166.png",300,166,true],"medium_large":["https:\/\/turkishtrade.co\/wp-content\/uploads\/2026\/01\/2600NZTMN00037-BEIGE.png",453,250,false],"large":["https:\/\/turkishtrade.co\/wp-content\/uploads\/2026\/01\/2600NZTMN00037-BEIGE.png",453,250,false],"1536x1536":["https:\/\/turkishtrade.co\/wp-content\/uploads\/2026\/01\/2600NZTMN00037-BEIGE.png",453,250,false],"2048x2048":["https:\/\/turkishtrade.co\/wp-content\/uploads\/2026\/01\/2600NZTMN00037-BEIGE.png",453,250,false],"trp-custom-language-flag":["https:\/\/turkishtrade.co\/wp-content\/uploads\/2026\/01\/2600NZTMN00037-BEIGE-18x10.png",18,10,true],"woocommerce_thumbnail":["https:\/\/turkishtrade.co\/wp-content\/uploads\/2026\/01\/2600NZTMN00037-BEIGE-400x250.png",400,250,true],"woocommerce_single":["https:\/\/turkishtrade.co\/wp-content\/uploads\/2026\/01\/2600NZTMN00037-BEIGE.png",453,250,false],"woocommerce_gallery_thumbnail":["https:\/\/turkishtrade.co\/wp-content\/uploads\/2026\/01\/2600NZTMN00037-BEIGE-100x100.png",100,100,true]},"uagb_author_info":{"display_name":"python python","author_link":"https:\/\/turkishtrade.co\/fr\/author\/"},"uagb_comment_info":0,"uagb_excerpt":"Crafted from premium calf leather with a soft goat leather lining for supreme comfort. Features stylish brogue detailing and a durable, lightweight EVA sole. Perfect for versatile casual wear, combining sophistication with everyday comfort. Available in men's EU sizes 40-44. Wholesale inquiries welcome; minimum order quantity is 16 pairs.","_links":{"self":[{"href":"https:\/\/turkishtrade.co\/fr\/wp-json\/wp\/v2\/product\/8167","targetHints":{"allow":["GET"]}}],"collection":[{"href":"https:\/\/turkishtrade.co\/fr\/wp-json\/wp\/v2\/product"}],"about":[{"href":"https:\/\/turkishtrade.co\/fr\/wp-json\/wp\/v2\/types\/product"}],"wp:featuredmedia":[{"embeddable":true,"href":"https:\/\/turkishtrade.co\/fr\/wp-json\/wp\/v2\/media\/6921"}],"wp:attachment":[{"href":"https:\/\/turkishtrade.co\/fr\/wp-json\/wp\/v2\/media?parent=8167"}],"wp:term":[{"taxonomy":"product_brand","embeddable":true,"href":"https:\/\/turkishtrade.co\/fr\/wp-json\/wp\/v2\/product_brand?post=8167"},{"taxonomy":"product_cat","embeddable":true,"href":"https:\/\/turkishtrade.co\/fr\/wp-json\/wp\/v2\/product_cat?post=8167"},{"taxonomy":"product_tag","embeddable":true,"href":"https:\/\/turkishtrade.co\/fr\/wp-json\/wp\/v2\/product_tag?post=8167"}],"curies":[{"name":"wp","href":"https:\/\/api.w.org\/{rel}","templated":true}]}}