{"id":8148,"date":"2026-01-29T14:47:55","date_gmt":"2026-01-29T14:47:55","guid":{"rendered":"https:\/\/turkishtrade.co\/?post_type=product&#038;p=8148"},"modified":"2026-04-09T20:34:12","modified_gmt":"2026-04-09T20:34:12","slug":"mens-black-calf-leather-casual-loafer-shoes","status":"publish","type":"product","link":"https:\/\/turkishtrade.co\/fr\/shop\/mens-black-calf-leather-casual-loafer-shoes\/","title":{"rendered":"Mocassins d\u00e9contract\u00e9s en cuir de veau noir pour hommes Amazing"},"content":{"rendered":"<p><strong>Mocassins d\u00e9contract\u00e9s en cuir de veau noir pour hommes<\/strong>. Une qualit\u00e9 et un design \u00e9tonnants.<\/p>\n<p>Profitez d'un confort raffin\u00e9 et d'un style sans effort gr\u00e2ce \u00e0 nos produits de qualit\u00e9 sup\u00e9rieure. <strong>Mocassins d\u00e9contract\u00e9s en cuir de veau noir pour hommes<\/strong>. Con\u00e7ues pour l'homme moderne qui appr\u00e9cie \u00e0 la fois l'\u00e9l\u00e9gance et l'aspect pratique, ces <strong>chaussures mocassins en cuir de veau noir<\/strong> sont un compl\u00e9ment polyvalent \u00e0 toute garde-robe. Que vous vous rendiez \u00e0 une r\u00e9union d\u00e9contract\u00e9e, que vous sortiez le week-end ou que vous recherchiez des chaussures sophistiqu\u00e9es pour tous les jours, ces chaussures sont \u00e0 la hauteur de toutes les attentes.<\/p>\n<h3>Confort in\u00e9gal\u00e9 et mat\u00e9riaux de premi\u00e8re qualit\u00e9<\/h3>\n<p>Confectionn\u00e9e en cuir de veau souple et raffin\u00e9, la tige de ces <strong>chaussures mocassins d\u00e9contract\u00e9es en cuir de veau noir pour hommes<\/strong> offre un aspect sophistiqu\u00e9 et une usure durable. La riche teinte noire assure un attrait intemporel, tandis que les d\u00e9tails textur\u00e9s subtils ajoutent une touche de caract\u00e8re unique. \u00c0 l'int\u00e9rieur, vos pieds b\u00e9n\u00e9ficieront d'un confort in\u00e9gal\u00e9 gr\u00e2ce \u00e0 la doublure en cuir de ch\u00e8vre souple et respirant. Cette doublure de qualit\u00e9 sup\u00e9rieure assure un maintien confortable tout au long de la journ\u00e9e, \u00e9vitant toute g\u00eane m\u00eame en cas de port prolong\u00e9. La caract\u00e9ristique principale est la semelle EVA, \u00e0 la fois l\u00e9g\u00e8re et robuste, qui offre un amorti et une flexibilit\u00e9 sup\u00e9rieurs. Cette conception innovante de la semelle permet \u00e0 ces <strong>chaussures mocassins en cuir de veau noir<\/strong> parfait pour les longues promenades ou les sorties d\u00e9contract\u00e9es de tous les jours, pour que chaque pas soit un plaisir.<\/p>\n<h3>Un style polyvalent pour toutes les occasions<\/h3>\n<p>Le design classique des mocassins d\u00e9contract\u00e9s, compl\u00e9t\u00e9 par de subtils d\u00e9tails en dentelle, conf\u00e8re \u00e0 ces mocassins une allure de mocassin. <strong>chaussures mocassins d\u00e9contract\u00e9es pour hommes<\/strong> un charme particulier. Elles trouvent l'\u00e9quilibre parfait entre l'\u00e9l\u00e9gance et la d\u00e9contraction, ce qui les rend adapt\u00e9es \u00e0 un large \u00e9ventail d'occasions. Associez-les \u00e0 <strong>chaussures d\u00e9contract\u00e9es en cuir<\/strong> Portez-les avec un pantalon chino pour un brunch le week-end, habillez-les l\u00e9g\u00e8rement avec un pantalon de tailleur pour un look professionnel, ou portez-les simplement avec un jean pour une sophistication d\u00e9contract\u00e9e. La teinte noire intemporelle leur permet de s'int\u00e9grer parfaitement \u00e0 votre tenue vestimentaire, ce qui en fait un \u00e9l\u00e9ment indispensable de votre collection de chaussures.<\/p>\n<h3>Artisanat de qualit\u00e9 et possibilit\u00e9s de vente en gros<\/h3>\n<p>Disponibles dans une gamme de tailles europ\u00e9ennes populaires allant de 40 \u00e0 44, ces <strong>chaussures mocassins d\u00e9contract\u00e9es en cuir de veau noir pour hommes<\/strong> sont m\u00e9ticuleusement fabriqu\u00e9es pour garantir un ajustement parfait et une qualit\u00e9 durable. Chaque d\u00e9tail, de la pr\u00e9cision des coutures au choix des mat\u00e9riaux de premi\u00e8re qualit\u00e9, t\u00e9moigne d'un engagement en faveur d'une chaussure de qualit\u00e9 sup\u00e9rieure. Investir dans ces <strong>chaussures mocassins en cuir de veau noir<\/strong> c'est investir dans un style et un confort durables qui r\u00e9sisteront \u00e0 l'\u00e9preuve du temps.<\/p>\n<p>Pour les entreprises qui souhaitent offrir des chaussures exceptionnelles, ces <strong>chaussures mocassins d\u00e9contract\u00e9es en cuir de veau noir pour hommes<\/strong> sont disponibles pour les commandes en gros, avec une quantit\u00e9 minimale de 16 paires. \u00c9largissez votre collection avec un produit qui promet la satisfaction du client, une qualit\u00e9 sup\u00e9rieure et un style intemporel.<\/p>\n<p>Ne faites pas de compromis sur le confort ou le style. Choisissez notre <strong>Mocassins d\u00e9contract\u00e9s en cuir de veau noir pour hommes<\/strong> et faites l'exp\u00e9rience d'un m\u00e9lange parfait de mat\u00e9riaux de premi\u00e8re qualit\u00e9, d'un savoir-faire expert et d'un design contemporain.<\/p>","protected":false},"excerpt":{"rendered":"<ul>\n<li>Tige en cuir de veau de premi\u00e8re qualit\u00e9 pour la durabilit\u00e9 et le style<\/li>\n<li>Doublure en cuir de ch\u00e8vre souple et respirant pour un confort tout au long de la journ\u00e9e<\/li>\n<li>Semelle l\u00e9g\u00e8re en EVA pour un excellent amorti et une grande souplesse<\/li>\n<li>Mocassins \u00e9l\u00e9gants et d\u00e9contract\u00e9s, orn\u00e9s d'une dentelle subtile<\/li>\n<li>Disponible en tailles UE : 40, 41, 42, 43, 44<\/li>\n<li>Les commandes en gros sont les bienvenues (commande minimale : 16 paires).<\/li>\n<\/ul>","protected":false},"featured_media":6917,"template":"","meta":{"_acf_changed":false,"_uag_custom_page_level_css":"","site-sidebar-layout":"default","site-content-layout":"","ast-site-content-layout":"default","site-content-style":"default","site-sidebar-style":"default","ast-global-header-display":"","ast-banner-title-visibility":"","ast-main-header-display":"","ast-hfb-above-header-display":"","ast-hfb-below-header-display":"","ast-hfb-mobile-header-display":"","site-post-title":"","ast-breadcrumbs-content":"","ast-featured-img":"","footer-sml-layout":"","ast-disable-related-posts":"","theme-transparent-header-meta":"","adv-header-id-meta":"","stick-header-meta":"","header-above-stick-meta":"","header-main-stick-meta":"","header-below-stick-meta":"","astra-migrate-meta-layouts":"default","ast-page-background-enabled":"default","ast-page-background-meta":{"desktop":{"background-color":"var(--ast-global-color-4)","background-image":"","background-repeat":"repeat","background-position":"center center","background-size":"auto","background-attachment":"scroll","background-type":"","background-media":"","overlay-type":"","overlay-color":"","overlay-opacity":"","overlay-gradient":""},"tablet":{"background-color":"","background-image":"","background-repeat":"repeat","background-position":"center center","background-size":"auto","background-attachment":"scroll","background-type":"","background-media":"","overlay-type":"","overlay-color":"","overlay-opacity":"","overlay-gradient":""},"mobile":{"background-color":"","background-image":"","background-repeat":"repeat","background-position":"center center","background-size":"auto","background-attachment":"scroll","background-type":"","background-media":"","overlay-type":"","overlay-color":"","overlay-opacity":"","overlay-gradient":""}},"ast-content-background-meta":{"desktop":{"background-color":"var(--ast-global-color-5)","background-image":"","background-repeat":"repeat","background-position":"center center","background-size":"auto","background-attachment":"scroll","background-type":"","background-media":"","overlay-type":"","overlay-color":"","overlay-opacity":"","overlay-gradient":""},"tablet":{"background-color":"var(--ast-global-color-5)","background-image":"","background-repeat":"repeat","background-position":"center center","background-size":"auto","background-attachment":"scroll","background-type":"","background-media":"","overlay-type":"","overlay-color":"","overlay-opacity":"","overlay-gradient":""},"mobile":{"background-color":"var(--ast-global-color-5)","background-image":"","background-repeat":"repeat","background-position":"center center","background-size":"auto","background-attachment":"scroll","background-type":"","background-media":"","overlay-type":"","overlay-color":"","overlay-opacity":"","overlay-gradient":""}}},"product_brand":[],"product_cat":[48,49,430,1200],"product_tag":[370,185,449,222,438,189,941,380,281],"class_list":{"0":"post-8148","1":"product","2":"type-product","3":"status-publish","4":"has-post-thumbnail","6":"product_cat-casual","7":"product_cat-loafer","8":"product_cat-men","9":"product_cat-mens-shoes-2","10":"product_tag-black-loafers","11":"product_tag-calf-leather-shoes","12":"product_tag-casual-shoes","13":"product_tag-comfortable-shoes","14":"product_tag-eva-sole","15":"product_tag-goat-leather-lining","16":"product_tag-lace-up-loafers","17":"product_tag-smart-casual-footwear","18":"product_tag-wholesale-shoes","19":"desktop-align-center","20":"tablet-align-center","21":"mobile-align-center","23":"first","24":"instock","25":"shipping-taxable","26":"purchasable","27":"product-type-variable","28":"has-default-attributes"},"acf":[],"uagb_featured_image_src":{"full":["https:\/\/turkishtrade.co\/wp-content\/uploads\/2026\/01\/2600NZTMN00033-BLACK.png",453,250,false],"thumbnail":["https:\/\/turkishtrade.co\/wp-content\/uploads\/2026\/01\/2600NZTMN00033-BLACK-150x150.png",150,150,true],"medium":["https:\/\/turkishtrade.co\/wp-content\/uploads\/2026\/01\/2600NZTMN00033-BLACK-300x166.png",300,166,true],"medium_large":["https:\/\/turkishtrade.co\/wp-content\/uploads\/2026\/01\/2600NZTMN00033-BLACK.png",453,250,false],"large":["https:\/\/turkishtrade.co\/wp-content\/uploads\/2026\/01\/2600NZTMN00033-BLACK.png",453,250,false],"1536x1536":["https:\/\/turkishtrade.co\/wp-content\/uploads\/2026\/01\/2600NZTMN00033-BLACK.png",453,250,false],"2048x2048":["https:\/\/turkishtrade.co\/wp-content\/uploads\/2026\/01\/2600NZTMN00033-BLACK.png",453,250,false],"trp-custom-language-flag":["https:\/\/turkishtrade.co\/wp-content\/uploads\/2026\/01\/2600NZTMN00033-BLACK-18x10.png",18,10,true],"woocommerce_thumbnail":["https:\/\/turkishtrade.co\/wp-content\/uploads\/2026\/01\/2600NZTMN00033-BLACK-400x250.png",400,250,true],"woocommerce_single":["https:\/\/turkishtrade.co\/wp-content\/uploads\/2026\/01\/2600NZTMN00033-BLACK.png",453,250,false],"woocommerce_gallery_thumbnail":["https:\/\/turkishtrade.co\/wp-content\/uploads\/2026\/01\/2600NZTMN00033-BLACK-100x100.png",100,100,true]},"uagb_author_info":{"display_name":"python python","author_link":"https:\/\/turkishtrade.co\/fr\/author\/"},"uagb_comment_info":0,"uagb_excerpt":"Premium Calf Leather Upper for Durability &amp; Style Soft &amp; Breathable Goat Leather Lining for All-Day Comfort Lightweight EVA Sole for Excellent Cushioning and Flexibility Elegant Casual Loafer Design with Subtle Lace Detailing Available in EU Sizes: 40, 41, 42, 43, 44 Wholesale orders welcome (Minimum Order: 16 Pairs)","_links":{"self":[{"href":"https:\/\/turkishtrade.co\/fr\/wp-json\/wp\/v2\/product\/8148","targetHints":{"allow":["GET"]}}],"collection":[{"href":"https:\/\/turkishtrade.co\/fr\/wp-json\/wp\/v2\/product"}],"about":[{"href":"https:\/\/turkishtrade.co\/fr\/wp-json\/wp\/v2\/types\/product"}],"wp:featuredmedia":[{"embeddable":true,"href":"https:\/\/turkishtrade.co\/fr\/wp-json\/wp\/v2\/media\/6917"}],"wp:attachment":[{"href":"https:\/\/turkishtrade.co\/fr\/wp-json\/wp\/v2\/media?parent=8148"}],"wp:term":[{"taxonomy":"product_brand","embeddable":true,"href":"https:\/\/turkishtrade.co\/fr\/wp-json\/wp\/v2\/product_brand?post=8148"},{"taxonomy":"product_cat","embeddable":true,"href":"https:\/\/turkishtrade.co\/fr\/wp-json\/wp\/v2\/product_cat?post=8148"},{"taxonomy":"product_tag","embeddable":true,"href":"https:\/\/turkishtrade.co\/fr\/wp-json\/wp\/v2\/product_tag?post=8148"}],"curies":[{"name":"wp","href":"https:\/\/api.w.org\/{rel}","templated":true}]}}