{"id":8146,"date":"2026-01-29T14:47:55","date_gmt":"2026-01-29T14:47:55","guid":{"rendered":"https:\/\/turkishtrade.co\/?post_type=product&#038;p=8146"},"modified":"2026-04-09T20:34:21","modified_gmt":"2026-04-09T20:34:21","slug":"mens-classic-brown-suede-loafers","status":"publish","type":"product","link":"https:\/\/turkishtrade.co\/fr\/shop\/mens-classic-brown-suede-loafers\/","title":{"rendered":"Mocassins classiques en daim marron pour hommes Incroyable avec le cuir de veau et l'EVA"},"content":{"rendered":"<p><strong>Mocassins classiques en daim marron pour hommes<\/strong>. Une qualit\u00e9 et un design incroyables.<\/p>\n<p>Entrez dans une sophistication et un confort in\u00e9gal\u00e9s gr\u00e2ce \u00e0 nos magnifiques chambres d'h\u00f4tes. <b>Mocassins classiques en daim marron pour hommes<\/b>. Con\u00e7us pour l'homme exigeant, ces mocassins allient harmonieusement \u00e9l\u00e9gance intemporelle et confort moderne, ce qui en fait un \u00e9l\u00e9ment indispensable de toute garde-robe. Chaque d\u00e9tail, de la riche teinte brune \u00e0 la subtile boucle, t\u00e9moigne d'un go\u00fbt raffin\u00e9 et d'un savoir-faire de qualit\u00e9.<\/p>\n<p>Fabriqu\u00e9 \u00e0 partir de mat\u00e9riaux de premi\u00e8re qualit\u00e9 <i>dana deri<\/i> (cuir de veau) en daim, la partie sup\u00e9rieure de ces <b>Mocassins classiques en daim marron pour hommes<\/b> offre un toucher doux et luxueux et une esth\u00e9tique distinctive que seul le daim de haute qualit\u00e9 peut offrir. La texture naturelle du daim ajoute non seulement une touche de sophistication d\u00e9contract\u00e9e, mais garantit \u00e9galement une durabilit\u00e9 et une belle patine au fil du temps. \u00c0 l'int\u00e9rieur, vos pieds sont berc\u00e9s par une semelle exceptionnellement douce. <i>ici keci astar<\/i> (doublure en cuir de ch\u00e8vre), connue pour sa respirabilit\u00e9 et son toucher doux, qui pr\u00e9vient l'inconfort m\u00eame apr\u00e8s un port prolong\u00e9. Cet engagement en faveur du confort interne est ce qui distingue vraiment ces chaussures de la concurrence. <b>Mocassins classiques en daim marron pour hommes<\/b> \u00e0 part.<\/p>\n<p>Le confort n'est pas un d\u00e9tail, il est int\u00e9gr\u00e9 \u00e0 la base m\u00eame de ces chaussures. L'innovation <i>eva taban<\/i> (semelle EVA) offre un amorti l\u00e9ger et une excellente absorption des chocs, ce qui permet de se d\u00e9placer sans effort tout au long de la journ\u00e9e. Que vous naviguiez dans les rues de la ville ou que vous restiez debout pendant des heures, la semelle EVA minimise la fatigue, garantissant que vous ne vous fatiguerez pas. <b>Mocassins classiques en daim marron pour hommes<\/b> sont aussi confortables qu'\u00e9l\u00e9gantes. Le design classique, associ\u00e9 \u00e0 ces mat\u00e9riaux de qualit\u00e9 sup\u00e9rieure, fait de ces <b>Mocassins classiques en daim marron pour hommes<\/b> parfait pour une vari\u00e9t\u00e9 d'occasions, des \u00e9v\u00e9nements formels aux rassemblements d\u00e9contract\u00e9s et \u00e9l\u00e9gants.<\/p>\n<h3>Style et polyvalence in\u00e9gal\u00e9s avec les mocassins classiques en daim marron pour hommes<\/h3>\n<p>L'attrait durable de la <b>Mocassins classiques en daim marron pour hommes<\/b> r\u00e9side dans son incroyable polyvalence. Associez-les \u00e0 un pantalon de tailleur et \u00e0 un blazer pour un look professionnel d\u00e9contract\u00e9, ou habillez-les d'un pantalon chino et d'un polo pour un ensemble \u00e0 la fois d\u00e9contract\u00e9 et raffin\u00e9. Le daim marron riche ajoute une touche chaleureuse et accueillante \u00e0 n'importe quelle tenue, faisant de ces mocassins un choix incontournable pour les transitions saisonni\u00e8res et l'\u00e9l\u00e9gance tout au long de l'ann\u00e9e. Chaque paire est le reflet d'un h\u00e9ritage de fabrication m\u00e9ticuleuse de chaussures, garantissant un produit d'une qualit\u00e9 exceptionnelle et d'un style durable. Profitez du confort et de la sophistication que seuls des mocassins fabriqu\u00e9s par des experts peuvent offrir. <b>Mocassins classiques en daim marron pour hommes<\/b> peut offrir. Faites l'exp\u00e9rience d'un m\u00e9lange parfait de tradition et d'innovation \u00e0 chaque pas.<\/p>","protected":false},"excerpt":{"rendered":"<ul>\n<li>Tige en veau velours de premi\u00e8re qualit\u00e9 pour un toucher luxueux et un look sophistiqu\u00e9<\/li>\n<li>Doublure en cuir de ch\u00e8vre souple et respirant pour un confort tout au long de la journ\u00e9e.<\/li>\n<li>Semelle EVA l\u00e9g\u00e8re et amortissante pour un soutien sup\u00e9rieur<\/li>\n<li>Mocassins classiques intemporels avec boucle \u00e9l\u00e9gante<\/li>\n<li>Disponible pour l'achat en gros (commande minimum : 16 paires)<\/li>\n<\/ul>","protected":false},"featured_media":6998,"template":"","meta":{"_acf_changed":false,"_uag_custom_page_level_css":"","site-sidebar-layout":"default","site-content-layout":"","ast-site-content-layout":"default","site-content-style":"default","site-sidebar-style":"default","ast-global-header-display":"","ast-banner-title-visibility":"","ast-main-header-display":"","ast-hfb-above-header-display":"","ast-hfb-below-header-display":"","ast-hfb-mobile-header-display":"","site-post-title":"","ast-breadcrumbs-content":"","ast-featured-img":"","footer-sml-layout":"","ast-disable-related-posts":"","theme-transparent-header-meta":"","adv-header-id-meta":"","stick-header-meta":"","header-above-stick-meta":"","header-main-stick-meta":"","header-below-stick-meta":"","astra-migrate-meta-layouts":"default","ast-page-background-enabled":"default","ast-page-background-meta":{"desktop":{"background-color":"var(--ast-global-color-4)","background-image":"","background-repeat":"repeat","background-position":"center center","background-size":"auto","background-attachment":"scroll","background-type":"","background-media":"","overlay-type":"","overlay-color":"","overlay-opacity":"","overlay-gradient":""},"tablet":{"background-color":"","background-image":"","background-repeat":"repeat","background-position":"center center","background-size":"auto","background-attachment":"scroll","background-type":"","background-media":"","overlay-type":"","overlay-color":"","overlay-opacity":"","overlay-gradient":""},"mobile":{"background-color":"","background-image":"","background-repeat":"repeat","background-position":"center center","background-size":"auto","background-attachment":"scroll","background-type":"","background-media":"","overlay-type":"","overlay-color":"","overlay-opacity":"","overlay-gradient":""}},"ast-content-background-meta":{"desktop":{"background-color":"var(--ast-global-color-5)","background-image":"","background-repeat":"repeat","background-position":"center center","background-size":"auto","background-attachment":"scroll","background-type":"","background-media":"","overlay-type":"","overlay-color":"","overlay-opacity":"","overlay-gradient":""},"tablet":{"background-color":"var(--ast-global-color-5)","background-image":"","background-repeat":"repeat","background-position":"center center","background-size":"auto","background-attachment":"scroll","background-type":"","background-media":"","overlay-type":"","overlay-color":"","overlay-opacity":"","overlay-gradient":""},"mobile":{"background-color":"var(--ast-global-color-5)","background-image":"","background-repeat":"repeat","background-position":"center center","background-size":"auto","background-attachment":"scroll","background-type":"","background-media":"","overlay-type":"","overlay-color":"","overlay-opacity":"","overlay-gradient":""}}},"product_brand":[],"product_cat":[47,430,1200],"product_tag":[348,513,185,457,454,438,189,198,186,184],"class_list":{"0":"post-8146","1":"product","2":"type-product","3":"status-publish","4":"has-post-thumbnail","6":"product_cat-classic","7":"product_cat-men","8":"product_cat-mens-shoes-2","9":"product_tag-brown-suede-shoes","10":"product_tag-business-casual-shoes","11":"product_tag-calf-leather-shoes","12":"product_tag-classic-loafers","13":"product_tag-elegant-footwear","14":"product_tag-eva-sole","15":"product_tag-goat-leather-lining","16":"product_tag-mens-fashion","17":"product_tag-mens-loafers","18":"product_tag-slip-on-shoes","19":"desktop-align-center","20":"tablet-align-center","21":"mobile-align-center","23":"first","24":"instock","25":"shipping-taxable","26":"purchasable","27":"product-type-variable","28":"has-default-attributes"},"acf":[],"uagb_featured_image_src":{"full":["https:\/\/turkishtrade.co\/wp-content\/uploads\/2026\/01\/2600NZTMN00031-BROWN.png",453,250,false],"thumbnail":["https:\/\/turkishtrade.co\/wp-content\/uploads\/2026\/01\/2600NZTMN00031-BROWN-150x150.png",150,150,true],"medium":["https:\/\/turkishtrade.co\/wp-content\/uploads\/2026\/01\/2600NZTMN00031-BROWN-300x166.png",300,166,true],"medium_large":["https:\/\/turkishtrade.co\/wp-content\/uploads\/2026\/01\/2600NZTMN00031-BROWN.png",453,250,false],"large":["https:\/\/turkishtrade.co\/wp-content\/uploads\/2026\/01\/2600NZTMN00031-BROWN.png",453,250,false],"1536x1536":["https:\/\/turkishtrade.co\/wp-content\/uploads\/2026\/01\/2600NZTMN00031-BROWN.png",453,250,false],"2048x2048":["https:\/\/turkishtrade.co\/wp-content\/uploads\/2026\/01\/2600NZTMN00031-BROWN.png",453,250,false],"trp-custom-language-flag":["https:\/\/turkishtrade.co\/wp-content\/uploads\/2026\/01\/2600NZTMN00031-BROWN-18x10.png",18,10,true],"woocommerce_thumbnail":["https:\/\/turkishtrade.co\/wp-content\/uploads\/2026\/01\/2600NZTMN00031-BROWN-400x250.png",400,250,true],"woocommerce_single":["https:\/\/turkishtrade.co\/wp-content\/uploads\/2026\/01\/2600NZTMN00031-BROWN.png",453,250,false],"woocommerce_gallery_thumbnail":["https:\/\/turkishtrade.co\/wp-content\/uploads\/2026\/01\/2600NZTMN00031-BROWN-100x100.png",100,100,true]},"uagb_author_info":{"display_name":"python python","author_link":"https:\/\/turkishtrade.co\/fr\/author\/"},"uagb_comment_info":0,"uagb_excerpt":"Premium calf suede upper for a luxurious feel and sophisticated look Soft and breathable goat leather lining for all-day comfort Lightweight and shock-absorbing EVA sole for superior support Timeless classic loafer design with elegant buckle detailing Available for wholesale purchase (minimum order: 16 pairs)","_links":{"self":[{"href":"https:\/\/turkishtrade.co\/fr\/wp-json\/wp\/v2\/product\/8146","targetHints":{"allow":["GET"]}}],"collection":[{"href":"https:\/\/turkishtrade.co\/fr\/wp-json\/wp\/v2\/product"}],"about":[{"href":"https:\/\/turkishtrade.co\/fr\/wp-json\/wp\/v2\/types\/product"}],"wp:featuredmedia":[{"embeddable":true,"href":"https:\/\/turkishtrade.co\/fr\/wp-json\/wp\/v2\/media\/6998"}],"wp:attachment":[{"href":"https:\/\/turkishtrade.co\/fr\/wp-json\/wp\/v2\/media?parent=8146"}],"wp:term":[{"taxonomy":"product_brand","embeddable":true,"href":"https:\/\/turkishtrade.co\/fr\/wp-json\/wp\/v2\/product_brand?post=8146"},{"taxonomy":"product_cat","embeddable":true,"href":"https:\/\/turkishtrade.co\/fr\/wp-json\/wp\/v2\/product_cat?post=8146"},{"taxonomy":"product_tag","embeddable":true,"href":"https:\/\/turkishtrade.co\/fr\/wp-json\/wp\/v2\/product_tag?post=8146"}],"curies":[{"name":"wp","href":"https:\/\/api.w.org\/{rel}","templated":true}]}}