{"id":8141,"date":"2026-01-29T14:47:54","date_gmt":"2026-01-29T14:47:54","guid":{"rendered":"https:\/\/turkishtrade.co\/?post_type=product&#038;p=8141"},"modified":"2026-04-09T20:34:35","modified_gmt":"2026-04-09T20:34:35","slug":"classic-brown-calf-leather-shoes-2","status":"publish","type":"product","link":"https:\/\/turkishtrade.co\/fr\/shop\/classic-brown-calf-leather-shoes-2\/","title":{"rendered":"Classic Brown Calf Leather Shoes Exclusive | Classic Brown Calf Leather Derby"},"content":{"rendered":"<p>Entrez dans l'\u00e9l\u00e9gance intemporelle avec notre exquise <strong>Chaussures classiques en cuir de veau marron<\/strong>. M\u00e9ticuleusement con\u00e7ues pour le gentleman exigeant, ces chaussures Derby allient un design traditionnel \u00e0 un confort moderne, ce qui en fait un compl\u00e9ment indispensable \u00e0 toute garde-robe. La riche teinte brune de ces chaussures haut de gamme ajoute une touche de charme sophistiqu\u00e9, vous assurant une d\u00e9claration raffin\u00e9e o\u00f9 que vous alliez. Ces chaussures ne sont pas seulement des chaussures ; elles t\u00e9moignent d'un style durable et d'une qualit\u00e9 in\u00e9gal\u00e9e.<\/p>\n<h3>Un savoir-faire in\u00e9gal\u00e9 et des mat\u00e9riaux de premi\u00e8re qualit\u00e9<\/h3>\n<p>Faites l'exp\u00e9rience du luxe des mat\u00e9riaux authentiques \u00e0 chaque pas que vous faites dans notre <strong>Chaussures classiques en cuir de veau marron<\/strong>. L'empeigne de ces chaussures sophistiqu\u00e9es est fabriqu\u00e9e \u00e0 partir de mat\u00e9riaux de haute qualit\u00e9. <strong>cuir de veau<\/strong>, Le cuir de premi\u00e8re qualit\u00e9 est r\u00e9put\u00e9 pour sa durabilit\u00e9 exceptionnelle, sa souplesse et sa remarquable capacit\u00e9 \u00e0 vieillir avec \u00e9l\u00e9gance. Ce cuir de qualit\u00e9 sup\u00e9rieure offre une finition \u00e9l\u00e9gante et polie qui d\u00e9gage une classe ind\u00e9niable. A l'int\u00e9rieur, vos pieds seront berc\u00e9s par un cuir somptueusement doux et respirant. <strong>doublure en cuir de ch\u00e8vre<\/strong>, Les chaussures en cuir de veau marron classique offrent un confort sup\u00e9rieur et une \u00e9vacuation efficace de l'humidit\u00e9 pour une utilisation tout au long de la journ\u00e9e. L'attention m\u00e9ticuleuse port\u00e9e aux d\u00e9tails des coutures et de la construction g\u00e9n\u00e9rale en dit long sur la qualit\u00e9 et le d\u00e9vouement apport\u00e9s \u00e0 chaque paire de ces chaussures classiques en cuir de veau marron.<\/p>\n<h3>Confort et style en parfaite harmonie<\/h3>\n<p>Con\u00e7ues pour un style impeccable et un confort supr\u00eame, ces chaussures sont dot\u00e9es d'un syst\u00e8me de fermeture innovant. <strong>Semelle EVA<\/strong>. Cette semelle l\u00e9g\u00e8re et tr\u00e8s flexible offre une excellente absorption des chocs et un bon amortissement, garantissant le confort m\u00eame pendant les p\u00e9riodes prolong\u00e9es de marche ou de station debout. Contrairement aux semelles lourdes traditionnelles, la semelle EVA am\u00e9liore l'agilit\u00e9 sans compromettre l'esth\u00e9tique classique de la chaussure. Le profil \u00e9pur\u00e9 et l'\u00e9l\u00e9gante conception \u00e0 lacets d\u00e9finissent parfaitement le style Derby intemporel, ce qui fait de ces chaussures des chaussures \u00e0 la mode. <strong>Chaussures classiques en cuir de veau marron<\/strong> conviennent exceptionnellement \u00e0 un large \u00e9ventail de contextes. Qu'il s'agisse de r\u00e9unions d'affaires importantes, d'\u00e9v\u00e9nements formels ou de rencontres sociales sophistiqu\u00e9es, leur teinte brune polyvalente s'associe sans effort \u00e0 des costumes sur mesure, des pantalons \u00e9l\u00e9gants et m\u00eame des tenues d\u00e9contract\u00e9es haut de gamme, ce qui en fait un v\u00e9ritable \u00e9l\u00e9ment essentiel de la garde-robe.<\/p>\n<h3>Votre choix pour toutes les occasions<\/h3>\n<p>Que vous vous rendiez au bureau de la direction, que vous assistiez \u00e0 un mariage ou que vous cherchiez simplement \u00e0 rehausser votre tenue de tous les jours, ces <strong>Chaussures classiques en cuir de veau marron<\/strong> sont votre compagnon id\u00e9al. Leur attrait durable leur permet de rester un \u00e9l\u00e9ment essentiel de la mode masculine pendant de nombreuses ann\u00e9es. Disponibles dans une large gamme de pointures europ\u00e9ennes allant du 40 au 44, nous nous engageons \u00e0 garantir un ajustement parfait \u00e0 chaque pied, offrant ainsi un confort et une sophistication durables.<\/p>\n<h3>Possibilit\u00e9s exclusives de vente en gros<\/h3>\n<p>Pour les d\u00e9taillants et les entreprises exigeants qui souhaitent offrir des chaussures de qualit\u00e9 sup\u00e9rieure \u00e0 leur client\u00e8le, ces chaussures exceptionnelles ont \u00e9t\u00e9 con\u00e7ues pour r\u00e9pondre aux besoins de tous les secteurs d'activit\u00e9. <strong>Chaussures classiques en cuir de veau marron<\/strong> sont disponibles pour l'achat en gros. Nous acceptons des commandes minimales de 16 paires, ce qui repr\u00e9sente une excellente occasion de stocker des chaussures de haute qualit\u00e9, tr\u00e8s demand\u00e9es et qui se distinguent vraiment. Am\u00e9liorez votre inventaire et offrez \u00e0 vos clients un produit qui incarne \u00e0 la fois le luxe et un confort in\u00e9gal\u00e9 avec ces magnifiques chaussures classiques en cuir de veau marron.<\/p>","protected":false},"excerpt":{"rendered":"<ul>\n<li>Tige en cuir de veau de premi\u00e8re qualit\u00e9 pour un toucher luxueux et une durabilit\u00e9 \u00e0 toute \u00e9preuve.<\/li>\n<li>La doublure en cuir de ch\u00e8vre souple et respirant assure un confort et une fra\u00eecheur tout au long de la journ\u00e9e.<\/li>\n<li>Semelle EVA l\u00e9g\u00e8re et flexible pour un amorti et une exp\u00e9rience de marche sup\u00e9rieurs.<\/li>\n<li>Design Derby classique et intemporel dans une teinte brune riche et polyvalente.<\/li>\n<li>Disponible dans les tailles 40-44 de l'UE, pour un ajustement parfait.<\/li>\n<li>Les demandes de vente en gros sont les bienvenues pour des commandes minimales de 16 paires.<\/li>\n<\/ul>","protected":false},"featured_media":6995,"template":"","meta":{"_acf_changed":false,"_uag_custom_page_level_css":"","site-sidebar-layout":"default","site-content-layout":"","ast-site-content-layout":"default","site-content-style":"default","site-sidebar-style":"default","ast-global-header-display":"","ast-banner-title-visibility":"","ast-main-header-display":"","ast-hfb-above-header-display":"","ast-hfb-below-header-display":"","ast-hfb-mobile-header-display":"","site-post-title":"","ast-breadcrumbs-content":"","ast-featured-img":"","footer-sml-layout":"","ast-disable-related-posts":"","theme-transparent-header-meta":"","adv-header-id-meta":"","stick-header-meta":"","header-above-stick-meta":"","header-main-stick-meta":"","header-below-stick-meta":"","astra-migrate-meta-layouts":"default","ast-page-background-enabled":"default","ast-page-background-meta":{"desktop":{"background-color":"var(--ast-global-color-4)","background-image":"","background-repeat":"repeat","background-position":"center center","background-size":"auto","background-attachment":"scroll","background-type":"","background-media":"","overlay-type":"","overlay-color":"","overlay-opacity":"","overlay-gradient":""},"tablet":{"background-color":"","background-image":"","background-repeat":"repeat","background-position":"center center","background-size":"auto","background-attachment":"scroll","background-type":"","background-media":"","overlay-type":"","overlay-color":"","overlay-opacity":"","overlay-gradient":""},"mobile":{"background-color":"","background-image":"","background-repeat":"repeat","background-position":"center center","background-size":"auto","background-attachment":"scroll","background-type":"","background-media":"","overlay-type":"","overlay-color":"","overlay-opacity":"","overlay-gradient":""}},"ast-content-background-meta":{"desktop":{"background-color":"var(--ast-global-color-5)","background-image":"","background-repeat":"repeat","background-position":"center center","background-size":"auto","background-attachment":"scroll","background-type":"","background-media":"","overlay-type":"","overlay-color":"","overlay-opacity":"","overlay-gradient":""},"tablet":{"background-color":"var(--ast-global-color-5)","background-image":"","background-repeat":"repeat","background-position":"center center","background-size":"auto","background-attachment":"scroll","background-type":"","background-media":"","overlay-type":"","overlay-color":"","overlay-opacity":"","overlay-gradient":""},"mobile":{"background-color":"var(--ast-global-color-5)","background-image":"","background-repeat":"repeat","background-position":"center center","background-size":"auto","background-attachment":"scroll","background-type":"","background-media":"","overlay-type":"","overlay-color":"","overlay-opacity":"","overlay-gradient":""}}},"product_brand":[],"product_cat":[47,430,1200],"product_tag":[1407,405,299,1406,609,287,314,1326,310,262],"class_list":{"0":"post-8141","1":"product","2":"type-product","3":"status-publish","4":"has-post-thumbnail","6":"product_cat-classic","7":"product_cat-men","8":"product_cat-mens-shoes-2","9":"product_tag-brown-leather-dress-shoes","10":"product_tag-business-shoes","11":"product_tag-calf-leather-footwear","12":"product_tag-classic-brown-calf-leather-shoes","13":"product_tag-elegant-mens-shoes","14":"product_tag-eva-sole-shoes","15":"product_tag-formal-mens-shoes","16":"product_tag-goat-leather-lined-shoes","17":"product_tag-mens-derby-shoes","18":"product_tag-wholesale-mens-shoes","19":"desktop-align-center","20":"tablet-align-center","21":"mobile-align-center","23":"first","24":"instock","25":"shipping-taxable","26":"purchasable","27":"product-type-variable","28":"has-default-attributes"},"acf":[],"uagb_featured_image_src":{"full":["https:\/\/turkishtrade.co\/wp-content\/uploads\/2026\/01\/2600NZTMN00026-CAMEL.png",453,250,false],"thumbnail":["https:\/\/turkishtrade.co\/wp-content\/uploads\/2026\/01\/2600NZTMN00026-CAMEL-150x150.png",150,150,true],"medium":["https:\/\/turkishtrade.co\/wp-content\/uploads\/2026\/01\/2600NZTMN00026-CAMEL-300x166.png",300,166,true],"medium_large":["https:\/\/turkishtrade.co\/wp-content\/uploads\/2026\/01\/2600NZTMN00026-CAMEL.png",453,250,false],"large":["https:\/\/turkishtrade.co\/wp-content\/uploads\/2026\/01\/2600NZTMN00026-CAMEL.png",453,250,false],"1536x1536":["https:\/\/turkishtrade.co\/wp-content\/uploads\/2026\/01\/2600NZTMN00026-CAMEL.png",453,250,false],"2048x2048":["https:\/\/turkishtrade.co\/wp-content\/uploads\/2026\/01\/2600NZTMN00026-CAMEL.png",453,250,false],"trp-custom-language-flag":["https:\/\/turkishtrade.co\/wp-content\/uploads\/2026\/01\/2600NZTMN00026-CAMEL-18x10.png",18,10,true],"woocommerce_thumbnail":["https:\/\/turkishtrade.co\/wp-content\/uploads\/2026\/01\/2600NZTMN00026-CAMEL-400x250.png",400,250,true],"woocommerce_single":["https:\/\/turkishtrade.co\/wp-content\/uploads\/2026\/01\/2600NZTMN00026-CAMEL.png",453,250,false],"woocommerce_gallery_thumbnail":["https:\/\/turkishtrade.co\/wp-content\/uploads\/2026\/01\/2600NZTMN00026-CAMEL-100x100.png",100,100,true]},"uagb_author_info":{"display_name":"python python","author_link":"https:\/\/turkishtrade.co\/fr\/author\/"},"uagb_comment_info":0,"uagb_excerpt":"Premium calf leather upper for a luxurious feel and lasting durability. Soft, breathable goat leather lining ensures all-day comfort and freshness. Lightweight and flexible EVA sole for superior cushioning and walking experience. Timeless classic Derby design in a versatile, rich brown shade. Available in EU sizes 40-44, ensuring a perfect fit. Wholesale inquiries welcome for\u2026","_links":{"self":[{"href":"https:\/\/turkishtrade.co\/fr\/wp-json\/wp\/v2\/product\/8141","targetHints":{"allow":["GET"]}}],"collection":[{"href":"https:\/\/turkishtrade.co\/fr\/wp-json\/wp\/v2\/product"}],"about":[{"href":"https:\/\/turkishtrade.co\/fr\/wp-json\/wp\/v2\/types\/product"}],"wp:featuredmedia":[{"embeddable":true,"href":"https:\/\/turkishtrade.co\/fr\/wp-json\/wp\/v2\/media\/6995"}],"wp:attachment":[{"href":"https:\/\/turkishtrade.co\/fr\/wp-json\/wp\/v2\/media?parent=8141"}],"wp:term":[{"taxonomy":"product_brand","embeddable":true,"href":"https:\/\/turkishtrade.co\/fr\/wp-json\/wp\/v2\/product_brand?post=8141"},{"taxonomy":"product_cat","embeddable":true,"href":"https:\/\/turkishtrade.co\/fr\/wp-json\/wp\/v2\/product_cat?post=8141"},{"taxonomy":"product_tag","embeddable":true,"href":"https:\/\/turkishtrade.co\/fr\/wp-json\/wp\/v2\/product_tag?post=8141"}],"curies":[{"name":"wp","href":"https:\/\/api.w.org\/{rel}","templated":true}]}}