{"id":8139,"date":"2026-01-29T14:47:54","date_gmt":"2026-01-29T14:47:54","guid":{"rendered":"https:\/\/turkishtrade.co\/?post_type=product&#038;p=8139"},"modified":"2026-04-09T20:34:41","modified_gmt":"2026-04-09T20:34:41","slug":"mens-classic-black-leather-shoes","status":"publish","type":"product","link":"https:\/\/turkishtrade.co\/fr\/shop\/mens-classic-black-leather-shoes\/","title":{"rendered":"Chaussures classiques en cuir noir pour hommes Best-Selling | Chaussures classiques en cuir de veau noir pour hommes"},"content":{"rendered":"<p><strong>Chaussures classiques en cuir noir pour hommes<\/strong>. La qualit\u00e9 et le design les plus vendus.<\/p>\n<p>Rehaussez votre garde-robe gr\u00e2ce \u00e0 l'\u00e9l\u00e9gance in\u00e9gal\u00e9e de notre collection. <strong>Chaussures classiques en cuir noir pour hommes<\/strong>. Con\u00e7ues pour le gentleman exigeant, ces chaussures sont l'incarnation d'un style intemporel et d'un confort sup\u00e9rieur, ce qui en fait un compl\u00e9ment indispensable \u00e0 toute tenue formelle ou d'affaires. Chaque paire t\u00e9moigne d'un savoir-faire exceptionnel, associant des mat\u00e9riaux de premi\u00e8re qualit\u00e9 \u00e0 un design classique ind\u00e9modable.<\/p>\n<h3>Un savoir-faire in\u00e9gal\u00e9 et des mat\u00e9riaux de premi\u00e8re qualit\u00e9<\/h3>\n<p>Au c\u0153ur de ces chaussures remarquables se trouve un engagement de qualit\u00e9. La tige est m\u00e9ticuleusement fabriqu\u00e9e en cuir de veau v\u00e9ritable, connu pour sa texture lisse, sa durabilit\u00e9 et sa capacit\u00e9 \u00e0 d\u00e9velopper une belle patine au fil du temps. Ce mat\u00e9riau de qualit\u00e9 sup\u00e9rieure garantit un look sophistiqu\u00e9 qui se d\u00e9marque dans n'importe quel contexte. En compl\u00e9ment de l'ext\u00e9rieur exquis, l'int\u00e9rieur est doubl\u00e9 de cuir de ch\u00e8vre luxueux, offrant un environnement incroyablement doux et respirant pour vos pieds. Ce souci du d\u00e9tail garantit non seulement le confort, mais aussi la long\u00e9vit\u00e9. <strong>Chaussures classiques en cuir noir pour hommes<\/strong> un investissement judicieux pour les ann\u00e9es \u00e0 venir.<\/p>\n<h3>Con\u00e7u pour le confort et le style<\/h3>\n<p>Bien que leur esth\u00e9tique classique soit ind\u00e9niable, ces <strong>Chaussures classiques en cuir noir pour hommes<\/strong> ne font aucun compromis sur le confort. Elles sont dot\u00e9es d'une semelle EVA innovante, un mat\u00e9riau l\u00e9ger et flexible r\u00e9put\u00e9 pour ses excellentes propri\u00e9t\u00e9s d'absorption des chocs et d'amortissement. Que vous ayez une journ\u00e9e de travail bien remplie ou que vous assistiez \u00e0 un \u00e9v\u00e9nement prolong\u00e9, la semelle EVA minimise la fatigue du pied, vous permettant de rester \u00e0 l'aise du matin au soir. Le mod\u00e8le derby \u00e0 lacets offre un ajustement s\u00fbr et r\u00e9glable, convenant \u00e0 une gamme de pointures allant du 40 au 44, garantissant que chaque pas est fait en toute confiance et facilit\u00e9. Ce sont vraiment les <strong>Chaussures classiques en cuir noir pour hommes<\/strong> que vous recherchiez.<\/p>\n<h3>Le choix parfait pour toutes les occasions<\/h3>\n<p>La polyvalence est la cl\u00e9 de ces <strong>Chaussures classiques en cuir noir pour hommes<\/strong>. Leur finition noire \u00e9l\u00e9gante et leur silhouette classique les destinent \u00e0 une multitude d'occasions. Associez-les \u00e0 un \u00e9l\u00e9gant costume d'affaires pour une r\u00e9union importante, compl\u00e9tez votre tenue de mariage avec une \u00e9l\u00e9gance raffin\u00e9e ou ajoutez une touche de sophistication \u00e0 une tenue d\u00e9contract\u00e9e. Plus que de simples chaussures, elles sont une d\u00e9claration de classe et d'assurance. Pour les entreprises qui souhaitent offrir \u00e0 leurs clients ce qu'il y a de mieux, ces <strong>Chaussures classiques en cuir noir pour hommes<\/strong> sont disponibles en gros, avec une commande minimum de 16 paires, ce qui repr\u00e9sente une excellente opportunit\u00e9 de stocker un produit haut de gamme tr\u00e8s demand\u00e9. Investissez dans la qualit\u00e9, investissez dans le style, investissez dans nos chaussures classiques en cuir noir pour hommes.<\/p>","protected":false},"excerpt":{"rendered":"<ul>\n<li><strong>Tige en cuir de veau de premi\u00e8re qualit\u00e9 :<\/strong> M\u00e9ticuleusement confectionn\u00e9 en cuir de veau v\u00e9ritable, il offre un toucher luxueux et une finition \u00e9l\u00e9gante et soign\u00e9e.<\/li>\n<li><strong>Semelle EVA confortable :<\/strong> Profitez d'une flexibilit\u00e9 l\u00e9g\u00e8re et d'un amorti sup\u00e9rieur \u00e0 chaque pas, gr\u00e2ce \u00e0 la semelle EVA durable.<\/li>\n<li><strong>Doublure en cuir de ch\u00e8vre luxueux :<\/strong> Con\u00e7ue avec une doublure en cuir de ch\u00e8vre pour une respirabilit\u00e9, une douceur et un confort exceptionnels tout au long de la journ\u00e9e.<\/li>\n<li><strong>Design classique et intemporel :<\/strong> Ces chaussures classiques en cuir noir pour hommes pr\u00e9sentent un style derby polyvalent, parfait pour les affaires, les \u00e9v\u00e9nements formels et les occasions sp\u00e9ciales.<\/li>\n<li><strong>Tailles disponibles :<\/strong> Ajust\u00e9 de mani\u00e8re experte pour les tailles 40, 41, 42, 43 et 44 afin d'assurer un ajustement parfait.<\/li>\n<li><strong>Disponibilit\u00e9 en gros :<\/strong> Id\u00e9ales pour les d\u00e9taillants, ces chaussures classiques en cuir noir pour hommes sont disponibles pour les commandes en gros avec un minimum d'achat de 16 paires.<\/li>\n<\/ul>","protected":false},"featured_media":6993,"template":"","meta":{"_acf_changed":false,"_uag_custom_page_level_css":"","site-sidebar-layout":"default","site-content-layout":"","ast-site-content-layout":"default","site-content-style":"default","site-sidebar-style":"default","ast-global-header-display":"","ast-banner-title-visibility":"","ast-main-header-display":"","ast-hfb-above-header-display":"","ast-hfb-below-header-display":"","ast-hfb-mobile-header-display":"","site-post-title":"","ast-breadcrumbs-content":"","ast-featured-img":"","footer-sml-layout":"","ast-disable-related-posts":"","theme-transparent-header-meta":"","adv-header-id-meta":"","stick-header-meta":"","header-above-stick-meta":"","header-main-stick-meta":"","header-below-stick-meta":"","astra-migrate-meta-layouts":"default","ast-page-background-enabled":"default","ast-page-background-meta":{"desktop":{"background-color":"var(--ast-global-color-4)","background-image":"","background-repeat":"repeat","background-position":"center center","background-size":"auto","background-attachment":"scroll","background-type":"","background-media":"","overlay-type":"","overlay-color":"","overlay-opacity":"","overlay-gradient":""},"tablet":{"background-color":"","background-image":"","background-repeat":"repeat","background-position":"center center","background-size":"auto","background-attachment":"scroll","background-type":"","background-media":"","overlay-type":"","overlay-color":"","overlay-opacity":"","overlay-gradient":""},"mobile":{"background-color":"","background-image":"","background-repeat":"repeat","background-position":"center center","background-size":"auto","background-attachment":"scroll","background-type":"","background-media":"","overlay-type":"","overlay-color":"","overlay-opacity":"","overlay-gradient":""}},"ast-content-background-meta":{"desktop":{"background-color":"var(--ast-global-color-5)","background-image":"","background-repeat":"repeat","background-position":"center center","background-size":"auto","background-attachment":"scroll","background-type":"","background-media":"","overlay-type":"","overlay-color":"","overlay-opacity":"","overlay-gradient":""},"tablet":{"background-color":"var(--ast-global-color-5)","background-image":"","background-repeat":"repeat","background-position":"center center","background-size":"auto","background-attachment":"scroll","background-type":"","background-media":"","overlay-type":"","overlay-color":"","overlay-opacity":"","overlay-gradient":""},"mobile":{"background-color":"var(--ast-global-color-5)","background-image":"","background-repeat":"repeat","background-position":"center center","background-size":"auto","background-attachment":"scroll","background-type":"","background-media":"","overlay-type":"","overlay-color":"","overlay-opacity":"","overlay-gradient":""}}},"product_brand":[],"product_cat":[47,430,1200],"product_tag":[196,405,202,145,438,251,1249,324,281],"class_list":{"0":"post-8139","1":"product","2":"type-product","3":"status-publish","4":"has-post-thumbnail","6":"product_cat-classic","7":"product_cat-men","8":"product_cat-mens-shoes-2","9":"product_tag-black-leather-shoes","10":"product_tag-business-shoes","11":"product_tag-calf-leather","12":"product_tag-classic-shoes","13":"product_tag-eva-sole","14":"product_tag-formal-shoes","15":"product_tag-goat-lining","16":"product_tag-mens-dress-shoes","17":"product_tag-wholesale-shoes","18":"desktop-align-center","19":"tablet-align-center","20":"mobile-align-center","22":"first","23":"instock","24":"shipping-taxable","25":"purchasable","26":"product-type-variable","27":"has-default-attributes"},"acf":[],"uagb_featured_image_src":{"full":["https:\/\/turkishtrade.co\/wp-content\/uploads\/2026\/01\/2600NZTMN00024-BLACK.png",453,250,false],"thumbnail":["https:\/\/turkishtrade.co\/wp-content\/uploads\/2026\/01\/2600NZTMN00024-BLACK-150x150.png",150,150,true],"medium":["https:\/\/turkishtrade.co\/wp-content\/uploads\/2026\/01\/2600NZTMN00024-BLACK-300x166.png",300,166,true],"medium_large":["https:\/\/turkishtrade.co\/wp-content\/uploads\/2026\/01\/2600NZTMN00024-BLACK.png",453,250,false],"large":["https:\/\/turkishtrade.co\/wp-content\/uploads\/2026\/01\/2600NZTMN00024-BLACK.png",453,250,false],"1536x1536":["https:\/\/turkishtrade.co\/wp-content\/uploads\/2026\/01\/2600NZTMN00024-BLACK.png",453,250,false],"2048x2048":["https:\/\/turkishtrade.co\/wp-content\/uploads\/2026\/01\/2600NZTMN00024-BLACK.png",453,250,false],"trp-custom-language-flag":["https:\/\/turkishtrade.co\/wp-content\/uploads\/2026\/01\/2600NZTMN00024-BLACK-18x10.png",18,10,true],"woocommerce_thumbnail":["https:\/\/turkishtrade.co\/wp-content\/uploads\/2026\/01\/2600NZTMN00024-BLACK-400x250.png",400,250,true],"woocommerce_single":["https:\/\/turkishtrade.co\/wp-content\/uploads\/2026\/01\/2600NZTMN00024-BLACK.png",453,250,false],"woocommerce_gallery_thumbnail":["https:\/\/turkishtrade.co\/wp-content\/uploads\/2026\/01\/2600NZTMN00024-BLACK-100x100.png",100,100,true]},"uagb_author_info":{"display_name":"python python","author_link":"https:\/\/turkishtrade.co\/fr\/author\/"},"uagb_comment_info":0,"uagb_excerpt":"Premium Calf Leather Upper: Meticulously crafted from genuine calf leather, offering a luxurious feel and sleek, polished finish. Comfort-Engineered EVA Sole: Experience lightweight flexibility and superior cushioning with every step, thanks to the durable EVA sole. Luxurious Goat Leather Lining: Designed with a full goat leather lining for exceptional breathability, softness, and all-day comfort. Timeless\u2026","_links":{"self":[{"href":"https:\/\/turkishtrade.co\/fr\/wp-json\/wp\/v2\/product\/8139","targetHints":{"allow":["GET"]}}],"collection":[{"href":"https:\/\/turkishtrade.co\/fr\/wp-json\/wp\/v2\/product"}],"about":[{"href":"https:\/\/turkishtrade.co\/fr\/wp-json\/wp\/v2\/types\/product"}],"wp:featuredmedia":[{"embeddable":true,"href":"https:\/\/turkishtrade.co\/fr\/wp-json\/wp\/v2\/media\/6993"}],"wp:attachment":[{"href":"https:\/\/turkishtrade.co\/fr\/wp-json\/wp\/v2\/media?parent=8139"}],"wp:term":[{"taxonomy":"product_brand","embeddable":true,"href":"https:\/\/turkishtrade.co\/fr\/wp-json\/wp\/v2\/product_brand?post=8139"},{"taxonomy":"product_cat","embeddable":true,"href":"https:\/\/turkishtrade.co\/fr\/wp-json\/wp\/v2\/product_cat?post=8139"},{"taxonomy":"product_tag","embeddable":true,"href":"https:\/\/turkishtrade.co\/fr\/wp-json\/wp\/v2\/product_tag?post=8139"}],"curies":[{"name":"wp","href":"https:\/\/api.w.org\/{rel}","templated":true}]}}