{"id":8120,"date":"2026-01-29T14:47:42","date_gmt":"2026-01-29T14:47:42","guid":{"rendered":"https:\/\/turkishtrade.co\/?post_type=product&#038;p=8120"},"modified":"2026-04-09T20:34:46","modified_gmt":"2026-04-09T20:34:46","slug":"mens-classic-brogue-leather-shoes","status":"publish","type":"product","link":"https:\/\/turkishtrade.co\/fr\/shop\/mens-classic-brogue-leather-shoes\/","title":{"rendered":"Hommes Classic Brogue Chaussures en cuir Elite | Hommes Classic Black Brogue Calf"},"content":{"rendered":"<p>Entrez dans l'\u00e9l\u00e9gance intemporelle avec notre exquise <strong>Chaussures classiques en cuir pour hommes<\/strong>, Ces chaussures ont \u00e9t\u00e9 m\u00e9ticuleusement con\u00e7ues pour le gentleman moderne. Ces chaussures sophistiqu\u00e9es sont l'incarnation du style classique, parfaites pour les \u00e9v\u00e9nements formels et les occasions d\u00e9contract\u00e9es. Fabriqu\u00e9e en cuir de veau souple de qualit\u00e9 sup\u00e9rieure, la tige pr\u00e9sente une finition riche et polie qui respire le luxe et promet une durabilit\u00e9 exceptionnelle. Les d\u00e9tails de broderie sur le bout et l'empeigne ajoutent un caract\u00e8re distingu\u00e9 \u00e0 ces chaussures. <strong>chaussures classiques en cuir pour hommes<\/strong> un ajout remarquable \u00e0 toute garde-robe.<\/p>\n<p>Profitez d'un confort in\u00e9gal\u00e9 \u00e0 chaque pas, gr\u00e2ce \u00e0 la semelle EVA innovante. Cette semelle, \u00e0 la fois l\u00e9g\u00e8re et robuste, offre un excellent amorti et une grande souplesse, ce qui permet de la porter toute la journ\u00e9e sans faire de compromis sur le style. Contrairement aux lourdes chaussures de ville traditionnelles, nos <strong>chaussures classiques en cuir pour hommes<\/strong> offrent un m\u00e9lange rafra\u00eechissant de confort et d'\u00e9l\u00e9gance. L'int\u00e9rieur est doubl\u00e9 de cuir de ch\u00e8vre de premi\u00e8re qualit\u00e9, connu pour son incroyable douceur et sa respirabilit\u00e9. Cette doublure luxueuse \u00e9vacue l'humidit\u00e9, gardant vos pieds au sec et \u00e0 l'aise, une caract\u00e9ristique essentielle pour les longues journ\u00e9es au bureau ou les rencontres sociales prolong\u00e9es.<\/p>\n<h3>Un savoir-faire et une polyvalence in\u00e9gal\u00e9s<\/h3>\n<p>Chaque paire de ces <strong>chaussures classiques en cuir pour hommes<\/strong> t\u00e9moigne d'un savoir-faire artisanal sup\u00e9rieur. Des coutures pr\u00e9cises aux perforations brogue parfaitement ex\u00e9cut\u00e9es, chaque d\u00e9tail est soigneusement \u00e9tudi\u00e9 pour offrir une chaussure d'une qualit\u00e9 exceptionnelle. La teinte noire intemporelle assure une polyvalence maximale, vous permettant de les associer sans effort \u00e0 un costume sur mesure pour les r\u00e9unions d'affaires, \u00e0 un blazer \u00e9l\u00e9gant et \u00e0 un pantalon chino pour un d\u00eener en ville, ou m\u00eame \u00e0 un jean fonc\u00e9 pour un look d\u00e9contract\u00e9 et raffin\u00e9. Disponibles dans une gamme de tailles allant du 40 au 44 (EU), il est facile de trouver la taille id\u00e9ale.<\/p>\n<p>Investissez dans des chaussures qui allient esth\u00e9tique traditionnelle et confort contemporain. Nos <strong>Chaussures classiques en cuir pour hommes<\/strong> ne sont pas de simples chaussures, mais une exp\u00e9rience de style raffin\u00e9 et de confort durable. Ces chaussures sont con\u00e7ues pour durer et constituent une base fiable et \u00e9l\u00e9gante pour votre garde-robe pour les ann\u00e9es \u00e0 venir. Que vous fassiez une entr\u00e9e remarqu\u00e9e ou que vous profitiez simplement d'une soir\u00e9e tranquille, ces chaussures vous permettront de le faire avec assurance et gr\u00e2ce. Pour les entreprises qui souhaitent proposer des chaussures de qualit\u00e9 sup\u00e9rieure, des options de vente en gros sont disponibles avec une quantit\u00e9 minimale de commande de 16 paires, ce qui constitue une excellente occasion de stocker des chaussures habill\u00e9es de haute qualit\u00e9 et tr\u00e8s demand\u00e9es.<\/p>","protected":false},"excerpt":{"rendered":"<ul>\n<li>Tige en cuir de veau de premi\u00e8re qualit\u00e9 pour un style et une durabilit\u00e9 sup\u00e9rieurs<\/li>\n<li>La semelle EVA, qui am\u00e9liore le confort, offre un amorti l\u00e9ger.<\/li>\n<li>La doublure en cuir de ch\u00e8vre souple assure une bonne respirabilit\u00e9 et un toucher luxueux.<\/li>\n<li>Les \u00e9l\u00e9gants ornements de type brogue ajoutent une touche de sophistication classique.<\/li>\n<li>Disponible en tailles EU 40, 41, 42, 43, 44<\/li>\n<li>Les commandes en gros sont les bienvenues avec une quantit\u00e9 minimale de 16 paires.<\/li>\n<\/ul>","protected":false},"featured_media":6991,"template":"","meta":{"_acf_changed":false,"_uag_custom_page_level_css":"","site-sidebar-layout":"default","site-content-layout":"","ast-site-content-layout":"default","site-content-style":"default","site-sidebar-style":"default","ast-global-header-display":"","ast-banner-title-visibility":"","ast-main-header-display":"","ast-hfb-above-header-display":"","ast-hfb-below-header-display":"","ast-hfb-mobile-header-display":"","site-post-title":"","ast-breadcrumbs-content":"","ast-featured-img":"","footer-sml-layout":"","ast-disable-related-posts":"","theme-transparent-header-meta":"","adv-header-id-meta":"","stick-header-meta":"","header-above-stick-meta":"","header-main-stick-meta":"","header-below-stick-meta":"","astra-migrate-meta-layouts":"default","ast-page-background-enabled":"default","ast-page-background-meta":{"desktop":{"background-color":"var(--ast-global-color-4)","background-image":"","background-repeat":"repeat","background-position":"center center","background-size":"auto","background-attachment":"scroll","background-type":"","background-media":"","overlay-type":"","overlay-color":"","overlay-opacity":"","overlay-gradient":""},"tablet":{"background-color":"","background-image":"","background-repeat":"repeat","background-position":"center center","background-size":"auto","background-attachment":"scroll","background-type":"","background-media":"","overlay-type":"","overlay-color":"","overlay-opacity":"","overlay-gradient":""},"mobile":{"background-color":"","background-image":"","background-repeat":"repeat","background-position":"center center","background-size":"auto","background-attachment":"scroll","background-type":"","background-media":"","overlay-type":"","overlay-color":"","overlay-opacity":"","overlay-gradient":""}},"ast-content-background-meta":{"desktop":{"background-color":"var(--ast-global-color-5)","background-image":"","background-repeat":"repeat","background-position":"center center","background-size":"auto","background-attachment":"scroll","background-type":"","background-media":"","overlay-type":"","overlay-color":"","overlay-opacity":"","overlay-gradient":""},"tablet":{"background-color":"var(--ast-global-color-5)","background-image":"","background-repeat":"repeat","background-position":"center center","background-size":"auto","background-attachment":"scroll","background-type":"","background-media":"","overlay-type":"","overlay-color":"","overlay-opacity":"","overlay-gradient":""},"mobile":{"background-color":"var(--ast-global-color-5)","background-image":"","background-repeat":"repeat","background-position":"center center","background-size":"auto","background-attachment":"scroll","background-type":"","background-media":"","overlay-type":"","overlay-color":"","overlay-opacity":"","overlay-gradient":""}}},"product_brand":[],"product_cat":[47,430,1200],"product_tag":[295,405,185,1405,287,251,1249,286,280],"class_list":{"0":"post-8120","1":"product","2":"type-product","3":"status-publish","4":"has-post-thumbnail","6":"product_cat-classic","7":"product_cat-men","8":"product_cat-mens-shoes-2","9":"product_tag-black-dress-shoes","10":"product_tag-business-shoes","11":"product_tag-calf-leather-shoes","12":"product_tag-classic-brogue-shoes","13":"product_tag-eva-sole-shoes","14":"product_tag-formal-shoes","15":"product_tag-goat-lining","16":"product_tag-mens-leather-shoes","17":"product_tag-smart-casual-shoes","18":"desktop-align-center","19":"tablet-align-center","20":"mobile-align-center","22":"first","23":"instock","24":"shipping-taxable","25":"purchasable","26":"product-type-variable","27":"has-default-attributes"},"acf":[],"uagb_featured_image_src":{"full":["https:\/\/turkishtrade.co\/wp-content\/uploads\/2026\/01\/2600NZTMN00022-BLACK.png",453,250,false],"thumbnail":["https:\/\/turkishtrade.co\/wp-content\/uploads\/2026\/01\/2600NZTMN00022-BLACK-150x150.png",150,150,true],"medium":["https:\/\/turkishtrade.co\/wp-content\/uploads\/2026\/01\/2600NZTMN00022-BLACK-300x166.png",300,166,true],"medium_large":["https:\/\/turkishtrade.co\/wp-content\/uploads\/2026\/01\/2600NZTMN00022-BLACK.png",453,250,false],"large":["https:\/\/turkishtrade.co\/wp-content\/uploads\/2026\/01\/2600NZTMN00022-BLACK.png",453,250,false],"1536x1536":["https:\/\/turkishtrade.co\/wp-content\/uploads\/2026\/01\/2600NZTMN00022-BLACK.png",453,250,false],"2048x2048":["https:\/\/turkishtrade.co\/wp-content\/uploads\/2026\/01\/2600NZTMN00022-BLACK.png",453,250,false],"trp-custom-language-flag":["https:\/\/turkishtrade.co\/wp-content\/uploads\/2026\/01\/2600NZTMN00022-BLACK-18x10.png",18,10,true],"woocommerce_thumbnail":["https:\/\/turkishtrade.co\/wp-content\/uploads\/2026\/01\/2600NZTMN00022-BLACK-400x250.png",400,250,true],"woocommerce_single":["https:\/\/turkishtrade.co\/wp-content\/uploads\/2026\/01\/2600NZTMN00022-BLACK.png",453,250,false],"woocommerce_gallery_thumbnail":["https:\/\/turkishtrade.co\/wp-content\/uploads\/2026\/01\/2600NZTMN00022-BLACK-100x100.png",100,100,true]},"uagb_author_info":{"display_name":"python python","author_link":"https:\/\/turkishtrade.co\/fr\/author\/"},"uagb_comment_info":0,"uagb_excerpt":"Premium Calf Leather Upper for superior style and durability Comfort-enhancing EVA Sole provides lightweight cushioning Soft Goat Leather Lining ensures breathability and a luxurious feel Elegant Brogue Detailing adds a touch of classic sophistication Available in EU Sizes 40, 41, 42, 43, 44 Wholesale orders are welcome with a minimum quantity of 16 pairs","_links":{"self":[{"href":"https:\/\/turkishtrade.co\/fr\/wp-json\/wp\/v2\/product\/8120","targetHints":{"allow":["GET"]}}],"collection":[{"href":"https:\/\/turkishtrade.co\/fr\/wp-json\/wp\/v2\/product"}],"about":[{"href":"https:\/\/turkishtrade.co\/fr\/wp-json\/wp\/v2\/types\/product"}],"wp:featuredmedia":[{"embeddable":true,"href":"https:\/\/turkishtrade.co\/fr\/wp-json\/wp\/v2\/media\/6991"}],"wp:attachment":[{"href":"https:\/\/turkishtrade.co\/fr\/wp-json\/wp\/v2\/media?parent=8120"}],"wp:term":[{"taxonomy":"product_brand","embeddable":true,"href":"https:\/\/turkishtrade.co\/fr\/wp-json\/wp\/v2\/product_brand?post=8120"},{"taxonomy":"product_cat","embeddable":true,"href":"https:\/\/turkishtrade.co\/fr\/wp-json\/wp\/v2\/product_cat?post=8120"},{"taxonomy":"product_tag","embeddable":true,"href":"https:\/\/turkishtrade.co\/fr\/wp-json\/wp\/v2\/product_tag?post=8120"}],"curies":[{"name":"wp","href":"https:\/\/api.w.org\/{rel}","templated":true}]}}