{"id":8117,"date":"2026-01-29T14:47:41","date_gmt":"2026-01-29T14:47:41","guid":{"rendered":"https:\/\/turkishtrade.co\/?post_type=product&#038;p=8117"},"modified":"2026-04-09T20:35:36","modified_gmt":"2026-04-09T20:35:36","slug":"mens-brown-leather-tassel-loafers","status":"publish","type":"product","link":"https:\/\/turkishtrade.co\/fr\/shop\/mens-brown-leather-tassel-loafers\/","title":{"rendered":"Mocassins \u00e0 glands en cuir marron pour hommes imbattable | Mocassins \u00e0 glands en cuir marron classiques pour hommes"},"content":{"rendered":"<h3>Un pas vers la sophistication avec des mocassins \u00e0 glands en cuir marron pour hommes<\/h3>\n<p>Nous vous pr\u00e9sentons notre collection exquise de <strong>Mocassins \u00e0 glands en cuir marron pour hommes<\/strong>, Ces mocassins classiques sont le choix ultime en mati\u00e8re de chaussures pour le gentleman moderne. Con\u00e7us pour allier \u00e9l\u00e9gance intemporelle et confort in\u00e9gal\u00e9, ces mocassins classiques t\u00e9moignent d'un savoir-faire artisanal sup\u00e9rieur. Chaque paire est m\u00e9ticuleusement fabriqu\u00e9e pour assurer \u00e0 la fois la durabilit\u00e9 et une esth\u00e9tique raffin\u00e9e, ce qui en fait un compl\u00e9ment polyvalent \u00e0 toute garde-robe. Qu'il s'agisse d'une tenue d'affaires d\u00e9contract\u00e9e ou d'une soir\u00e9e sophistiqu\u00e9e, ces mocassins luxueux promettent d'\u00e9lever votre quotient stylistique sans effort.<\/p>\n<h3>Mat\u00e9riaux de premi\u00e8re qualit\u00e9 et confort in\u00e9gal\u00e9 \u00e0 chaque pas<\/h3>\n<p>D\u00e9couvrez la diff\u00e9rence que font les mat\u00e9riaux de qualit\u00e9 sup\u00e9rieure. Nos <strong>Mocassins \u00e0 glands en cuir marron pour hommes<\/strong> sont dot\u00e9es d'une tige en cuir de veau de haute qualit\u00e9, connue pour sa texture souple, son \u00e9clat naturel et sa r\u00e9sistance \u00e0 long terme. Ce cuir de qualit\u00e9 sup\u00e9rieure se moule merveilleusement \u00e0 votre pied au fil du temps, offrant un ajustement sur mesure. En compl\u00e9ment du riche cuir de veau, l'int\u00e9rieur est dot\u00e9 d'une somptueuse doublure en cuir de ch\u00e8vre. Cette doublure naturelle offre une respirabilit\u00e9 exceptionnelle et des propri\u00e9t\u00e9s d'\u00e9vacuation de l'humidit\u00e9, ce qui permet \u00e0 vos pieds de rester confortables et frais tout au long de la journ\u00e9e. Dites adieu \u00e0 l'inconfort et profitez de la sensation luxueuse du cuir v\u00e9ritable sur votre peau.<\/p>\n<p>Au-del\u00e0 de la tige et de la doublure exquises, ces mocassins sont con\u00e7us pour un confort de marche gr\u00e2ce \u00e0 une semelle EVA avanc\u00e9e. La semelle EVA (\u00e9thyl\u00e8ne-ac\u00e9tate de vinyle) est remarquablement l\u00e9g\u00e8re, flexible et offre une excellente absorption des chocs. Que vous naviguiez dans les rues de la ville ou que vous restiez debout pendant de longues p\u00e9riodes, la semelle EVA minimise la fatigue, offrant un pas \u00e9lastique et une traction fiable. Le design classique est rehauss\u00e9 par des glands de bon go\u00fbt et une finition bicolore harmonieuse, m\u00e9langeant le cuir marron poli et subtilement textur\u00e9 pour un look distingu\u00e9. Ces d\u00e9tails contribuent au charme distinctif de nos chaussures. <strong>Mocassins \u00e0 glands en cuir marron pour hommes<\/strong>, Ils se distinguent ainsi des chaussures ordinaires.<\/p>\n<h3>La polyvalence en toute occasion avec vos nouveaux mocassins \u00e0 glands<\/h3>\n<p>Ces mocassins classiques de couleur marron sont incroyablement polyvalents, ce qui en fait un article de base essentiel pour tout homme exigeant. Associez-les \u00e0 un costume cintr\u00e9 pour une allure professionnelle et soign\u00e9e, ou habillez-les d'un pantalon chino et d'un blazer pour une \u00e9l\u00e9gance chic et d\u00e9contract\u00e9e. La riche teinte brune ajoute de la chaleur et de la sophistication, s'associant facilement \u00e0 une large gamme de couleurs et de styles dans votre garde-robe. Disponibles en tailles europ\u00e9ennes 40-44, ces mocassins conviennent parfaitement \u00e0 une large client\u00e8le. Pour les d\u00e9taillants et les entreprises qui souhaitent proposer des chaussures de qualit\u00e9 sup\u00e9rieure, ces \u00e9l\u00e9gants mocassins \u00e0 glands sont disponibles \u00e0 l'achat en gros avec une commande minimum de 16 paires. Investissez dans la qualit\u00e9, le confort et le style intemporel avec nos mocassins exceptionnels. <strong>Mocassins \u00e0 glands en cuir marron pour hommes<\/strong>.<\/p>","protected":false},"excerpt":{"rendered":"<ul>\n<li>Dessus en cuir de veau de premi\u00e8re qualit\u00e9 pour un toucher luxueux<\/li>\n<li>La doublure en cuir de ch\u00e8vre souple et respirant assure un confort tout au long de la journ\u00e9e.<\/li>\n<li>Semelle EVA l\u00e9g\u00e8re et flexible pour une traction et une durabilit\u00e9 sup\u00e9rieures.<\/li>\n<li>Le motif \u00e9l\u00e9gant de la houppe ajoute une touche de sophistication classique.<\/li>\n<li>Disponible en tailles europ\u00e9ennes 40, 41, 42, 43, 44<\/li>\n<li>Les demandes de vente en gros sont les bienvenues : Quantit\u00e9 minimale de commande : 16 paires<\/li>\n<\/ul>","protected":false},"featured_media":6989,"template":"","meta":{"_acf_changed":false,"_uag_custom_page_level_css":"","site-sidebar-layout":"default","site-content-layout":"","ast-site-content-layout":"default","site-content-style":"default","site-sidebar-style":"default","ast-global-header-display":"","ast-banner-title-visibility":"","ast-main-header-display":"","ast-hfb-above-header-display":"","ast-hfb-below-header-display":"","ast-hfb-mobile-header-display":"","site-post-title":"","ast-breadcrumbs-content":"","ast-featured-img":"","footer-sml-layout":"","ast-disable-related-posts":"","theme-transparent-header-meta":"","adv-header-id-meta":"","stick-header-meta":"","header-above-stick-meta":"","header-main-stick-meta":"","header-below-stick-meta":"","astra-migrate-meta-layouts":"default","ast-page-background-enabled":"default","ast-page-background-meta":{"desktop":{"background-color":"var(--ast-global-color-4)","background-image":"","background-repeat":"repeat","background-position":"center center","background-size":"auto","background-attachment":"scroll","background-type":"","background-media":"","overlay-type":"","overlay-color":"","overlay-opacity":"","overlay-gradient":""},"tablet":{"background-color":"","background-image":"","background-repeat":"repeat","background-position":"center center","background-size":"auto","background-attachment":"scroll","background-type":"","background-media":"","overlay-type":"","overlay-color":"","overlay-opacity":"","overlay-gradient":""},"mobile":{"background-color":"","background-image":"","background-repeat":"repeat","background-position":"center center","background-size":"auto","background-attachment":"scroll","background-type":"","background-media":"","overlay-type":"","overlay-color":"","overlay-opacity":"","overlay-gradient":""}},"ast-content-background-meta":{"desktop":{"background-color":"var(--ast-global-color-5)","background-image":"","background-repeat":"repeat","background-position":"center center","background-size":"auto","background-attachment":"scroll","background-type":"","background-media":"","overlay-type":"","overlay-color":"","overlay-opacity":"","overlay-gradient":""},"tablet":{"background-color":"var(--ast-global-color-5)","background-image":"","background-repeat":"repeat","background-position":"center center","background-size":"auto","background-attachment":"scroll","background-type":"","background-media":"","overlay-type":"","overlay-color":"","overlay-opacity":"","overlay-gradient":""},"mobile":{"background-color":"var(--ast-global-color-5)","background-image":"","background-repeat":"repeat","background-position":"center center","background-size":"auto","background-attachment":"scroll","background-type":"","background-media":"","overlay-type":"","overlay-color":"","overlay-opacity":"","overlay-gradient":""}}},"product_brand":[],"product_cat":[47,430,1200],"product_tag":[147,185,754,220,737,287,189,1404,186,456],"class_list":{"0":"post-8117","1":"product","2":"type-product","3":"status-publish","4":"has-post-thumbnail","6":"product_cat-classic","7":"product_cat-men","8":"product_cat-mens-shoes-2","9":"product_tag-brown-loafers","10":"product_tag-calf-leather-shoes","11":"product_tag-classic-mens-shoes","12":"product_tag-comfortable-loafers","13":"product_tag-dress-loafers","14":"product_tag-eva-sole-shoes","15":"product_tag-goat-leather-lining","16":"product_tag-leather-tassel-loafers","17":"product_tag-mens-loafers","18":"product_tag-wholesale-loafers","19":"desktop-align-center","20":"tablet-align-center","21":"mobile-align-center","23":"first","24":"instock","25":"shipping-taxable","26":"purchasable","27":"product-type-variable","28":"has-default-attributes"},"acf":[],"uagb_featured_image_src":{"full":["https:\/\/turkishtrade.co\/wp-content\/uploads\/2026\/01\/2600NZTMN00019-BROWN.png",453,250,false],"thumbnail":["https:\/\/turkishtrade.co\/wp-content\/uploads\/2026\/01\/2600NZTMN00019-BROWN-150x150.png",150,150,true],"medium":["https:\/\/turkishtrade.co\/wp-content\/uploads\/2026\/01\/2600NZTMN00019-BROWN-300x166.png",300,166,true],"medium_large":["https:\/\/turkishtrade.co\/wp-content\/uploads\/2026\/01\/2600NZTMN00019-BROWN.png",453,250,false],"large":["https:\/\/turkishtrade.co\/wp-content\/uploads\/2026\/01\/2600NZTMN00019-BROWN.png",453,250,false],"1536x1536":["https:\/\/turkishtrade.co\/wp-content\/uploads\/2026\/01\/2600NZTMN00019-BROWN.png",453,250,false],"2048x2048":["https:\/\/turkishtrade.co\/wp-content\/uploads\/2026\/01\/2600NZTMN00019-BROWN.png",453,250,false],"trp-custom-language-flag":["https:\/\/turkishtrade.co\/wp-content\/uploads\/2026\/01\/2600NZTMN00019-BROWN-18x10.png",18,10,true],"woocommerce_thumbnail":["https:\/\/turkishtrade.co\/wp-content\/uploads\/2026\/01\/2600NZTMN00019-BROWN-400x250.png",400,250,true],"woocommerce_single":["https:\/\/turkishtrade.co\/wp-content\/uploads\/2026\/01\/2600NZTMN00019-BROWN.png",453,250,false],"woocommerce_gallery_thumbnail":["https:\/\/turkishtrade.co\/wp-content\/uploads\/2026\/01\/2600NZTMN00019-BROWN-100x100.png",100,100,true]},"uagb_author_info":{"display_name":"python python","author_link":"https:\/\/turkishtrade.co\/fr\/author\/"},"uagb_comment_info":0,"uagb_excerpt":"Premium calf leather upper for a luxurious feel Soft, breathable goat leather lining ensures all-day comfort Lightweight and flexible EVA sole for superior traction and durability Elegant tassel design adds a touch of classic sophistication Available in European sizes 40, 41, 42, 43, 44 Wholesale inquiries welcome: Minimum order quantity of 16 pairs","_links":{"self":[{"href":"https:\/\/turkishtrade.co\/fr\/wp-json\/wp\/v2\/product\/8117","targetHints":{"allow":["GET"]}}],"collection":[{"href":"https:\/\/turkishtrade.co\/fr\/wp-json\/wp\/v2\/product"}],"about":[{"href":"https:\/\/turkishtrade.co\/fr\/wp-json\/wp\/v2\/types\/product"}],"wp:featuredmedia":[{"embeddable":true,"href":"https:\/\/turkishtrade.co\/fr\/wp-json\/wp\/v2\/media\/6989"}],"wp:attachment":[{"href":"https:\/\/turkishtrade.co\/fr\/wp-json\/wp\/v2\/media?parent=8117"}],"wp:term":[{"taxonomy":"product_brand","embeddable":true,"href":"https:\/\/turkishtrade.co\/fr\/wp-json\/wp\/v2\/product_brand?post=8117"},{"taxonomy":"product_cat","embeddable":true,"href":"https:\/\/turkishtrade.co\/fr\/wp-json\/wp\/v2\/product_cat?post=8117"},{"taxonomy":"product_tag","embeddable":true,"href":"https:\/\/turkishtrade.co\/fr\/wp-json\/wp\/v2\/product_tag?post=8117"}],"curies":[{"name":"wp","href":"https:\/\/api.w.org\/{rel}","templated":true}]}}