{"id":8116,"date":"2026-01-29T14:47:41","date_gmt":"2026-01-29T14:47:41","guid":{"rendered":"https:\/\/turkishtrade.co\/?post_type=product&#038;p=8116"},"modified":"2026-04-09T20:35:38","modified_gmt":"2026-04-09T20:35:38","slug":"mens-classic-calf-leather-loafers-2","status":"publish","type":"product","link":"https:\/\/turkishtrade.co\/fr\/shop\/mens-classic-calf-leather-loafers-2\/","title":{"rendered":"Mocassins classiques en cuir de veau pour hommes Luxury | Classic Tan Calf Leather Men's"},"content":{"rendered":"<p><strong>Mocassins classiques en cuir de veau pour hommes<\/strong>. Qualit\u00e9 et design de luxe.<\/p>\n<p>Entrez dans une sophistication et un confort in\u00e9gal\u00e9s gr\u00e2ce \u00e0 nos magnifiques chambres d'h\u00f4tes. <b>Mocassins classiques en cuir de veau pour hommes<\/b>. Con\u00e7us pour le gentleman moderne qui appr\u00e9cie un style intemporel et un savoir-faire de qualit\u00e9 sup\u00e9rieure, ces mocassins tan sont un compl\u00e9ment indispensable \u00e0 toute garde-robe exigeante. Fabriqu\u00e9s \u00e0 partir du cuir de veau le plus fin, ils offrent un toucher luxueux et un aspect qui ne fait que s'am\u00e9liorer avec l'\u00e2ge, vous assurant de faire une d\u00e9claration o\u00f9 que vous alliez. Ces mocassins allient harmonieusement l'\u00e9l\u00e9gance traditionnelle et le confort contemporain, ce qui les rend parfaits pour toutes sortes d'occasions.<\/p>\n<h3>Un confort in\u00e9gal\u00e9 et des mat\u00e9riaux de premi\u00e8re qualit\u00e9<\/h3>\n<p>Profitez d'un confort tout au long de la journ\u00e9e gr\u00e2ce \u00e0 la construction m\u00e9ticuleuse de ces chaussures. <b>Mocassins classiques en cuir de veau pour hommes<\/b>. La tige est fabriqu\u00e9e en cuir de veau souple de qualit\u00e9 sup\u00e9rieure, connu pour sa durabilit\u00e9 exceptionnelle, sa texture \u00e9l\u00e9gante et sa riche patine qui se d\u00e9veloppe au fil du temps. \u00c0 l'int\u00e9rieur, vos pieds sont berc\u00e9s par une doublure en cuir de ch\u00e8vre souple et respirant, qui \u00e9vacue naturellement l'humidit\u00e9 et procure une sensation de luxe et de peluche. Cette combinaison judicieuse de mat\u00e9riaux de qualit\u00e9 sup\u00e9rieure garantit un ajustement confortable, semblable \u00e0 un gant, d\u00e8s le premier port, ce qui les rend id\u00e9ales pour les longues journ\u00e9es pass\u00e9es debout ou les engagements sociaux prolong\u00e9s o\u00f9 le confort est primordial sans sacrifier le style.<\/p>\n<h3>Conception l\u00e9g\u00e8re et durabilit\u00e9 exceptionnelle<\/h3>\n<p>Ces remarquables mocassins reposent sur une semelle EVA innovante. Contrairement aux semelles lourdes traditionnelles, le mat\u00e9riau EVA offre une l\u00e9g\u00e8ret\u00e9 et une flexibilit\u00e9 exceptionnelles, permettant un mouvement naturel et r\u00e9duisant consid\u00e9rablement la fatigue du pied. Malgr\u00e9 sa l\u00e9g\u00e8ret\u00e9, la semelle EVA est tr\u00e8s r\u00e9sistante et offre une excellente absorption des chocs, garantissant une foul\u00e9e confortable sur diverses surfaces. Le motif antid\u00e9rapant subtil de la semelle offre une adh\u00e9rence fiable, alliant la s\u00e9curit\u00e9 \u00e0 un design \u00e9l\u00e9gant et discret. Que vous naviguiez dans les rues anim\u00e9es de la ville, que vous vous rendiez au bureau ou que vous vous d\u00e9tendiez simplement le week-end, ces mocassins offrent le m\u00e9lange parfait de soutien, de durabilit\u00e9 et de libert\u00e9 pour un style sans effort.<\/p>\n<h3>Un style polyvalent pour toutes les occasions<\/h3>\n<p>Notre <b>Mocassins classiques en cuir de veau pour hommes<\/b> incarnent une v\u00e9ritable polyvalence. Leur teinte fauve intemporelle et leur silhouette embl\u00e9matique de penny loafer les destinent \u00e0 un large \u00e9ventail d'occasions, passant sans effort d'un cadre formel \u00e0 un cadre d\u00e9contract\u00e9. Associez-les \u00e0 un pantalon de tailleur et \u00e0 une chemise impeccable pour un look business-casual raffin\u00e9, compl\u00e9tez-les avec un costume \u00e9l\u00e9gant pour un ensemble moins formel mais raffin\u00e9, ou habillez-les avec un pantalon chino et un polo pour une tenue de week-end \u00e9l\u00e9gante. Ces chaussures \u00e0 enfiler ne sont pas de simples chaussures ; elles constituent un investissement dans un style durable et un savoir-faire de qualit\u00e9. Disponibles dans les tailles EU 40-44, elles sont m\u00e9ticuleusement con\u00e7ues pour s'adapter parfaitement et compl\u00e9ter votre sens de la mode. Am\u00e9liorez votre collection de chaussures avec une paire qui r\u00e9siste \u00e0 l'\u00e9preuve du temps et offre une \u00e9l\u00e9gance sartoriale in\u00e9gal\u00e9e.<\/p>","protected":false},"excerpt":{"rendered":"<ul>\n<li>Mati\u00e8re sup\u00e9rieure : Cuir de veau de premi\u00e8re qualit\u00e9<\/li>\n<li>Doublure : Cuir de ch\u00e8vre souple pour un confort ultime et une bonne respirabilit\u00e9<\/li>\n<li>Semelle : EVA l\u00e9ger et flexible pour une utilisation tout au long de la journ\u00e9e<\/li>\n<li>Mocassins classiques pour un attrait intemporel<\/li>\n<li>Disponible dans les tailles EU 40, 41, 42, 43, 44<\/li>\n<li>Les demandes en gros sont les bienvenues (commande minimale : 16 paires).<\/li>\n<\/ul>","protected":false},"featured_media":7007,"template":"","meta":{"_acf_changed":false,"_uag_custom_page_level_css":"","site-sidebar-layout":"default","site-content-layout":"","ast-site-content-layout":"default","site-content-style":"default","site-sidebar-style":"default","ast-global-header-display":"","ast-banner-title-visibility":"","ast-main-header-display":"","ast-hfb-above-header-display":"","ast-hfb-below-header-display":"","ast-hfb-mobile-header-display":"","site-post-title":"","ast-breadcrumbs-content":"","ast-featured-img":"","footer-sml-layout":"","ast-disable-related-posts":"","theme-transparent-header-meta":"","adv-header-id-meta":"","stick-header-meta":"","header-above-stick-meta":"","header-main-stick-meta":"","header-below-stick-meta":"","astra-migrate-meta-layouts":"default","ast-page-background-enabled":"default","ast-page-background-meta":{"desktop":{"background-color":"var(--ast-global-color-4)","background-image":"","background-repeat":"repeat","background-position":"center center","background-size":"auto","background-attachment":"scroll","background-type":"","background-media":"","overlay-type":"","overlay-color":"","overlay-opacity":"","overlay-gradient":""},"tablet":{"background-color":"","background-image":"","background-repeat":"repeat","background-position":"center center","background-size":"auto","background-attachment":"scroll","background-type":"","background-media":"","overlay-type":"","overlay-color":"","overlay-opacity":"","overlay-gradient":""},"mobile":{"background-color":"","background-image":"","background-repeat":"repeat","background-position":"center center","background-size":"auto","background-attachment":"scroll","background-type":"","background-media":"","overlay-type":"","overlay-color":"","overlay-opacity":"","overlay-gradient":""}},"ast-content-background-meta":{"desktop":{"background-color":"var(--ast-global-color-5)","background-image":"","background-repeat":"repeat","background-position":"center center","background-size":"auto","background-attachment":"scroll","background-type":"","background-media":"","overlay-type":"","overlay-color":"","overlay-opacity":"","overlay-gradient":""},"tablet":{"background-color":"var(--ast-global-color-5)","background-image":"","background-repeat":"repeat","background-position":"center center","background-size":"auto","background-attachment":"scroll","background-type":"","background-media":"","overlay-type":"","overlay-color":"","overlay-opacity":"","overlay-gradient":""},"mobile":{"background-color":"var(--ast-global-color-5)","background-image":"","background-repeat":"repeat","background-position":"center center","background-size":"auto","background-attachment":"scroll","background-type":"","background-media":"","overlay-type":"","overlay-color":"","overlay-opacity":"","overlay-gradient":""}}},"product_brand":[],"product_cat":[48,47,430,1200],"product_tag":[185,457,220,287,189,746,324,186,279,1311],"class_list":{"0":"post-8116","1":"product","2":"type-product","3":"status-publish","4":"has-post-thumbnail","6":"product_cat-casual","7":"product_cat-classic","8":"product_cat-men","9":"product_cat-mens-shoes-2","10":"product_tag-calf-leather-shoes","11":"product_tag-classic-loafers","12":"product_tag-comfortable-loafers","13":"product_tag-eva-sole-shoes","14":"product_tag-goat-leather-lining","15":"product_tag-leather-slip-ons","16":"product_tag-mens-dress-shoes","17":"product_tag-mens-loafers","18":"product_tag-penny-loafers","19":"product_tag-tan-leather-loafers","20":"desktop-align-center","21":"tablet-align-center","22":"mobile-align-center","24":"first","25":"instock","26":"shipping-taxable","27":"purchasable","28":"product-type-variable","29":"has-default-attributes"},"acf":[],"uagb_featured_image_src":{"full":["https:\/\/turkishtrade.co\/wp-content\/uploads\/2026\/01\/2600NZTMN00018-BEIGE.png",453,250,false],"thumbnail":["https:\/\/turkishtrade.co\/wp-content\/uploads\/2026\/01\/2600NZTMN00018-BEIGE-150x150.png",150,150,true],"medium":["https:\/\/turkishtrade.co\/wp-content\/uploads\/2026\/01\/2600NZTMN00018-BEIGE-300x166.png",300,166,true],"medium_large":["https:\/\/turkishtrade.co\/wp-content\/uploads\/2026\/01\/2600NZTMN00018-BEIGE.png",453,250,false],"large":["https:\/\/turkishtrade.co\/wp-content\/uploads\/2026\/01\/2600NZTMN00018-BEIGE.png",453,250,false],"1536x1536":["https:\/\/turkishtrade.co\/wp-content\/uploads\/2026\/01\/2600NZTMN00018-BEIGE.png",453,250,false],"2048x2048":["https:\/\/turkishtrade.co\/wp-content\/uploads\/2026\/01\/2600NZTMN00018-BEIGE.png",453,250,false],"trp-custom-language-flag":["https:\/\/turkishtrade.co\/wp-content\/uploads\/2026\/01\/2600NZTMN00018-BEIGE-18x10.png",18,10,true],"woocommerce_thumbnail":["https:\/\/turkishtrade.co\/wp-content\/uploads\/2026\/01\/2600NZTMN00018-BEIGE-400x250.png",400,250,true],"woocommerce_single":["https:\/\/turkishtrade.co\/wp-content\/uploads\/2026\/01\/2600NZTMN00018-BEIGE.png",453,250,false],"woocommerce_gallery_thumbnail":["https:\/\/turkishtrade.co\/wp-content\/uploads\/2026\/01\/2600NZTMN00018-BEIGE-100x100.png",100,100,true]},"uagb_author_info":{"display_name":"python python","author_link":"https:\/\/turkishtrade.co\/fr\/author\/"},"uagb_comment_info":0,"uagb_excerpt":"Upper Material: Premium Calf Leather Lining: Soft Goat Leather for ultimate comfort and breathability Sole: Lightweight and Flexible EVA for all-day wear Classic penny loafer design for timeless appeal Available in EU sizes 40, 41, 42, 43, 44 Wholesale inquiries welcome (Minimum Order: 16 Pairs)","_links":{"self":[{"href":"https:\/\/turkishtrade.co\/fr\/wp-json\/wp\/v2\/product\/8116","targetHints":{"allow":["GET"]}}],"collection":[{"href":"https:\/\/turkishtrade.co\/fr\/wp-json\/wp\/v2\/product"}],"about":[{"href":"https:\/\/turkishtrade.co\/fr\/wp-json\/wp\/v2\/types\/product"}],"wp:featuredmedia":[{"embeddable":true,"href":"https:\/\/turkishtrade.co\/fr\/wp-json\/wp\/v2\/media\/7007"}],"wp:attachment":[{"href":"https:\/\/turkishtrade.co\/fr\/wp-json\/wp\/v2\/media?parent=8116"}],"wp:term":[{"taxonomy":"product_brand","embeddable":true,"href":"https:\/\/turkishtrade.co\/fr\/wp-json\/wp\/v2\/product_brand?post=8116"},{"taxonomy":"product_cat","embeddable":true,"href":"https:\/\/turkishtrade.co\/fr\/wp-json\/wp\/v2\/product_cat?post=8116"},{"taxonomy":"product_tag","embeddable":true,"href":"https:\/\/turkishtrade.co\/fr\/wp-json\/wp\/v2\/product_tag?post=8116"}],"curies":[{"name":"wp","href":"https:\/\/api.w.org\/{rel}","templated":true}]}}