{"id":8115,"date":"2026-01-29T14:47:41","date_gmt":"2026-01-29T14:47:41","guid":{"rendered":"https:\/\/turkishtrade.co\/?post_type=product&#038;p=8115"},"modified":"2026-04-09T20:35:48","modified_gmt":"2026-04-09T20:35:48","slug":"mens-classic-brown-leather-shoes-2","status":"publish","type":"product","link":"https:\/\/turkishtrade.co\/fr\/shop\/mens-classic-brown-leather-shoes-2\/","title":{"rendered":"Chaussures classiques en cuir marron pour hommes Authentic | Derby classique en cuir marron pour hommes"},"content":{"rendered":"<p>Entrez dans l'\u00e9l\u00e9gance intemporelle avec notre exquise <strong>Chaussures classiques en cuir marron pour hommes<\/strong>. M\u00e9ticuleusement fabriqu\u00e9es pour offrir \u00e0 la fois sophistication et confort in\u00e9gal\u00e9, ces chaussures sont un compl\u00e9ment indispensable \u00e0 la garde-robe de tout gentleman exigeant. Con\u00e7ues pour l'homme moderne qui accorde de l'importance \u00e0 la qualit\u00e9 et au style, ces chaussures sont un compl\u00e9ment indispensable \u00e0 la garde-robe d'un homme exigeant. <strong>chaussures classiques en cuir marron pour hommes<\/strong> passent sans transition de la salle de conf\u00e9rence aux soir\u00e9es, vous permettant de faire une impression distingu\u00e9e.<\/p>\n<h3>Un confort et une qualit\u00e9 in\u00e9gal\u00e9s<\/h3>\n<p>Faites l'exp\u00e9rience de la qualit\u00e9 de fabrication sup\u00e9rieure de ces <strong>chaussures classiques en cuir marron pour hommes<\/strong>. La tige est fabriqu\u00e9e en cuir de veau de qualit\u00e9 sup\u00e9rieure, r\u00e9put\u00e9 pour sa durabilit\u00e9, sa texture lisse et sa finition \u00e9l\u00e9gante. \u00c0 l'int\u00e9rieur, vos pieds seront berc\u00e9s par une luxueuse doublure en cuir de ch\u00e8vre, qui offre une respirabilit\u00e9 exceptionnelle et une sensation de douceur et de confort sur la peau. Contrairement aux alternatives synth\u00e9tiques, notre doublure en cuir de ch\u00e8vre s'adapte \u00e0 votre pied au fil du temps, cr\u00e9ant ainsi un ajustement personnalis\u00e9. La base de ces chaussures exceptionnelles est le cuir de ch\u00e8vre. <strong>chaussures classiques en cuir marron pour hommes<\/strong> est une semelle EVA \u00e0 la fois l\u00e9g\u00e8re et robuste. Ce mat\u00e9riau de pointe offre une excellente flexibilit\u00e9 et une absorption sup\u00e9rieure des chocs, rendant chaque pas sans effort et confortable, m\u00eame en cas de port prolong\u00e9.<\/p>\n<h3>Un style polyvalent pour toutes les occasions<\/h3>\n<p>Notre <strong>Chaussures classiques en cuir marron pour hommes<\/strong> pr\u00e9sentent un design Derby intemporel, caract\u00e9ris\u00e9 par son syst\u00e8me de la\u00e7age ouvert, qui offre une esth\u00e9tique polyvalente s'adaptant \u00e0 un large \u00e9ventail de tenues. La riche teinte marron ajoute une touche de chaleur et de sophistication, ce qui rend ces chaussures incroyablement adaptables. Associez-les \u00e0 un costume d'affaires \u00e9l\u00e9gant pour un look professionnel, ou habillez-les d'un pantalon chino et d'un blazer \u00e9l\u00e9gant pour un ensemble chic-d\u00e9contract\u00e9 raffin\u00e9. Ces chaussures <strong>chaussures classiques en cuir marron pour hommes<\/strong> sont parfaites pour les r\u00e9unions d'affaires, les mariages, les rassemblements formels ou tout simplement pour rehausser votre style de tous les jours. Leur attrait classique leur permet de rester un \u00e9l\u00e9ment essentiel de votre collection pour les ann\u00e9es \u00e0 venir.<\/p>\n<h3>Opportunit\u00e9s pour le commerce de gros<\/h3>\n<p>Pour les d\u00e9taillants et les entreprises \u00e0 la recherche de chaussures de haute qualit\u00e9, nos <strong>Chaussures classiques en cuir marron pour hommes<\/strong> sont disponibles \u00e0 l'achat en gros. Nous offrons des conditions int\u00e9ressantes avec une quantit\u00e9 minimale de commande de 16 paires, ce qui facilite le stockage de ces chaussures populaires et \u00e9l\u00e9gantes. Fabriqu\u00e9es avec un engagement in\u00e9branlable pour la qualit\u00e9 et le design classique, ces chaussures repr\u00e9sentent un excellent rapport qualit\u00e9-prix et plairont \u00e0 une large client\u00e8le. Augmentez votre stock avec ces chaussures au design impeccable. <strong>chaussures classiques en cuir marron pour hommes<\/strong> et offrez \u00e0 vos clients des chaussures qui allient luxe, confort et style durable. Contactez-nous d\u00e8s aujourd'hui pour discuter de vos besoins en mati\u00e8re de vente en gros de ces chaussures exceptionnelles. <strong>chaussures classiques en cuir marron pour hommes<\/strong>.<\/p>","protected":false},"excerpt":{"rendered":"<ul>\n<li>Tige en cuir de veau de premi\u00e8re qualit\u00e9 pour un aspect et un toucher luxueux.<\/li>\n<li>La doublure en cuir de ch\u00e8vre souple et respirant assure un confort tout au long de la journ\u00e9e.<\/li>\n<li>Semelle l\u00e9g\u00e8re et flexible en EVA pour une meilleure absorption des chocs.<\/li>\n<li>Mod\u00e8le Derby classique, polyvalent pour les tenues formelles et d\u00e9contract\u00e9es.<\/li>\n<li>Disponible en tailles 40, 41, 42, 43, 44.<\/li>\n<li>Les commandes en gros sont les bienvenues, avec une quantit\u00e9 minimale de 16 paires.<\/li>\n<\/ul>","protected":false},"featured_media":7006,"template":"","meta":{"_acf_changed":false,"_uag_custom_page_level_css":"","site-sidebar-layout":"default","site-content-layout":"","ast-site-content-layout":"default","site-content-style":"default","site-sidebar-style":"default","ast-global-header-display":"","ast-banner-title-visibility":"","ast-main-header-display":"","ast-hfb-above-header-display":"","ast-hfb-below-header-display":"","ast-hfb-mobile-header-display":"","site-post-title":"","ast-breadcrumbs-content":"","ast-featured-img":"","footer-sml-layout":"","ast-disable-related-posts":"","theme-transparent-header-meta":"","adv-header-id-meta":"","stick-header-meta":"","header-above-stick-meta":"","header-main-stick-meta":"","header-below-stick-meta":"","astra-migrate-meta-layouts":"default","ast-page-background-enabled":"default","ast-page-background-meta":{"desktop":{"background-color":"var(--ast-global-color-4)","background-image":"","background-repeat":"repeat","background-position":"center center","background-size":"auto","background-attachment":"scroll","background-type":"","background-media":"","overlay-type":"","overlay-color":"","overlay-opacity":"","overlay-gradient":""},"tablet":{"background-color":"","background-image":"","background-repeat":"repeat","background-position":"center center","background-size":"auto","background-attachment":"scroll","background-type":"","background-media":"","overlay-type":"","overlay-color":"","overlay-opacity":"","overlay-gradient":""},"mobile":{"background-color":"","background-image":"","background-repeat":"repeat","background-position":"center center","background-size":"auto","background-attachment":"scroll","background-type":"","background-media":"","overlay-type":"","overlay-color":"","overlay-opacity":"","overlay-gradient":""}},"ast-content-background-meta":{"desktop":{"background-color":"var(--ast-global-color-5)","background-image":"","background-repeat":"repeat","background-position":"center center","background-size":"auto","background-attachment":"scroll","background-type":"","background-media":"","overlay-type":"","overlay-color":"","overlay-opacity":"","overlay-gradient":""},"tablet":{"background-color":"var(--ast-global-color-5)","background-image":"","background-repeat":"repeat","background-position":"center center","background-size":"auto","background-attachment":"scroll","background-type":"","background-media":"","overlay-type":"","overlay-color":"","overlay-opacity":"","overlay-gradient":""},"mobile":{"background-color":"var(--ast-global-color-5)","background-image":"","background-repeat":"repeat","background-position":"center center","background-size":"auto","background-attachment":"scroll","background-type":"","background-media":"","overlay-type":"","overlay-color":"","overlay-opacity":"","overlay-gradient":""}}},"product_brand":[],"product_cat":[47,430,1200],"product_tag":[292,185,754,319,287,201,189,1365,324,281],"class_list":{"0":"post-8115","1":"product","2":"type-product","3":"status-publish","4":"has-post-thumbnail","6":"product_cat-classic","7":"product_cat-men","8":"product_cat-mens-shoes-2","9":"product_tag-brown-leather-shoes","10":"product_tag-calf-leather-shoes","11":"product_tag-classic-mens-shoes","12":"product_tag-comfortable-leather-shoes","13":"product_tag-eva-sole-shoes","14":"product_tag-formal-footwear","15":"product_tag-goat-leather-lining","16":"product_tag-mens-classic-brown-leather-shoes","17":"product_tag-mens-dress-shoes","18":"product_tag-wholesale-shoes","19":"desktop-align-center","20":"tablet-align-center","21":"mobile-align-center","23":"first","24":"instock","25":"shipping-taxable","26":"purchasable","27":"product-type-variable","28":"has-default-attributes"},"acf":[],"uagb_featured_image_src":{"full":["https:\/\/turkishtrade.co\/wp-content\/uploads\/2026\/01\/2600NZTMN00017-BROWN.png",453,250,false],"thumbnail":["https:\/\/turkishtrade.co\/wp-content\/uploads\/2026\/01\/2600NZTMN00017-BROWN-150x150.png",150,150,true],"medium":["https:\/\/turkishtrade.co\/wp-content\/uploads\/2026\/01\/2600NZTMN00017-BROWN-300x166.png",300,166,true],"medium_large":["https:\/\/turkishtrade.co\/wp-content\/uploads\/2026\/01\/2600NZTMN00017-BROWN.png",453,250,false],"large":["https:\/\/turkishtrade.co\/wp-content\/uploads\/2026\/01\/2600NZTMN00017-BROWN.png",453,250,false],"1536x1536":["https:\/\/turkishtrade.co\/wp-content\/uploads\/2026\/01\/2600NZTMN00017-BROWN.png",453,250,false],"2048x2048":["https:\/\/turkishtrade.co\/wp-content\/uploads\/2026\/01\/2600NZTMN00017-BROWN.png",453,250,false],"trp-custom-language-flag":["https:\/\/turkishtrade.co\/wp-content\/uploads\/2026\/01\/2600NZTMN00017-BROWN-18x10.png",18,10,true],"woocommerce_thumbnail":["https:\/\/turkishtrade.co\/wp-content\/uploads\/2026\/01\/2600NZTMN00017-BROWN-400x250.png",400,250,true],"woocommerce_single":["https:\/\/turkishtrade.co\/wp-content\/uploads\/2026\/01\/2600NZTMN00017-BROWN.png",453,250,false],"woocommerce_gallery_thumbnail":["https:\/\/turkishtrade.co\/wp-content\/uploads\/2026\/01\/2600NZTMN00017-BROWN-100x100.png",100,100,true]},"uagb_author_info":{"display_name":"python python","author_link":"https:\/\/turkishtrade.co\/fr\/author\/"},"uagb_comment_info":0,"uagb_excerpt":"Premium calf leather upper for a luxurious look and feel. Soft and breathable goat leather lining ensures all-day comfort. Lightweight and flexible EVA sole provides superior shock absorption. Classic Derby design, versatile for both formal and smart-casual attire. Available in sizes 40, 41, 42, 43, 44. Wholesale orders are welcome, with a minimum order quantity\u2026","_links":{"self":[{"href":"https:\/\/turkishtrade.co\/fr\/wp-json\/wp\/v2\/product\/8115","targetHints":{"allow":["GET"]}}],"collection":[{"href":"https:\/\/turkishtrade.co\/fr\/wp-json\/wp\/v2\/product"}],"about":[{"href":"https:\/\/turkishtrade.co\/fr\/wp-json\/wp\/v2\/types\/product"}],"wp:featuredmedia":[{"embeddable":true,"href":"https:\/\/turkishtrade.co\/fr\/wp-json\/wp\/v2\/media\/7006"}],"wp:attachment":[{"href":"https:\/\/turkishtrade.co\/fr\/wp-json\/wp\/v2\/media?parent=8115"}],"wp:term":[{"taxonomy":"product_brand","embeddable":true,"href":"https:\/\/turkishtrade.co\/fr\/wp-json\/wp\/v2\/product_brand?post=8115"},{"taxonomy":"product_cat","embeddable":true,"href":"https:\/\/turkishtrade.co\/fr\/wp-json\/wp\/v2\/product_cat?post=8115"},{"taxonomy":"product_tag","embeddable":true,"href":"https:\/\/turkishtrade.co\/fr\/wp-json\/wp\/v2\/product_tag?post=8115"}],"curies":[{"name":"wp","href":"https:\/\/api.w.org\/{rel}","templated":true}]}}