{"id":8114,"date":"2026-01-29T14:47:41","date_gmt":"2026-01-29T14:47:41","guid":{"rendered":"https:\/\/turkishtrade.co\/?post_type=product&#038;p=8114"},"modified":"2026-04-09T20:35:50","modified_gmt":"2026-04-09T20:35:50","slug":"mens-black-leather-tassel-loafers","status":"publish","type":"product","link":"https:\/\/turkishtrade.co\/fr\/shop\/mens-black-leather-tassel-loafers\/","title":{"rendered":"Mocassins \u00e0 glands en cuir noir pour hommes Authentic | Classic"},"content":{"rendered":"<p><strong>Mocassins \u00e0 glands en cuir noir pour hommes<\/strong>. Qualit\u00e9 et design authentiques.<\/p>\n<p>Entrez dans l'\u00e9l\u00e9gance intemporelle et le confort in\u00e9gal\u00e9 de notre exquise collection d'objets d'art. <strong>Mocassins \u00e0 glands en cuir noir pour hommes<\/strong>. Con\u00e7ues pour le gentleman exigeant, ces chaussures classiques \u00e0 enfiler allient harmonieusement un style sophistiqu\u00e9 \u00e0 un savoir-faire in\u00e9gal\u00e9. Chaque paire est m\u00e9ticuleusement fabriqu\u00e9e \u00e0 la main \u00e0 partir de cuir de veau de premi\u00e8re qualit\u00e9, r\u00e9put\u00e9 pour sa texture souple, son \u00e9clat naturel et sa durabilit\u00e9 exceptionnelle. La teinte noire riche et profonde offre une incroyable polyvalence, faisant de ces mocassins un choix parfait pour toute une s\u00e9rie d'occasions, des r\u00e9unions d'affaires d\u00e9cisives aux rencontres d\u00e9contract\u00e9es et raffin\u00e9es.<\/p>\n<h3>Un confort in\u00e9gal\u00e9 et une qualit\u00e9 de fabrication sup\u00e9rieure<\/h3>\n<p>Faites l'exp\u00e9rience du luxe \u00e0 chaque pas, gr\u00e2ce \u00e0 la construction r\u00e9fl\u00e9chie et d\u00e9taill\u00e9e de ces \u00e9l\u00e9gants mocassins. L'int\u00e9rieur est somptueusement doubl\u00e9 de cuir de ch\u00e8vre souple, cr\u00e9ant un environnement respirant et moelleux qui berce vos pieds, r\u00e9duit les frottements et am\u00e9liore la portabilit\u00e9 g\u00e9n\u00e9rale. La semelle en EVA, \u00e0 la fois l\u00e9g\u00e8re et robuste, offre un amorti et une flexibilit\u00e9 exceptionnels, tout en absorbant efficacement les chocs et en assurant une traction fiable sur diverses surfaces. Cette combinaison m\u00e9ticuleuse de mat\u00e9riaux de haute qualit\u00e9 garantit que vos pieds restent confortables et soutenus tout au long de la journ\u00e9e. <strong>Mocassins \u00e0 glands en cuir noir pour hommes<\/strong> comme un ajout pr\u00e9cieux et durable \u00e0 votre collection de chaussures.<\/p>\n<h3>Un style unique et un attrait polyvalent<\/h3>\n<p>Le design de ces mocassins en cuir noir repr\u00e9sente une fusion harmonieuse entre le charme traditionnel et les d\u00e9tails contemporains. L'empeigne perfor\u00e9e ajoute une touche de sophistication moderne et d'int\u00e9r\u00eat visuel, tandis que les deux glands classiques conf\u00e8rent \u00e0 ces mocassins une esth\u00e9tique raffin\u00e9e et \u00e9l\u00e9gante. La silhouette profil\u00e9e assure un profil \u00e9l\u00e9gant et poli, compl\u00e9tant sans effort les costumes sur mesure, les pantalons sophistiqu\u00e9s ou m\u00eame les chinos habill\u00e9s. Ces mod\u00e8les <strong>Mocassins \u00e0 glands en cuir noir pour hommes<\/strong> sont plus que de simples chaussures ; elles sont l'expression d'un go\u00fbt impeccable et un \u00e9l\u00e9ment essentiel pour tout homme cherchant \u00e0 rehausser son style avec des chaussures classiques.<\/p>\n<h3>Id\u00e9al pour toutes les occasions et les possibilit\u00e9s de vente en gros<\/h3>\n<p>Que vous vous pr\u00e9pariez \u00e0 un \u00e9v\u00e9nement formel, \u00e0 une soir\u00e9e tranquille ou que vous ayez besoin de chaussures fiables et \u00e9l\u00e9gantes pour le travail quotidien, ces mocassins sont votre compagnon id\u00e9al. Disponibles dans une gamme pratique de tailles europ\u00e9ennes (40, 41, 42, 43, 44), nous r\u00e9pondons \u00e0 des besoins vari\u00e9s. Pour les entreprises qui souhaitent proposer des chaussures haut de gamme, ces mocassins \u00e0 glands en cuir noir sont disponibles \u00e0 l'achat en gros avec une commande minimum de 16 paires, ce qui repr\u00e9sente une excellente opportunit\u00e9 de stocker des chaussures de haute qualit\u00e9, tr\u00e8s demand\u00e9es, qui impressionneront votre client\u00e8le et am\u00e9lioreront votre offre de produits.<\/p>","protected":false},"excerpt":{"rendered":"<ul>\n<li>Dessus en cuir de veau de premi\u00e8re qualit\u00e9 pour un toucher luxueux et un look sophistiqu\u00e9<\/li>\n<li>La doublure en cuir de ch\u00e8vre souple et respirant assure un confort exceptionnel tout au long de la journ\u00e9e.<\/li>\n<li>Semelle EVA l\u00e9g\u00e8re et flexible offrant un amorti et une adh\u00e9rence sup\u00e9rieurs.<\/li>\n<li>Empeigne perfor\u00e9e \u00e9l\u00e9gante avec d\u00e9tails de pompons distingu\u00e9s<\/li>\n<li>Disponible dans les tailles europ\u00e9ennes polyvalentes 40, 41, 42, 43 et 44<\/li>\n<li>Disponibilit\u00e9 en gros avec une commande minimum de 16 paires<\/li>\n<\/ul>","protected":false},"featured_media":7005,"template":"","meta":{"_acf_changed":false,"_uag_custom_page_level_css":"","site-sidebar-layout":"default","site-content-layout":"","ast-site-content-layout":"default","site-content-style":"default","site-sidebar-style":"default","ast-global-header-display":"","ast-banner-title-visibility":"","ast-main-header-display":"","ast-hfb-above-header-display":"","ast-hfb-below-header-display":"","ast-hfb-mobile-header-display":"","site-post-title":"","ast-breadcrumbs-content":"","ast-featured-img":"","footer-sml-layout":"","ast-disable-related-posts":"","theme-transparent-header-meta":"","adv-header-id-meta":"","stick-header-meta":"","header-above-stick-meta":"","header-main-stick-meta":"","header-below-stick-meta":"","astra-migrate-meta-layouts":"default","ast-page-background-enabled":"default","ast-page-background-meta":{"desktop":{"background-color":"var(--ast-global-color-4)","background-image":"","background-repeat":"repeat","background-position":"center center","background-size":"auto","background-attachment":"scroll","background-type":"","background-media":"","overlay-type":"","overlay-color":"","overlay-opacity":"","overlay-gradient":""},"tablet":{"background-color":"","background-image":"","background-repeat":"repeat","background-position":"center center","background-size":"auto","background-attachment":"scroll","background-type":"","background-media":"","overlay-type":"","overlay-color":"","overlay-opacity":"","overlay-gradient":""},"mobile":{"background-color":"","background-image":"","background-repeat":"repeat","background-position":"center center","background-size":"auto","background-attachment":"scroll","background-type":"","background-media":"","overlay-type":"","overlay-color":"","overlay-opacity":"","overlay-gradient":""}},"ast-content-background-meta":{"desktop":{"background-color":"var(--ast-global-color-5)","background-image":"","background-repeat":"repeat","background-position":"center center","background-size":"auto","background-attachment":"scroll","background-type":"","background-media":"","overlay-type":"","overlay-color":"","overlay-opacity":"","overlay-gradient":""},"tablet":{"background-color":"var(--ast-global-color-5)","background-image":"","background-repeat":"repeat","background-position":"center center","background-size":"auto","background-attachment":"scroll","background-type":"","background-media":"","overlay-type":"","overlay-color":"","overlay-opacity":"","overlay-gradient":""},"mobile":{"background-color":"var(--ast-global-color-5)","background-image":"","background-repeat":"repeat","background-position":"center center","background-size":"auto","background-attachment":"scroll","background-type":"","background-media":"","overlay-type":"","overlay-color":"","overlay-opacity":"","overlay-gradient":""}}},"product_brand":[],"product_cat":[47,430,1200],"product_tag":[196,185,754,544,186,1289,1155,280,349,456],"class_list":{"0":"post-8114","1":"product","2":"type-product","3":"status-publish","4":"has-post-thumbnail","6":"product_cat-classic","7":"product_cat-men","8":"product_cat-mens-shoes-2","9":"product_tag-black-leather-shoes","10":"product_tag-calf-leather-shoes","11":"product_tag-classic-mens-shoes","12":"product_tag-elegant-loafers","13":"product_tag-mens-loafers","14":"product_tag-perforated-loafers","15":"product_tag-slip-on-loafers","16":"product_tag-smart-casual-shoes","17":"product_tag-tassel-loafers","18":"product_tag-wholesale-loafers","19":"desktop-align-center","20":"tablet-align-center","21":"mobile-align-center","23":"first","24":"instock","25":"shipping-taxable","26":"purchasable","27":"product-type-variable","28":"has-default-attributes"},"acf":[],"uagb_featured_image_src":{"full":["https:\/\/turkishtrade.co\/wp-content\/uploads\/2026\/01\/2600NZTMN00016-BLACK.png",453,250,false],"thumbnail":["https:\/\/turkishtrade.co\/wp-content\/uploads\/2026\/01\/2600NZTMN00016-BLACK-150x150.png",150,150,true],"medium":["https:\/\/turkishtrade.co\/wp-content\/uploads\/2026\/01\/2600NZTMN00016-BLACK-300x166.png",300,166,true],"medium_large":["https:\/\/turkishtrade.co\/wp-content\/uploads\/2026\/01\/2600NZTMN00016-BLACK.png",453,250,false],"large":["https:\/\/turkishtrade.co\/wp-content\/uploads\/2026\/01\/2600NZTMN00016-BLACK.png",453,250,false],"1536x1536":["https:\/\/turkishtrade.co\/wp-content\/uploads\/2026\/01\/2600NZTMN00016-BLACK.png",453,250,false],"2048x2048":["https:\/\/turkishtrade.co\/wp-content\/uploads\/2026\/01\/2600NZTMN00016-BLACK.png",453,250,false],"trp-custom-language-flag":["https:\/\/turkishtrade.co\/wp-content\/uploads\/2026\/01\/2600NZTMN00016-BLACK-18x10.png",18,10,true],"woocommerce_thumbnail":["https:\/\/turkishtrade.co\/wp-content\/uploads\/2026\/01\/2600NZTMN00016-BLACK-400x250.png",400,250,true],"woocommerce_single":["https:\/\/turkishtrade.co\/wp-content\/uploads\/2026\/01\/2600NZTMN00016-BLACK.png",453,250,false],"woocommerce_gallery_thumbnail":["https:\/\/turkishtrade.co\/wp-content\/uploads\/2026\/01\/2600NZTMN00016-BLACK-100x100.png",100,100,true]},"uagb_author_info":{"display_name":"python python","author_link":"https:\/\/turkishtrade.co\/fr\/author\/"},"uagb_comment_info":0,"uagb_excerpt":"Premium calf leather upper for a luxurious feel and sophisticated look Soft, breathable goat leather lining ensures exceptional all-day comfort Lightweight and flexible EVA sole provides superior cushioning and grip Elegant perforated vamp with distinguished tassel detailing Available in versatile EU sizes 40, 41, 42, 43, and 44 Wholesale availability with a minimum order of\u2026","_links":{"self":[{"href":"https:\/\/turkishtrade.co\/fr\/wp-json\/wp\/v2\/product\/8114","targetHints":{"allow":["GET"]}}],"collection":[{"href":"https:\/\/turkishtrade.co\/fr\/wp-json\/wp\/v2\/product"}],"about":[{"href":"https:\/\/turkishtrade.co\/fr\/wp-json\/wp\/v2\/types\/product"}],"wp:featuredmedia":[{"embeddable":true,"href":"https:\/\/turkishtrade.co\/fr\/wp-json\/wp\/v2\/media\/7005"}],"wp:attachment":[{"href":"https:\/\/turkishtrade.co\/fr\/wp-json\/wp\/v2\/media?parent=8114"}],"wp:term":[{"taxonomy":"product_brand","embeddable":true,"href":"https:\/\/turkishtrade.co\/fr\/wp-json\/wp\/v2\/product_brand?post=8114"},{"taxonomy":"product_cat","embeddable":true,"href":"https:\/\/turkishtrade.co\/fr\/wp-json\/wp\/v2\/product_cat?post=8114"},{"taxonomy":"product_tag","embeddable":true,"href":"https:\/\/turkishtrade.co\/fr\/wp-json\/wp\/v2\/product_tag?post=8114"}],"curies":[{"name":"wp","href":"https:\/\/api.w.org\/{rel}","templated":true}]}}