{"id":8108,"date":"2026-01-29T14:47:41","date_gmt":"2026-01-29T14:47:41","guid":{"rendered":"https:\/\/turkishtrade.co\/?post_type=product&#038;p=8108"},"modified":"2026-04-09T20:36:11","modified_gmt":"2026-04-09T20:36:11","slug":"mens-black-leather-dress-shoes-4","status":"publish","type":"product","link":"https:\/\/turkishtrade.co\/fr\/shop\/mens-black-leather-dress-shoes-4\/","title":{"rendered":"Chaussures habill\u00e9es en cuir noir pour hommes Authentic | Classic en cuir de veau noir pour hommes"},"content":{"rendered":"<p><strong>Chaussures habill\u00e9es en cuir noir pour hommes<\/strong>. Qualit\u00e9 et design authentiques.<\/p>\n<p>D\u00e9couvrez le summum de l'\u00e9l\u00e9gance intemporelle et du confort in\u00e9gal\u00e9 avec nos chaussures habill\u00e9es classiques en cuir de veau noir pour hommes. M\u00e9ticuleusement con\u00e7ues pour le gentleman exigeant, ces chaussures exquises en cuir de veau noir sont tr\u00e8s confortables. <\/p>\n<p>Chaussures habill\u00e9es en cuir noir pour hommes<\/p>\n<p> sont con\u00e7ues pour se d\u00e9marquer, que vous vous rendiez \u00e0 une r\u00e9union d'affaires cruciale, \u00e0 un \u00e9v\u00e9nement formel ou \u00e0 une c\u00e9l\u00e9bration sp\u00e9ciale. Chaque paire incarne le m\u00e9lange parfait d'artisanat traditionnel et de confort moderne, pour que vous vous sentiez au mieux de votre forme.<\/p>\n<h3>Des mat\u00e9riaux de premi\u00e8re qualit\u00e9 pour une qualit\u00e9 sup\u00e9rieure<\/h3>\n<p>Au c\u0153ur de ces projets d'exception <\/p>\n<p>Chaussures habill\u00e9es en cuir noir pour hommes<\/p>\n<p> est le choix de mat\u00e9riaux de qualit\u00e9 sup\u00e9rieure. La tige est fabriqu\u00e9e en cuir de veau de qualit\u00e9 sup\u00e9rieure, r\u00e9put\u00e9 pour sa texture lisse, sa durabilit\u00e9 et sa capacit\u00e9 \u00e0 d\u00e9velopper une riche patine au fil du temps. La finition noire \u00e9l\u00e9gante, compl\u00e9t\u00e9e par un motif textur\u00e9 subtil sur les quartiers, conf\u00e8re une esth\u00e9tique sophistiqu\u00e9e, \u00e0 la fois polyvalente et durable. \u00c0 l'int\u00e9rieur, vos pieds seront berc\u00e9s par une doublure en cuir de ch\u00e8vre doux et respirant, offrant une sensation de luxe et favorisant une bonne circulation de l'air pour vous garder \u00e0 l'aise tout au long de la journ\u00e9e.<\/p>\n<h3>Un confort in\u00e9gal\u00e9 et un design classique<\/h3>\n<p>Au-del\u00e0 de leur aspect saisissant, ces <\/p>\n<p>Chaussures habill\u00e9es en cuir noir pour hommes<\/p>\n<p> Priorit\u00e9 au confort. La semelle l\u00e9g\u00e8re et flexible en EVA offre un excellent amorti et un bon soutien, absorbant les chocs \u00e0 chaque pas. Cette technologie de semelle moderne vous permet de rester debout pendant des heures sans fatigue, ce qui les rend id\u00e9ales pour les longues journ\u00e9es au bureau ou les soir\u00e9es prolong\u00e9es. La conception classique \u00e0 lacets assure un ajustement s\u00fbr et ajustable, tandis que la silhouette raffin\u00e9e fait de ces chaussures un compl\u00e9ment essentiel \u00e0 toute garde-robe formelle. Disponibles dans les pointures 40 \u00e0 44, elles s'adaptent parfaitement \u00e0 votre morphologie.<\/p>\n<h3>Une polyvalence pour toutes les occasions<\/h3>\n<p>Nos chaussures de ville classiques en cuir de veau noir pour hommes sont plus que de simples chaussures, elles sont un investissement dans le style et la polyvalence. Leur conception classique les rend adapt\u00e9es \u00e0 un large \u00e9ventail d'occasions, s'associant parfaitement aux costumes, aux smokings et m\u00eame aux ensembles \u00e9l\u00e9gants et d\u00e9contract\u00e9s. Rehaussez votre tenue professionnelle, attirez l'attention lors de rencontres sociales ou appr\u00e9ciez simplement le confort raffin\u00e9 de chaussures fabriqu\u00e9es par des experts. Pour les entreprises qui souhaitent proposer des produits haut de gamme, ces <\/p>\n<p>Chaussures habill\u00e9es en cuir noir pour hommes<\/p>\n<p> sont disponibles \u00e0 l'achat en gros avec une quantit\u00e9 minimale de 16 paires, ce qui en fait un excellent choix pour les d\u00e9taillants \u00e0 la recherche de chaussures pour hommes de haute qualit\u00e9.<\/p>","protected":false},"excerpt":{"rendered":"<ul>\n<li>Dessus en cuir de veau exquis pour une finition sophistiqu\u00e9e<\/li>\n<li>La doublure luxueuse en cuir de ch\u00e8vre assure un confort exceptionnel.<\/li>\n<li>Semelle EVA l\u00e9g\u00e8re et flexible pour une utilisation tout au long de la journ\u00e9e<\/li>\n<li>Design classique et intemporel, parfait pour les occasions formelles et professionnelles<\/li>\n<li>Vente en gros possible avec une commande minimum de 16 paires<\/li>\n<\/ul>","protected":false},"featured_media":6982,"template":"","meta":{"_acf_changed":false,"_uag_custom_page_level_css":"","site-sidebar-layout":"default","site-content-layout":"","ast-site-content-layout":"default","site-content-style":"default","site-sidebar-style":"default","ast-global-header-display":"","ast-banner-title-visibility":"","ast-main-header-display":"","ast-hfb-above-header-display":"","ast-hfb-below-header-display":"","ast-hfb-mobile-header-display":"","site-post-title":"","ast-breadcrumbs-content":"","ast-featured-img":"","footer-sml-layout":"","ast-disable-related-posts":"","theme-transparent-header-meta":"","adv-header-id-meta":"","stick-header-meta":"","header-above-stick-meta":"","header-main-stick-meta":"","header-below-stick-meta":"","astra-migrate-meta-layouts":"default","ast-page-background-enabled":"default","ast-page-background-meta":{"desktop":{"background-color":"var(--ast-global-color-4)","background-image":"","background-repeat":"repeat","background-position":"center center","background-size":"auto","background-attachment":"scroll","background-type":"","background-media":"","overlay-type":"","overlay-color":"","overlay-opacity":"","overlay-gradient":""},"tablet":{"background-color":"","background-image":"","background-repeat":"repeat","background-position":"center center","background-size":"auto","background-attachment":"scroll","background-type":"","background-media":"","overlay-type":"","overlay-color":"","overlay-opacity":"","overlay-gradient":""},"mobile":{"background-color":"","background-image":"","background-repeat":"repeat","background-position":"center center","background-size":"auto","background-attachment":"scroll","background-type":"","background-media":"","overlay-type":"","overlay-color":"","overlay-opacity":"","overlay-gradient":""}},"ast-content-background-meta":{"desktop":{"background-color":"var(--ast-global-color-5)","background-image":"","background-repeat":"repeat","background-position":"center center","background-size":"auto","background-attachment":"scroll","background-type":"","background-media":"","overlay-type":"","overlay-color":"","overlay-opacity":"","overlay-gradient":""},"tablet":{"background-color":"var(--ast-global-color-5)","background-image":"","background-repeat":"repeat","background-position":"center center","background-size":"auto","background-attachment":"scroll","background-type":"","background-media":"","overlay-type":"","overlay-color":"","overlay-opacity":"","overlay-gradient":""},"mobile":{"background-color":"var(--ast-global-color-5)","background-image":"","background-repeat":"repeat","background-position":"center center","background-size":"auto","background-attachment":"scroll","background-type":"","background-media":"","overlay-type":"","overlay-color":"","overlay-opacity":"","overlay-gradient":""}}},"product_brand":[],"product_cat":[47,430,1200],"product_tag":[196,405,202,754,438,251,189,324,254],"class_list":{"0":"post-8108","1":"product","2":"type-product","3":"status-publish","4":"has-post-thumbnail","6":"product_cat-classic","7":"product_cat-men","8":"product_cat-mens-shoes-2","9":"product_tag-black-leather-shoes","10":"product_tag-business-shoes","11":"product_tag-calf-leather","12":"product_tag-classic-mens-shoes","13":"product_tag-eva-sole","14":"product_tag-formal-shoes","15":"product_tag-goat-leather-lining","16":"product_tag-mens-dress-shoes","17":"product_tag-wholesale-footwear","18":"desktop-align-center","19":"tablet-align-center","20":"mobile-align-center","22":"first","23":"instock","24":"shipping-taxable","25":"purchasable","26":"product-type-variable","27":"has-default-attributes"},"acf":[],"uagb_featured_image_src":{"full":["https:\/\/turkishtrade.co\/wp-content\/uploads\/2026\/01\/2600NZTMN00010-BLACK.png",453,250,false],"thumbnail":["https:\/\/turkishtrade.co\/wp-content\/uploads\/2026\/01\/2600NZTMN00010-BLACK-150x150.png",150,150,true],"medium":["https:\/\/turkishtrade.co\/wp-content\/uploads\/2026\/01\/2600NZTMN00010-BLACK-300x166.png",300,166,true],"medium_large":["https:\/\/turkishtrade.co\/wp-content\/uploads\/2026\/01\/2600NZTMN00010-BLACK.png",453,250,false],"large":["https:\/\/turkishtrade.co\/wp-content\/uploads\/2026\/01\/2600NZTMN00010-BLACK.png",453,250,false],"1536x1536":["https:\/\/turkishtrade.co\/wp-content\/uploads\/2026\/01\/2600NZTMN00010-BLACK.png",453,250,false],"2048x2048":["https:\/\/turkishtrade.co\/wp-content\/uploads\/2026\/01\/2600NZTMN00010-BLACK.png",453,250,false],"trp-custom-language-flag":["https:\/\/turkishtrade.co\/wp-content\/uploads\/2026\/01\/2600NZTMN00010-BLACK-18x10.png",18,10,true],"woocommerce_thumbnail":["https:\/\/turkishtrade.co\/wp-content\/uploads\/2026\/01\/2600NZTMN00010-BLACK-400x250.png",400,250,true],"woocommerce_single":["https:\/\/turkishtrade.co\/wp-content\/uploads\/2026\/01\/2600NZTMN00010-BLACK.png",453,250,false],"woocommerce_gallery_thumbnail":["https:\/\/turkishtrade.co\/wp-content\/uploads\/2026\/01\/2600NZTMN00010-BLACK-100x100.png",100,100,true]},"uagb_author_info":{"display_name":"python python","author_link":"https:\/\/turkishtrade.co\/fr\/author\/"},"uagb_comment_info":0,"uagb_excerpt":"Exquisite calf leather upper for a sophisticated finish Luxurious goat leather lining ensures exceptional comfort Lightweight and flexible EVA sole for all-day wear Timeless classic design, perfect for formal and business occasions Wholesale available with a minimum order of 16 pairs","_links":{"self":[{"href":"https:\/\/turkishtrade.co\/fr\/wp-json\/wp\/v2\/product\/8108","targetHints":{"allow":["GET"]}}],"collection":[{"href":"https:\/\/turkishtrade.co\/fr\/wp-json\/wp\/v2\/product"}],"about":[{"href":"https:\/\/turkishtrade.co\/fr\/wp-json\/wp\/v2\/types\/product"}],"wp:featuredmedia":[{"embeddable":true,"href":"https:\/\/turkishtrade.co\/fr\/wp-json\/wp\/v2\/media\/6982"}],"wp:attachment":[{"href":"https:\/\/turkishtrade.co\/fr\/wp-json\/wp\/v2\/media?parent=8108"}],"wp:term":[{"taxonomy":"product_brand","embeddable":true,"href":"https:\/\/turkishtrade.co\/fr\/wp-json\/wp\/v2\/product_brand?post=8108"},{"taxonomy":"product_cat","embeddable":true,"href":"https:\/\/turkishtrade.co\/fr\/wp-json\/wp\/v2\/product_cat?post=8108"},{"taxonomy":"product_tag","embeddable":true,"href":"https:\/\/turkishtrade.co\/fr\/wp-json\/wp\/v2\/product_tag?post=8108"}],"curies":[{"name":"wp","href":"https:\/\/api.w.org\/{rel}","templated":true}]}}