{"id":8088,"date":"2026-01-29T14:47:27","date_gmt":"2026-01-29T14:47:27","guid":{"rendered":"https:\/\/turkishtrade.co\/?post_type=product&#038;p=8088"},"modified":"2026-04-09T20:36:24","modified_gmt":"2026-04-09T20:36:24","slug":"mens-black-tassel-loafers","status":"publish","type":"product","link":"https:\/\/turkishtrade.co\/fr\/shop\/mens-black-tassel-loafers\/","title":{"rendered":"Mocassins \u00e0 glands noirs pour hommes Proven | Classic en cuir de veau noir pour hommes"},"content":{"rendered":"<p><strong>Mocassins \u00e0 glands noirs pour hommes<\/strong>. Qualit\u00e9 et conception \u00e9prouv\u00e9es.<\/p>\n<p>D\u00e9couvrez l'incarnation de la sophistication classique avec nos produits de qualit\u00e9 sup\u00e9rieure. <strong>Mocassins \u00e0 glands noirs pour hommes<\/strong>. Con\u00e7ues pour l'homme exigeant, ces chaussures exquises allient harmonieusement style traditionnel et confort moderne. Chaque d\u00e9tail de ces mocassins t\u00e9moigne d'un h\u00e9ritage de fabrication de chaussures de qualit\u00e9, ce qui en fait un compl\u00e9ment indispensable \u00e0 toute garde-robe \u00e9l\u00e9gante. Que vous assistiez \u00e0 un \u00e9v\u00e9nement formel, que vous vous rendiez au bureau ou que vous assistiez \u00e0 une r\u00e9union sociale sophistiqu\u00e9e, ces mocassins sont un compl\u00e9ment indispensable \u00e0 toute garde-robe \u00e9l\u00e9gante. <strong>Mocassins \u00e0 glands noirs pour hommes<\/strong> vous assure une d\u00e9claration de go\u00fbt raffin\u00e9.<\/p>\n<h3>Un savoir-faire et des mat\u00e9riaux in\u00e9gal\u00e9s<\/h3>\n<p>Au c\u0153ur de ces chaussures \u00e9l\u00e9gantes se trouve un engagement in\u00e9branlable en faveur de la qualit\u00e9. La tige est m\u00e9ticuleusement fabriqu\u00e9e en cuir de veau v\u00e9ritable, choisi pour sa texture lisse, son \u00e9clat naturel et sa remarquable durabilit\u00e9. Ce cuir de veau de qualit\u00e9 sup\u00e9rieure garantit que vos <strong>Mocassins \u00e0 glands noirs pour hommes<\/strong> Non seulement ils sont spectaculaires, mais ils r\u00e9sistent \u00e9galement \u00e0 l'\u00e9preuve du temps, d\u00e9veloppant une patine unique avec l'\u00e2ge. L'ext\u00e9rieur robuste est compl\u00e9t\u00e9 par une doublure en cuir de ch\u00e8vre somptueusement souple, qui enveloppe vos pieds de confort. Le cuir de ch\u00e8vre est r\u00e9put\u00e9 pour sa respirabilit\u00e9 et sa souplesse, offrant une sensation de luxe et aidant \u00e0 garder vos pieds au frais et au sec tout au long de la journ\u00e9e.<\/p>\n<h3>Con\u00e7u pour le confort et le style<\/h3>\n<p>Le confort est primordial, et ces v\u00eatements classiques <strong>Mocassins \u00e0 glands noirs pour hommes<\/strong> livrent. La semelle l\u00e9g\u00e8re en EVA offre un amorti et une flexibilit\u00e9 exceptionnels, r\u00e9duisant la fatigue m\u00eame apr\u00e8s de longues heures de port. Sa construction durable assure une traction fiable, garantissant la stabilit\u00e9 sur diverses surfaces. Le d\u00e9tail embl\u00e9matique du pompon sur l'empeigne ajoute une touche de charme distingu\u00e9, rehaussant l'attrait esth\u00e9tique de la chaussure sans compromettre son \u00e9l\u00e9gance intemporelle. Disponibles dans une large gamme de pointures europ\u00e9ennes allant du 40 au 44, elles s'adaptent parfaitement \u00e0 la morphologie de chacun.<\/p>\n<h3>Une \u00e9l\u00e9gance polyvalente pour toutes les occasions<\/h3>\n<p>La polyvalence de ces <strong>Mocassins \u00e0 glands noirs pour hommes<\/strong> en font la pierre angulaire de tout ensemble \u00e9l\u00e9gant. Associez-les \u00e0 un costume d'affaires impeccable pour un look professionnel raffin\u00e9, ou habillez-les d'un pantalon chino et d'un blazer pour une esth\u00e9tique d\u00e9contract\u00e9e. Leur finition noire \u00e9l\u00e9gante et leur design classique les rendent adapt\u00e9es \u00e0 un large \u00e9ventail d'occasions, des r\u00e9unions d'affaires aux d\u00eeners formels, en passant par les brunchs du week-end et les \u00e9v\u00e9nements festifs. Investissez dans des chaussures qui transcendent les tendances et offrent un style et un confort durables. Pour les entreprises qui souhaitent proposer des chaussures de haute qualit\u00e9, ces mocassins classiques sont disponibles \u00e0 l'achat en gros avec une commande minimum de 16 paires, ce qui est parfait pour \u00e9largir votre collection haut de gamme.<\/p>","protected":false},"excerpt":{"rendered":"<ul>\n<li>Faites l'exp\u00e9rience de l'\u00e9l\u00e9gance intemporelle avec ces mocassins noirs classiques pour hommes.<\/li>\n<li>Fabriqu\u00e9 en cuir de veau v\u00e9ritable de haute qualit\u00e9 pour une finition \u00e9l\u00e9gante et soign\u00e9e.<\/li>\n<li>La doublure en cuir de ch\u00e8vre luxueux assure un confort et une respirabilit\u00e9 exceptionnels.<\/li>\n<li>La semelle EVA l\u00e9g\u00e8re et durable offre une adh\u00e9rence sup\u00e9rieure et une portabilit\u00e9 tout au long de la journ\u00e9e.<\/li>\n<li>Disponible dans les tailles europ\u00e9ennes 40, 41, 42, 43 et 44 pour garantir un ajustement parfait.<\/li>\n<li>Quantit\u00e9 minimale de 16 paires pour les achats en gros.<\/li>\n<\/ul>","protected":false},"featured_media":6978,"template":"","meta":{"_acf_changed":false,"_uag_custom_page_level_css":"","site-sidebar-layout":"default","site-content-layout":"","ast-site-content-layout":"default","site-content-style":"default","site-sidebar-style":"default","ast-global-header-display":"","ast-banner-title-visibility":"","ast-main-header-display":"","ast-hfb-above-header-display":"","ast-hfb-below-header-display":"","ast-hfb-mobile-header-display":"","site-post-title":"","ast-breadcrumbs-content":"","ast-featured-img":"","footer-sml-layout":"","ast-disable-related-posts":"","theme-transparent-header-meta":"","adv-header-id-meta":"","stick-header-meta":"","header-above-stick-meta":"","header-main-stick-meta":"","header-below-stick-meta":"","astra-migrate-meta-layouts":"default","ast-page-background-enabled":"default","ast-page-background-meta":{"desktop":{"background-color":"var(--ast-global-color-4)","background-image":"","background-repeat":"repeat","background-position":"center center","background-size":"auto","background-attachment":"scroll","background-type":"","background-media":"","overlay-type":"","overlay-color":"","overlay-opacity":"","overlay-gradient":""},"tablet":{"background-color":"","background-image":"","background-repeat":"repeat","background-position":"center center","background-size":"auto","background-attachment":"scroll","background-type":"","background-media":"","overlay-type":"","overlay-color":"","overlay-opacity":"","overlay-gradient":""},"mobile":{"background-color":"","background-image":"","background-repeat":"repeat","background-position":"center center","background-size":"auto","background-attachment":"scroll","background-type":"","background-media":"","overlay-type":"","overlay-color":"","overlay-opacity":"","overlay-gradient":""}},"ast-content-background-meta":{"desktop":{"background-color":"var(--ast-global-color-5)","background-image":"","background-repeat":"repeat","background-position":"center center","background-size":"auto","background-attachment":"scroll","background-type":"","background-media":"","overlay-type":"","overlay-color":"","overlay-opacity":"","overlay-gradient":""},"tablet":{"background-color":"var(--ast-global-color-5)","background-image":"","background-repeat":"repeat","background-position":"center center","background-size":"auto","background-attachment":"scroll","background-type":"","background-media":"","overlay-type":"","overlay-color":"","overlay-opacity":"","overlay-gradient":""},"mobile":{"background-color":"var(--ast-global-color-5)","background-image":"","background-repeat":"repeat","background-position":"center center","background-size":"auto","background-attachment":"scroll","background-type":"","background-media":"","overlay-type":"","overlay-color":"","overlay-opacity":"","overlay-gradient":""}}},"product_brand":[],"product_cat":[47,430,1200],"product_tag":[370,185,754,438,251,1249,186,280,349,254],"class_list":{"0":"post-8088","1":"product","2":"type-product","3":"status-publish","4":"has-post-thumbnail","6":"product_cat-classic","7":"product_cat-men","8":"product_cat-mens-shoes-2","9":"product_tag-black-loafers","10":"product_tag-calf-leather-shoes","11":"product_tag-classic-mens-shoes","12":"product_tag-eva-sole","13":"product_tag-formal-shoes","14":"product_tag-goat-lining","15":"product_tag-mens-loafers","16":"product_tag-smart-casual-shoes","17":"product_tag-tassel-loafers","18":"product_tag-wholesale-footwear","19":"desktop-align-center","20":"tablet-align-center","21":"mobile-align-center","23":"first","24":"instock","25":"shipping-taxable","26":"purchasable","27":"product-type-variable","28":"has-default-attributes"},"acf":[],"uagb_featured_image_src":{"full":["https:\/\/turkishtrade.co\/wp-content\/uploads\/2026\/01\/2600NZTMN00006-BLACK.png",453,250,false],"thumbnail":["https:\/\/turkishtrade.co\/wp-content\/uploads\/2026\/01\/2600NZTMN00006-BLACK-150x150.png",150,150,true],"medium":["https:\/\/turkishtrade.co\/wp-content\/uploads\/2026\/01\/2600NZTMN00006-BLACK-300x166.png",300,166,true],"medium_large":["https:\/\/turkishtrade.co\/wp-content\/uploads\/2026\/01\/2600NZTMN00006-BLACK.png",453,250,false],"large":["https:\/\/turkishtrade.co\/wp-content\/uploads\/2026\/01\/2600NZTMN00006-BLACK.png",453,250,false],"1536x1536":["https:\/\/turkishtrade.co\/wp-content\/uploads\/2026\/01\/2600NZTMN00006-BLACK.png",453,250,false],"2048x2048":["https:\/\/turkishtrade.co\/wp-content\/uploads\/2026\/01\/2600NZTMN00006-BLACK.png",453,250,false],"trp-custom-language-flag":["https:\/\/turkishtrade.co\/wp-content\/uploads\/2026\/01\/2600NZTMN00006-BLACK-18x10.png",18,10,true],"woocommerce_thumbnail":["https:\/\/turkishtrade.co\/wp-content\/uploads\/2026\/01\/2600NZTMN00006-BLACK-400x250.png",400,250,true],"woocommerce_single":["https:\/\/turkishtrade.co\/wp-content\/uploads\/2026\/01\/2600NZTMN00006-BLACK.png",453,250,false],"woocommerce_gallery_thumbnail":["https:\/\/turkishtrade.co\/wp-content\/uploads\/2026\/01\/2600NZTMN00006-BLACK-100x100.png",100,100,true]},"uagb_author_info":{"display_name":"python python","author_link":"https:\/\/turkishtrade.co\/fr\/author\/"},"uagb_comment_info":0,"uagb_excerpt":"Experience timeless elegance with these classic men's black tassel loafers. Crafted from high-quality genuine calf leather for a sleek, polished finish. Luxurious goat leather lining ensures exceptional comfort and breathability. Lightweight and durable EVA sole provides superior grip and all-day wearability. Available in EU sizes 40, 41, 42, 43, 44 to ensure a perfect fit.\u2026","_links":{"self":[{"href":"https:\/\/turkishtrade.co\/fr\/wp-json\/wp\/v2\/product\/8088","targetHints":{"allow":["GET"]}}],"collection":[{"href":"https:\/\/turkishtrade.co\/fr\/wp-json\/wp\/v2\/product"}],"about":[{"href":"https:\/\/turkishtrade.co\/fr\/wp-json\/wp\/v2\/types\/product"}],"wp:featuredmedia":[{"embeddable":true,"href":"https:\/\/turkishtrade.co\/fr\/wp-json\/wp\/v2\/media\/6978"}],"wp:attachment":[{"href":"https:\/\/turkishtrade.co\/fr\/wp-json\/wp\/v2\/media?parent=8088"}],"wp:term":[{"taxonomy":"product_brand","embeddable":true,"href":"https:\/\/turkishtrade.co\/fr\/wp-json\/wp\/v2\/product_brand?post=8088"},{"taxonomy":"product_cat","embeddable":true,"href":"https:\/\/turkishtrade.co\/fr\/wp-json\/wp\/v2\/product_cat?post=8088"},{"taxonomy":"product_tag","embeddable":true,"href":"https:\/\/turkishtrade.co\/fr\/wp-json\/wp\/v2\/product_tag?post=8088"}],"curies":[{"name":"wp","href":"https:\/\/api.w.org\/{rel}","templated":true}]}}