{"id":8085,"date":"2026-01-29T14:47:26","date_gmt":"2026-01-29T14:47:26","guid":{"rendered":"https:\/\/turkishtrade.co\/?post_type=product&#038;p=8085"},"modified":"2026-04-09T20:36:35","modified_gmt":"2026-04-09T20:36:35","slug":"mens-classic-calfskin-loafers","status":"publish","type":"product","link":"https:\/\/turkishtrade.co\/fr\/shop\/mens-classic-calfskin-loafers\/","title":{"rendered":"Mocassins classiques en cuir de veau Hommes imbattable | Mocassins classiques en cuir de veau Hommes noirs"},"content":{"rendered":"<p>Pr\u00e9sentation de notre exquise <strong>Mocassins classiques en cuir de veau pour hommes<\/strong>, Ces mocassins sont fabriqu\u00e9s avec le plus grand soin pour rehausser votre collection de chaussures. Ces magnifiques mocassins incarnent l'\u00e9l\u00e9gance intemporelle et la sophistication moderne, ce qui en fait un \u00e9l\u00e9ment essentiel de la garde-robe de tout gentleman exigeant. Con\u00e7us pour le style et le confort, ces <strong>mocassins en cuir de veau pour hommes<\/strong> sont parfaits pour un large \u00e9ventail d'occasions, des r\u00e9unions d'affaires importantes aux \u00e9v\u00e9nements sociaux sophistiqu\u00e9s.<\/p>\n<h3>Une qualit\u00e9 et un savoir-faire in\u00e9gal\u00e9s<\/h3>\n<p>Chaque paire de ces <strong>Mocassins classiques en cuir de veau pour hommes<\/strong> est dot\u00e9 d'une tige en cuir de veau (dana deri) de premi\u00e8re qualit\u00e9, qui lui conf\u00e8re un aspect riche et soign\u00e9, \u00e0 la fois luxueux et durable. La finition noire \u00e9l\u00e9gante, compl\u00e9t\u00e9e par une empeigne subtilement textur\u00e9e, cr\u00e9e un attrait visuel distinctif qui distingue ces mocassins. Le cuir de veau de haute qualit\u00e9 assure la long\u00e9vit\u00e9 et d\u00e9veloppe une belle patine au fil du temps, faisant de ces mocassins un investissement durable. \u00c0 l'int\u00e9rieur, vos pieds b\u00e9n\u00e9ficieront d'un confort in\u00e9gal\u00e9 gr\u00e2ce au \u2018keci astar\u2019 (doublure en cuir de ch\u00e8vre). Cette doublure douce et respirante \u00e9vacue l'humidit\u00e9, gardant vos pieds au sec et \u00e0 l'aise tout au long de la journ\u00e9e, m\u00eame en cas de port prolong\u00e9.<\/p>\n<h3>Confort sup\u00e9rieur gr\u00e2ce \u00e0 la semelle EVA<\/h3>\n<p>Le confort est primordial, et ces mocassins classiques sont \u00e0 la hauteur. Ils reposent sur une semelle l\u00e9g\u00e8re mais robuste en \u2018eva taban\u2019 (EVA), connue pour ses excellentes propri\u00e9t\u00e9s d'amortissement et sa flexibilit\u00e9. Cette semelle innovante absorbe parfaitement les chocs, r\u00e9duisant la fatigue et garantissant une foul\u00e9e confortable \u00e0 chaque pas. La semelle EVA durable offre \u00e9galement une adh\u00e9rence et une traction fiables, am\u00e9liorant la stabilit\u00e9 sur diverses surfaces. Que vous vous d\u00e9placiez dans les rues de la ville ou que vous restiez debout pendant de longues p\u00e9riodes, ces chaussures sont id\u00e9ales. <strong>mocassins en cuir de veau pour hommes<\/strong> promettent un confort durable sans compromis sur le style.<\/p>\n<h3>Un style polyvalent pour toutes les occasions<\/h3>\n<p>Notre <strong>Mocassins classiques en cuir de veau noir pour hommes<\/strong> sont con\u00e7ues pour \u00eatre incroyablement polyvalentes. Leur esth\u00e9tique classique les rend id\u00e9ales pour les tenues formelles, s'associant parfaitement aux costumes, blazers et pantalons habill\u00e9s. Mais leur \u00e9l\u00e9gance raffin\u00e9e leur permet \u00e9galement de s'associer \u00e0 des tenues d\u00e9contract\u00e9es, comme les pantalons chinos ou les jeans fonc\u00e9s, et d'ajouter une touche de sophistication \u00e0 votre look de tous les jours. Investissez dans une paire de <strong>mocassins en peau de veau<\/strong> qui passent sans effort du jour \u00e0 la nuit, pour une tenue toujours impeccable.<\/p>\n<h3>Opportunit\u00e9s pour le commerce de gros<\/h3>\n<p>Nous sommes fiers de proposer ces produits de qualit\u00e9 sup\u00e9rieure <strong>Mocassins classiques en cuir de veau pour hommes<\/strong> pour l'achat en gros. Avec une quantit\u00e9 minimale de commande de 16 paires, les entreprises peuvent s'approvisionner en chaussures pour hommes tr\u00e8s demand\u00e9es, offrant une qualit\u00e9 et un style exceptionnels \u00e0 leurs clients. Disponibles en tailles 40, 41c, 42c, 43c et 44, ces mocassins s'adressent \u00e0 un large march\u00e9. Am\u00e9liorez votre inventaire avec ces mocassins classiques. <strong>mocassins en cuir pour hommes<\/strong> et offrez \u00e0 votre client\u00e8le ce qu'il y a de mieux en mati\u00e8re de chaussures sophistiqu\u00e9es.<\/p>","protected":false},"excerpt":{"rendered":"<ul>\n<li>Dessus en dana deri (cuir de veau) de qualit\u00e9 sup\u00e9rieure pour un look raffin\u00e9<\/li>\n<li>Doublure souple en keci astar (cuir de ch\u00e8vre) pour un confort optimal.<\/li>\n<li>Semelle l\u00e9g\u00e8re et durable en \u2018eva taban\u2019 (EVA) pour un meilleur amorti.<\/li>\n<li>Design classique et \u00e9l\u00e9gant avec un d\u00e9tail d'empeigne textur\u00e9 unique<\/li>\n<li>Disponible pour l'achat en gros avec une commande minimum de 16 paires<\/li>\n<\/ul>","protected":false},"featured_media":6976,"template":"","meta":{"_acf_changed":false,"_uag_custom_page_level_css":"","site-sidebar-layout":"default","site-content-layout":"","ast-site-content-layout":"default","site-content-style":"default","site-sidebar-style":"default","ast-global-header-display":"","ast-banner-title-visibility":"","ast-main-header-display":"","ast-hfb-above-header-display":"","ast-hfb-below-header-display":"","ast-hfb-mobile-header-display":"","site-post-title":"","ast-breadcrumbs-content":"","ast-featured-img":"","footer-sml-layout":"","ast-disable-related-posts":"","theme-transparent-header-meta":"","adv-header-id-meta":"","stick-header-meta":"","header-above-stick-meta":"","header-main-stick-meta":"","header-below-stick-meta":"","astra-migrate-meta-layouts":"default","ast-page-background-enabled":"default","ast-page-background-meta":{"desktop":{"background-color":"var(--ast-global-color-4)","background-image":"","background-repeat":"repeat","background-position":"center center","background-size":"auto","background-attachment":"scroll","background-type":"","background-media":"","overlay-type":"","overlay-color":"","overlay-opacity":"","overlay-gradient":""},"tablet":{"background-color":"","background-image":"","background-repeat":"repeat","background-position":"center center","background-size":"auto","background-attachment":"scroll","background-type":"","background-media":"","overlay-type":"","overlay-color":"","overlay-opacity":"","overlay-gradient":""},"mobile":{"background-color":"","background-image":"","background-repeat":"repeat","background-position":"center center","background-size":"auto","background-attachment":"scroll","background-type":"","background-media":"","overlay-type":"","overlay-color":"","overlay-opacity":"","overlay-gradient":""}},"ast-content-background-meta":{"desktop":{"background-color":"var(--ast-global-color-5)","background-image":"","background-repeat":"repeat","background-position":"center center","background-size":"auto","background-attachment":"scroll","background-type":"","background-media":"","overlay-type":"","overlay-color":"","overlay-opacity":"","overlay-gradient":""},"tablet":{"background-color":"var(--ast-global-color-5)","background-image":"","background-repeat":"repeat","background-position":"center center","background-size":"auto","background-attachment":"scroll","background-type":"","background-media":"","overlay-type":"","overlay-color":"","overlay-opacity":"","overlay-gradient":""},"mobile":{"background-color":"var(--ast-global-color-5)","background-image":"","background-repeat":"repeat","background-position":"center center","background-size":"auto","background-attachment":"scroll","background-type":"","background-media":"","overlay-type":"","overlay-color":"","overlay-opacity":"","overlay-gradient":""}}},"product_brand":[],"product_cat":[47,430,1200],"product_tag":[370,555,457,284,287,251,189,215,198,186],"class_list":{"0":"post-8085","1":"product","2":"type-product","3":"status-publish","4":"has-post-thumbnail","6":"product_cat-classic","7":"product_cat-men","8":"product_cat-mens-shoes-2","9":"product_tag-black-loafers","10":"product_tag-calfskin-loafers","11":"product_tag-classic-loafers","12":"product_tag-dress-shoes","13":"product_tag-eva-sole-shoes","14":"product_tag-formal-shoes","15":"product_tag-goat-leather-lining","16":"product_tag-leather-loafers","17":"product_tag-mens-fashion","18":"product_tag-mens-loafers","19":"desktop-align-center","20":"tablet-align-center","21":"mobile-align-center","23":"first","24":"instock","25":"shipping-taxable","26":"purchasable","27":"product-type-variable","28":"has-default-attributes"},"acf":[],"uagb_featured_image_src":{"full":["https:\/\/turkishtrade.co\/wp-content\/uploads\/2026\/01\/2600NZTMN00003-BLACK.png",453,250,false],"thumbnail":["https:\/\/turkishtrade.co\/wp-content\/uploads\/2026\/01\/2600NZTMN00003-BLACK-150x150.png",150,150,true],"medium":["https:\/\/turkishtrade.co\/wp-content\/uploads\/2026\/01\/2600NZTMN00003-BLACK-300x166.png",300,166,true],"medium_large":["https:\/\/turkishtrade.co\/wp-content\/uploads\/2026\/01\/2600NZTMN00003-BLACK.png",453,250,false],"large":["https:\/\/turkishtrade.co\/wp-content\/uploads\/2026\/01\/2600NZTMN00003-BLACK.png",453,250,false],"1536x1536":["https:\/\/turkishtrade.co\/wp-content\/uploads\/2026\/01\/2600NZTMN00003-BLACK.png",453,250,false],"2048x2048":["https:\/\/turkishtrade.co\/wp-content\/uploads\/2026\/01\/2600NZTMN00003-BLACK.png",453,250,false],"trp-custom-language-flag":["https:\/\/turkishtrade.co\/wp-content\/uploads\/2026\/01\/2600NZTMN00003-BLACK-18x10.png",18,10,true],"woocommerce_thumbnail":["https:\/\/turkishtrade.co\/wp-content\/uploads\/2026\/01\/2600NZTMN00003-BLACK-400x250.png",400,250,true],"woocommerce_single":["https:\/\/turkishtrade.co\/wp-content\/uploads\/2026\/01\/2600NZTMN00003-BLACK.png",453,250,false],"woocommerce_gallery_thumbnail":["https:\/\/turkishtrade.co\/wp-content\/uploads\/2026\/01\/2600NZTMN00003-BLACK-100x100.png",100,100,true]},"uagb_author_info":{"display_name":"python python","author_link":"https:\/\/turkishtrade.co\/fr\/author\/"},"uagb_comment_info":0,"uagb_excerpt":"Premium 'dana deri' (calfskin leather) upper for a refined look Soft 'keci astar' (goat leather) lining for ultimate comfort Lightweight and durable 'eva taban' (EVA sole) for superior cushioning Elegant classic design with a unique textured vamp detail Available for wholesale purchase with a minimum order of 16 pairs","_links":{"self":[{"href":"https:\/\/turkishtrade.co\/fr\/wp-json\/wp\/v2\/product\/8085","targetHints":{"allow":["GET"]}}],"collection":[{"href":"https:\/\/turkishtrade.co\/fr\/wp-json\/wp\/v2\/product"}],"about":[{"href":"https:\/\/turkishtrade.co\/fr\/wp-json\/wp\/v2\/types\/product"}],"wp:featuredmedia":[{"embeddable":true,"href":"https:\/\/turkishtrade.co\/fr\/wp-json\/wp\/v2\/media\/6976"}],"wp:attachment":[{"href":"https:\/\/turkishtrade.co\/fr\/wp-json\/wp\/v2\/media?parent=8085"}],"wp:term":[{"taxonomy":"product_brand","embeddable":true,"href":"https:\/\/turkishtrade.co\/fr\/wp-json\/wp\/v2\/product_brand?post=8085"},{"taxonomy":"product_cat","embeddable":true,"href":"https:\/\/turkishtrade.co\/fr\/wp-json\/wp\/v2\/product_cat?post=8085"},{"taxonomy":"product_tag","embeddable":true,"href":"https:\/\/turkishtrade.co\/fr\/wp-json\/wp\/v2\/product_tag?post=8085"}],"curies":[{"name":"wp","href":"https:\/\/api.w.org\/{rel}","templated":true}]}}