{"id":8084,"date":"2026-01-29T14:47:26","date_gmt":"2026-01-29T14:47:26","guid":{"rendered":"https:\/\/turkishtrade.co\/?post_type=product&#038;p=8084"},"modified":"2026-04-09T20:36:37","modified_gmt":"2026-04-09T20:36:37","slug":"mens-brown-leather-loafers-11","status":"publish","type":"product","link":"https:\/\/turkishtrade.co\/fr\/shop\/mens-brown-leather-loafers-11\/","title":{"rendered":"Mocassins en cuir brun pour hommes Proven | Classic Brown Leather Buckle Loafers"},"content":{"rendered":"<p><strong>Mocassins en cuir brun pour hommes<\/strong>. Qualit\u00e9 et conception \u00e9prouv\u00e9es.<\/p>\n<p>D\u00e9couvrez l'\u00e9l\u00e9gance intemporelle et le confort in\u00e9gal\u00e9 de nos produits exquis. <b>Mocassins en cuir brun pour hommes<\/b>. Con\u00e7ues pour le gentleman moderne, ces chaussures classiques \u00e0 enfiler sont con\u00e7ues pour allier harmonieusement style sophistiqu\u00e9 et facilit\u00e9 d'utilisation au quotidien. Chaque paire de ces <b>Mocassins en cuir brun pour hommes<\/b> est un t\u00e9moignage de l'art sup\u00e9rieur, avec des mat\u00e9riaux de premi\u00e8re qualit\u00e9 qui promettent \u00e0 la fois luxe et long\u00e9vit\u00e9.<\/p>\n<h3>Une qualit\u00e9 et un savoir-faire in\u00e9gal\u00e9s<\/h3>\n<p>Notre <b>Mocassins en cuir brun pour hommes<\/b> sont m\u00e9ticuleusement fabriqu\u00e9es en cuir de veau de qualit\u00e9 sup\u00e9rieure, r\u00e9put\u00e9 pour sa texture souple et sa riche teinte marron fonc\u00e9 qui se patine au fil du temps. Ce cuir de qualit\u00e9 sup\u00e9rieure garantit la durabilit\u00e9 et une esth\u00e9tique raffin\u00e9e. <b>Mocassins en cuir brun pour hommes<\/b> un ajout distingu\u00e9 \u00e0 toute garde-robe. Ces chaussures de qualit\u00e9 sup\u00e9rieure <b>Mocassins en cuir brun pour hommes<\/b> sont finies de mani\u00e8re experte avec une boucle \u00e9l\u00e9gante, ajoutant une touche de charme classique. \u00c0 l'int\u00e9rieur, vos pieds b\u00e9n\u00e9ficieront d'un confort optimal gr\u00e2ce \u00e0 la doublure en cuir de ch\u00e8vre souple et respirant. Cette doublure naturelle \u00e9vacue l'humidit\u00e9 et offre une douce \u00e9treinte, garantissant le confort du premier au dernier pas.<\/p>\n<h3>Confort sup\u00e9rieur gr\u00e2ce \u00e0 la technologie de la semelle EVA<\/h3>\n<p>Le confort est primordial, c'est pourquoi notre <b>Mocassins en cuir brun pour hommes<\/b> sont dot\u00e9es d'une semelle EVA \u00e0 la fois l\u00e9g\u00e8re et incroyablement r\u00e9sistante. Cette technologie de pointe offre un excellent amorti et une bonne absorption des chocs, r\u00e9duisant ainsi la fatigue, m\u00eame apr\u00e8s de longues heures de port. La semelle EVA flexible offre \u00e9galement une adh\u00e9rence fiable et permet \u00e0 ces chaussures d'\u00eatre plus faciles \u00e0 porter. <b>Mocassins en cuir brun pour hommes<\/b> Ces mocassins sont incroyablement l\u00e9gers, ce qui permet de se d\u00e9placer sans effort tout au long de la journ\u00e9e. Qu'il s'agisse d'une journ\u00e9e de travail bien remplie ou d'une sortie d\u00e9contract\u00e9e le week-end, ces mocassins offrent un confort constant, ce qui en fait votre paire de chaussures pr\u00e9f\u00e9r\u00e9e. <b>Mocassins en cuir brun pour hommes<\/b>.<\/p>\n<h3>Un style polyvalent pour toutes les occasions<\/h3>\n<p>Le design classique de ces <b>Mocassins en cuir brun pour hommes<\/b> les rend incroyablement polyvalentes. Elles constituent le choix de chaussures id\u00e9al pour les environnements professionnels d\u00e9contract\u00e9s, les rassemblements d\u00e9contract\u00e9s, ou m\u00eame les occasions plus habill\u00e9es. Associez-les \u00e0 un pantalon de tailleur pour un look soign\u00e9, ou \u00e0 un pantalon chino ou un jean pour un ensemble plus d\u00e9contract\u00e9 mais sophistiqu\u00e9. Disponibles dans une large gamme de pointures allant du 40 au 44, ces <b>Mocassins en cuir brun pour hommes<\/b> s'adressent \u00e0 un large public, garantissant une adaptation parfaite aux clients les plus exigeants. Ces v\u00eatements essentiels allient style traditionnel et confort contemporain. <b>Mocassins en cuir brun pour hommes<\/b>, Les chaussures de sport, un investissement dans des chaussures de qualit\u00e9 qui rehausseront votre style personnel.<\/p>","protected":false},"excerpt":{"rendered":"<ul>\n<li>Fabriqu\u00e9 en cuir de veau de premi\u00e8re qualit\u00e9 pour la durabilit\u00e9 et le style.<\/li>\n<li>Doublure en cuir de ch\u00e8vre luxueux pour un confort sup\u00e9rieur et une meilleure respirabilit\u00e9<\/li>\n<li>Semelle EVA l\u00e9g\u00e8re et flexible offrant un amorti exceptionnel<\/li>\n<li>Une boucle distinctive apporte une touche d'\u00e9l\u00e9gance classique.<\/li>\n<li>Disponible en plusieurs tailles : 40, 41, 42, 43, 44<\/li>\n<li>Commande minimum : 16 paires (disponibilit\u00e9 en gros)<\/li>\n<\/ul>","protected":false},"featured_media":7001,"template":"","meta":{"_acf_changed":false,"_uag_custom_page_level_css":"","site-sidebar-layout":"default","site-content-layout":"","ast-site-content-layout":"default","site-content-style":"default","site-sidebar-style":"default","ast-global-header-display":"","ast-banner-title-visibility":"","ast-main-header-display":"","ast-hfb-above-header-display":"","ast-hfb-below-header-display":"","ast-hfb-mobile-header-display":"","site-post-title":"","ast-breadcrumbs-content":"","ast-featured-img":"","footer-sml-layout":"","ast-disable-related-posts":"","theme-transparent-header-meta":"","adv-header-id-meta":"","stick-header-meta":"","header-above-stick-meta":"","header-main-stick-meta":"","header-below-stick-meta":"","astra-migrate-meta-layouts":"default","ast-page-background-enabled":"default","ast-page-background-meta":{"desktop":{"background-color":"var(--ast-global-color-4)","background-image":"","background-repeat":"repeat","background-position":"center center","background-size":"auto","background-attachment":"scroll","background-type":"","background-media":"","overlay-type":"","overlay-color":"","overlay-opacity":"","overlay-gradient":""},"tablet":{"background-color":"","background-image":"","background-repeat":"repeat","background-position":"center center","background-size":"auto","background-attachment":"scroll","background-type":"","background-media":"","overlay-type":"","overlay-color":"","overlay-opacity":"","overlay-gradient":""},"mobile":{"background-color":"","background-image":"","background-repeat":"repeat","background-position":"center center","background-size":"auto","background-attachment":"scroll","background-type":"","background-media":"","overlay-type":"","overlay-color":"","overlay-opacity":"","overlay-gradient":""}},"ast-content-background-meta":{"desktop":{"background-color":"var(--ast-global-color-5)","background-image":"","background-repeat":"repeat","background-position":"center center","background-size":"auto","background-attachment":"scroll","background-type":"","background-media":"","overlay-type":"","overlay-color":"","overlay-opacity":"","overlay-gradient":""},"tablet":{"background-color":"var(--ast-global-color-5)","background-image":"","background-repeat":"repeat","background-position":"center center","background-size":"auto","background-attachment":"scroll","background-type":"","background-media":"","overlay-type":"","overlay-color":"","overlay-opacity":"","overlay-gradient":""},"mobile":{"background-color":"var(--ast-global-color-5)","background-image":"","background-repeat":"repeat","background-position":"center center","background-size":"auto","background-attachment":"scroll","background-type":"","background-media":"","overlay-type":"","overlay-color":"","overlay-opacity":"","overlay-gradient":""}}},"product_brand":[],"product_cat":[47,430,1200],"product_tag":[147,513,566,457,287,1278,215,249,184],"class_list":{"0":"post-8084","1":"product","2":"type-product","3":"status-publish","4":"has-post-thumbnail","6":"product_cat-classic","7":"product_cat-men","8":"product_cat-mens-shoes-2","9":"product_tag-brown-loafers","10":"product_tag-business-casual-shoes","11":"product_tag-calfskin-shoes","12":"product_tag-classic-loafers","13":"product_tag-eva-sole-shoes","14":"product_tag-goat-lining-shoes","15":"product_tag-leather-loafers","16":"product_tag-mens-brown-leather-loafers","17":"product_tag-slip-on-shoes","18":"desktop-align-center","19":"tablet-align-center","20":"mobile-align-center","22":"first","23":"instock","24":"shipping-taxable","25":"purchasable","26":"product-type-variable","27":"has-default-attributes"},"acf":[],"uagb_featured_image_src":{"full":["https:\/\/turkishtrade.co\/wp-content\/uploads\/2026\/01\/2600NZTMN00002-BROWN.png",453,250,false],"thumbnail":["https:\/\/turkishtrade.co\/wp-content\/uploads\/2026\/01\/2600NZTMN00002-BROWN-150x150.png",150,150,true],"medium":["https:\/\/turkishtrade.co\/wp-content\/uploads\/2026\/01\/2600NZTMN00002-BROWN-300x166.png",300,166,true],"medium_large":["https:\/\/turkishtrade.co\/wp-content\/uploads\/2026\/01\/2600NZTMN00002-BROWN.png",453,250,false],"large":["https:\/\/turkishtrade.co\/wp-content\/uploads\/2026\/01\/2600NZTMN00002-BROWN.png",453,250,false],"1536x1536":["https:\/\/turkishtrade.co\/wp-content\/uploads\/2026\/01\/2600NZTMN00002-BROWN.png",453,250,false],"2048x2048":["https:\/\/turkishtrade.co\/wp-content\/uploads\/2026\/01\/2600NZTMN00002-BROWN.png",453,250,false],"trp-custom-language-flag":["https:\/\/turkishtrade.co\/wp-content\/uploads\/2026\/01\/2600NZTMN00002-BROWN-18x10.png",18,10,true],"woocommerce_thumbnail":["https:\/\/turkishtrade.co\/wp-content\/uploads\/2026\/01\/2600NZTMN00002-BROWN-400x250.png",400,250,true],"woocommerce_single":["https:\/\/turkishtrade.co\/wp-content\/uploads\/2026\/01\/2600NZTMN00002-BROWN.png",453,250,false],"woocommerce_gallery_thumbnail":["https:\/\/turkishtrade.co\/wp-content\/uploads\/2026\/01\/2600NZTMN00002-BROWN-100x100.png",100,100,true]},"uagb_author_info":{"display_name":"python python","author_link":"https:\/\/turkishtrade.co\/fr\/author\/"},"uagb_comment_info":0,"uagb_excerpt":"Crafted from premium Calf Leather for durability and style Luxurious Goat Leather Lining for superior comfort and breathability Lightweight and flexible EVA Sole provides exceptional cushioning Features a distinctive buckle detail for a touch of classic elegance Available in a range of sizes: 40, 41, 42, 43, 44 Minimum Order: 16 Pairs (Wholesale Availability)","_links":{"self":[{"href":"https:\/\/turkishtrade.co\/fr\/wp-json\/wp\/v2\/product\/8084","targetHints":{"allow":["GET"]}}],"collection":[{"href":"https:\/\/turkishtrade.co\/fr\/wp-json\/wp\/v2\/product"}],"about":[{"href":"https:\/\/turkishtrade.co\/fr\/wp-json\/wp\/v2\/types\/product"}],"wp:featuredmedia":[{"embeddable":true,"href":"https:\/\/turkishtrade.co\/fr\/wp-json\/wp\/v2\/media\/7001"}],"wp:attachment":[{"href":"https:\/\/turkishtrade.co\/fr\/wp-json\/wp\/v2\/media?parent=8084"}],"wp:term":[{"taxonomy":"product_brand","embeddable":true,"href":"https:\/\/turkishtrade.co\/fr\/wp-json\/wp\/v2\/product_brand?post=8084"},{"taxonomy":"product_cat","embeddable":true,"href":"https:\/\/turkishtrade.co\/fr\/wp-json\/wp\/v2\/product_cat?post=8084"},{"taxonomy":"product_tag","embeddable":true,"href":"https:\/\/turkishtrade.co\/fr\/wp-json\/wp\/v2\/product_tag?post=8084"}],"curies":[{"name":"wp","href":"https:\/\/api.w.org\/{rel}","templated":true}]}}