{"id":8083,"date":"2026-01-29T14:47:26","date_gmt":"2026-01-29T14:47:26","guid":{"rendered":"https:\/\/turkishtrade.co\/?post_type=product&#038;p=8083"},"modified":"2026-04-09T20:36:43","modified_gmt":"2026-04-09T20:36:43","slug":"mens-black-leather-loafers-20","status":"publish","type":"product","link":"https:\/\/turkishtrade.co\/fr\/shop\/mens-black-leather-loafers-20\/","title":{"rendered":"Mocassins en cuir noir Hommes imbattable | Mocassins classiques en cuir de veau noir Hommes"},"content":{"rendered":"<p><strong>Mocassins en cuir noir pour hommes<\/strong>. Une qualit\u00e9 et un design imbattables.<\/p>\n<p>Un style intemporel et un confort in\u00e9gal\u00e9 pour nos mocassins classiques en cuir noir pour hommes. M\u00e9ticuleusement con\u00e7us pour r\u00e9pondre aux exigences de l'homme moderne, ces mocassins allient harmonieusement un design traditionnel \u00e0 des caract\u00e9ristiques de confort contemporaines. Fabriqu\u00e9 \u00e0 partir du meilleur cuir de veau, le dessus pr\u00e9sente une texture riche et souple qui exsude la sophistication, ce qui rend ces mocassins tr\u00e8s confortables. <b>Mocassins en cuir noir pour hommes<\/b> un compl\u00e9ment essentiel \u00e0 toute garde-robe exigeante. Qu'il s'agisse d'une salle de conf\u00e9rence ou d'une soir\u00e9e raffin\u00e9e, ces chaussures promettent de rehausser votre look gr\u00e2ce \u00e0 leur \u00e9l\u00e9gance discr\u00e8te.<\/p>\n<h3>Un confort in\u00e9gal\u00e9 et des mat\u00e9riaux de premi\u00e8re qualit\u00e9<\/h3>\n<p>Faites l'exp\u00e9rience d'un confort luxueux \u00e0 chaque pas, gr\u00e2ce \u00e0 la construction r\u00e9fl\u00e9chie de ces produits d'exception. <b>Mocassins en cuir noir pour hommes<\/b>. L'int\u00e9rieur est doubl\u00e9 de cuir de ch\u00e8vre v\u00e9ritable, connu pour son incroyable douceur et sa respirabilit\u00e9. Cette doublure de qualit\u00e9 sup\u00e9rieure garantit un ajustement confortable et sans irritation, m\u00eame en cas de port prolong\u00e9, gardant vos pieds au frais et au sec tout au long de la journ\u00e9e. Sous la chaussure, une semelle EVA de pointe offre un amorti sup\u00e9rieur et une flexibilit\u00e9 remarquable. Cette semelle l\u00e9g\u00e8re absorbe efficacement les impacts, r\u00e9duisant la fatigue et offrant une excellente traction sur une vari\u00e9t\u00e9 de surfaces, garantissant stabilit\u00e9 et confiance o\u00f9 que vous alliez dans la journ\u00e9e.<\/p>\n<h3>Un style polyvalent pour toutes les occasions<\/h3>\n<p>Notre classique <b>Mocassins en cuir noir pour hommes<\/b> sont con\u00e7ues pour \u00eatre polyvalentes, ce qui les rend parfaites pour un large \u00e9ventail de situations. Leur finition noire intemporelle et leur silhouette classique leur permettent de s'associer sans effort \u00e0 un costume d'affaires pour une apparence formelle, ou \u00e0 un pantalon chino et un blazer pour un ensemble d\u00e9contract\u00e9. Le d\u00e9tail m\u00e9tallique subtil sur l'empeigne ajoute une touche de sophistication raffin\u00e9e sans \u00eatre trop imposant, soulignant l'\u00e9l\u00e9gance de la fabrication de la chaussure. Disponibles dans les pointures europ\u00e9ennes 40 \u00e0 44, ces mocassins sont con\u00e7us pour s'adapter parfaitement \u00e0 une client\u00e8le diversifi\u00e9e.<\/p>\n<h3>Opportunit\u00e9 de vente en gros pour les entreprises<\/h3>\n<p>Pour les d\u00e9taillants et les entreprises qui cherchent \u00e0 offrir des chaussures de haute qualit\u00e9, ces mocassins classiques en cuir noir pour hommes sont disponibles \u00e0 l'achat en gros. Avec une quantit\u00e9 minimale de commande de seulement 16 paires, vous pouvez facilement approvisionner votre inventaire avec un produit qui promet \u00e0 la fois style et durabilit\u00e9. Nos mocassins repr\u00e9sentent un excellent investissement, combinant des mat\u00e9riaux de premi\u00e8re qualit\u00e9 tels que le cuir de veau durable et la doublure en cuir de ch\u00e8vre souple avec une semelle EVA confortable. Offrez \u00e0 vos clients un produit qu'ils ch\u00e9riront, reconnu pour son attrait durable et sa construction sup\u00e9rieure. Am\u00e9liorez votre collection de chaussures et r\u00e9pondez aux besoins des clients qui appr\u00e9cient le savoir-faire et le design classique.<\/p>","protected":false},"excerpt":{"rendered":"<ul>\n<li>Tige en cuir de veau de premi\u00e8re qualit\u00e9 pour un look et un toucher sophistiqu\u00e9s.<\/li>\n<li>La doublure en cuir de ch\u00e8vre souple et respirant assure un confort sup\u00e9rieur.<\/li>\n<li>Semelle EVA l\u00e9g\u00e8re et flexible offrant un excellent amorti et une bonne adh\u00e9rence.<\/li>\n<li>Mocassins classiques convenant \u00e0 diverses occasions.<\/li>\n<li>Disponible dans les tailles europ\u00e9ennes 40, 41, 42, 43, 44.<\/li>\n<li>Id\u00e9al pour les achats en gros avec une quantit\u00e9 minimale de 16 paires.<\/li>\n<\/ul>","protected":false},"featured_media":6999,"template":"","meta":{"_acf_changed":false,"_uag_custom_page_level_css":"","site-sidebar-layout":"default","site-content-layout":"","ast-site-content-layout":"default","site-content-style":"default","site-sidebar-style":"default","ast-global-header-display":"","ast-banner-title-visibility":"","ast-main-header-display":"","ast-hfb-above-header-display":"","ast-hfb-below-header-display":"","ast-hfb-mobile-header-display":"","site-post-title":"","ast-breadcrumbs-content":"","ast-featured-img":"","footer-sml-layout":"","ast-disable-related-posts":"","theme-transparent-header-meta":"","adv-header-id-meta":"","stick-header-meta":"","header-above-stick-meta":"","header-main-stick-meta":"","header-below-stick-meta":"","astra-migrate-meta-layouts":"default","ast-page-background-enabled":"default","ast-page-background-meta":{"desktop":{"background-color":"var(--ast-global-color-4)","background-image":"","background-repeat":"repeat","background-position":"center center","background-size":"auto","background-attachment":"scroll","background-type":"","background-media":"","overlay-type":"","overlay-color":"","overlay-opacity":"","overlay-gradient":""},"tablet":{"background-color":"","background-image":"","background-repeat":"repeat","background-position":"center center","background-size":"auto","background-attachment":"scroll","background-type":"","background-media":"","overlay-type":"","overlay-color":"","overlay-opacity":"","overlay-gradient":""},"mobile":{"background-color":"","background-image":"","background-repeat":"repeat","background-position":"center center","background-size":"auto","background-attachment":"scroll","background-type":"","background-media":"","overlay-type":"","overlay-color":"","overlay-opacity":"","overlay-gradient":""}},"ast-content-background-meta":{"desktop":{"background-color":"var(--ast-global-color-5)","background-image":"","background-repeat":"repeat","background-position":"center center","background-size":"auto","background-attachment":"scroll","background-type":"","background-media":"","overlay-type":"","overlay-color":"","overlay-opacity":"","overlay-gradient":""},"tablet":{"background-color":"var(--ast-global-color-5)","background-image":"","background-repeat":"repeat","background-position":"center center","background-size":"auto","background-attachment":"scroll","background-type":"","background-media":"","overlay-type":"","overlay-color":"","overlay-opacity":"","overlay-gradient":""},"mobile":{"background-color":"var(--ast-global-color-5)","background-image":"","background-repeat":"repeat","background-position":"center center","background-size":"auto","background-attachment":"scroll","background-type":"","background-media":"","overlay-type":"","overlay-color":"","overlay-opacity":"","overlay-gradient":""}}},"product_brand":[],"product_cat":[47,430,1200],"product_tag":[196,513,185,457,287,352,324,186,184,254],"class_list":{"0":"post-8083","1":"product","2":"type-product","3":"status-publish","4":"has-post-thumbnail","6":"product_cat-classic","7":"product_cat-men","8":"product_cat-mens-shoes-2","9":"product_tag-black-leather-shoes","10":"product_tag-business-casual-shoes","11":"product_tag-calf-leather-shoes","12":"product_tag-classic-loafers","13":"product_tag-eva-sole-shoes","14":"product_tag-formal-loafers","15":"product_tag-mens-dress-shoes","16":"product_tag-mens-loafers","17":"product_tag-slip-on-shoes","18":"product_tag-wholesale-footwear","19":"desktop-align-center","20":"tablet-align-center","21":"mobile-align-center","23":"first","24":"instock","25":"shipping-taxable","26":"purchasable","27":"product-type-variable","28":"has-default-attributes"},"acf":[],"uagb_featured_image_src":{"full":["https:\/\/turkishtrade.co\/wp-content\/uploads\/2026\/01\/2600NZTMN00001-BLACK.png",453,250,false],"thumbnail":["https:\/\/turkishtrade.co\/wp-content\/uploads\/2026\/01\/2600NZTMN00001-BLACK-150x150.png",150,150,true],"medium":["https:\/\/turkishtrade.co\/wp-content\/uploads\/2026\/01\/2600NZTMN00001-BLACK-300x166.png",300,166,true],"medium_large":["https:\/\/turkishtrade.co\/wp-content\/uploads\/2026\/01\/2600NZTMN00001-BLACK.png",453,250,false],"large":["https:\/\/turkishtrade.co\/wp-content\/uploads\/2026\/01\/2600NZTMN00001-BLACK.png",453,250,false],"1536x1536":["https:\/\/turkishtrade.co\/wp-content\/uploads\/2026\/01\/2600NZTMN00001-BLACK.png",453,250,false],"2048x2048":["https:\/\/turkishtrade.co\/wp-content\/uploads\/2026\/01\/2600NZTMN00001-BLACK.png",453,250,false],"trp-custom-language-flag":["https:\/\/turkishtrade.co\/wp-content\/uploads\/2026\/01\/2600NZTMN00001-BLACK-18x10.png",18,10,true],"woocommerce_thumbnail":["https:\/\/turkishtrade.co\/wp-content\/uploads\/2026\/01\/2600NZTMN00001-BLACK-400x250.png",400,250,true],"woocommerce_single":["https:\/\/turkishtrade.co\/wp-content\/uploads\/2026\/01\/2600NZTMN00001-BLACK.png",453,250,false],"woocommerce_gallery_thumbnail":["https:\/\/turkishtrade.co\/wp-content\/uploads\/2026\/01\/2600NZTMN00001-BLACK-100x100.png",100,100,true]},"uagb_author_info":{"display_name":"python python","author_link":"https:\/\/turkishtrade.co\/fr\/author\/"},"uagb_comment_info":0,"uagb_excerpt":"Premium calf leather upper for a sophisticated look and feel. Soft, breathable goat leather lining ensures superior comfort. Lightweight and flexible EVA sole provides excellent cushioning and grip. Classic slip-on loafer design suitable for various occasions. Available in European sizes 40, 41, 42, 43, 44. Ideal for wholesale purchase with a minimum order quantity of\u2026","_links":{"self":[{"href":"https:\/\/turkishtrade.co\/fr\/wp-json\/wp\/v2\/product\/8083","targetHints":{"allow":["GET"]}}],"collection":[{"href":"https:\/\/turkishtrade.co\/fr\/wp-json\/wp\/v2\/product"}],"about":[{"href":"https:\/\/turkishtrade.co\/fr\/wp-json\/wp\/v2\/types\/product"}],"wp:featuredmedia":[{"embeddable":true,"href":"https:\/\/turkishtrade.co\/fr\/wp-json\/wp\/v2\/media\/6999"}],"wp:attachment":[{"href":"https:\/\/turkishtrade.co\/fr\/wp-json\/wp\/v2\/media?parent=8083"}],"wp:term":[{"taxonomy":"product_brand","embeddable":true,"href":"https:\/\/turkishtrade.co\/fr\/wp-json\/wp\/v2\/product_brand?post=8083"},{"taxonomy":"product_cat","embeddable":true,"href":"https:\/\/turkishtrade.co\/fr\/wp-json\/wp\/v2\/product_cat?post=8083"},{"taxonomy":"product_tag","embeddable":true,"href":"https:\/\/turkishtrade.co\/fr\/wp-json\/wp\/v2\/product_tag?post=8083"}],"curies":[{"name":"wp","href":"https:\/\/api.w.org\/{rel}","templated":true}]}}