{"id":8055,"date":"2026-01-29T14:47:15","date_gmt":"2026-01-29T14:47:15","guid":{"rendered":"https:\/\/turkishtrade.co\/?post_type=product&#038;p=8055"},"modified":"2026-04-09T20:37:12","modified_gmt":"2026-04-09T20:37:12","slug":"black-leather-eva-sole-oxfords","status":"publish","type":"product","link":"https:\/\/turkishtrade.co\/fr\/shop\/black-leather-eva-sole-oxfords\/","title":{"rendered":"Noir Cuir EVA Sole Oxfords Proven | Men's Black Leather EVA Sole"},"content":{"rendered":"<p><strong>Chaussures de sport en cuir noir \u00e0 semelle en EVA<\/strong>. Qualit\u00e9 et conception \u00e9prouv\u00e9es.<\/p>\n<p>Entrez dans un style et un confort in\u00e9gal\u00e9s gr\u00e2ce \u00e0 nos magnifiques <b>Chaussures de sport en cuir noir \u00e0 semelle en EVA<\/b>. Con\u00e7ues pour l'homme moderne qui appr\u00e9cie \u00e0 la fois l'esth\u00e9tique classique et la fonctionnalit\u00e9 contemporaine, ces chaussures sont un compl\u00e9ment parfait \u00e0 toute garde-robe exigeante. Chaque paire est m\u00e9ticuleusement fabriqu\u00e9e pour offrir non seulement une chaussure, mais aussi une exp\u00e9rience de luxe et de durabilit\u00e9. Que vous vous rendiez \u00e0 une r\u00e9union d'affaires d\u00e9contract\u00e9e, que vous sortiez le week-end ou que vous recherchiez simplement des chaussures sophistiqu\u00e9es pour tous les jours, ces Oxfords s'adaptent sans effort \u00e0 toutes les occasions.<\/p>\n<h3>Un savoir-faire in\u00e9gal\u00e9 et des mat\u00e9riaux de premi\u00e8re qualit\u00e9<\/h3>\n<p>Notre <b>Chaussures de sport en cuir noir \u00e0 semelle en EVA<\/b> se distinguent par leur construction sup\u00e9rieure. La tige est fabriqu\u00e9e en <em>cuir de veau de premi\u00e8re qualit\u00e9<\/em>, Ce cuir est r\u00e9put\u00e9 pour sa texture douce, sa durabilit\u00e9 et sa capacit\u00e9 \u00e0 d\u00e9velopper une belle patine au fil du temps. Ce cuir de haute qualit\u00e9 garantit que vos chaussures ne sont pas seulement raffin\u00e9es, mais qu'elles r\u00e9sistent \u00e9galement \u00e0 l'\u00e9preuve du temps. En compl\u00e9ment de l'ext\u00e9rieur robuste, l'int\u00e9rieur est dot\u00e9 d'un cuir somptueusement doux. <em>doublure en cuir de ch\u00e8vre<\/em>. Cette doublure naturelle offre une respirabilit\u00e9 exceptionnelle et des propri\u00e9t\u00e9s d'\u00e9vacuation de l'humidit\u00e9, ce qui permet \u00e0 vos pieds de rester confortables et frais tout au long de la journ\u00e9e, m\u00eame en cas de port prolong\u00e9.<\/p>\n<h3>Confort l\u00e9ger gr\u00e2ce \u00e0 la technologie de la semelle EVA<\/h3>\n<p>Ce qui distingue vraiment ces chaussures de ville pour hommes, c'est leur semelle EVA innovante. Contrairement aux semelles lourdes traditionnelles, la semelle EVA l\u00e9g\u00e8re offre un amorti et une flexibilit\u00e9 remarquables. Ce mat\u00e9riau de pointe absorbe les chocs, r\u00e9duisant la tension sur vos pieds et vos articulations, ce qui rend ces chaussures incroyablement confortables \u00e0 porter tout au long de la journ\u00e9e. Le motif ondul\u00e9 distinctif de la semelle offre \u00e9galement une excellente adh\u00e9rence, garantissant la stabilit\u00e9 sur diverses surfaces. L'\u00e9l\u00e9gante tr\u00e9pointe marron clair ajoute une touche d'artisanat sur mesure, cr\u00e9ant un contraste saisissant avec le cuir noir profond et renfor\u00e7ant l'attrait sophistiqu\u00e9 mais d\u00e9contract\u00e9 de la chaussure.<\/p>\n<h3>Un style polyvalent pour toutes les occasions<\/h3>\n<p>Le design Oxford intemporel re\u00e7oit une touche de modernit\u00e9 gr\u00e2ce \u00e0 la semelle EVA plus \u00e9paisse, ce qui en fait le choix ultime pour un look \u2018classique d\u00e9contract\u00e9\u2019. Elles font le lien entre le formel et l'informel, vous permettant de les associer \u00e0 un pantalon de tailleur pour un ensemble chic et d\u00e9contract\u00e9 ou \u00e0 un jean pour un look plus d\u00e9contract\u00e9 mais poli. Disponibles dans une gamme de tailles allant du 40 au 44 europ\u00e9en, ces <b>Chaussures de sport en cuir noir \u00e0 semelle en EVA<\/b> sont con\u00e7ues pour offrir un ajustement parfait. Investissez dans une paire de chaussures qui vous promet un style durable, un confort supr\u00eame et une qualit\u00e9 exceptionnelle, pr\u00eate \u00e0 rehausser votre collection de chaussures de tous les jours.<\/p>\n<h3>Possibilit\u00e9s de vente en gros<\/h3>\n<p>Pour les entreprises souhaitant proposer des chaussures pour hommes de qualit\u00e9 sup\u00e9rieure, ces chaussures Oxford en cuir noir \u00e0 semelle EVA sont disponibles \u00e0 l'achat en gros. Veuillez noter qu'une quantit\u00e9 minimale de commande de 16 paires s'applique \u00e0 toutes les demandes de vente en gros.<\/p>","protected":false},"excerpt":{"rendered":"<ul>\n<li>Tige en cuir de veau de premi\u00e8re qualit\u00e9 pour une qualit\u00e9 durable et un attrait sophistiqu\u00e9.<\/li>\n<li>La doublure en cuir de ch\u00e8vre luxueux assure un confort et une respirabilit\u00e9 exceptionnels.<\/li>\n<li>Semelle EVA l\u00e9g\u00e8re et flexible pour un amorti et un soutien tout au long de la journ\u00e9e.<\/li>\n<li>Silhouette Oxford classique r\u00e9imagin\u00e9e pour une \u00e9l\u00e9gance moderne et d\u00e9contract\u00e9e.<\/li>\n<li>Disponible dans les tailles europ\u00e9ennes 40, 41, 42, 43, 44 (largeur standard D).<\/li>\n<li>Possibilit\u00e9 de vente en gros avec une quantit\u00e9 minimale de 16 paires.<\/li>\n<\/ul>","protected":false},"featured_media":6704,"template":"","meta":{"_acf_changed":false,"_uag_custom_page_level_css":"","site-sidebar-layout":"default","site-content-layout":"","ast-site-content-layout":"default","site-content-style":"default","site-sidebar-style":"default","ast-global-header-display":"","ast-banner-title-visibility":"","ast-main-header-display":"","ast-hfb-above-header-display":"","ast-hfb-below-header-display":"","ast-hfb-mobile-header-display":"","site-post-title":"","ast-breadcrumbs-content":"","ast-featured-img":"","footer-sml-layout":"","ast-disable-related-posts":"","theme-transparent-header-meta":"","adv-header-id-meta":"","stick-header-meta":"","header-above-stick-meta":"","header-main-stick-meta":"","header-below-stick-meta":"","astra-migrate-meta-layouts":"default","ast-page-background-enabled":"default","ast-page-background-meta":{"desktop":{"background-color":"var(--ast-global-color-4)","background-image":"","background-repeat":"repeat","background-position":"center center","background-size":"auto","background-attachment":"scroll","background-type":"","background-media":"","overlay-type":"","overlay-color":"","overlay-opacity":"","overlay-gradient":""},"tablet":{"background-color":"","background-image":"","background-repeat":"repeat","background-position":"center center","background-size":"auto","background-attachment":"scroll","background-type":"","background-media":"","overlay-type":"","overlay-color":"","overlay-opacity":"","overlay-gradient":""},"mobile":{"background-color":"","background-image":"","background-repeat":"repeat","background-position":"center center","background-size":"auto","background-attachment":"scroll","background-type":"","background-media":"","overlay-type":"","overlay-color":"","overlay-opacity":"","overlay-gradient":""}},"ast-content-background-meta":{"desktop":{"background-color":"var(--ast-global-color-5)","background-image":"","background-repeat":"repeat","background-position":"center center","background-size":"auto","background-attachment":"scroll","background-type":"","background-media":"","overlay-type":"","overlay-color":"","overlay-opacity":"","overlay-gradient":""},"tablet":{"background-color":"var(--ast-global-color-5)","background-image":"","background-repeat":"repeat","background-position":"center center","background-size":"auto","background-attachment":"scroll","background-type":"","background-media":"","overlay-type":"","overlay-color":"","overlay-opacity":"","overlay-gradient":""},"mobile":{"background-color":"var(--ast-global-color-5)","background-image":"","background-repeat":"repeat","background-position":"center center","background-size":"auto","background-attachment":"scroll","background-type":"","background-media":"","overlay-type":"","overlay-color":"","overlay-opacity":"","overlay-gradient":""}}},"product_brand":[],"product_cat":[48,47,430,1200],"product_tag":[196,1270,272,944,287,227,549,250,281],"class_list":{"0":"post-8055","1":"product","2":"type-product","3":"status-publish","4":"has-post-thumbnail","6":"product_cat-casual","7":"product_cat-classic","8":"product_cat-men","9":"product_cat-mens-shoes-2","10":"product_tag-black-leather-shoes","11":"product_tag-casual-oxfords","12":"product_tag-comfort-shoes","13":"product_tag-dress-casual","14":"product_tag-eva-sole-shoes","15":"product_tag-leather-shoes","16":"product_tag-mens-oxfords","17":"product_tag-premium-leather","18":"product_tag-wholesale-shoes","19":"desktop-align-center","20":"tablet-align-center","21":"mobile-align-center","23":"first","24":"instock","25":"shipping-taxable","26":"purchasable","27":"product-type-variable","28":"has-default-attributes"},"acf":[],"uagb_featured_image_src":{"full":["https:\/\/turkishtrade.co\/wp-content\/uploads\/2026\/01\/2600MSOMN00010-BLACK.png",453,250,false],"thumbnail":["https:\/\/turkishtrade.co\/wp-content\/uploads\/2026\/01\/2600MSOMN00010-BLACK-150x150.png",150,150,true],"medium":["https:\/\/turkishtrade.co\/wp-content\/uploads\/2026\/01\/2600MSOMN00010-BLACK-300x166.png",300,166,true],"medium_large":["https:\/\/turkishtrade.co\/wp-content\/uploads\/2026\/01\/2600MSOMN00010-BLACK.png",453,250,false],"large":["https:\/\/turkishtrade.co\/wp-content\/uploads\/2026\/01\/2600MSOMN00010-BLACK.png",453,250,false],"1536x1536":["https:\/\/turkishtrade.co\/wp-content\/uploads\/2026\/01\/2600MSOMN00010-BLACK.png",453,250,false],"2048x2048":["https:\/\/turkishtrade.co\/wp-content\/uploads\/2026\/01\/2600MSOMN00010-BLACK.png",453,250,false],"trp-custom-language-flag":["https:\/\/turkishtrade.co\/wp-content\/uploads\/2026\/01\/2600MSOMN00010-BLACK-18x10.png",18,10,true],"woocommerce_thumbnail":["https:\/\/turkishtrade.co\/wp-content\/uploads\/2026\/01\/2600MSOMN00010-BLACK-400x250.png",400,250,true],"woocommerce_single":["https:\/\/turkishtrade.co\/wp-content\/uploads\/2026\/01\/2600MSOMN00010-BLACK.png",453,250,false],"woocommerce_gallery_thumbnail":["https:\/\/turkishtrade.co\/wp-content\/uploads\/2026\/01\/2600MSOMN00010-BLACK-100x100.png",100,100,true]},"uagb_author_info":{"display_name":"python python","author_link":"https:\/\/turkishtrade.co\/fr\/author\/"},"uagb_comment_info":0,"uagb_excerpt":"Premium calf leather upper for lasting quality and sophisticated appeal. Luxurious goat leather lining ensures exceptional comfort and breathability. Lightweight and flexible EVA sole provides all-day cushioning and support. Classic Oxford silhouette reimagined for modern, casual elegance. Available in European sizes 40, 41, 42, 43, 44 (standard D width). Wholesale opportunities available with a minimum\u2026","_links":{"self":[{"href":"https:\/\/turkishtrade.co\/fr\/wp-json\/wp\/v2\/product\/8055","targetHints":{"allow":["GET"]}}],"collection":[{"href":"https:\/\/turkishtrade.co\/fr\/wp-json\/wp\/v2\/product"}],"about":[{"href":"https:\/\/turkishtrade.co\/fr\/wp-json\/wp\/v2\/types\/product"}],"wp:featuredmedia":[{"embeddable":true,"href":"https:\/\/turkishtrade.co\/fr\/wp-json\/wp\/v2\/media\/6704"}],"wp:attachment":[{"href":"https:\/\/turkishtrade.co\/fr\/wp-json\/wp\/v2\/media?parent=8055"}],"wp:term":[{"taxonomy":"product_brand","embeddable":true,"href":"https:\/\/turkishtrade.co\/fr\/wp-json\/wp\/v2\/product_brand?post=8055"},{"taxonomy":"product_cat","embeddable":true,"href":"https:\/\/turkishtrade.co\/fr\/wp-json\/wp\/v2\/product_cat?post=8055"},{"taxonomy":"product_tag","embeddable":true,"href":"https:\/\/turkishtrade.co\/fr\/wp-json\/wp\/v2\/product_tag?post=8055"}],"curies":[{"name":"wp","href":"https:\/\/api.w.org\/{rel}","templated":true}]}}