{"id":8029,"date":"2026-01-29T14:47:01","date_gmt":"2026-01-29T14:47:01","guid":{"rendered":"https:\/\/turkishtrade.co\/?post_type=product&#038;p=8029"},"modified":"2026-04-09T20:37:53","modified_gmt":"2026-04-09T20:37:53","slug":"mens-brown-leather-derby-shoes-13","status":"publish","type":"product","link":"https:\/\/turkishtrade.co\/fr\/shop\/mens-brown-leather-derby-shoes-13\/","title":{"rendered":"Chaussures derby en cuir marron pour hommes Meilleures ventes | Capuchon en cuir de veau marron pour hommes"},"content":{"rendered":"<p>Entrez dans un style sophistiqu\u00e9 gr\u00e2ce \u00e0 notre <strong>Chaussures derby en cuir marron pour hommes<\/strong>, Ces chaussures sont fabriqu\u00e9es avec soin pour offrir une \u00e9l\u00e9gance intemporelle et un confort in\u00e9gal\u00e9. Ces chaussures derby classiques sont un compl\u00e9ment essentiel \u00e0 la garde-robe de tout gentleman exigeant, parfaites pour les affaires et les occasions d\u00e9contract\u00e9es. Nos <strong>Chaussures derby en cuir marron pour hommes<\/strong> sont con\u00e7us pour ceux qui appr\u00e9cient le savoir-faire et les mat\u00e9riaux de qualit\u00e9 sup\u00e9rieure.<\/p>\n<h3>Qualit\u00e9 et mat\u00e9riaux in\u00e9gal\u00e9s<\/h3>\n<p>Chaque paire de ces superbes <strong>Chaussures derby en cuir marron pour hommes<\/strong> est dot\u00e9e d'une tige en cuir de veau de premi\u00e8re qualit\u00e9, connue pour sa texture souple, sa durabilit\u00e9 exceptionnelle et sa riche teinte marron fonc\u00e9. Le grain naturel du cuir de veau ajoute une touche de caract\u00e8re raffin\u00e9, garantissant que vos chaussures vieilliront magnifiquement au fil du temps. Au-del\u00e0 de l'\u00e9l\u00e9gance ext\u00e9rieure, l'int\u00e9rieur est dot\u00e9 d'une luxueuse doublure en cuir de ch\u00e8vre, offrant un environnement exceptionnellement doux et respirant \u00e0 vos pieds. Cet engagement en faveur de mat\u00e9riaux de haute qualit\u00e9 garantit un confort maximal, m\u00eame en cas de port prolong\u00e9. Les coutures d\u00e9taill\u00e9es et la construction robuste en disent long sur l'attention m\u00e9ticuleuse port\u00e9e aux d\u00e9tails dans chaque paire de ces chaussures derby marron pour homme.<\/p>\n<h3>Con\u00e7u pour le confort et le style<\/h3>\n<p>La conception de ces <strong>Chaussures derby en cuir marron pour hommes<\/strong> marie l'esth\u00e9tique traditionnelle au confort moderne. Dot\u00e9es d'un bout classique, ces chaussures d\u00e9gagent un charme raffin\u00e9 qui leur permet de s'adapter \u00e0 diverses tenues, du costume sur mesure au jean chic. La semelle microlight innovante est une caract\u00e9ristique remarquable, offrant une l\u00e9g\u00e8ret\u00e9 et une flexibilit\u00e9 incroyables sans compromettre le soutien ou l'adh\u00e9rence. Contrairement aux semelles traditionnelles plus lourdes, la semelle microlight offre un excellent amorti et r\u00e9duit la fatigue du pied, ce qui fait de ces chaussures en cuir marron pour homme des chaussures id\u00e9ales \u00e0 porter tout au long de la journ\u00e9e. Le motif subtil mais distinctif sur le contrefort du talon ajoute une touche unique, distinguant ces chaussures derby en termes de design et d'attrait.<\/p>\n<h3>Parfait pour les partenariats de gros<\/h3>\n<p>Pour les d\u00e9taillants et les entreprises qui souhaitent proposer des chaussures haut de gamme \u00e0 leurs clients, nos <strong>Chaussures derby en cuir marron pour hommes<\/strong> sont disponibles \u00e0 l'achat en gros. Nous demandons une commande minimum de 16 paires, ce qui permet aux entreprises de s'approvisionner facilement en cet article populaire et tr\u00e8s demand\u00e9. Propos\u00e9es dans les pointures 39 \u00e0 45, ces chaussures derby marron classiques s'adressent \u00e0 un large \u00e9ventail de clients, garantissant ainsi un large attrait. Faites \u00e9quipe avec nous pour fournir \u00e0 votre client\u00e8le des chaussures de haute qualit\u00e9, \u00e9l\u00e9gantes et confortables qui se d\u00e9marquent sur le march\u00e9. Am\u00e9liorez votre inventaire avec ces chaussures derby en cuir marron de premi\u00e8re qualit\u00e9 qui promettent \u00e0 la fois la qualit\u00e9 et la satisfaction du client.<\/p>\n<p>Investissez dans la qualit\u00e9, le confort et le style intemporel avec nos produits d'exception. <strong>Chaussures derby en cuir marron pour hommes<\/strong>. Ce ne sont pas de simples chaussures, mais une d\u00e9claration de classe et un t\u00e9moignage d'un savoir-faire sup\u00e9rieur, qui promet d'enrichir toute collection de chaussures.<\/p>","protected":false},"excerpt":{"rendered":"<ul>\n<li>Tige en cuir de veau de premi\u00e8re qualit\u00e9 pour une durabilit\u00e9 durable et un style sophistiqu\u00e9<\/li>\n<li>Doublure en cuir de ch\u00e8vre luxueux pour un confort et une respirabilit\u00e9 exceptionnels<\/li>\n<li>Semelle Microlight l\u00e9g\u00e8re et flexible pour une facilit\u00e9 et une adh\u00e9rence tout au long de la journ\u00e9e<\/li>\n<li>Le design classique Cap Toe pour une \u00e9l\u00e9gance intemporelle, adapt\u00e9 \u00e0 toutes les occasions.<\/li>\n<li>Disponible dans une large gamme de tailles : 39, 40, 41, 42, 43, 44, 45<\/li>\n<li>Possibilit\u00e9s de vente en gros : Commande minimale de 16 paires pour les d\u00e9taillants et les entreprises<\/li>\n<\/ul>","protected":false},"featured_media":7055,"template":"","meta":{"_acf_changed":false,"_uag_custom_page_level_css":"","site-sidebar-layout":"default","site-content-layout":"","ast-site-content-layout":"default","site-content-style":"default","site-sidebar-style":"default","ast-global-header-display":"","ast-banner-title-visibility":"","ast-main-header-display":"","ast-hfb-above-header-display":"","ast-hfb-below-header-display":"","ast-hfb-mobile-header-display":"","site-post-title":"","ast-breadcrumbs-content":"","ast-featured-img":"","footer-sml-layout":"","ast-disable-related-posts":"","theme-transparent-header-meta":"","adv-header-id-meta":"","stick-header-meta":"","header-above-stick-meta":"","header-main-stick-meta":"","header-below-stick-meta":"","astra-migrate-meta-layouts":"default","ast-page-background-enabled":"default","ast-page-background-meta":{"desktop":{"background-color":"var(--ast-global-color-4)","background-image":"","background-repeat":"repeat","background-position":"center center","background-size":"auto","background-attachment":"scroll","background-type":"","background-media":"","overlay-type":"","overlay-color":"","overlay-opacity":"","overlay-gradient":""},"tablet":{"background-color":"","background-image":"","background-repeat":"repeat","background-position":"center center","background-size":"auto","background-attachment":"scroll","background-type":"","background-media":"","overlay-type":"","overlay-color":"","overlay-opacity":"","overlay-gradient":""},"mobile":{"background-color":"","background-image":"","background-repeat":"repeat","background-position":"center center","background-size":"auto","background-attachment":"scroll","background-type":"","background-media":"","overlay-type":"","overlay-color":"","overlay-opacity":"","overlay-gradient":""}},"ast-content-background-meta":{"desktop":{"background-color":"var(--ast-global-color-5)","background-image":"","background-repeat":"repeat","background-position":"center center","background-size":"auto","background-attachment":"scroll","background-type":"","background-media":"","overlay-type":"","overlay-color":"","overlay-opacity":"","overlay-gradient":""},"tablet":{"background-color":"var(--ast-global-color-5)","background-image":"","background-repeat":"repeat","background-position":"center center","background-size":"auto","background-attachment":"scroll","background-type":"","background-media":"","overlay-type":"","overlay-color":"","overlay-opacity":"","overlay-gradient":""},"mobile":{"background-color":"var(--ast-global-color-5)","background-image":"","background-repeat":"repeat","background-position":"center center","background-size":"auto","background-attachment":"scroll","background-type":"","background-media":"","overlay-type":"","overlay-color":"","overlay-opacity":"","overlay-gradient":""}}},"product_brand":[],"product_cat":[47,430,1200],"product_tag":[292,1342,458,809,935,189,535,310,466,281],"class_list":{"0":"post-8029","1":"product","2":"type-product","3":"status-publish","4":"has-post-thumbnail","6":"product_cat-classic","7":"product_cat-men","8":"product_cat-mens-shoes-2","9":"product_tag-brown-leather-shoes","10":"product_tag-calfskin-derby","11":"product_tag-cap-toe-shoes","12":"product_tag-classic-mens-footwear","13":"product_tag-formal-shoes-men","14":"product_tag-goat-leather-lining","15":"product_tag-leather-dress-shoes","16":"product_tag-mens-derby-shoes","17":"product_tag-microlight-sole","18":"product_tag-wholesale-shoes","19":"desktop-align-center","20":"tablet-align-center","21":"mobile-align-center","23":"first","24":"instock","25":"shipping-taxable","26":"purchasable","27":"product-type-variable","28":"has-default-attributes"},"acf":[],"uagb_featured_image_src":{"full":["https:\/\/turkishtrade.co\/wp-content\/uploads\/2026\/01\/2600FKHMN00071-BROWN.png",453,250,false],"thumbnail":["https:\/\/turkishtrade.co\/wp-content\/uploads\/2026\/01\/2600FKHMN00071-BROWN-150x150.png",150,150,true],"medium":["https:\/\/turkishtrade.co\/wp-content\/uploads\/2026\/01\/2600FKHMN00071-BROWN-300x166.png",300,166,true],"medium_large":["https:\/\/turkishtrade.co\/wp-content\/uploads\/2026\/01\/2600FKHMN00071-BROWN.png",453,250,false],"large":["https:\/\/turkishtrade.co\/wp-content\/uploads\/2026\/01\/2600FKHMN00071-BROWN.png",453,250,false],"1536x1536":["https:\/\/turkishtrade.co\/wp-content\/uploads\/2026\/01\/2600FKHMN00071-BROWN.png",453,250,false],"2048x2048":["https:\/\/turkishtrade.co\/wp-content\/uploads\/2026\/01\/2600FKHMN00071-BROWN.png",453,250,false],"trp-custom-language-flag":["https:\/\/turkishtrade.co\/wp-content\/uploads\/2026\/01\/2600FKHMN00071-BROWN-18x10.png",18,10,true],"woocommerce_thumbnail":["https:\/\/turkishtrade.co\/wp-content\/uploads\/2026\/01\/2600FKHMN00071-BROWN-400x250.png",400,250,true],"woocommerce_single":["https:\/\/turkishtrade.co\/wp-content\/uploads\/2026\/01\/2600FKHMN00071-BROWN.png",453,250,false],"woocommerce_gallery_thumbnail":["https:\/\/turkishtrade.co\/wp-content\/uploads\/2026\/01\/2600FKHMN00071-BROWN-100x100.png",100,100,true]},"uagb_author_info":{"display_name":"python python","author_link":"https:\/\/turkishtrade.co\/fr\/author\/"},"uagb_comment_info":0,"uagb_excerpt":"Premium Calf Leather Upper for lasting durability and sophisticated style Luxurious Goatskin Leather Lining for exceptional comfort and breathability Lightweight and flexible Microlight Sole for all-day ease and grip Classic Cap Toe design for timeless elegance, suitable for various occasions Available in a comprehensive size range: 39, 40, 41, 42, 43, 44, 45 Wholesale opportunities:\u2026","_links":{"self":[{"href":"https:\/\/turkishtrade.co\/fr\/wp-json\/wp\/v2\/product\/8029","targetHints":{"allow":["GET"]}}],"collection":[{"href":"https:\/\/turkishtrade.co\/fr\/wp-json\/wp\/v2\/product"}],"about":[{"href":"https:\/\/turkishtrade.co\/fr\/wp-json\/wp\/v2\/types\/product"}],"wp:featuredmedia":[{"embeddable":true,"href":"https:\/\/turkishtrade.co\/fr\/wp-json\/wp\/v2\/media\/7055"}],"wp:attachment":[{"href":"https:\/\/turkishtrade.co\/fr\/wp-json\/wp\/v2\/media?parent=8029"}],"wp:term":[{"taxonomy":"product_brand","embeddable":true,"href":"https:\/\/turkishtrade.co\/fr\/wp-json\/wp\/v2\/product_brand?post=8029"},{"taxonomy":"product_cat","embeddable":true,"href":"https:\/\/turkishtrade.co\/fr\/wp-json\/wp\/v2\/product_cat?post=8029"},{"taxonomy":"product_tag","embeddable":true,"href":"https:\/\/turkishtrade.co\/fr\/wp-json\/wp\/v2\/product_tag?post=8029"}],"curies":[{"name":"wp","href":"https:\/\/api.w.org\/{rel}","templated":true}]}}