{"id":8028,"date":"2026-01-29T14:47:01","date_gmt":"2026-01-29T14:47:01","guid":{"rendered":"https:\/\/turkishtrade.co\/?post_type=product&#038;p=8028"},"modified":"2026-04-09T20:37:55","modified_gmt":"2026-04-09T20:37:55","slug":"mens-black-calf-leather-oxford-shoes-3","status":"publish","type":"product","link":"https:\/\/turkishtrade.co\/fr\/shop\/mens-black-calf-leather-oxford-shoes-3\/","title":{"rendered":"Chaussures d'Oxford en cuir de veau noir pour hommes Exclusif | Classic en cuir de veau noir pour hommes"},"content":{"rendered":"<p><strong>Chaussures Oxford en cuir de veau noir pour hommes<\/strong>. Qualit\u00e9 et design exclusifs.<\/p>\n<p>Entrez dans une \u00e9l\u00e9gance in\u00e9gal\u00e9e et une sophistication intemporelle gr\u00e2ce \u00e0 notre exquise <strong>Chaussures Oxford en cuir de veau noir pour hommes<\/strong>. Con\u00e7ues pour le gentleman exigeant, ces chaussures incarnent un style classique et un confort sup\u00e9rieur, ce qui en fait un compl\u00e9ment indispensable \u00e0 toute garde-robe professionnelle ou formelle. Con\u00e7ue avec une attention m\u00e9ticuleuse aux d\u00e9tails, chaque paire promet d'\u00e9lever votre look gr\u00e2ce \u00e0 sa silhouette raffin\u00e9e et ses mat\u00e9riaux de premi\u00e8re qualit\u00e9.<\/p>\n<h3>Qualit\u00e9 et confort in\u00e9gal\u00e9s<\/h3>\n<p>Au c\u0153ur de ces chaussures exceptionnelles se trouve la tige en cuir de veau de haute qualit\u00e9, r\u00e9put\u00e9e pour sa texture lisse, sa durabilit\u00e9 et sa capacit\u00e9 \u00e0 vieillir en beaut\u00e9. La riche teinte noire offre une grande polyvalence, s'associant parfaitement aux costumes pour les r\u00e9unions d'affaires, aux smokings pour les occasions sp\u00e9ciales, ou m\u00eame aux ensembles d\u00e9contract\u00e9s \u00e9l\u00e9gants. \u00c0 l'int\u00e9rieur, vos pieds b\u00e9n\u00e9ficieront d'un confort supr\u00eame gr\u00e2ce \u00e0 la luxueuse doublure en cuir de ch\u00e8vre. Cette mati\u00e8re naturelle est r\u00e9put\u00e9e pour sa respirabilit\u00e9 et sa douceur, offrant un environnement agr\u00e9able \u00e0 vos pieds tout au long de la journ\u00e9e.<\/p>\n<h3>Conception innovante et durabilit\u00e9<\/h3>\n<p>Le fondement de notre <strong>Chaussures Oxford en cuir de veau noir pour hommes<\/strong> est construite sur une semelle microlight innovante. Cette technologie de semelle avanc\u00e9e offre un excellent amorti, une grande flexibilit\u00e9 et une l\u00e9g\u00e8ret\u00e9 remarquable, garantissant une foul\u00e9e confortable sans compromettre la durabilit\u00e9 ou l'adh\u00e9rence. L'accent rouge distinctif sur la semelle inf\u00e9rieure ajoute une touche subtile de modernit\u00e9 au design classique, ce qui permet \u00e0 ces chaussures en cuir noir pour homme de sortir de l'ordinaire. Les surpiq\u00fbres blanches m\u00e9ticuleuses autour de la semelle soulignent la qualit\u00e9 de l'ex\u00e9cution.<\/p>\n<h3>Parfait pour toutes les occasions formelles<\/h3>\n<p>Que vous assistiez \u00e0 un gala, que vous dirigiez une r\u00e9union du conseil d'administration ou que vous fassiez bonne impression lors d'un \u00e9v\u00e9nement de r\u00e9seautage, ces chaussures Oxford classiques sont con\u00e7ues pour vous donner confiance et style. Le syst\u00e8me de la\u00e7age ferm\u00e9 assure un ajustement \u00e9l\u00e9gant et s\u00fbr, caract\u00e9ristique du mod\u00e8le Oxford embl\u00e9matique. Disponibles dans une gamme compl\u00e8te de pointures allant du 39 au 45, nous garantissons un ajustement parfait \u00e0 un large \u00e9ventail de clients \u00e0 la recherche de chaussures haut de gamme.<\/p>\n<h3>Opportunit\u00e9 de vente en gros<\/h3>\n<p>Pour les entreprises qui souhaitent stocker des chaussures de haute qualit\u00e9, nos <strong>Chaussures Oxford en cuir de veau noir pour hommes<\/strong> sont disponibles \u00e0 l'achat en gros. Avec un minimum de commande de seulement 16 paires, vous pouvez facilement satisfaire votre client\u00e8le avec un produit qui promet \u00e0 la fois luxe et long\u00e9vit\u00e9. Investissez dans la qualit\u00e9, investissez dans le style et offrez \u00e0 vos clients ce qu'il y a de mieux en mati\u00e8re de chaussures classiques pour hommes.<\/p>","protected":false},"excerpt":{"rendered":"<ul>\n<li>Dessus en cuir de veau noir de premi\u00e8re qualit\u00e9 pour une \u00e9l\u00e9gance durable<\/li>\n<li>Doublure en cuir de ch\u00e8vre luxueux pour un confort optimal.<\/li>\n<li>Semelle l\u00e9g\u00e8re et durable pour une meilleure adh\u00e9rence<\/li>\n<li>Style Oxford classique, id\u00e9al pour les tenues de ville et d'affaires<\/li>\n<li>Disponible dans les tailles 39-45 pour un ajustement parfait<\/li>\n<li>Les demandes de vente en gros sont les bienvenues avec une commande minimale de 16 paires.<\/li>\n<\/ul>","protected":false},"featured_media":7054,"template":"","meta":{"_acf_changed":false,"_uag_custom_page_level_css":"","site-sidebar-layout":"default","site-content-layout":"","ast-site-content-layout":"default","site-content-style":"default","site-sidebar-style":"default","ast-global-header-display":"","ast-banner-title-visibility":"","ast-main-header-display":"","ast-hfb-above-header-display":"","ast-hfb-below-header-display":"","ast-hfb-mobile-header-display":"","site-post-title":"","ast-breadcrumbs-content":"","ast-featured-img":"","footer-sml-layout":"","ast-disable-related-posts":"","theme-transparent-header-meta":"","adv-header-id-meta":"","stick-header-meta":"","header-above-stick-meta":"","header-main-stick-meta":"","header-below-stick-meta":"","astra-migrate-meta-layouts":"default","ast-page-background-enabled":"default","ast-page-background-meta":{"desktop":{"background-color":"var(--ast-global-color-4)","background-image":"","background-repeat":"repeat","background-position":"center center","background-size":"auto","background-attachment":"scroll","background-type":"","background-media":"","overlay-type":"","overlay-color":"","overlay-opacity":"","overlay-gradient":""},"tablet":{"background-color":"","background-image":"","background-repeat":"repeat","background-position":"center center","background-size":"auto","background-attachment":"scroll","background-type":"","background-media":"","overlay-type":"","overlay-color":"","overlay-opacity":"","overlay-gradient":""},"mobile":{"background-color":"","background-image":"","background-repeat":"repeat","background-position":"center center","background-size":"auto","background-attachment":"scroll","background-type":"","background-media":"","overlay-type":"","overlay-color":"","overlay-opacity":"","overlay-gradient":""}},"ast-content-background-meta":{"desktop":{"background-color":"var(--ast-global-color-5)","background-image":"","background-repeat":"repeat","background-position":"center center","background-size":"auto","background-attachment":"scroll","background-type":"","background-media":"","overlay-type":"","overlay-color":"","overlay-opacity":"","overlay-gradient":""},"tablet":{"background-color":"var(--ast-global-color-5)","background-image":"","background-repeat":"repeat","background-position":"center center","background-size":"auto","background-attachment":"scroll","background-type":"","background-media":"","overlay-type":"","overlay-color":"","overlay-opacity":"","overlay-gradient":""},"mobile":{"background-color":"var(--ast-global-color-5)","background-image":"","background-repeat":"repeat","background-position":"center center","background-size":"auto","background-attachment":"scroll","background-type":"","background-media":"","overlay-type":"","overlay-color":"","overlay-opacity":"","overlay-gradient":""}}},"product_brand":[],"product_cat":[47,430,1200],"product_tag":[405,185,1285,1341,251,189,1340,466,525,262],"class_list":{"0":"post-8028","1":"product","2":"type-product","3":"status-publish","4":"has-post-thumbnail","6":"product_cat-classic","7":"product_cat-men","8":"product_cat-mens-shoes-2","9":"product_tag-business-shoes","10":"product_tag-calf-leather-shoes","11":"product_tag-classic-dress-shoes","12":"product_tag-elegant-oxford-shoes","13":"product_tag-formal-shoes","14":"product_tag-goat-leather-lining","15":"product_tag-mens-black-oxford-shoes","16":"product_tag-microlight-sole","17":"product_tag-premium-leather-footwear","18":"product_tag-wholesale-mens-shoes","19":"desktop-align-center","20":"tablet-align-center","21":"mobile-align-center","23":"first","24":"instock","25":"shipping-taxable","26":"purchasable","27":"product-type-variable","28":"has-default-attributes"},"acf":[],"uagb_featured_image_src":{"full":["https:\/\/turkishtrade.co\/wp-content\/uploads\/2026\/01\/2600FKHMN00070-BLACK.png",453,250,false],"thumbnail":["https:\/\/turkishtrade.co\/wp-content\/uploads\/2026\/01\/2600FKHMN00070-BLACK-150x150.png",150,150,true],"medium":["https:\/\/turkishtrade.co\/wp-content\/uploads\/2026\/01\/2600FKHMN00070-BLACK-300x166.png",300,166,true],"medium_large":["https:\/\/turkishtrade.co\/wp-content\/uploads\/2026\/01\/2600FKHMN00070-BLACK.png",453,250,false],"large":["https:\/\/turkishtrade.co\/wp-content\/uploads\/2026\/01\/2600FKHMN00070-BLACK.png",453,250,false],"1536x1536":["https:\/\/turkishtrade.co\/wp-content\/uploads\/2026\/01\/2600FKHMN00070-BLACK.png",453,250,false],"2048x2048":["https:\/\/turkishtrade.co\/wp-content\/uploads\/2026\/01\/2600FKHMN00070-BLACK.png",453,250,false],"trp-custom-language-flag":["https:\/\/turkishtrade.co\/wp-content\/uploads\/2026\/01\/2600FKHMN00070-BLACK-18x10.png",18,10,true],"woocommerce_thumbnail":["https:\/\/turkishtrade.co\/wp-content\/uploads\/2026\/01\/2600FKHMN00070-BLACK-400x250.png",400,250,true],"woocommerce_single":["https:\/\/turkishtrade.co\/wp-content\/uploads\/2026\/01\/2600FKHMN00070-BLACK.png",453,250,false],"woocommerce_gallery_thumbnail":["https:\/\/turkishtrade.co\/wp-content\/uploads\/2026\/01\/2600FKHMN00070-BLACK-100x100.png",100,100,true]},"uagb_author_info":{"display_name":"python python","author_link":"https:\/\/turkishtrade.co\/fr\/author\/"},"uagb_comment_info":0,"uagb_excerpt":"Premium black calf leather upper for lasting elegance Luxurious goat leather lining ensures ultimate comfort Lightweight and durable microlight sole for superior traction Classic Oxford style, perfect for formal and business wear Available in sizes 39-45 for a perfect fit Wholesale inquiries welcome with a minimum order of 16 pairs","_links":{"self":[{"href":"https:\/\/turkishtrade.co\/fr\/wp-json\/wp\/v2\/product\/8028","targetHints":{"allow":["GET"]}}],"collection":[{"href":"https:\/\/turkishtrade.co\/fr\/wp-json\/wp\/v2\/product"}],"about":[{"href":"https:\/\/turkishtrade.co\/fr\/wp-json\/wp\/v2\/types\/product"}],"wp:featuredmedia":[{"embeddable":true,"href":"https:\/\/turkishtrade.co\/fr\/wp-json\/wp\/v2\/media\/7054"}],"wp:attachment":[{"href":"https:\/\/turkishtrade.co\/fr\/wp-json\/wp\/v2\/media?parent=8028"}],"wp:term":[{"taxonomy":"product_brand","embeddable":true,"href":"https:\/\/turkishtrade.co\/fr\/wp-json\/wp\/v2\/product_brand?post=8028"},{"taxonomy":"product_cat","embeddable":true,"href":"https:\/\/turkishtrade.co\/fr\/wp-json\/wp\/v2\/product_cat?post=8028"},{"taxonomy":"product_tag","embeddable":true,"href":"https:\/\/turkishtrade.co\/fr\/wp-json\/wp\/v2\/product_tag?post=8028"}],"curies":[{"name":"wp","href":"https:\/\/api.w.org\/{rel}","templated":true}]}}