{"id":8027,"date":"2026-01-29T14:47:01","date_gmt":"2026-01-29T14:47:01","guid":{"rendered":"https:\/\/turkishtrade.co\/?post_type=product&#038;p=8027"},"modified":"2026-04-09T20:37:57","modified_gmt":"2026-04-09T20:37:57","slug":"mens-brown-leather-derby-shoes-11","status":"publish","type":"product","link":"https:\/\/turkishtrade.co\/fr\/shop\/mens-brown-leather-derby-shoes-11\/","title":{"rendered":"Chaussures de derby en cuir marron pour hommes Derby en cuir de veau marron authentique"},"content":{"rendered":"<p>Entrez dans un style sophistiqu\u00e9 gr\u00e2ce \u00e0 notre <strong>Chaussures derby en cuir marron pour hommes<\/strong>. Con\u00e7ues pour le gentleman moderne qui appr\u00e9cie \u00e0 la fois l'\u00e9l\u00e9gance et le confort, ces chaussures t\u00e9moignent d'un savoir-faire artisanal sup\u00e9rieur. Chaque paire est m\u00e9ticuleusement fabriqu\u00e9e \u00e0 partir du meilleur cuir de veau v\u00e9ritable, offrant une riche finition brune qui s'intensifie avec l'\u00e2ge, cr\u00e9ant une patine unique. La silhouette Derby classique, caract\u00e9ris\u00e9e par son syst\u00e8me de la\u00e7age ouvert, assure un look polyvalent qui passe sans effort de la salle de conf\u00e9rence aux soir\u00e9es, ce qui en fait une paire essentielle de chaussures de sport. <strong>Chaussures derby en cuir marron pour hommes<\/strong> pour toute garde-robe exigeante.<\/p>\n<p>L'engagement en faveur de la qualit\u00e9 s'\u00e9tend \u00e0 tous les d\u00e9tails de ces produits remarquables. <strong>Chaussures derby en cuir marron pour hommes<\/strong>. Au-del\u00e0 de l'ext\u00e9rieur remarquable, vous d\u00e9couvrirez un int\u00e9rieur doubl\u00e9 d'un cuir de ch\u00e8vre somptueusement doux. Cette doublure naturelle offre une respirabilit\u00e9 exceptionnelle et des propri\u00e9t\u00e9s d'\u00e9vacuation de l'humidit\u00e9, garantissant \u00e0 vos pieds confort et fra\u00eecheur tout au long de la journ\u00e9e, quelle que soit l'occasion. Dites adieu \u00e0 l'inconfort et bonjour \u00e0 une exp\u00e9rience de marche red\u00e9finie par le luxe et la qualit\u00e9 exceptionnelle de nos chaussures. <strong>Chaussures derby en cuir marron pour hommes<\/strong>.<\/p>\n<h3>Un confort et une durabilit\u00e9 in\u00e9gal\u00e9s<\/h3>\n<p>Ce qui distingue vraiment ces <strong>Chaussures derby en cuir marron pour hommes<\/strong> est la semelle innovante Microlight. Cette technologie de semelle avanc\u00e9e offre un \u00e9quilibre parfait entre l\u00e9g\u00e8ret\u00e9, flexibilit\u00e9 et durabilit\u00e9 robuste. Elle assure une absorption des chocs et une traction sup\u00e9rieures, ce qui en fait la chaussure id\u00e9ale pour un usage prolong\u00e9 sans fatigue. Que vous vous d\u00e9placiez dans les rues de la ville ou que vous assistiez \u00e0 de longues pr\u00e9sentations, la semelle Microlight vous assure une foul\u00e9e amortie et stable, pr\u00e9servant ainsi l'\u00e9tat impeccable de vos chaussures pour les ann\u00e9es \u00e0 venir. Investissez dans une paire de <strong>Chaussures derby en cuir marron pour hommes<\/strong> qui promettent \u00e0 la fois style et long\u00e9vit\u00e9.<\/p>\n<p>Nos chaussures derby classiques en cuir de veau marron sont disponibles dans une gamme compl\u00e8te de tailles europ\u00e9ennes allant de 39 \u00e0 45, garantissant un ajustement parfait pour un large \u00e9ventail de clients. Ces chaussures polyvalentes ne sont pas seulement des chaussures, elles sont un investissement dans un style intemporel et une qualit\u00e9 durable. Associez-les \u00e0 un costume cintr\u00e9 pour un look formel \u00e9l\u00e9gant, ou habillez-les d'un pantalon chino et d'un blazer pour un ensemble chic-d\u00e9contract\u00e9 raffin\u00e9. La riche teinte marron offre une incroyable souplesse d'association, ce qui fait de ces chaussures des chaussures de ville. <strong>Chaussures derby en cuir marron pour hommes<\/strong> un compl\u00e9ment indispensable \u00e0 toute garde-robe exigeante.<\/p>\n<h3>Opportunit\u00e9s pour le commerce de gros<\/h3>\n<p>Pour les entreprises qui souhaitent proposer des chaussures de qualit\u00e9 sup\u00e9rieure, nous sommes fiers d'offrir des possibilit\u00e9s de vente en gros de nos produits exceptionnels. <strong>Chaussures derby en cuir marron pour hommes<\/strong>. Avec une quantit\u00e9 minimale de commande de seulement 16 paires, vous pouvez facilement vous approvisionner en ces mod\u00e8les classiques tr\u00e8s demand\u00e9s qui ne manqueront pas d'impressionner votre client\u00e8le. Faites \u00e9quipe avec nous pour apporter une qualit\u00e9 in\u00e9gal\u00e9e et un design sophistiqu\u00e9 \u00e0 votre collection. Am\u00e9liorez votre inventaire avec ces mod\u00e8les classiques <strong>Chaussures derby en cuir marron pour hommes<\/strong> et r\u00e9pondre \u00e0 la demande de chaussures de luxe pour hommes.<\/p>","protected":false},"excerpt":{"rendered":"<ul>\n<li>Fabriqu\u00e9 \u00e0 la main en cuir de veau v\u00e9ritable pour une finition luxueuse et une riche teinte brune.<\/li>\n<li>Doublure en cuir de ch\u00e8vre souple et respirant pour un confort optimal tout au long de la journ\u00e9e.<\/li>\n<li>\u00c9quip\u00e9 d'une semelle Microlight l\u00e9g\u00e8re pour une durabilit\u00e9, une flexibilit\u00e9 et une traction exceptionnelles.<\/li>\n<li>Style Derby classique avec un syst\u00e8me de la\u00e7age ouvert, parfait pour les occasions formelles et d\u00e9contract\u00e9es.<\/li>\n<li>Disponible dans les tailles europ\u00e9ennes 39, 40, 41, 42, 43, 44 et 45<\/li>\n<li>Possibilit\u00e9 de vente en gros avec une commande minimum de 16 paires.<\/li>\n<\/ul>","protected":false},"featured_media":7053,"template":"","meta":{"_acf_changed":false,"_uag_custom_page_level_css":"","site-sidebar-layout":"default","site-content-layout":"","ast-site-content-layout":"default","site-content-style":"default","site-sidebar-style":"default","ast-global-header-display":"","ast-banner-title-visibility":"","ast-main-header-display":"","ast-hfb-above-header-display":"","ast-hfb-below-header-display":"","ast-hfb-mobile-header-display":"","site-post-title":"","ast-breadcrumbs-content":"","ast-featured-img":"","footer-sml-layout":"","ast-disable-related-posts":"","theme-transparent-header-meta":"","adv-header-id-meta":"","stick-header-meta":"","header-above-stick-meta":"","header-main-stick-meta":"","header-below-stick-meta":"","astra-migrate-meta-layouts":"default","ast-page-background-enabled":"default","ast-page-background-meta":{"desktop":{"background-color":"var(--ast-global-color-4)","background-image":"","background-repeat":"repeat","background-position":"center center","background-size":"auto","background-attachment":"scroll","background-type":"","background-media":"","overlay-type":"","overlay-color":"","overlay-opacity":"","overlay-gradient":""},"tablet":{"background-color":"","background-image":"","background-repeat":"repeat","background-position":"center center","background-size":"auto","background-attachment":"scroll","background-type":"","background-media":"","overlay-type":"","overlay-color":"","overlay-opacity":"","overlay-gradient":""},"mobile":{"background-color":"","background-image":"","background-repeat":"repeat","background-position":"center center","background-size":"auto","background-attachment":"scroll","background-type":"","background-media":"","overlay-type":"","overlay-color":"","overlay-opacity":"","overlay-gradient":""}},"ast-content-background-meta":{"desktop":{"background-color":"var(--ast-global-color-5)","background-image":"","background-repeat":"repeat","background-position":"center center","background-size":"auto","background-attachment":"scroll","background-type":"","background-media":"","overlay-type":"","overlay-color":"","overlay-opacity":"","overlay-gradient":""},"tablet":{"background-color":"var(--ast-global-color-5)","background-image":"","background-repeat":"repeat","background-position":"center center","background-size":"auto","background-attachment":"scroll","background-type":"","background-media":"","overlay-type":"","overlay-color":"","overlay-opacity":"","overlay-gradient":""},"mobile":{"background-color":"var(--ast-global-color-5)","background-image":"","background-repeat":"repeat","background-position":"center center","background-size":"auto","background-attachment":"scroll","background-type":"","background-media":"","overlay-type":"","overlay-color":"","overlay-opacity":"","overlay-gradient":""}}},"product_brand":[],"product_cat":[47,430,1200],"product_tag":[292,185,809,212,609,314,189,324,466,281],"class_list":{"0":"post-8027","1":"product","2":"type-product","3":"status-publish","4":"has-post-thumbnail","6":"product_cat-classic","7":"product_cat-men","8":"product_cat-mens-shoes-2","9":"product_tag-brown-leather-shoes","10":"product_tag-calf-leather-shoes","11":"product_tag-classic-mens-footwear","12":"product_tag-derby-shoes","13":"product_tag-elegant-mens-shoes","14":"product_tag-formal-mens-shoes","15":"product_tag-goat-leather-lining","16":"product_tag-mens-dress-shoes","17":"product_tag-microlight-sole","18":"product_tag-wholesale-shoes","19":"desktop-align-center","20":"tablet-align-center","21":"mobile-align-center","23":"first","24":"instock","25":"shipping-taxable","26":"purchasable","27":"product-type-variable","28":"has-default-attributes"},"acf":[],"uagb_featured_image_src":{"full":["https:\/\/turkishtrade.co\/wp-content\/uploads\/2026\/01\/2600FKHMN00069-BROWN.png",453,250,false],"thumbnail":["https:\/\/turkishtrade.co\/wp-content\/uploads\/2026\/01\/2600FKHMN00069-BROWN-150x150.png",150,150,true],"medium":["https:\/\/turkishtrade.co\/wp-content\/uploads\/2026\/01\/2600FKHMN00069-BROWN-300x166.png",300,166,true],"medium_large":["https:\/\/turkishtrade.co\/wp-content\/uploads\/2026\/01\/2600FKHMN00069-BROWN.png",453,250,false],"large":["https:\/\/turkishtrade.co\/wp-content\/uploads\/2026\/01\/2600FKHMN00069-BROWN.png",453,250,false],"1536x1536":["https:\/\/turkishtrade.co\/wp-content\/uploads\/2026\/01\/2600FKHMN00069-BROWN.png",453,250,false],"2048x2048":["https:\/\/turkishtrade.co\/wp-content\/uploads\/2026\/01\/2600FKHMN00069-BROWN.png",453,250,false],"trp-custom-language-flag":["https:\/\/turkishtrade.co\/wp-content\/uploads\/2026\/01\/2600FKHMN00069-BROWN-18x10.png",18,10,true],"woocommerce_thumbnail":["https:\/\/turkishtrade.co\/wp-content\/uploads\/2026\/01\/2600FKHMN00069-BROWN-400x250.png",400,250,true],"woocommerce_single":["https:\/\/turkishtrade.co\/wp-content\/uploads\/2026\/01\/2600FKHMN00069-BROWN.png",453,250,false],"woocommerce_gallery_thumbnail":["https:\/\/turkishtrade.co\/wp-content\/uploads\/2026\/01\/2600FKHMN00069-BROWN-100x100.png",100,100,true]},"uagb_author_info":{"display_name":"python python","author_link":"https:\/\/turkishtrade.co\/fr\/author\/"},"uagb_comment_info":0,"uagb_excerpt":"Handcrafted from genuine calf leather for a luxurious finish and rich brown hue Features a soft and breathable goat leather lining for ultimate all-day comfort Equipped with a lightweight Microlight sole for exceptional durability, flexibility, and traction Classic Derby style with an open lacing system, perfect for formal and smart-casual occasions Available in European sizes\u2026","_links":{"self":[{"href":"https:\/\/turkishtrade.co\/fr\/wp-json\/wp\/v2\/product\/8027","targetHints":{"allow":["GET"]}}],"collection":[{"href":"https:\/\/turkishtrade.co\/fr\/wp-json\/wp\/v2\/product"}],"about":[{"href":"https:\/\/turkishtrade.co\/fr\/wp-json\/wp\/v2\/types\/product"}],"wp:featuredmedia":[{"embeddable":true,"href":"https:\/\/turkishtrade.co\/fr\/wp-json\/wp\/v2\/media\/7053"}],"wp:attachment":[{"href":"https:\/\/turkishtrade.co\/fr\/wp-json\/wp\/v2\/media?parent=8027"}],"wp:term":[{"taxonomy":"product_brand","embeddable":true,"href":"https:\/\/turkishtrade.co\/fr\/wp-json\/wp\/v2\/product_brand?post=8027"},{"taxonomy":"product_cat","embeddable":true,"href":"https:\/\/turkishtrade.co\/fr\/wp-json\/wp\/v2\/product_cat?post=8027"},{"taxonomy":"product_tag","embeddable":true,"href":"https:\/\/turkishtrade.co\/fr\/wp-json\/wp\/v2\/product_tag?post=8027"}],"curies":[{"name":"wp","href":"https:\/\/api.w.org\/{rel}","templated":true}]}}