{"id":8026,"date":"2026-01-29T14:47:01","date_gmt":"2026-01-29T14:47:01","guid":{"rendered":"https:\/\/turkishtrade.co\/?post_type=product&#038;p=8026"},"modified":"2026-04-09T20:37:59","modified_gmt":"2026-04-09T20:37:59","slug":"mens-brown-leather-dress-shoes-2","status":"publish","type":"product","link":"https:\/\/turkishtrade.co\/fr\/shop\/mens-brown-leather-dress-shoes-2\/","title":{"rendered":"Chaussures habill\u00e9es en cuir marron pour hommes Premium | Classic Brown Perforated Calfskin"},"content":{"rendered":"<p><strong>Chaussures habill\u00e9es en cuir marron pour hommes<\/strong>. Qualit\u00e9 et design haut de gamme.<\/p>\n<p>\u00c9levez votre collection de chaussures gr\u00e2ce \u00e0 nos chaussures exquises. <b>Chaussures habill\u00e9es en cuir marron pour hommes<\/b>, Ces chaussures sont con\u00e7ues pour le gentleman exigeant. Ces chaussures ne sont pas seulement un accessoire, elles sont une d\u00e9claration de classe, de confort et de style impeccable. Fabriqu\u00e9es \u00e0 partir des mat\u00e9riaux les plus nobles, elles allient harmonieusement l'\u00e9l\u00e9gance traditionnelle \u00e0 la sophistication moderne, ce qui en fait la pierre angulaire de toute garde-robe sophistiqu\u00e9e.<\/p>\n<h3>Une qualit\u00e9 et un savoir-faire in\u00e9gal\u00e9s<\/h3>\n<p>Au c\u0153ur de ces remarquables <b>Chaussures habill\u00e9es en cuir marron pour hommes<\/b> est la qualit\u00e9 sup\u00e9rieure des mat\u00e9riaux. La tige est m\u00e9ticuleusement fabriqu\u00e9e en cuir de veau de premi\u00e8re qualit\u00e9, connu pour sa texture souple, sa durabilit\u00e9 et son aspect luxueux. Ce choix de mat\u00e9riau garantit que chaque paire n'a pas seulement un aspect exceptionnel, mais qu'elle r\u00e9siste aussi \u00e0 l'\u00e9preuve du temps, en d\u00e9veloppant une riche patine qui rehausse son charme \u00e0 chaque usure. L'ext\u00e9rieur robuste est compl\u00e9t\u00e9 par une doublure en cuir de ch\u00e8vre somptueusement souple. Cette doublure naturelle offre une respirabilit\u00e9 et un confort in\u00e9gal\u00e9s, se moulant d\u00e9licatement \u00e0 votre pied pour un ajustement personnalis\u00e9, faisant de ces chaussures un plaisir \u00e0 porter du matin au soir.<\/p>\n<h3>Confort innovant gr\u00e2ce \u00e0 la semelle Microlight<\/h3>\n<p>Faites l'exp\u00e9rience du confort de marche ultime gr\u00e2ce \u00e0 notre semelle microlight innovante. Con\u00e7ue pour \u00eatre exceptionnellement l\u00e9g\u00e8re, cette semelle r\u00e9duit consid\u00e9rablement la fatigue du pied, vous permettant de rester debout plus longtemps sans inconfort. Sa nature flexible s'adapte \u00e0 vos mouvements, offrant une excellente adh\u00e9rence et une grande stabilit\u00e9 sur diff\u00e9rentes surfaces. Que vous naviguiez dans les rues de la ville, que vous assistiez \u00e0 une longue r\u00e9union d'affaires ou que vous dansiez jusqu'au bout de la nuit, ces chaussures sont id\u00e9ales. <b>Chaussures habill\u00e9es en cuir marron pour hommes<\/b> faire une foul\u00e9e confortable et confiante.<\/p>\n<h3>Style intemporel et polyvalence<\/h3>\n<p>Le design de ces chaussures habill\u00e9es en cuir marron incarne l'\u00e9l\u00e9gance intemporelle. La teinte riche et profonde du marron offre une grande polyvalence, s'associant sans effort \u00e0 un large \u00e9ventail de tenues, des costumes d'affaires \u00e9l\u00e9gants aux ensembles d\u00e9contract\u00e9s sophistiqu\u00e9s. Le style classique \u00e0 lacets est rehauss\u00e9 par des perforations raffin\u00e9es sur l'empeigne, qui ajoutent une touche d'artisanat complexe et un int\u00e9r\u00eat visuel sans compromettre l'attrait traditionnel de la chaussure. Cette silhouette classique, associ\u00e9e \u00e0 des caract\u00e9ristiques de confort modernes, permet \u00e0 ces chaussures de convenir \u00e0 diverses occasions, notamment les mariages, les \u00e9v\u00e9nements formels, les tenues de bureau et les rencontres sociales haut de gamme.<\/p>\n<h3>Opportunit\u00e9 de vente en gros pour les entreprises<\/h3>\n<p>Pour les d\u00e9taillants et les entreprises qui souhaitent proposer des chaussures de qualit\u00e9 et \u00e9l\u00e9gantes, ces <b>Chaussures habill\u00e9es en cuir marron pour hommes<\/b> sont disponibles \u00e0 l'achat en gros. La quantit\u00e9 minimale de commande est de 16 paires, ce qui vous permet de stocker une gamme de tailles populaires allant de l'UE 39 \u00e0 l'UE 45. Offrez \u00e0 vos clients un produit haut de gamme qui garantit leur satisfaction gr\u00e2ce \u00e0 des mat\u00e9riaux de qualit\u00e9 sup\u00e9rieure, un savoir-faire artisanal et un style durable. Faites \u00e9quipe avec nous pour apporter une valeur et une \u00e9l\u00e9gance exceptionnelles \u00e0 votre stock de chaussures.<\/p>","protected":false},"excerpt":{"rendered":"<ul>\n<li>Fabriqu\u00e9 en cuir de veau de premi\u00e8re qualit\u00e9 pour une finition sophistiqu\u00e9e.<\/li>\n<li>La doublure en cuir de ch\u00e8vre luxueux assure un confort et une respirabilit\u00e9 exceptionnels.<\/li>\n<li>La semelle l\u00e9g\u00e8re en microfibre offre une flexibilit\u00e9 sup\u00e9rieure et peut \u00eatre port\u00e9e tout au long de la journ\u00e9e.<\/li>\n<li>Ce mod\u00e8le classique et intemporel pr\u00e9sente d'\u00e9l\u00e9gants d\u00e9tails perfor\u00e9s sur l'empeigne.<\/li>\n<li>Disponible dans une large gamme de tailles allant de l'UE 39 \u00e0 45.<\/li>\n<li>Id\u00e9al pour les \u00e9v\u00e9nements formels, les tenues d'affaires et les occasions d\u00e9contract\u00e9es.<\/li>\n<li>Les commandes en gros sont les bienvenues avec un minimum d'achat de 16 paires.<\/li>\n<\/ul>","protected":false},"featured_media":7052,"template":"","meta":{"_acf_changed":false,"_uag_custom_page_level_css":"","site-sidebar-layout":"default","site-content-layout":"","ast-site-content-layout":"default","site-content-style":"default","site-sidebar-style":"default","ast-global-header-display":"","ast-banner-title-visibility":"","ast-main-header-display":"","ast-hfb-above-header-display":"","ast-hfb-below-header-display":"","ast-hfb-mobile-header-display":"","site-post-title":"","ast-breadcrumbs-content":"","ast-featured-img":"","footer-sml-layout":"","ast-disable-related-posts":"","theme-transparent-header-meta":"","adv-header-id-meta":"","stick-header-meta":"","header-above-stick-meta":"","header-main-stick-meta":"","header-below-stick-meta":"","astra-migrate-meta-layouts":"default","ast-page-background-enabled":"default","ast-page-background-meta":{"desktop":{"background-color":"var(--ast-global-color-4)","background-image":"","background-repeat":"repeat","background-position":"center center","background-size":"auto","background-attachment":"scroll","background-type":"","background-media":"","overlay-type":"","overlay-color":"","overlay-opacity":"","overlay-gradient":""},"tablet":{"background-color":"","background-image":"","background-repeat":"repeat","background-position":"center center","background-size":"auto","background-attachment":"scroll","background-type":"","background-media":"","overlay-type":"","overlay-color":"","overlay-opacity":"","overlay-gradient":""},"mobile":{"background-color":"","background-image":"","background-repeat":"repeat","background-position":"center center","background-size":"auto","background-attachment":"scroll","background-type":"","background-media":"","overlay-type":"","overlay-color":"","overlay-opacity":"","overlay-gradient":""}},"ast-content-background-meta":{"desktop":{"background-color":"var(--ast-global-color-5)","background-image":"","background-repeat":"repeat","background-position":"center center","background-size":"auto","background-attachment":"scroll","background-type":"","background-media":"","overlay-type":"","overlay-color":"","overlay-opacity":"","overlay-gradient":""},"tablet":{"background-color":"var(--ast-global-color-5)","background-image":"","background-repeat":"repeat","background-position":"center center","background-size":"auto","background-attachment":"scroll","background-type":"","background-media":"","overlay-type":"","overlay-color":"","overlay-opacity":"","overlay-gradient":""},"mobile":{"background-color":"var(--ast-global-color-5)","background-image":"","background-repeat":"repeat","background-position":"center center","background-size":"auto","background-attachment":"scroll","background-type":"","background-media":"","overlay-type":"","overlay-color":"","overlay-opacity":"","overlay-gradient":""}}},"product_brand":[],"product_cat":[47,430,1200],"product_tag":[292,405,566,754,251,324,1283,686,254],"class_list":{"0":"post-8026","1":"product","2":"type-product","3":"status-publish","4":"has-post-thumbnail","6":"product_cat-classic","7":"product_cat-men","8":"product_cat-mens-shoes-2","9":"product_tag-brown-leather-shoes","10":"product_tag-business-shoes","11":"product_tag-calfskin-shoes","12":"product_tag-classic-mens-shoes","13":"product_tag-formal-shoes","14":"product_tag-mens-dress-shoes","15":"product_tag-microlight-sole-shoes","16":"product_tag-perforated-shoes","17":"product_tag-wholesale-footwear","18":"desktop-align-center","19":"tablet-align-center","20":"mobile-align-center","22":"first","23":"instock","24":"shipping-taxable","25":"purchasable","26":"product-type-variable","27":"has-default-attributes"},"acf":[],"uagb_featured_image_src":{"full":["https:\/\/turkishtrade.co\/wp-content\/uploads\/2026\/01\/2600FKHMN00068-DARK-BROWN.png",453,250,false],"thumbnail":["https:\/\/turkishtrade.co\/wp-content\/uploads\/2026\/01\/2600FKHMN00068-DARK-BROWN-150x150.png",150,150,true],"medium":["https:\/\/turkishtrade.co\/wp-content\/uploads\/2026\/01\/2600FKHMN00068-DARK-BROWN-300x166.png",300,166,true],"medium_large":["https:\/\/turkishtrade.co\/wp-content\/uploads\/2026\/01\/2600FKHMN00068-DARK-BROWN.png",453,250,false],"large":["https:\/\/turkishtrade.co\/wp-content\/uploads\/2026\/01\/2600FKHMN00068-DARK-BROWN.png",453,250,false],"1536x1536":["https:\/\/turkishtrade.co\/wp-content\/uploads\/2026\/01\/2600FKHMN00068-DARK-BROWN.png",453,250,false],"2048x2048":["https:\/\/turkishtrade.co\/wp-content\/uploads\/2026\/01\/2600FKHMN00068-DARK-BROWN.png",453,250,false],"trp-custom-language-flag":["https:\/\/turkishtrade.co\/wp-content\/uploads\/2026\/01\/2600FKHMN00068-DARK-BROWN-18x10.png",18,10,true],"woocommerce_thumbnail":["https:\/\/turkishtrade.co\/wp-content\/uploads\/2026\/01\/2600FKHMN00068-DARK-BROWN-400x250.png",400,250,true],"woocommerce_single":["https:\/\/turkishtrade.co\/wp-content\/uploads\/2026\/01\/2600FKHMN00068-DARK-BROWN.png",453,250,false],"woocommerce_gallery_thumbnail":["https:\/\/turkishtrade.co\/wp-content\/uploads\/2026\/01\/2600FKHMN00068-DARK-BROWN-100x100.png",100,100,true]},"uagb_author_info":{"display_name":"python python","author_link":"https:\/\/turkishtrade.co\/fr\/author\/"},"uagb_comment_info":0,"uagb_excerpt":"Crafted from premium calfskin leather for a sophisticated finish. Luxurious goat leather lining ensures exceptional comfort and breathability. Lightweight microlight sole provides superior flexibility and all-day wearability. Features a timeless classic design with elegant perforated detailing on the vamp. Available in a comprehensive size range from EU 39 to 45. Ideal for formal events, business\u2026","_links":{"self":[{"href":"https:\/\/turkishtrade.co\/fr\/wp-json\/wp\/v2\/product\/8026","targetHints":{"allow":["GET"]}}],"collection":[{"href":"https:\/\/turkishtrade.co\/fr\/wp-json\/wp\/v2\/product"}],"about":[{"href":"https:\/\/turkishtrade.co\/fr\/wp-json\/wp\/v2\/types\/product"}],"wp:featuredmedia":[{"embeddable":true,"href":"https:\/\/turkishtrade.co\/fr\/wp-json\/wp\/v2\/media\/7052"}],"wp:attachment":[{"href":"https:\/\/turkishtrade.co\/fr\/wp-json\/wp\/v2\/media?parent=8026"}],"wp:term":[{"taxonomy":"product_brand","embeddable":true,"href":"https:\/\/turkishtrade.co\/fr\/wp-json\/wp\/v2\/product_brand?post=8026"},{"taxonomy":"product_cat","embeddable":true,"href":"https:\/\/turkishtrade.co\/fr\/wp-json\/wp\/v2\/product_cat?post=8026"},{"taxonomy":"product_tag","embeddable":true,"href":"https:\/\/turkishtrade.co\/fr\/wp-json\/wp\/v2\/product_tag?post=8026"}],"curies":[{"name":"wp","href":"https:\/\/api.w.org\/{rel}","templated":true}]}}