{"id":8021,"date":"2026-01-29T14:47:00","date_gmt":"2026-01-29T14:47:00","guid":{"rendered":"https:\/\/turkishtrade.co\/?post_type=product&#038;p=8021"},"modified":"2026-04-09T20:38:17","modified_gmt":"2026-04-09T20:38:17","slug":"mens-black-leather-brogues-2","status":"publish","type":"product","link":"https:\/\/turkishtrade.co\/fr\/shop\/mens-black-leather-brogues-2\/","title":{"rendered":"Brogues en cuir noir pour hommes Incredible | Classic Brogue en cuir noir pour hommes"},"content":{"rendered":"<p><strong>Brogues en cuir noir pour hommes<\/strong>. Une qualit\u00e9 et un design incroyables.<\/p>\n<p>Entrez dans une sophistication intemporelle avec nos exquises chaussures classiques en cuir noir pour hommes. Ces chaussures <strong>Brogues en cuir noir pour hommes<\/strong> sont m\u00e9ticuleusement fabriqu\u00e9es pour offrir un style, un confort et une durabilit\u00e9 in\u00e9gal\u00e9s. Con\u00e7ues pour l'homme exigeant, elles allient harmonieusement savoir-faire traditionnel et modernit\u00e9, ce qui en fait un compl\u00e9ment essentiel \u00e0 toute garde-robe.<\/p>\n<h3>Un savoir-faire in\u00e9gal\u00e9 et des mat\u00e9riaux de premi\u00e8re qualit\u00e9<\/h3>\n<p>Chaque paire de ces \u00e9l\u00e9gants <strong>Brogues en cuir noir pour hommes<\/strong> t\u00e9moigne d'un savoir-faire artistique sup\u00e9rieur. La tige est fabriqu\u00e9e en cuir de veau de qualit\u00e9 sup\u00e9rieure, connu pour sa texture souple, sa brillance naturelle et sa remarquable r\u00e9silience. Ce cuir de qualit\u00e9 sup\u00e9rieure garantit non seulement une apparence raffin\u00e9e, mais promet \u00e9galement de vieillir magnifiquement, en d\u00e9veloppant une patine unique au fil du temps. \u00c0 l'int\u00e9rieur, vos pieds b\u00e9n\u00e9ficieront de l'\u00e9treinte luxueuse d'une doublure en cuir de ch\u00e8vre. Cette mati\u00e8re naturelle est r\u00e9put\u00e9e pour sa douceur, sa respirabilit\u00e9 et ses propri\u00e9t\u00e9s d'\u00e9vacuation de l'humidit\u00e9, garantissant que vos pieds restent confortables et secs tout au long de la journ\u00e9e. Du bout d'aile finement perfor\u00e9 au la\u00e7age robuste, chaque \u00e9l\u00e9ment de ces chaussures est un gage de confort et de s\u00e9curit\u00e9. <strong>Brogues en cuir noir pour hommes<\/strong> en dit long sur leur qualit\u00e9.<\/p>\n<h3>Con\u00e7u pour le confort et la durabilit\u00e9<\/h3>\n<p>Le confort est primordial, et ces v\u00eatements classiques <strong>Brogues en cuir noir pour hommes<\/strong> livrent. Elles sont dot\u00e9es d'une semelle microlight innovante, qui offre un amorti et une flexibilit\u00e9 exceptionnels sans ajouter d'encombrement inutile. Cette semelle l\u00e9g\u00e8re permet un mouvement naturel du pied et r\u00e9duit la fatigue, ce qui rend ces chaussures parfaites pour les longues heures pass\u00e9es au bureau, les \u00e9v\u00e9nements formels ou les rencontres sociales prolong\u00e9es. La construction robuste garantit que ces brogues sont faites pour durer, conservant leur \u00e9tat impeccable et leur soutien m\u00eame en cas d'usure fr\u00e9quente. L'attention port\u00e9e aux d\u00e9tails s'\u00e9tend aux coutures, qui sont \u00e0 la fois d\u00e9coratives et robustes, renfor\u00e7ant la structure et l'attrait esth\u00e9tique de la chaussure.<\/p>\n<h3>Une polyvalence pour toutes les occasions<\/h3>\n<p>La conception polyvalente de ces <strong>Brogues en cuir noir pour hommes<\/strong> les rend adapt\u00e9es \u00e0 un large \u00e9ventail d'occasions. Associez-les \u00e0 un costume d'affaires impeccable pour un look professionnel soign\u00e9, ou combinez-les avec un pantalon chino et un blazer pour un ensemble chic et d\u00e9contract\u00e9. Leur teinte noire classique leur permet de s'harmoniser avec pratiquement toutes les tenues, ce qui en fait un choix incroyablement adaptable pour votre collection de chaussures. Que vous assistiez \u00e0 un mariage, \u00e0 une r\u00e9union d'entreprise ou \u00e0 un d\u00eener sophistiqu\u00e9, ces brogues rehausseront votre pr\u00e9sence et transmettront un air d'\u00e9l\u00e9gance discr\u00e8te. Disponibles dans une large gamme de pointures europ\u00e9ennes allant de 39 \u00e0 45, vous trouverez sans peine la chaussure qui vous convient.<\/p>\n<h3>Possibilit\u00e9s de vente en gros<\/h3>\n<p>Pour les d\u00e9taillants et les entreprises qui souhaitent proposer des chaussures haut de gamme, ces chaussures exceptionnelles sont un excellent moyen d'am\u00e9liorer la qualit\u00e9 de vie de leurs clients. <strong>Brogues en cuir noir pour hommes<\/strong> sont disponibles pour l'achat en gros. Nous demandons une commande minimum de 16 paires, ce qui vous permet de stocker une gamme de tailles et de r\u00e9pondre aux demandes de votre client\u00e8le. Notre engagement en mati\u00e8re de qualit\u00e9 et de savoir-faire vous garantit un produit qui se d\u00e9marque sur le march\u00e9. Am\u00e9liorez votre inventaire avec ces chaussures pour hommes intemporelles et de haute qualit\u00e9 qui promettent la satisfaction de vos clients et la fid\u00e9lisation de votre client\u00e8le.<\/p>","protected":false},"excerpt":{"rendered":"<ul>\n<li>Tige en cuir de veau de premi\u00e8re qualit\u00e9 pour une durabilit\u00e9 et une \u00e9l\u00e9gance sup\u00e9rieures<\/li>\n<li>Doublure en cuir de ch\u00e8vre luxueux pour un confort et une respirabilit\u00e9 exceptionnels<\/li>\n<li>Semelle l\u00e9g\u00e8re Microlight pour un port et une flexibilit\u00e9 tout au long de la journ\u00e9e<\/li>\n<li>Design classique et intemporel des chaussures de type brogue (Wingtips) convenant \u00e0 diverses occasions<\/li>\n<li>Disponible en tailles UE : 39, 40, 41, 42, 43, 44, 45<\/li>\n<li>Les commandes en gros sont les bienvenues avec une quantit\u00e9 minimale de 16 paires.<\/li>\n<\/ul>","protected":false},"featured_media":7046,"template":"","meta":{"_acf_changed":false,"_uag_custom_page_level_css":"","site-sidebar-layout":"default","site-content-layout":"","ast-site-content-layout":"default","site-content-style":"default","site-sidebar-style":"default","ast-global-header-display":"","ast-banner-title-visibility":"","ast-main-header-display":"","ast-hfb-above-header-display":"","ast-hfb-below-header-display":"","ast-hfb-mobile-header-display":"","site-post-title":"","ast-breadcrumbs-content":"","ast-featured-img":"","footer-sml-layout":"","ast-disable-related-posts":"","theme-transparent-header-meta":"","adv-header-id-meta":"","stick-header-meta":"","header-above-stick-meta":"","header-main-stick-meta":"","header-below-stick-meta":"","astra-migrate-meta-layouts":"default","ast-page-background-enabled":"default","ast-page-background-meta":{"desktop":{"background-color":"var(--ast-global-color-4)","background-image":"","background-repeat":"repeat","background-position":"center center","background-size":"auto","background-attachment":"scroll","background-type":"","background-media":"","overlay-type":"","overlay-color":"","overlay-opacity":"","overlay-gradient":""},"tablet":{"background-color":"","background-image":"","background-repeat":"repeat","background-position":"center center","background-size":"auto","background-attachment":"scroll","background-type":"","background-media":"","overlay-type":"","overlay-color":"","overlay-opacity":"","overlay-gradient":""},"mobile":{"background-color":"","background-image":"","background-repeat":"repeat","background-position":"center center","background-size":"auto","background-attachment":"scroll","background-type":"","background-media":"","overlay-type":"","overlay-color":"","overlay-opacity":"","overlay-gradient":""}},"ast-content-background-meta":{"desktop":{"background-color":"var(--ast-global-color-5)","background-image":"","background-repeat":"repeat","background-position":"center center","background-size":"auto","background-attachment":"scroll","background-type":"","background-media":"","overlay-type":"","overlay-color":"","overlay-opacity":"","overlay-gradient":""},"tablet":{"background-color":"var(--ast-global-color-5)","background-image":"","background-repeat":"repeat","background-position":"center center","background-size":"auto","background-attachment":"scroll","background-type":"","background-media":"","overlay-type":"","overlay-color":"","overlay-opacity":"","overlay-gradient":""},"mobile":{"background-color":"var(--ast-global-color-5)","background-image":"","background-repeat":"repeat","background-position":"center center","background-size":"auto","background-attachment":"scroll","background-type":"","background-media":"","overlay-type":"","overlay-color":"","overlay-opacity":"","overlay-gradient":""}}},"product_brand":[],"product_cat":[47,430,1200],"product_tag":[196,405,451,896,284,251,556,1338,466,702],"class_list":{"0":"post-8021","1":"product","2":"type-product","3":"status-publish","4":"has-post-thumbnail","6":"product_cat-classic","7":"product_cat-men","8":"product_cat-mens-shoes-2","9":"product_tag-black-leather-shoes","10":"product_tag-business-shoes","11":"product_tag-calfskin-leather","12":"product_tag-classic-brogues","13":"product_tag-dress-shoes","14":"product_tag-formal-shoes","15":"product_tag-goatskin-lining","16":"product_tag-mens-black-leather-brogues","17":"product_tag-microlight-sole","18":"product_tag-wingtip-shoes","19":"desktop-align-center","20":"tablet-align-center","21":"mobile-align-center","23":"first","24":"instock","25":"shipping-taxable","26":"purchasable","27":"product-type-variable","28":"has-default-attributes"},"acf":[],"uagb_featured_image_src":{"full":["https:\/\/turkishtrade.co\/wp-content\/uploads\/2026\/01\/2600FKHMN00063-BLACK.png",453,250,false],"thumbnail":["https:\/\/turkishtrade.co\/wp-content\/uploads\/2026\/01\/2600FKHMN00063-BLACK-150x150.png",150,150,true],"medium":["https:\/\/turkishtrade.co\/wp-content\/uploads\/2026\/01\/2600FKHMN00063-BLACK-300x166.png",300,166,true],"medium_large":["https:\/\/turkishtrade.co\/wp-content\/uploads\/2026\/01\/2600FKHMN00063-BLACK.png",453,250,false],"large":["https:\/\/turkishtrade.co\/wp-content\/uploads\/2026\/01\/2600FKHMN00063-BLACK.png",453,250,false],"1536x1536":["https:\/\/turkishtrade.co\/wp-content\/uploads\/2026\/01\/2600FKHMN00063-BLACK.png",453,250,false],"2048x2048":["https:\/\/turkishtrade.co\/wp-content\/uploads\/2026\/01\/2600FKHMN00063-BLACK.png",453,250,false],"trp-custom-language-flag":["https:\/\/turkishtrade.co\/wp-content\/uploads\/2026\/01\/2600FKHMN00063-BLACK-18x10.png",18,10,true],"woocommerce_thumbnail":["https:\/\/turkishtrade.co\/wp-content\/uploads\/2026\/01\/2600FKHMN00063-BLACK-400x250.png",400,250,true],"woocommerce_single":["https:\/\/turkishtrade.co\/wp-content\/uploads\/2026\/01\/2600FKHMN00063-BLACK.png",453,250,false],"woocommerce_gallery_thumbnail":["https:\/\/turkishtrade.co\/wp-content\/uploads\/2026\/01\/2600FKHMN00063-BLACK-100x100.png",100,100,true]},"uagb_author_info":{"display_name":"python python","author_link":"https:\/\/turkishtrade.co\/fr\/author\/"},"uagb_comment_info":0,"uagb_excerpt":"Premium Calfskin Leather Upper for superior durability and elegance Luxurious Goatskin Leather Lining for exceptional comfort and breathability Lightweight Microlight Sole for all-day wear and flexibility Timeless Classic Brogue (Wingtips) Design suitable for various occasions Available in EU Sizes: 39, 40, 41, 42, 43, 44, 45 Wholesale orders are welcome with a minimum quantity of\u2026","_links":{"self":[{"href":"https:\/\/turkishtrade.co\/fr\/wp-json\/wp\/v2\/product\/8021","targetHints":{"allow":["GET"]}}],"collection":[{"href":"https:\/\/turkishtrade.co\/fr\/wp-json\/wp\/v2\/product"}],"about":[{"href":"https:\/\/turkishtrade.co\/fr\/wp-json\/wp\/v2\/types\/product"}],"wp:featuredmedia":[{"embeddable":true,"href":"https:\/\/turkishtrade.co\/fr\/wp-json\/wp\/v2\/media\/7046"}],"wp:attachment":[{"href":"https:\/\/turkishtrade.co\/fr\/wp-json\/wp\/v2\/media?parent=8021"}],"wp:term":[{"taxonomy":"product_brand","embeddable":true,"href":"https:\/\/turkishtrade.co\/fr\/wp-json\/wp\/v2\/product_brand?post=8021"},{"taxonomy":"product_cat","embeddable":true,"href":"https:\/\/turkishtrade.co\/fr\/wp-json\/wp\/v2\/product_cat?post=8021"},{"taxonomy":"product_tag","embeddable":true,"href":"https:\/\/turkishtrade.co\/fr\/wp-json\/wp\/v2\/product_tag?post=8021"}],"curies":[{"name":"wp","href":"https:\/\/api.w.org\/{rel}","templated":true}]}}