{"id":7996,"date":"2026-01-29T14:46:44","date_gmt":"2026-01-29T14:46:44","guid":{"rendered":"https:\/\/turkishtrade.co\/?post_type=product&#038;p=7996"},"modified":"2026-04-09T20:38:41","modified_gmt":"2026-04-09T20:38:41","slug":"mens-brown-leather-monk-strap-shoes-3","status":"publish","type":"product","link":"https:\/\/turkishtrade.co\/fr\/shop\/mens-brown-leather-monk-strap-shoes-3\/","title":{"rendered":"Chaussures Monk en cuir marron pour hommes Best-Selling | Chaussures classiques en cuir marron gaufr\u00e9 pour hommes"},"content":{"rendered":"<p><strong>Chaussures Monk en cuir marron pour hommes<\/strong>. La qualit\u00e9 et le design les plus vendus.<\/p>\n<p>Entrez dans une sophistication in\u00e9gal\u00e9e gr\u00e2ce \u00e0 nos produits distingu\u00e9s. <strong>Chaussures Monk en cuir marron pour hommes<\/strong>. Ces chaussures exquises sont plus que de simples chaussures ; elles sont une d\u00e9claration d'\u00e9l\u00e9gance intemporelle et de confort moderne, m\u00e9ticuleusement fabriqu\u00e9es pour le gentleman exigeant. Nos <strong>Chaussures Monk en cuir marron pour hommes<\/strong> allient harmonieusement un design traditionnel \u00e0 des caract\u00e9ristiques contemporaines, vous garantissant une apparence soign\u00e9e et un sentiment de bien-\u00eatre, que ce soit lors d'une r\u00e9union d'affaires ou d'un \u00e9v\u00e9nement sp\u00e9cial.<\/p>\n<h3>L'exp\u00e9rience d'un savoir-faire in\u00e9gal\u00e9<\/h3>\n<p>Chaque paire de ces chaussures classiques \u00e0 bride de moine t\u00e9moigne d'un savoir-faire sup\u00e9rieur. Fabriqu\u00e9e en cuir de veau de premi\u00e8re qualit\u00e9, la tige promet une grande durabilit\u00e9 et une sensation de luxe qui ne fait que s'am\u00e9liorer avec le temps. L'int\u00e9rieur est doubl\u00e9 de cuir de ch\u00e8vre souple et respirant, offrant un confort incroyable d\u00e8s l'instant o\u00f9 vous les enfilez. Ce souci du d\u00e9tail dans la s\u00e9lection des mat\u00e9riaux garantit que nos <strong>Chaussures Monk en cuir marron pour hommes<\/strong> offrent une tenue durable et un confort exceptionnel.<\/p>\n<h3>L'attrait du design en relief du crocodile<\/h3>\n<p>Ce qui distingue vraiment ces chaussures, c'est leur esth\u00e9tique unique. Le bout et l'empeigne pr\u00e9sentent une texture distinctive en relief de crocodile, qui ajoute une touche d'exotisme et de sophistication au riche cuir marron. Ce d\u00e9tail subtil mais frappant est magnifiquement contrast\u00e9 par le cuir lisse et grain\u00e9 de la lani\u00e8re et du talon, cr\u00e9ant un attrait visuel dynamique. La lani\u00e8re monacale classique, fix\u00e9e par une boucle \u00e9l\u00e9gante, ajoute non seulement \u00e0 l'allure distingu\u00e9e de la chaussure, mais assure \u00e9galement un ajustement s\u00fbr et r\u00e9glable. Ces chaussures <strong>Chaussures Monk en cuir marron pour hommes<\/strong> sont con\u00e7us pour attirer l'attention et compl\u00e9ter tout ensemble formel ou \u00e9l\u00e9gant.<\/p>\n<h3>Confort et durabilit\u00e9 \u00e0 chaque pas<\/h3>\n<p>Au-del\u00e0 de leur apparence \u00e9tonnante, ces <strong>Chaussures Monk en cuir marron pour hommes<\/strong> sont con\u00e7ues pour un confort et une r\u00e9sistance ultimes. La semelle microlight offre une l\u00e9g\u00e8ret\u00e9 et une flexibilit\u00e9 exceptionnelles, r\u00e9duisant la fatigue du pied m\u00eame apr\u00e8s de longues heures de port. Cette technologie de semelle innovante offre une excellente adh\u00e9rence et une absorption des chocs, pour que chaque pas se fasse sans effort. La combinaison d'un cuir de veau de premi\u00e8re qualit\u00e9, d'une doublure en cuir de ch\u00e8vre et d'une semelle microlight durable garantit que ces chaussures ne sont pas seulement \u00e9l\u00e9gantes, mais qu'elles constituent \u00e9galement un ajout pratique et durable \u00e0 votre garde-robe.<\/p>\n<h3>Opportunit\u00e9 de vente en gros de chaussures haut de gamme<\/h3>\n<p>Pour les d\u00e9taillants et les entreprises qui souhaitent proposer des chaussures pour hommes \u00e9l\u00e9gantes et de grande qualit\u00e9, nos <strong>Chaussures Monk en cuir marron pour hommes<\/strong> sont disponibles en gros. Avec une quantit\u00e9 minimale de commande de 16 paires, vous pouvez stocker une gamme de tailles (39-45) pour r\u00e9pondre aux demandes de vos clients. Ces chaussures monk strap classiques et contemporaines sont un choix id\u00e9al pour les clients soucieux de la mode qui appr\u00e9cient les mat\u00e9riaux luxueux et le savoir-faire artisanal. Faites \u00e9quipe avec nous pour offrir \u00e0 vos clients un produit qui se distingue par sa qualit\u00e9 et son style.<\/p>","protected":false},"excerpt":{"rendered":"<ul>\n<li>Fabriqu\u00e9 \u00e0 la main en cuir de veau de premi\u00e8re qualit\u00e9<\/li>\n<li>Pointe et empeigne gaufr\u00e9es au crocodile.<\/li>\n<li>Doublure en cuir de ch\u00e8vre luxueux pour un confort sup\u00e9rieur<\/li>\n<li>Semelle l\u00e9g\u00e8re et durable pour une utilisation tout au long de la journ\u00e9e<\/li>\n<li>Bracelet monk classique avec fermeture \u00e0 boucle \u00e9l\u00e9gante<\/li>\n<li>Disponible en tailles 39, 40, 41, 42, 43, 44, 45<\/li>\n<li>Les commandes en gros sont les bienvenues (commande minimale : 16 paires).<\/li>\n<\/ul>","protected":false},"featured_media":7036,"template":"","meta":{"_acf_changed":false,"_uag_custom_page_level_css":"","site-sidebar-layout":"default","site-content-layout":"","ast-site-content-layout":"default","site-content-style":"default","site-sidebar-style":"default","ast-global-header-display":"","ast-banner-title-visibility":"","ast-main-header-display":"","ast-hfb-above-header-display":"","ast-hfb-below-header-display":"","ast-hfb-mobile-header-display":"","site-post-title":"","ast-breadcrumbs-content":"","ast-featured-img":"","footer-sml-layout":"","ast-disable-related-posts":"","theme-transparent-header-meta":"","adv-header-id-meta":"","stick-header-meta":"","header-above-stick-meta":"","header-main-stick-meta":"","header-below-stick-meta":"","astra-migrate-meta-layouts":"default","ast-page-background-enabled":"default","ast-page-background-meta":{"desktop":{"background-color":"var(--ast-global-color-4)","background-image":"","background-repeat":"repeat","background-position":"center center","background-size":"auto","background-attachment":"scroll","background-type":"","background-media":"","overlay-type":"","overlay-color":"","overlay-opacity":"","overlay-gradient":""},"tablet":{"background-color":"","background-image":"","background-repeat":"repeat","background-position":"center center","background-size":"auto","background-attachment":"scroll","background-type":"","background-media":"","overlay-type":"","overlay-color":"","overlay-opacity":"","overlay-gradient":""},"mobile":{"background-color":"","background-image":"","background-repeat":"repeat","background-position":"center center","background-size":"auto","background-attachment":"scroll","background-type":"","background-media":"","overlay-type":"","overlay-color":"","overlay-opacity":"","overlay-gradient":""}},"ast-content-background-meta":{"desktop":{"background-color":"var(--ast-global-color-5)","background-image":"","background-repeat":"repeat","background-position":"center center","background-size":"auto","background-attachment":"scroll","background-type":"","background-media":"","overlay-type":"","overlay-color":"","overlay-opacity":"","overlay-gradient":""},"tablet":{"background-color":"var(--ast-global-color-5)","background-image":"","background-repeat":"repeat","background-position":"center center","background-size":"auto","background-attachment":"scroll","background-type":"","background-media":"","overlay-type":"","overlay-color":"","overlay-opacity":"","overlay-gradient":""},"mobile":{"background-color":"var(--ast-global-color-5)","background-image":"","background-repeat":"repeat","background-position":"center center","background-size":"auto","background-attachment":"scroll","background-type":"","background-media":"","overlay-type":"","overlay-color":"","overlay-opacity":"","overlay-gradient":""}}},"product_brand":[],"product_cat":[47,430,1200],"product_tag":[292,405,566,1333,251,189,324,466,508,262],"class_list":{"0":"post-7996","1":"product","2":"type-product","3":"status-publish","4":"has-post-thumbnail","6":"product_cat-classic","7":"product_cat-men","8":"product_cat-mens-shoes-2","9":"product_tag-brown-leather-shoes","10":"product_tag-business-shoes","11":"product_tag-calfskin-shoes","12":"product_tag-classic-monk-shoes","13":"product_tag-formal-shoes","14":"product_tag-goat-leather-lining","15":"product_tag-mens-dress-shoes","16":"product_tag-microlight-sole","17":"product_tag-single-monk-strap","18":"product_tag-wholesale-mens-shoes","19":"desktop-align-center","20":"tablet-align-center","21":"mobile-align-center","23":"first","24":"instock","25":"shipping-taxable","26":"purchasable","27":"product-type-variable","28":"has-default-attributes"},"acf":[],"uagb_featured_image_src":{"full":["https:\/\/turkishtrade.co\/wp-content\/uploads\/2026\/01\/2600FKHMN00053-BROWN.png",453,250,false],"thumbnail":["https:\/\/turkishtrade.co\/wp-content\/uploads\/2026\/01\/2600FKHMN00053-BROWN-150x150.png",150,150,true],"medium":["https:\/\/turkishtrade.co\/wp-content\/uploads\/2026\/01\/2600FKHMN00053-BROWN-300x166.png",300,166,true],"medium_large":["https:\/\/turkishtrade.co\/wp-content\/uploads\/2026\/01\/2600FKHMN00053-BROWN.png",453,250,false],"large":["https:\/\/turkishtrade.co\/wp-content\/uploads\/2026\/01\/2600FKHMN00053-BROWN.png",453,250,false],"1536x1536":["https:\/\/turkishtrade.co\/wp-content\/uploads\/2026\/01\/2600FKHMN00053-BROWN.png",453,250,false],"2048x2048":["https:\/\/turkishtrade.co\/wp-content\/uploads\/2026\/01\/2600FKHMN00053-BROWN.png",453,250,false],"trp-custom-language-flag":["https:\/\/turkishtrade.co\/wp-content\/uploads\/2026\/01\/2600FKHMN00053-BROWN-18x10.png",18,10,true],"woocommerce_thumbnail":["https:\/\/turkishtrade.co\/wp-content\/uploads\/2026\/01\/2600FKHMN00053-BROWN-400x250.png",400,250,true],"woocommerce_single":["https:\/\/turkishtrade.co\/wp-content\/uploads\/2026\/01\/2600FKHMN00053-BROWN.png",453,250,false],"woocommerce_gallery_thumbnail":["https:\/\/turkishtrade.co\/wp-content\/uploads\/2026\/01\/2600FKHMN00053-BROWN-100x100.png",100,100,true]},"uagb_author_info":{"display_name":"python python","author_link":"https:\/\/turkishtrade.co\/fr\/author\/"},"uagb_comment_info":0,"uagb_excerpt":"Handcrafted from premium calfskin leather Features a distinctive croc-embossed toe and vamp design Luxurious goat leather lining for superior comfort Lightweight and durable microlight sole for all-day wear Classic single monk strap with a sleek buckle closure Available in sizes 39, 40, 41, 42, 43, 44, 45 Wholesale orders are welcome (minimum order: 16 pairs)","_links":{"self":[{"href":"https:\/\/turkishtrade.co\/fr\/wp-json\/wp\/v2\/product\/7996","targetHints":{"allow":["GET"]}}],"collection":[{"href":"https:\/\/turkishtrade.co\/fr\/wp-json\/wp\/v2\/product"}],"about":[{"href":"https:\/\/turkishtrade.co\/fr\/wp-json\/wp\/v2\/types\/product"}],"wp:featuredmedia":[{"embeddable":true,"href":"https:\/\/turkishtrade.co\/fr\/wp-json\/wp\/v2\/media\/7036"}],"wp:attachment":[{"href":"https:\/\/turkishtrade.co\/fr\/wp-json\/wp\/v2\/media?parent=7996"}],"wp:term":[{"taxonomy":"product_brand","embeddable":true,"href":"https:\/\/turkishtrade.co\/fr\/wp-json\/wp\/v2\/product_brand?post=7996"},{"taxonomy":"product_cat","embeddable":true,"href":"https:\/\/turkishtrade.co\/fr\/wp-json\/wp\/v2\/product_cat?post=7996"},{"taxonomy":"product_tag","embeddable":true,"href":"https:\/\/turkishtrade.co\/fr\/wp-json\/wp\/v2\/product_tag?post=7996"}],"curies":[{"name":"wp","href":"https:\/\/api.w.org\/{rel}","templated":true}]}}