{"id":7994,"date":"2026-01-29T14:46:44","date_gmt":"2026-01-29T14:46:44","guid":{"rendered":"https:\/\/turkishtrade.co\/?post_type=product&#038;p=7994"},"modified":"2026-04-09T20:38:47","modified_gmt":"2026-04-09T20:38:47","slug":"mens-calf-leather-derby-shoes-9","status":"publish","type":"product","link":"https:\/\/turkishtrade.co\/fr\/shop\/mens-calf-leather-derby-shoes-9\/","title":{"rendered":"Chaussures de derby en cuir de veau pour hommes Proven | Classic en cuir de veau marron pour hommes"},"content":{"rendered":"<p><strong>Chaussures derby en cuir de veau pour hommes<\/strong>. Qualit\u00e9 et conception \u00e9prouv\u00e9es.<\/p>\n<p>Entrez dans l'\u00e9l\u00e9gance intemporelle et le confort in\u00e9gal\u00e9 de notre exquise collection d'objets d'art. <strong>Chaussures derby classiques en cuir de veau marron pour hommes<\/strong>. Con\u00e7ues pour le gentleman exigeant, ces chaussures allient savoir-faire traditionnel et innovation moderne pour cr\u00e9er des chaussures \u00e0 la fois \u00e9l\u00e9gantes et incroyablement pratiques. D\u00e8s que vous les enfilerez, vous appr\u00e9cierez la qualit\u00e9 sup\u00e9rieure et l'attention port\u00e9e aux d\u00e9tails qui caract\u00e9risent chaque paire.<\/p>\n<h3>Qualit\u00e9 et mat\u00e9riaux in\u00e9gal\u00e9s<\/h3>\n<p>Notre prime <strong>Chaussures derby en cuir de veau pour hommes<\/strong> sont m\u00e9ticuleusement fabriqu\u00e9es en cuir de veau v\u00e9ritable, offrant une texture riche et souple qui s'affine merveilleusement avec le temps. La teinte brune sophistiqu\u00e9e, compl\u00e9t\u00e9e par une finition textur\u00e9e subtile sur certains panneaux, permet \u00e0 ces chaussures de se distinguer sans \u00eatre trop tape-\u00e0-l'\u0153il. Sous cet ext\u00e9rieur luxueux, vos pieds seront berc\u00e9s par une somptueuse doublure en cuir de ch\u00e8vre. Cette doublure naturelle et respirante \u00e9vacue l'humidit\u00e9 et offre un confort exceptionnel, ce qui rend ces chaussures parfaites pour un port prolong\u00e9 tout au long d'une journ\u00e9e bien remplie.<\/p>\n<h3>Un design innovant pour un confort moderne<\/h3>\n<p>Au-del\u00e0 de leur esth\u00e9tique classique, ces <strong>Chaussures derby en cuir de veau pour hommes<\/strong> sont dot\u00e9es d'une semelle microlight avanc\u00e9e. Cette technologie de semelle innovante est r\u00e9put\u00e9e pour ses propri\u00e9t\u00e9s de l\u00e9g\u00e8ret\u00e9, r\u00e9duisant de mani\u00e8re significative le poids total de la chaussure sans compromettre la durabilit\u00e9 ou l'adh\u00e9rence. La semelle microlight offre un excellent amorti et une grande souplesse, ce qui garantit une foul\u00e9e confortable, que vous naviguiez dans les rues de la ville ou que vous soyez debout lors d'\u00e9v\u00e9nements de longue dur\u00e9e. Le syst\u00e8me de la\u00e7age ouvert, caract\u00e9ristique du style Derby, offre un ajustement polyvalent, facilitant le chaussage et le d\u00e9chaussage et s'adaptant \u00e0 un plus grand nombre de formes de pieds.<\/p>\n<h3>Polyvalence et possibilit\u00e9s de vente en gros<\/h3>\n<p>Id\u00e9ales pour toutes sortes d'occasions, ces chaussures Derby classiques de couleur marron sont un compl\u00e9ment polyvalent \u00e0 toute garde-robe. Associez-les \u00e0 un costume sur mesure pour un look professionnel \u00e9l\u00e9gant, habillez-les avec un pantalon chino pour une tenue d\u00e9contract\u00e9e, ou portez-les lors d'\u00e9v\u00e9nements formels o\u00f9 un style impeccable est de rigueur. Nous proposons une gamme compl\u00e8te de tailles allant de l'UE 39 \u00e0 l'UE 45, pour r\u00e9pondre aux besoins d'une large client\u00e8le.<\/p>\n<p>Pour les d\u00e9taillants et les entreprises \u00e0 la recherche de chaussures pour hommes de haute qualit\u00e9, nos <strong>Chaussures derby en cuir de veau pour hommes<\/strong> sont disponibles \u00e0 l'achat en gros. Avec une quantit\u00e9 minimale de commande de seulement 16 paires, vous pouvez facilement approvisionner votre stock avec ces chaussures classiques tr\u00e8s recherch\u00e9es. Am\u00e9liorez votre collection et offrez \u00e0 vos clients le m\u00e9lange parfait de luxe, de confort et de style durable.<\/p>","protected":false},"excerpt":{"rendered":"<ul>\n<li>Fabriqu\u00e9 en cuir de veau luxueux pour un ext\u00e9rieur raffin\u00e9.<\/li>\n<li>La doublure confortable en cuir de ch\u00e8vre garantit un port tout au long de la journ\u00e9e.<\/li>\n<li>Semelle l\u00e9g\u00e8re et durable pour une traction et un confort sup\u00e9rieurs.<\/li>\n<li>Style Derby classique avec un la\u00e7age \u00e9l\u00e9gant et une texture sophistiqu\u00e9e.<\/li>\n<li>Disponible dans une large gamme de tailles : EU 39, 40, 41, 42, 43, 44, 45.<\/li>\n<li>Parfait pour les occasions formelles, les tenues d'affaires ou les ensembles d\u00e9contract\u00e9s.<\/li>\n<li>Possibilit\u00e9 de vente en gros : Quantit\u00e9 minimale de commande de 16 paires.<\/li>\n<\/ul>","protected":false},"featured_media":7034,"template":"","meta":{"_acf_changed":false,"_uag_custom_page_level_css":"","site-sidebar-layout":"default","site-content-layout":"","ast-site-content-layout":"default","site-content-style":"default","site-sidebar-style":"default","ast-global-header-display":"","ast-banner-title-visibility":"","ast-main-header-display":"","ast-hfb-above-header-display":"","ast-hfb-below-header-display":"","ast-hfb-mobile-header-display":"","site-post-title":"","ast-breadcrumbs-content":"","ast-featured-img":"","footer-sml-layout":"","ast-disable-related-posts":"","theme-transparent-header-meta":"","adv-header-id-meta":"","stick-header-meta":"","header-above-stick-meta":"","header-main-stick-meta":"","header-below-stick-meta":"","astra-migrate-meta-layouts":"default","ast-page-background-enabled":"default","ast-page-background-meta":{"desktop":{"background-color":"var(--ast-global-color-4)","background-image":"","background-repeat":"repeat","background-position":"center center","background-size":"auto","background-attachment":"scroll","background-type":"","background-media":"","overlay-type":"","overlay-color":"","overlay-opacity":"","overlay-gradient":""},"tablet":{"background-color":"","background-image":"","background-repeat":"repeat","background-position":"center center","background-size":"auto","background-attachment":"scroll","background-type":"","background-media":"","overlay-type":"","overlay-color":"","overlay-opacity":"","overlay-gradient":""},"mobile":{"background-color":"","background-image":"","background-repeat":"repeat","background-position":"center center","background-size":"auto","background-attachment":"scroll","background-type":"","background-media":"","overlay-type":"","overlay-color":"","overlay-opacity":"","overlay-gradient":""}},"ast-content-background-meta":{"desktop":{"background-color":"var(--ast-global-color-5)","background-image":"","background-repeat":"repeat","background-position":"center center","background-size":"auto","background-attachment":"scroll","background-type":"","background-media":"","overlay-type":"","overlay-color":"","overlay-opacity":"","overlay-gradient":""},"tablet":{"background-color":"var(--ast-global-color-5)","background-image":"","background-repeat":"repeat","background-position":"center center","background-size":"auto","background-attachment":"scroll","background-type":"","background-media":"","overlay-type":"","overlay-color":"","overlay-opacity":"","overlay-gradient":""},"mobile":{"background-color":"var(--ast-global-color-5)","background-image":"","background-repeat":"repeat","background-position":"center center","background-size":"auto","background-attachment":"scroll","background-type":"","background-media":"","overlay-type":"","overlay-color":"","overlay-opacity":"","overlay-gradient":""}}},"product_brand":[],"product_cat":[47,430,1200],"product_tag":[613,754,181,314,189,535,839,1283,936,289],"class_list":{"0":"post-7994","1":"product","2":"type-product","3":"status-publish","4":"has-post-thumbnail","6":"product_cat-classic","7":"product_cat-men","8":"product_cat-mens-shoes-2","9":"product_tag-brown-derby-shoes","10":"product_tag-classic-mens-shoes","11":"product_tag-comfortable-dress-shoes","12":"product_tag-formal-mens-shoes","13":"product_tag-goat-leather-lining","14":"product_tag-leather-dress-shoes","15":"product_tag-mens-calf-leather-shoes","16":"product_tag-microlight-sole-shoes","17":"product_tag-premium-mens-footwear","18":"product_tag-wholesale-leather-shoes","19":"desktop-align-center","20":"tablet-align-center","21":"mobile-align-center","23":"first","24":"instock","25":"shipping-taxable","26":"purchasable","27":"product-type-variable","28":"has-default-attributes"},"acf":[],"uagb_featured_image_src":{"full":["https:\/\/turkishtrade.co\/wp-content\/uploads\/2026\/01\/2600FKHMN00051-DARK-BROWN.png",453,250,false],"thumbnail":["https:\/\/turkishtrade.co\/wp-content\/uploads\/2026\/01\/2600FKHMN00051-DARK-BROWN-150x150.png",150,150,true],"medium":["https:\/\/turkishtrade.co\/wp-content\/uploads\/2026\/01\/2600FKHMN00051-DARK-BROWN-300x166.png",300,166,true],"medium_large":["https:\/\/turkishtrade.co\/wp-content\/uploads\/2026\/01\/2600FKHMN00051-DARK-BROWN.png",453,250,false],"large":["https:\/\/turkishtrade.co\/wp-content\/uploads\/2026\/01\/2600FKHMN00051-DARK-BROWN.png",453,250,false],"1536x1536":["https:\/\/turkishtrade.co\/wp-content\/uploads\/2026\/01\/2600FKHMN00051-DARK-BROWN.png",453,250,false],"2048x2048":["https:\/\/turkishtrade.co\/wp-content\/uploads\/2026\/01\/2600FKHMN00051-DARK-BROWN.png",453,250,false],"trp-custom-language-flag":["https:\/\/turkishtrade.co\/wp-content\/uploads\/2026\/01\/2600FKHMN00051-DARK-BROWN-18x10.png",18,10,true],"woocommerce_thumbnail":["https:\/\/turkishtrade.co\/wp-content\/uploads\/2026\/01\/2600FKHMN00051-DARK-BROWN-400x250.png",400,250,true],"woocommerce_single":["https:\/\/turkishtrade.co\/wp-content\/uploads\/2026\/01\/2600FKHMN00051-DARK-BROWN.png",453,250,false],"woocommerce_gallery_thumbnail":["https:\/\/turkishtrade.co\/wp-content\/uploads\/2026\/01\/2600FKHMN00051-DARK-BROWN-100x100.png",100,100,true]},"uagb_author_info":{"display_name":"python python","author_link":"https:\/\/turkishtrade.co\/fr\/author\/"},"uagb_comment_info":0,"uagb_excerpt":"Crafted from luxurious calf leather for a refined exterior. Comfortable goat leather lining ensures all-day wearability. Lightweight and durable microlight sole for superior traction and comfort. Classic Derby style with elegant lacing and sophisticated texture. Available in a comprehensive size range: EU 39, 40, 41, 42, 43, 44, 45. Perfect for formal occasions, business attire,\u2026","_links":{"self":[{"href":"https:\/\/turkishtrade.co\/fr\/wp-json\/wp\/v2\/product\/7994","targetHints":{"allow":["GET"]}}],"collection":[{"href":"https:\/\/turkishtrade.co\/fr\/wp-json\/wp\/v2\/product"}],"about":[{"href":"https:\/\/turkishtrade.co\/fr\/wp-json\/wp\/v2\/types\/product"}],"wp:featuredmedia":[{"embeddable":true,"href":"https:\/\/turkishtrade.co\/fr\/wp-json\/wp\/v2\/media\/7034"}],"wp:attachment":[{"href":"https:\/\/turkishtrade.co\/fr\/wp-json\/wp\/v2\/media?parent=7994"}],"wp:term":[{"taxonomy":"product_brand","embeddable":true,"href":"https:\/\/turkishtrade.co\/fr\/wp-json\/wp\/v2\/product_brand?post=7994"},{"taxonomy":"product_cat","embeddable":true,"href":"https:\/\/turkishtrade.co\/fr\/wp-json\/wp\/v2\/product_cat?post=7994"},{"taxonomy":"product_tag","embeddable":true,"href":"https:\/\/turkishtrade.co\/fr\/wp-json\/wp\/v2\/product_tag?post=7994"}],"curies":[{"name":"wp","href":"https:\/\/api.w.org\/{rel}","templated":true}]}}