{"id":7992,"date":"2026-01-29T14:46:44","date_gmt":"2026-01-29T14:46:44","guid":{"rendered":"https:\/\/turkishtrade.co\/?post_type=product&#038;p=7992"},"modified":"2026-04-09T20:38:51","modified_gmt":"2026-04-09T20:38:51","slug":"mens-brown-leather-brogue-shoes","status":"publish","type":"product","link":"https:\/\/turkishtrade.co\/fr\/shop\/mens-brown-leather-brogue-shoes\/","title":{"rendered":"Chaussures Brogue en cuir marron pour hommes Amazing | Classic"},"content":{"rendered":"<p><strong>Chaussures Brogue en cuir marron pour hommes<\/strong>. Une qualit\u00e9 et un design \u00e9tonnants.<\/p>\n<p>Les chaussures classiques en cuir marron pour hommes offrent un style intemporel et un confort in\u00e9gal\u00e9. M\u00e9ticuleusement con\u00e7ues pour le gentleman exigeant, ces chaussures incarnent la sophistication et le savoir-faire. Chaque paire de ces chaussures brogue exceptionnelles arbore une riche teinte brune, ce qui en fait un compl\u00e9ment polyvalent \u00e0 toute garde-robe, qu'il s'agisse d'une tenue d'affaires formelle ou d'un ensemble chic et d\u00e9contract\u00e9. Les d\u00e9tails embl\u00e9matiques des chaussures brogue, avec leurs perforations complexes, ajoutent une touche d'\u00e9l\u00e9gance classique qui ne se d\u00e9modera jamais.<\/p>\n<h3>Qualit\u00e9 et mat\u00e9riaux in\u00e9gal\u00e9s<\/h3>\n<p>Notre engagement en faveur de la qualit\u00e9 commence par les mat\u00e9riaux les plus nobles. La tige de ces chaussures Brogue en cuir marron pour homme est fabriqu\u00e9e en cuir de veau de premi\u00e8re qualit\u00e9, r\u00e9put\u00e9 pour sa texture douce, sa durabilit\u00e9 et sa capacit\u00e9 \u00e0 d\u00e9velopper une belle patine au fil du temps. Cela garantit non seulement une apparence luxueuse, mais aussi une chaussure con\u00e7ue pour durer. \u00c0 l'int\u00e9rieur, vos pieds b\u00e9n\u00e9ficieront d'un confort optimal gr\u00e2ce \u00e0 la doublure souple en cuir de ch\u00e8vre. Cette mati\u00e8re naturelle est tr\u00e8s respirante, ce qui \u00e9vite tout inconfort et permet \u00e0 vos pieds de rester frais tout au long de la journ\u00e9e, une caract\u00e9ristique cruciale pour toute chaussure de qualit\u00e9.<\/p>\n<h3>Con\u00e7u pour le confort et la durabilit\u00e9<\/h3>\n<p>Le confort est primordial, et ces chaussures Brogue en cuir marron pour homme y parviennent. Elles sont dot\u00e9es d'une semelle microlight innovante, qui offre un amorti et une flexibilit\u00e9 exceptionnels sans ajouter d'encombrement. Cette semelle l\u00e9g\u00e8re r\u00e9duit consid\u00e9rablement la fatigue du pied, ce qui rend ces chaussures parfaites pour les longues journ\u00e9es au bureau ou les \u00e9v\u00e9nements sociaux prolong\u00e9s. La construction robuste combin\u00e9e aux mat\u00e9riaux de qualit\u00e9 sup\u00e9rieure garantit la long\u00e9vit\u00e9, offrant une excellente valeur \u00e0 nos partenaires grossistes et \u00e0 leurs clients. Le design intemporel garantit que ces chaussures Brogue en cuir marron pour hommes resteront un \u00e9l\u00e9ment essentiel de la mode pour les ann\u00e9es \u00e0 venir.<\/p>\n<h3>Opportunit\u00e9 de vente en gros<\/h3>\n<p>Pour les d\u00e9taillants qui souhaitent proposer des chaussures de qualit\u00e9 sup\u00e9rieure, nos chaussures classiques Brogue en cuir marron pour hommes repr\u00e9sentent une opportunit\u00e9 exceptionnelle. Avec une quantit\u00e9 minimale de commande de seulement 16 paires, vous pouvez facilement stocker ce style populaire dans une gamme compl\u00e8te de tailles, du 39 au 45. Faites \u00e9quipe avec nous pour offrir \u00e0 votre client\u00e8le des chaussures pour hommes \u00e9l\u00e9gantes et de haute qualit\u00e9, qui allient l'esth\u00e9tique classique au confort moderne et \u00e0 la durabilit\u00e9. Ces chaussures Brogue en cuir marron pour homme seront certainement un best-seller, attirant un large segment de march\u00e9 \u00e0 la recherche de chaussures sophistiqu\u00e9es et fiables. Enrichissez votre collection avec un produit qui en dit long sur le style et la qualit\u00e9.<\/p>","protected":false},"excerpt":{"rendered":"<ul>\n<li>Chaussures classiques en cuir marron pour hommes, fabriqu\u00e9es de mani\u00e8re experte.<\/li>\n<li>Tige en cuir de veau de premi\u00e8re qualit\u00e9 pour un look et un toucher sophistiqu\u00e9s.<\/li>\n<li>La doublure en cuir de ch\u00e8vre luxueux assure un confort exceptionnel.<\/li>\n<li>Semelle l\u00e9g\u00e8re et durable pour une utilisation tout au long de la journ\u00e9e.<\/li>\n<li>Disponible en plusieurs tailles : 39, 40, 41, 42, 43, 44, 45.<\/li>\n<li>Commande minimum de 16 paires - id\u00e9al pour les partenaires grossistes.<\/li>\n<\/ul>","protected":false},"featured_media":7032,"template":"","meta":{"_acf_changed":false,"_uag_custom_page_level_css":"","site-sidebar-layout":"default","site-content-layout":"","ast-site-content-layout":"default","site-content-style":"default","site-sidebar-style":"default","ast-global-header-display":"","ast-banner-title-visibility":"","ast-main-header-display":"","ast-hfb-above-header-display":"","ast-hfb-below-header-display":"","ast-hfb-mobile-header-display":"","site-post-title":"","ast-breadcrumbs-content":"","ast-featured-img":"","footer-sml-layout":"","ast-disable-related-posts":"","theme-transparent-header-meta":"","adv-header-id-meta":"","stick-header-meta":"","header-above-stick-meta":"","header-main-stick-meta":"","header-below-stick-meta":"","astra-migrate-meta-layouts":"default","ast-page-background-enabled":"default","ast-page-background-meta":{"desktop":{"background-color":"var(--ast-global-color-4)","background-image":"","background-repeat":"repeat","background-position":"center center","background-size":"auto","background-attachment":"scroll","background-type":"","background-media":"","overlay-type":"","overlay-color":"","overlay-opacity":"","overlay-gradient":""},"tablet":{"background-color":"","background-image":"","background-repeat":"repeat","background-position":"center center","background-size":"auto","background-attachment":"scroll","background-type":"","background-media":"","overlay-type":"","overlay-color":"","overlay-opacity":"","overlay-gradient":""},"mobile":{"background-color":"","background-image":"","background-repeat":"repeat","background-position":"center center","background-size":"auto","background-attachment":"scroll","background-type":"","background-media":"","overlay-type":"","overlay-color":"","overlay-opacity":"","overlay-gradient":""}},"ast-content-background-meta":{"desktop":{"background-color":"var(--ast-global-color-5)","background-image":"","background-repeat":"repeat","background-position":"center center","background-size":"auto","background-attachment":"scroll","background-type":"","background-media":"","overlay-type":"","overlay-color":"","overlay-opacity":"","overlay-gradient":""},"tablet":{"background-color":"var(--ast-global-color-5)","background-image":"","background-repeat":"repeat","background-position":"center center","background-size":"auto","background-attachment":"scroll","background-type":"","background-media":"","overlay-type":"","overlay-color":"","overlay-opacity":"","overlay-gradient":""},"mobile":{"background-color":"var(--ast-global-color-5)","background-image":"","background-repeat":"repeat","background-position":"center center","background-size":"auto","background-attachment":"scroll","background-type":"","background-media":"","overlay-type":"","overlay-color":"","overlay-opacity":"","overlay-gradient":""}}},"product_brand":[],"product_cat":[47,430,1200],"product_tag":[654,486,202,145,251,1249,198,466,254],"class_list":{"0":"post-7992","1":"product","2":"type-product","3":"status-publish","4":"has-post-thumbnail","6":"product_cat-classic","7":"product_cat-men","8":"product_cat-mens-shoes-2","9":"product_tag-brogue-shoes","10":"product_tag-brown-leather","11":"product_tag-calf-leather","12":"product_tag-classic-shoes","13":"product_tag-formal-shoes","14":"product_tag-goat-lining","15":"product_tag-mens-fashion","16":"product_tag-microlight-sole","17":"product_tag-wholesale-footwear","18":"desktop-align-center","19":"tablet-align-center","20":"mobile-align-center","22":"first","23":"instock","24":"shipping-taxable","25":"purchasable","26":"product-type-variable","27":"has-default-attributes"},"acf":[],"uagb_featured_image_src":{"full":["https:\/\/turkishtrade.co\/wp-content\/uploads\/2026\/01\/2600FKHMN00049-BROWN.png",453,250,false],"thumbnail":["https:\/\/turkishtrade.co\/wp-content\/uploads\/2026\/01\/2600FKHMN00049-BROWN-150x150.png",150,150,true],"medium":["https:\/\/turkishtrade.co\/wp-content\/uploads\/2026\/01\/2600FKHMN00049-BROWN-300x166.png",300,166,true],"medium_large":["https:\/\/turkishtrade.co\/wp-content\/uploads\/2026\/01\/2600FKHMN00049-BROWN.png",453,250,false],"large":["https:\/\/turkishtrade.co\/wp-content\/uploads\/2026\/01\/2600FKHMN00049-BROWN.png",453,250,false],"1536x1536":["https:\/\/turkishtrade.co\/wp-content\/uploads\/2026\/01\/2600FKHMN00049-BROWN.png",453,250,false],"2048x2048":["https:\/\/turkishtrade.co\/wp-content\/uploads\/2026\/01\/2600FKHMN00049-BROWN.png",453,250,false],"trp-custom-language-flag":["https:\/\/turkishtrade.co\/wp-content\/uploads\/2026\/01\/2600FKHMN00049-BROWN-18x10.png",18,10,true],"woocommerce_thumbnail":["https:\/\/turkishtrade.co\/wp-content\/uploads\/2026\/01\/2600FKHMN00049-BROWN-400x250.png",400,250,true],"woocommerce_single":["https:\/\/turkishtrade.co\/wp-content\/uploads\/2026\/01\/2600FKHMN00049-BROWN.png",453,250,false],"woocommerce_gallery_thumbnail":["https:\/\/turkishtrade.co\/wp-content\/uploads\/2026\/01\/2600FKHMN00049-BROWN-100x100.png",100,100,true]},"uagb_author_info":{"display_name":"python python","author_link":"https:\/\/turkishtrade.co\/fr\/author\/"},"uagb_comment_info":0,"uagb_excerpt":"Expertly crafted Classic Men's Brown Leather Brogue Shoes. Premium calf leather upper for a sophisticated look and feel. Luxurious goat leather lining ensures exceptional comfort. Durable and lightweight microlight sole for all-day wear. Available in a range of sizes: 39, 40, 41, 42, 43, 44, 45. Minimum order of 16 pairs \u2013 ideal for wholesale\u2026","_links":{"self":[{"href":"https:\/\/turkishtrade.co\/fr\/wp-json\/wp\/v2\/product\/7992","targetHints":{"allow":["GET"]}}],"collection":[{"href":"https:\/\/turkishtrade.co\/fr\/wp-json\/wp\/v2\/product"}],"about":[{"href":"https:\/\/turkishtrade.co\/fr\/wp-json\/wp\/v2\/types\/product"}],"wp:featuredmedia":[{"embeddable":true,"href":"https:\/\/turkishtrade.co\/fr\/wp-json\/wp\/v2\/media\/7032"}],"wp:attachment":[{"href":"https:\/\/turkishtrade.co\/fr\/wp-json\/wp\/v2\/media?parent=7992"}],"wp:term":[{"taxonomy":"product_brand","embeddable":true,"href":"https:\/\/turkishtrade.co\/fr\/wp-json\/wp\/v2\/product_brand?post=7992"},{"taxonomy":"product_cat","embeddable":true,"href":"https:\/\/turkishtrade.co\/fr\/wp-json\/wp\/v2\/product_cat?post=7992"},{"taxonomy":"product_tag","embeddable":true,"href":"https:\/\/turkishtrade.co\/fr\/wp-json\/wp\/v2\/product_tag?post=7992"}],"curies":[{"name":"wp","href":"https:\/\/api.w.org\/{rel}","templated":true}]}}