{"id":7991,"date":"2026-01-29T14:46:44","date_gmt":"2026-01-29T14:46:44","guid":{"rendered":"https:\/\/turkishtrade.co\/?post_type=product&#038;p=7991"},"modified":"2026-04-09T20:38:53","modified_gmt":"2026-04-09T20:38:53","slug":"mens-classic-black-dress-shoes","status":"publish","type":"product","link":"https:\/\/turkishtrade.co\/fr\/shop\/mens-classic-black-dress-shoes\/","title":{"rendered":"Hommes Classic Black Dress Shoes Proven | Classic Men's Black Calfskin Dress"},"content":{"rendered":"<p><strong>Chaussures habill\u00e9es classiques noires pour hommes<\/strong>. Qualit\u00e9 et conception \u00e9prouv\u00e9es.<\/p>\n<p>Am\u00e9liorez votre collection de chaussures de c\u00e9r\u00e9monie avec nos chaussures exquises. <strong>Chaussures habill\u00e9es classiques noires pour hommes<\/strong>. Con\u00e7ues pour le gentleman exigeant, ces chaussures allient parfaitement le style intemporel au confort moderne et \u00e0 la durabilit\u00e9. Fabriqu\u00e9es \u00e0 partir du cuir de veau le plus fin, ces chaussures formelles sont dot\u00e9es d'un panneau frontal textur\u00e9 distinctif qui ajoute une touche unique de sophistication \u00e0 leur silhouette classique. Que vous assistiez \u00e0 une r\u00e9union d'affaires importante, \u00e0 un mariage \u00e9l\u00e9gant ou \u00e0 une soir\u00e9e sophistiqu\u00e9e, ces chaussures sont id\u00e9ales pour les hommes d'affaires. <strong>Chaussures habill\u00e9es classiques noires pour hommes<\/strong> sont garanties de laisser une impression durable. D\u00e9couvrez l'ultime paire de <strong>Chaussures habill\u00e9es classiques noires pour hommes<\/strong> qui allient tradition et modernit\u00e9.<\/p>\n<h3>Un savoir-faire in\u00e9gal\u00e9 et des mat\u00e9riaux de premi\u00e8re qualit\u00e9<\/h3>\n<p>La qualit\u00e9 sup\u00e9rieure de ces <strong>Chaussures habill\u00e9es classiques noires pour hommes<\/strong> commence par sa construction m\u00e9ticuleuse. La tige est en cuir de veau v\u00e9ritable, connu pour sa souplesse, sa durabilit\u00e9 et sa brillance naturelle. Ce mat\u00e9riau de qualit\u00e9 sup\u00e9rieure garantit que vos chaussures n'ont pas seulement un aspect exceptionnel, mais qu'elles r\u00e9sistent \u00e9galement \u00e0 l'\u00e9preuve du temps, en d\u00e9veloppant une riche patine au fil des ann\u00e9es. \u00c0 l'int\u00e9rieur, vos pieds b\u00e9n\u00e9ficieront d'un luxe in\u00e9gal\u00e9 gr\u00e2ce \u00e0 la doublure en cuir de ch\u00e8vre. Cette doublure douce et respirante \u00e9vacue l'humidit\u00e9, ce qui permet \u00e0 vos pieds de rester confortables et frais tout au long de la journ\u00e9e. <strong>Chaussures habill\u00e9es classiques noires pour hommes<\/strong> pour une utilisation prolong\u00e9e. D\u00e9couvrez la v\u00e9ritable essence de la chaussure haut de gamme avec ces \u00e9l\u00e9gantes chaussures de ville noires.<\/p>\n<h3>Style sophistiqu\u00e9 et confort moderne<\/h3>\n<p>Au-del\u00e0 de leur esth\u00e9tique \u00e9tonnante, ces <strong>Chaussures habill\u00e9es classiques noires pour hommes<\/strong> sont con\u00e7ues pour un confort supr\u00eame. La semelle microlight innovante offre une l\u00e9g\u00e8ret\u00e9 et une flexibilit\u00e9 exceptionnelles, r\u00e9duisant consid\u00e9rablement la fatigue du pied souvent associ\u00e9e aux chaussures de ville traditionnelles. Sa conception durable mais amortie offre une excellente adh\u00e9rence, comme en t\u00e9moigne la base \u00e0 motifs rouge et noir frappante, garantissant la confiance \u00e0 chaque pas. La fermeture \u00e0 lacets offre un ajustement s\u00fbr et r\u00e9glable, \u00e9pousant la forme unique de votre pied. Le bout \u00e9l\u00e9gant et l\u00e9g\u00e8rement pointu et le d\u00e9tail textur\u00e9 raffin\u00e9 sur l'empeigne font de ces chaussures des chaussures de ville. <strong>Chaussures habill\u00e9es classiques noires pour hommes<\/strong> un compl\u00e9ment polyvalent \u00e0 toute garde-robe formelle ou semi-formelle, d\u00e9finissant v\u00e9ritablement le style sophistiqu\u00e9 de l'homme moderne. Vous ne trouverez pas mieux <strong>Chaussures habill\u00e9es classiques noires pour hommes<\/strong> pour l'aspect et le toucher.<\/p>\n<h3>Id\u00e9al pour les grossistes et les d\u00e9taillants<\/h3>\n<p>Pour les d\u00e9taillants qui souhaitent proposer des chaussures \u00e9l\u00e9gantes et de haute qualit\u00e9, ces <strong>Chaussures habill\u00e9es classiques noires pour hommes<\/strong> sont disponibles \u00e0 l'achat en gros. Avec une quantit\u00e9 minimale de commande de seulement 16 paires, les entreprises peuvent facilement stocker ces tailles populaires (EU 39-45) et r\u00e9pondre aux besoins d'une large client\u00e8le. Offrant un m\u00e9lange de design classique, de mat\u00e9riaux de qualit\u00e9 sup\u00e9rieure et de confort exceptionnel, ces chaussures habill\u00e9es en cuir de veau noir sont un investissement judicieux pour toute boutique de mode masculine ou tout magasin de chaussures. Offrez \u00e0 vos clients l'\u00e9l\u00e9gance et la qualit\u00e9 qu'ils m\u00e9ritent avec ces chaussures haut de gamme. <strong>Chaussures habill\u00e9es classiques noires pour hommes<\/strong>.<\/p>\n<p>Investissez dans des chaussures qui en disent long sur votre style. Nos <strong>Chaussures habill\u00e9es classiques noires pour hommes<\/strong> sont plus qu'une simple paire de chaussures ; elles sont une d\u00e9claration de sophistication et de qualit\u00e9. D\u00e9couvrez la fusion parfaite de la tradition et de l'innovation, con\u00e7ue pour compl\u00e9ter votre tenue la plus raffin\u00e9e. Lorsqu'il s'agit de style et de confort durables, ces chaussures sont la r\u00e9f\u00e9rence en la mati\u00e8re. <strong>Chaussures habill\u00e9es classiques noires pour hommes<\/strong>.<\/p>","protected":false},"excerpt":{"rendered":"<ul>\n<li>Tige en cuir de veau de premi\u00e8re qualit\u00e9 pour une \u00e9l\u00e9gance durable<\/li>\n<li>La doublure en cuir de ch\u00e8vre luxueux assure la respirabilit\u00e9 et le confort.<\/li>\n<li>Semelle l\u00e9g\u00e8re Microlight pour une utilisation sans fatigue tout au long de la journ\u00e9e<\/li>\n<li>Les d\u00e9tails textur\u00e9s distinctifs ajoutent une touche sophistiqu\u00e9e \u00e0 ces chaussures de ville noires classiques pour hommes.<\/li>\n<li>Disponible en tailles UE : 39, 40, 41, 42, 43, 44, 45<\/li>\n<li>Possibilit\u00e9 de vente en gros avec une commande minimum de 16 paires.<\/li>\n<\/ul>","protected":false},"featured_media":7031,"template":"","meta":{"_acf_changed":false,"_uag_custom_page_level_css":"","site-sidebar-layout":"default","site-content-layout":"","ast-site-content-layout":"default","site-content-style":"default","site-sidebar-style":"default","ast-global-header-display":"","ast-banner-title-visibility":"","ast-main-header-display":"","ast-hfb-above-header-display":"","ast-hfb-below-header-display":"","ast-hfb-mobile-header-display":"","site-post-title":"","ast-breadcrumbs-content":"","ast-featured-img":"","footer-sml-layout":"","ast-disable-related-posts":"","theme-transparent-header-meta":"","adv-header-id-meta":"","stick-header-meta":"","header-above-stick-meta":"","header-main-stick-meta":"","header-below-stick-meta":"","astra-migrate-meta-layouts":"default","ast-page-background-enabled":"default","ast-page-background-meta":{"desktop":{"background-color":"var(--ast-global-color-4)","background-image":"","background-repeat":"repeat","background-position":"center center","background-size":"auto","background-attachment":"scroll","background-type":"","background-media":"","overlay-type":"","overlay-color":"","overlay-opacity":"","overlay-gradient":""},"tablet":{"background-color":"","background-image":"","background-repeat":"repeat","background-position":"center center","background-size":"auto","background-attachment":"scroll","background-type":"","background-media":"","overlay-type":"","overlay-color":"","overlay-opacity":"","overlay-gradient":""},"mobile":{"background-color":"","background-image":"","background-repeat":"repeat","background-position":"center center","background-size":"auto","background-attachment":"scroll","background-type":"","background-media":"","overlay-type":"","overlay-color":"","overlay-opacity":"","overlay-gradient":""}},"ast-content-background-meta":{"desktop":{"background-color":"var(--ast-global-color-5)","background-image":"","background-repeat":"repeat","background-position":"center center","background-size":"auto","background-attachment":"scroll","background-type":"","background-media":"","overlay-type":"","overlay-color":"","overlay-opacity":"","overlay-gradient":""},"tablet":{"background-color":"var(--ast-global-color-5)","background-image":"","background-repeat":"repeat","background-position":"center center","background-size":"auto","background-attachment":"scroll","background-type":"","background-media":"","overlay-type":"","overlay-color":"","overlay-opacity":"","overlay-gradient":""},"mobile":{"background-color":"var(--ast-global-color-5)","background-image":"","background-repeat":"repeat","background-position":"center center","background-size":"auto","background-attachment":"scroll","background-type":"","background-media":"","overlay-type":"","overlay-color":"","overlay-opacity":"","overlay-gradient":""}}},"product_brand":[],"product_cat":[47,430,1200],"product_tag":[196,405,566,1331,189,324,466,1332,262],"class_list":{"0":"post-7991","1":"product","2":"type-product","3":"status-publish","4":"has-post-thumbnail","6":"product_cat-classic","7":"product_cat-men","8":"product_cat-mens-shoes-2","9":"product_tag-black-leather-shoes","10":"product_tag-business-shoes","11":"product_tag-calfskin-shoes","12":"product_tag-classic-formal-shoes","13":"product_tag-goat-leather-lining","14":"product_tag-mens-dress-shoes","15":"product_tag-microlight-sole","16":"product_tag-textured-dress-shoes","17":"product_tag-wholesale-mens-shoes","18":"desktop-align-center","19":"tablet-align-center","20":"mobile-align-center","22":"first","23":"instock","24":"shipping-taxable","25":"purchasable","26":"product-type-variable","27":"has-default-attributes"},"acf":[],"uagb_featured_image_src":{"full":["https:\/\/turkishtrade.co\/wp-content\/uploads\/2026\/01\/2600FKHMN00048-BLACK.png",453,250,false],"thumbnail":["https:\/\/turkishtrade.co\/wp-content\/uploads\/2026\/01\/2600FKHMN00048-BLACK-150x150.png",150,150,true],"medium":["https:\/\/turkishtrade.co\/wp-content\/uploads\/2026\/01\/2600FKHMN00048-BLACK-300x166.png",300,166,true],"medium_large":["https:\/\/turkishtrade.co\/wp-content\/uploads\/2026\/01\/2600FKHMN00048-BLACK.png",453,250,false],"large":["https:\/\/turkishtrade.co\/wp-content\/uploads\/2026\/01\/2600FKHMN00048-BLACK.png",453,250,false],"1536x1536":["https:\/\/turkishtrade.co\/wp-content\/uploads\/2026\/01\/2600FKHMN00048-BLACK.png",453,250,false],"2048x2048":["https:\/\/turkishtrade.co\/wp-content\/uploads\/2026\/01\/2600FKHMN00048-BLACK.png",453,250,false],"trp-custom-language-flag":["https:\/\/turkishtrade.co\/wp-content\/uploads\/2026\/01\/2600FKHMN00048-BLACK-18x10.png",18,10,true],"woocommerce_thumbnail":["https:\/\/turkishtrade.co\/wp-content\/uploads\/2026\/01\/2600FKHMN00048-BLACK-400x250.png",400,250,true],"woocommerce_single":["https:\/\/turkishtrade.co\/wp-content\/uploads\/2026\/01\/2600FKHMN00048-BLACK.png",453,250,false],"woocommerce_gallery_thumbnail":["https:\/\/turkishtrade.co\/wp-content\/uploads\/2026\/01\/2600FKHMN00048-BLACK-100x100.png",100,100,true]},"uagb_author_info":{"display_name":"python python","author_link":"https:\/\/turkishtrade.co\/fr\/author\/"},"uagb_comment_info":0,"uagb_excerpt":"Premium Calfskin Leather Upper for lasting elegance Luxurious Goat Leather Lining ensures breathability and comfort Lightweight Microlight Sole for all-day wear without fatigue Distinctive Textured Detail adds sophisticated flair to these Men's Classic Black Dress Shoes Available in EU Sizes: 39, 40, 41, 42, 43, 44, 45 Wholesale opportunities available with a minimum order of\u2026","_links":{"self":[{"href":"https:\/\/turkishtrade.co\/fr\/wp-json\/wp\/v2\/product\/7991","targetHints":{"allow":["GET"]}}],"collection":[{"href":"https:\/\/turkishtrade.co\/fr\/wp-json\/wp\/v2\/product"}],"about":[{"href":"https:\/\/turkishtrade.co\/fr\/wp-json\/wp\/v2\/types\/product"}],"wp:featuredmedia":[{"embeddable":true,"href":"https:\/\/turkishtrade.co\/fr\/wp-json\/wp\/v2\/media\/7031"}],"wp:attachment":[{"href":"https:\/\/turkishtrade.co\/fr\/wp-json\/wp\/v2\/media?parent=7991"}],"wp:term":[{"taxonomy":"product_brand","embeddable":true,"href":"https:\/\/turkishtrade.co\/fr\/wp-json\/wp\/v2\/product_brand?post=7991"},{"taxonomy":"product_cat","embeddable":true,"href":"https:\/\/turkishtrade.co\/fr\/wp-json\/wp\/v2\/product_cat?post=7991"},{"taxonomy":"product_tag","embeddable":true,"href":"https:\/\/turkishtrade.co\/fr\/wp-json\/wp\/v2\/product_tag?post=7991"}],"curies":[{"name":"wp","href":"https:\/\/api.w.org\/{rel}","templated":true}]}}