{"id":7990,"date":"2026-01-29T14:46:44","date_gmt":"2026-01-29T14:46:44","guid":{"rendered":"https:\/\/turkishtrade.co\/?post_type=product&#038;p=7990"},"modified":"2026-04-09T20:38:56","modified_gmt":"2026-04-09T20:38:56","slug":"mens-classic-calf-leather-shoes","status":"publish","type":"product","link":"https:\/\/turkishtrade.co\/fr\/shop\/mens-classic-calf-leather-shoes\/","title":{"rendered":"Chaussures classiques en cuir de veau pour hommes Chaussures de luxe en cuir de veau pour hommes"},"content":{"rendered":"<p><strong>Chaussures classiques en cuir de veau pour hommes<\/strong>. Qualit\u00e9 et design de luxe.<\/p>\n<p>Entrez dans une sophistication intemporelle gr\u00e2ce \u00e0 notre exquise <strong>Chaussures classiques en cuir de veau pour hommes<\/strong>. Con\u00e7ues pour l'homme exigeant, ces chaussures \u00e0 enfiler allient parfaitement l'\u00e9l\u00e9gance traditionnelle au confort contemporain. Fabriqu\u00e9es \u00e0 partir de mat\u00e9riaux de premi\u00e8re qualit\u00e9 et dot\u00e9es d'un design m\u00e9ticuleux, ces chaussures ne sont pas seulement des chaussures, elles sont une d\u00e9claration de style et de qualit\u00e9. Notre collection de <strong>Chaussures classiques en cuir de veau pour hommes<\/strong> offre la solution parfaite pour les d\u00e9taillants et les entreprises qui souhaitent offrir \u00e0 leurs clients des options haut de gamme, durables et \u00e9l\u00e9gantes.<\/p>\n<h3>Un savoir-faire in\u00e9gal\u00e9 et des mat\u00e9riaux de premi\u00e8re qualit\u00e9<\/h3>\n<p>Chaque paire de ces <strong>Chaussures classiques en cuir de veau pour hommes<\/strong> t\u00e9moigne d'un savoir-faire sup\u00e9rieur. La tige est en cuir de veau v\u00e9ritable, r\u00e9put\u00e9 pour sa texture douce, sa durabilit\u00e9 et son aspect luxueux. Le cuir de veau \u00e9pouse parfaitement la forme du pied, garantissant un confort qui ne fait que s'am\u00e9liorer avec le temps. \u00c0 l'int\u00e9rieur, les chaussures sont doubl\u00e9es de cuir de ch\u00e8vre souple, offrant un toucher incroyablement doux et une excellente respirabilit\u00e9, pour que vos pieds restent \u00e0 l'aise tout au long de la journ\u00e9e. La semelle microlight innovante ajoute une touche de modernit\u00e9, offrant une l\u00e9g\u00e8ret\u00e9 et une flexibilit\u00e9 exceptionnelles sans compromettre le soutien ou l'adh\u00e9rence. Cette technologie de semelle avanc\u00e9e permet \u00e0 ces chaussures de rester confortables tout au long de la journ\u00e9e. <strong>Chaussures classiques en cuir de veau pour hommes<\/strong> un choix id\u00e9al pour une utilisation prolong\u00e9e, que ce soit au bureau ou lors d'\u00e9v\u00e9nements sociaux.<\/p>\n<h3>Un style intemporel pour le gentleman moderne<\/h3>\n<p>La conception de ces <strong>Chaussures classiques en cuir de veau pour hommes<\/strong> incarne une esth\u00e9tique classique avec des d\u00e9tails raffin\u00e9s. Dot\u00e9es d'un bout pointu sophistiqu\u00e9 et de subtils accents perfor\u00e9s sur l'empeigne, elles exhalent un charme formel et polyvalent \u00e0 la fois. Le style \u00e0 enfiler assure une grande facilit\u00e9 d'utilisation, ce qui en fait un choix pratique pour les professionnels occup\u00e9s. Leur riche teinte brune les rend incroyablement polyvalentes et permet de les associer \u00e0 une grande vari\u00e9t\u00e9 de tenues, du costume d'affaires \u00e0 la tenue d\u00e9contract\u00e9e. Rehaussez votre collection de chaussures ou offrez \u00e0 votre client\u00e8le le nec plus ultra en mati\u00e8re de style raffin\u00e9 avec ces chaussures essentielles. <strong>Chaussures classiques en cuir de veau pour hommes<\/strong>.<\/p>\n<h3>Opportunit\u00e9 de vente en gros pour les entreprises<\/h3>\n<p>Nous comprenons les besoins des d\u00e9taillants et sommes fiers de proposer ces produits exceptionnels. <strong>Chaussures classiques en cuir de veau pour hommes<\/strong> pour la vente en gros. Avec une quantit\u00e9 minimale de commande de seulement 16 paires, les entreprises peuvent facilement s'approvisionner en chaussures de haute qualit\u00e9 qui ne manqueront pas d'impressionner. Disponibles dans une gamme compl\u00e8te de pointures europ\u00e9ennes allant du 39 au 45, elles vous permettent de r\u00e9pondre aux besoins d'une large client\u00e8le. En investissant dans nos <strong>Chaussures classiques en cuir de veau pour hommes<\/strong> signifie investir dans une qualit\u00e9 sup\u00e9rieure, un savoir-faire fiable et un design classique qui attirera toujours les clients \u00e0 la recherche d'options durables et \u00e9l\u00e9gantes. Contactez-nous d\u00e8s aujourd'hui pour discuter de vos besoins en mati\u00e8re de vente en gros et am\u00e9liorer vos offres de produits avec ces chaussures distingu\u00e9es.<\/p>","protected":false},"excerpt":{"rendered":"<ul>\n<li>Fabriqu\u00e9 \u00e0 la main en cuir de veau v\u00e9ritable pour un look \u00e9l\u00e9gant et raffin\u00e9.<\/li>\n<li>La doublure int\u00e9rieure en cuir de ch\u00e8vre luxueux assure un confort et une respirabilit\u00e9 sup\u00e9rieurs.<\/li>\n<li>\u00c9quip\u00e9e d'une semelle l\u00e9g\u00e8re et flexible pour une aisance tout au long de la journ\u00e9e.<\/li>\n<li>Disponible dans une gamme compl\u00e8te de tailles europ\u00e9ennes : 39, 40, 41, 42, 43, 44, 45.<\/li>\n<li>Id\u00e9al pour la vente en gros ; quantit\u00e9 minimale de commande de 16 paires.<\/li>\n<\/ul>","protected":false},"featured_media":7030,"template":"","meta":{"_acf_changed":false,"_uag_custom_page_level_css":"","site-sidebar-layout":"default","site-content-layout":"","ast-site-content-layout":"default","site-content-style":"default","site-sidebar-style":"default","ast-global-header-display":"","ast-banner-title-visibility":"","ast-main-header-display":"","ast-hfb-above-header-display":"","ast-hfb-below-header-display":"","ast-hfb-mobile-header-display":"","site-post-title":"","ast-breadcrumbs-content":"","ast-featured-img":"","footer-sml-layout":"","ast-disable-related-posts":"","theme-transparent-header-meta":"","adv-header-id-meta":"","stick-header-meta":"","header-above-stick-meta":"","header-main-stick-meta":"","header-below-stick-meta":"","astra-migrate-meta-layouts":"default","ast-page-background-enabled":"default","ast-page-background-meta":{"desktop":{"background-color":"var(--ast-global-color-4)","background-image":"","background-repeat":"repeat","background-position":"center center","background-size":"auto","background-attachment":"scroll","background-type":"","background-media":"","overlay-type":"","overlay-color":"","overlay-opacity":"","overlay-gradient":""},"tablet":{"background-color":"","background-image":"","background-repeat":"repeat","background-position":"center center","background-size":"auto","background-attachment":"scroll","background-type":"","background-media":"","overlay-type":"","overlay-color":"","overlay-opacity":"","overlay-gradient":""},"mobile":{"background-color":"","background-image":"","background-repeat":"repeat","background-position":"center center","background-size":"auto","background-attachment":"scroll","background-type":"","background-media":"","overlay-type":"","overlay-color":"","overlay-opacity":"","overlay-gradient":""}},"ast-content-background-meta":{"desktop":{"background-color":"var(--ast-global-color-5)","background-image":"","background-repeat":"repeat","background-position":"center center","background-size":"auto","background-attachment":"scroll","background-type":"","background-media":"","overlay-type":"","overlay-color":"","overlay-opacity":"","overlay-gradient":""},"tablet":{"background-color":"var(--ast-global-color-5)","background-image":"","background-repeat":"repeat","background-position":"center center","background-size":"auto","background-attachment":"scroll","background-type":"","background-media":"","overlay-type":"","overlay-color":"","overlay-opacity":"","overlay-gradient":""},"mobile":{"background-color":"var(--ast-global-color-5)","background-image":"","background-repeat":"repeat","background-position":"center center","background-size":"auto","background-attachment":"scroll","background-type":"","background-media":"","overlay-type":"","overlay-color":"","overlay-opacity":"","overlay-gradient":""}}},"product_brand":[],"product_cat":[47,430,1200],"product_tag":[292,185,251,351,1330,324,198,466,184,281],"class_list":{"0":"post-7990","1":"product","2":"type-product","3":"status-publish","4":"has-post-thumbnail","6":"product_cat-classic","7":"product_cat-men","8":"product_cat-mens-shoes-2","9":"product_tag-brown-leather-shoes","10":"product_tag-calf-leather-shoes","11":"product_tag-formal-shoes","12":"product_tag-leather-footwear","13":"product_tag-mens-classic-calf-leather-shoes","14":"product_tag-mens-dress-shoes","15":"product_tag-mens-fashion","16":"product_tag-microlight-sole","17":"product_tag-slip-on-shoes","18":"product_tag-wholesale-shoes","19":"desktop-align-center","20":"tablet-align-center","21":"mobile-align-center","23":"first","24":"instock","25":"shipping-taxable","26":"purchasable","27":"product-type-variable","28":"has-default-attributes"},"acf":[],"uagb_featured_image_src":{"full":["https:\/\/turkishtrade.co\/wp-content\/uploads\/2026\/01\/2600FKHMN00047-BROWN.png",453,250,false],"thumbnail":["https:\/\/turkishtrade.co\/wp-content\/uploads\/2026\/01\/2600FKHMN00047-BROWN-150x150.png",150,150,true],"medium":["https:\/\/turkishtrade.co\/wp-content\/uploads\/2026\/01\/2600FKHMN00047-BROWN-300x166.png",300,166,true],"medium_large":["https:\/\/turkishtrade.co\/wp-content\/uploads\/2026\/01\/2600FKHMN00047-BROWN.png",453,250,false],"large":["https:\/\/turkishtrade.co\/wp-content\/uploads\/2026\/01\/2600FKHMN00047-BROWN.png",453,250,false],"1536x1536":["https:\/\/turkishtrade.co\/wp-content\/uploads\/2026\/01\/2600FKHMN00047-BROWN.png",453,250,false],"2048x2048":["https:\/\/turkishtrade.co\/wp-content\/uploads\/2026\/01\/2600FKHMN00047-BROWN.png",453,250,false],"trp-custom-language-flag":["https:\/\/turkishtrade.co\/wp-content\/uploads\/2026\/01\/2600FKHMN00047-BROWN-18x10.png",18,10,true],"woocommerce_thumbnail":["https:\/\/turkishtrade.co\/wp-content\/uploads\/2026\/01\/2600FKHMN00047-BROWN-400x250.png",400,250,true],"woocommerce_single":["https:\/\/turkishtrade.co\/wp-content\/uploads\/2026\/01\/2600FKHMN00047-BROWN.png",453,250,false],"woocommerce_gallery_thumbnail":["https:\/\/turkishtrade.co\/wp-content\/uploads\/2026\/01\/2600FKHMN00047-BROWN-100x100.png",100,100,true]},"uagb_author_info":{"display_name":"python python","author_link":"https:\/\/turkishtrade.co\/fr\/author\/"},"uagb_comment_info":0,"uagb_excerpt":"Handcrafted from genuine calf leather for a sleek, polished look. Luxurious goat leather interior lining ensures superior comfort and breathability. Equipped with a lightweight and flexible microlight sole for all-day ease. Available in a comprehensive range of European sizes: 39, 40, 41, 42, 43, 44, 45. Ideal for wholesale; minimum order quantity of 16 pairs.","_links":{"self":[{"href":"https:\/\/turkishtrade.co\/fr\/wp-json\/wp\/v2\/product\/7990","targetHints":{"allow":["GET"]}}],"collection":[{"href":"https:\/\/turkishtrade.co\/fr\/wp-json\/wp\/v2\/product"}],"about":[{"href":"https:\/\/turkishtrade.co\/fr\/wp-json\/wp\/v2\/types\/product"}],"wp:featuredmedia":[{"embeddable":true,"href":"https:\/\/turkishtrade.co\/fr\/wp-json\/wp\/v2\/media\/7030"}],"wp:attachment":[{"href":"https:\/\/turkishtrade.co\/fr\/wp-json\/wp\/v2\/media?parent=7990"}],"wp:term":[{"taxonomy":"product_brand","embeddable":true,"href":"https:\/\/turkishtrade.co\/fr\/wp-json\/wp\/v2\/product_brand?post=7990"},{"taxonomy":"product_cat","embeddable":true,"href":"https:\/\/turkishtrade.co\/fr\/wp-json\/wp\/v2\/product_cat?post=7990"},{"taxonomy":"product_tag","embeddable":true,"href":"https:\/\/turkishtrade.co\/fr\/wp-json\/wp\/v2\/product_tag?post=7990"}],"curies":[{"name":"wp","href":"https:\/\/api.w.org\/{rel}","templated":true}]}}