{"id":7988,"date":"2026-01-29T14:46:43","date_gmt":"2026-01-29T14:46:43","guid":{"rendered":"https:\/\/turkishtrade.co\/?post_type=product&#038;p=7988"},"modified":"2026-04-09T20:39:00","modified_gmt":"2026-04-09T20:39:00","slug":"classic-black-calf-leather-shoes","status":"publish","type":"product","link":"https:\/\/turkishtrade.co\/fr\/shop\/classic-black-calf-leather-shoes\/","title":{"rendered":"Classic Black Calf Leather Shoes Proven | Classic Black Calf Leather Men's"},"content":{"rendered":"<p><strong>Chaussures classiques en cuir de veau noir<\/strong>. Qualit\u00e9 et conception \u00e9prouv\u00e9es.<\/p>\n<p>\u00c9levez votre collection de chaussures gr\u00e2ce \u00e0 nos chaussures exquises. <strong>Chaussures classiques en cuir de veau noir<\/strong>, Ces chaussures ont \u00e9t\u00e9 con\u00e7ues pour le gentleman moderne qui appr\u00e9cie \u00e0 la fois le style et le confort. Ces chaussures derby pour homme, de fabrication impeccable, allient l'\u00e9l\u00e9gance traditionnelle \u00e0 la performance contemporaine, ce qui en fait un \u00e9l\u00e9ment essentiel de votre garde-robe. Qu'il s'agisse de r\u00e9unions d'affaires importantes ou de soir\u00e9es sophistiqu\u00e9es, ces chaussures sont con\u00e7ues pour laisser une impression durable, vous assurant de toujours sortir avec une confiance polie. Si vous \u00eates \u00e0 la recherche de chaussures <strong>chaussures en cuir de veau noir<\/strong> qui allient luxe et praticit\u00e9, ne cherchez pas plus loin.<\/p>\n<h3>Un savoir-faire in\u00e9gal\u00e9 et des mat\u00e9riaux de premi\u00e8re qualit\u00e9<\/h3>\n<p>Chaque paire de ces superbes <strong>Chaussures classiques en cuir de veau noir<\/strong> t\u00e9moigne d'un savoir-faire sup\u00e9rieur. Nous s\u00e9lectionnons m\u00e9ticuleusement un cuir de veau de premi\u00e8re qualit\u00e9 pour la tige, r\u00e9put\u00e9 pour sa texture douce, son toucher luxueux et sa durabilit\u00e9. Ce cuir de haute qualit\u00e9 n'apporte pas seulement une esth\u00e9tique \u00e9l\u00e9gante et raffin\u00e9e, mais il se moule \u00e9galement \u00e0 votre pied au fil du temps, offrant un ajustement personnalis\u00e9. Ces chaussures sophistiqu\u00e9es <strong>chaussures en cuir noir pour hommes<\/strong> sont con\u00e7us pour durer et r\u00e9sister \u00e0 l'usure quotidienne. L'ext\u00e9rieur robuste est compl\u00e9t\u00e9 par un int\u00e9rieur doubl\u00e9 de cuir de ch\u00e8vre somptueusement doux, qui assure une bonne respirabilit\u00e9 et un confort exceptionnel d\u00e8s la premi\u00e8re utilisation. Les propri\u00e9t\u00e9s naturelles du cuir de ch\u00e8vre r\u00e9duisent les frottements, ce qui permet \u00e0 vos pieds de rester \u00e0 l'aise pendant les journ\u00e9es les plus longues. Une telle attention aux d\u00e9tails d\u00e9finit notre gamme de <strong>chaussures classiques en cuir de veau noir<\/strong>, garantissant ainsi un produit qui r\u00e9siste \u00e0 l'\u00e9preuve du temps.<\/p>\n<h3>Semelle Microlight innovante pour un confort tout au long de la journ\u00e9e<\/h3>\n<p>D\u00e9couvrez la fusion parfaite du style classique et de l'innovation moderne avec notre semelle microlight avanc\u00e9e. Con\u00e7ue pour \u00eatre incroyablement l\u00e9g\u00e8re, cette semelle r\u00e9duit consid\u00e9rablement la fatigue du pied, vous permettant de vous d\u00e9placer avec facilit\u00e9 et agilit\u00e9. Malgr\u00e9 sa l\u00e9g\u00e8ret\u00e9, la semelle microlight offre une excellente absorption des chocs et une traction fiable. <strong>chaussures en cuir de veau noir<\/strong> pour les environnements urbains les plus divers. Le profil \u00e9pur\u00e9 de la semelle maintient la silhouette \u00e9l\u00e9gante de la chaussure, prouvant que le confort ne doit pas compromettre le style. Disponibles dans une gamme compl\u00e8te de pointures europ\u00e9ennes allant de 39 \u00e0 45, ces chaussures de luxe sont id\u00e9ales pour trouver la paire id\u00e9ale. <strong>chaussures en cuir noir pour hommes<\/strong> est simple et pratique, garantissant un ajustement parfait.<\/p>\n<h3>Un style polyvalent pour toutes les occasions<\/h3>\n<p>La couleur noire intemporelle et le design derby classique garantissent la polyvalence de ces chaussures pour homme. Associez ces <strong>Chaussures classiques en cuir de veau noir<\/strong> Elles peuvent \u00eatre port\u00e9es avec un costume d'affaires pour un look professionnel, ou avec un pantalon de tailleur et un blazer pour une sophistication chic et d\u00e9contract\u00e9e. Leur \u00e9l\u00e9gance discr\u00e8te les rend adapt\u00e9es aux r\u00e9unions formelles, aux tenues de bureau ou m\u00eame aux sorties d\u00e9contract\u00e9es haut de gamme. Investissez dans une paire de chaussures qui ne se contente pas d'\u00eatre exceptionnelle, mais qui offre \u00e9galement confort et long\u00e9vit\u00e9, refl\u00e9tant ainsi votre go\u00fbt prononc\u00e9 pour la haute qualit\u00e9. <strong>chaussures en cuir de veau noir<\/strong>.<\/p>\n<h3>Possibilit\u00e9s de vente en gros<\/h3>\n<p>Pour les d\u00e9taillants et les entreprises qui souhaitent proposer des chaussures pour hommes de qualit\u00e9 sup\u00e9rieure, ces <strong>Chaussures classiques en cuir de veau noir<\/strong> sont disponibles pour l'achat en gros. Nous demandons une commande minimum de 16 paires, ce qui constitue une excellente occasion de stocker des produits de haute qualit\u00e9, tr\u00e8s demand\u00e9s, qui plaisent \u00e0 une large client\u00e8le. Contactez-nous d\u00e8s aujourd'hui pour discuter de vos besoins en mati\u00e8re de vente en gros et am\u00e9liorer votre stock avec ces produits exceptionnels. <strong>chaussures en cuir de veau noir<\/strong>, Les clients doivent \u00eatre satisfaits et fid\u00e8les \u00e0 leurs habitudes.<\/p>","protected":false},"excerpt":{"rendered":"<ul>\n<li>Tige en cuir de veau de premi\u00e8re qualit\u00e9 pour la durabilit\u00e9 et le style<\/li>\n<li>Doublure en cuir de ch\u00e8vre luxueux pour la respirabilit\u00e9 et le confort<\/li>\n<li>Semelle Microlight innovante pour une flexibilit\u00e9 et un soutien en toute l\u00e9g\u00e8ret\u00e9<\/li>\n<li>Design classique et intemporel du derby, parfait pour les tenues formelles et d'affaires<\/li>\n<li>Disponible en tailles UE : 39, 40, 41, 42, 43, 44, 45<\/li>\n<li>Commandes en gros accept\u00e9es (commande minimale : 16 paires)<\/li>\n<\/ul>","protected":false},"featured_media":7028,"template":"","meta":{"_acf_changed":false,"_uag_custom_page_level_css":"","site-sidebar-layout":"default","site-content-layout":"","ast-site-content-layout":"default","site-content-style":"default","site-sidebar-style":"default","ast-global-header-display":"","ast-banner-title-visibility":"","ast-main-header-display":"","ast-hfb-above-header-display":"","ast-hfb-below-header-display":"","ast-hfb-mobile-header-display":"","site-post-title":"","ast-breadcrumbs-content":"","ast-featured-img":"","footer-sml-layout":"","ast-disable-related-posts":"","theme-transparent-header-meta":"","adv-header-id-meta":"","stick-header-meta":"","header-above-stick-meta":"","header-main-stick-meta":"","header-below-stick-meta":"","astra-migrate-meta-layouts":"default","ast-page-background-enabled":"default","ast-page-background-meta":{"desktop":{"background-color":"var(--ast-global-color-4)","background-image":"","background-repeat":"repeat","background-position":"center center","background-size":"auto","background-attachment":"scroll","background-type":"","background-media":"","overlay-type":"","overlay-color":"","overlay-opacity":"","overlay-gradient":""},"tablet":{"background-color":"","background-image":"","background-repeat":"repeat","background-position":"center center","background-size":"auto","background-attachment":"scroll","background-type":"","background-media":"","overlay-type":"","overlay-color":"","overlay-opacity":"","overlay-gradient":""},"mobile":{"background-color":"","background-image":"","background-repeat":"repeat","background-position":"center center","background-size":"auto","background-attachment":"scroll","background-type":"","background-media":"","overlay-type":"","overlay-color":"","overlay-opacity":"","overlay-gradient":""}},"ast-content-background-meta":{"desktop":{"background-color":"var(--ast-global-color-5)","background-image":"","background-repeat":"repeat","background-position":"center center","background-size":"auto","background-attachment":"scroll","background-type":"","background-media":"","overlay-type":"","overlay-color":"","overlay-opacity":"","overlay-gradient":""},"tablet":{"background-color":"var(--ast-global-color-5)","background-image":"","background-repeat":"repeat","background-position":"center center","background-size":"auto","background-attachment":"scroll","background-type":"","background-media":"","overlay-type":"","overlay-color":"","overlay-opacity":"","overlay-gradient":""},"mobile":{"background-color":"var(--ast-global-color-5)","background-image":"","background-repeat":"repeat","background-position":"center center","background-size":"auto","background-attachment":"scroll","background-type":"","background-media":"","overlay-type":"","overlay-color":"","overlay-opacity":"","overlay-gradient":""}}},"product_brand":[],"product_cat":[47,430,1200],"product_tag":[196,513,299,1328,314,189,310,1283,1329,262],"class_list":{"0":"post-7988","1":"product","2":"type-product","3":"status-publish","4":"has-post-thumbnail","6":"product_cat-classic","7":"product_cat-men","8":"product_cat-mens-shoes-2","9":"product_tag-black-leather-shoes","10":"product_tag-business-casual-shoes","11":"product_tag-calf-leather-footwear","12":"product_tag-classic-black-calf-leather-shoes","13":"product_tag-formal-mens-shoes","14":"product_tag-goat-leather-lining","15":"product_tag-mens-derby-shoes","16":"product_tag-microlight-sole-shoes","17":"product_tag-timeless-black-shoes","18":"product_tag-wholesale-mens-shoes","19":"desktop-align-center","20":"tablet-align-center","21":"mobile-align-center","23":"first","24":"instock","25":"shipping-taxable","26":"purchasable","27":"product-type-variable","28":"has-default-attributes"},"acf":[],"uagb_featured_image_src":{"full":["https:\/\/turkishtrade.co\/wp-content\/uploads\/2026\/01\/2600FKHMN00045-BLACK.png",453,250,false],"thumbnail":["https:\/\/turkishtrade.co\/wp-content\/uploads\/2026\/01\/2600FKHMN00045-BLACK-150x150.png",150,150,true],"medium":["https:\/\/turkishtrade.co\/wp-content\/uploads\/2026\/01\/2600FKHMN00045-BLACK-300x166.png",300,166,true],"medium_large":["https:\/\/turkishtrade.co\/wp-content\/uploads\/2026\/01\/2600FKHMN00045-BLACK.png",453,250,false],"large":["https:\/\/turkishtrade.co\/wp-content\/uploads\/2026\/01\/2600FKHMN00045-BLACK.png",453,250,false],"1536x1536":["https:\/\/turkishtrade.co\/wp-content\/uploads\/2026\/01\/2600FKHMN00045-BLACK.png",453,250,false],"2048x2048":["https:\/\/turkishtrade.co\/wp-content\/uploads\/2026\/01\/2600FKHMN00045-BLACK.png",453,250,false],"trp-custom-language-flag":["https:\/\/turkishtrade.co\/wp-content\/uploads\/2026\/01\/2600FKHMN00045-BLACK-18x10.png",18,10,true],"woocommerce_thumbnail":["https:\/\/turkishtrade.co\/wp-content\/uploads\/2026\/01\/2600FKHMN00045-BLACK-400x250.png",400,250,true],"woocommerce_single":["https:\/\/turkishtrade.co\/wp-content\/uploads\/2026\/01\/2600FKHMN00045-BLACK.png",453,250,false],"woocommerce_gallery_thumbnail":["https:\/\/turkishtrade.co\/wp-content\/uploads\/2026\/01\/2600FKHMN00045-BLACK-100x100.png",100,100,true]},"uagb_author_info":{"display_name":"python python","author_link":"https:\/\/turkishtrade.co\/fr\/author\/"},"uagb_comment_info":0,"uagb_excerpt":"Premium Calf Leather Upper for Durability and Style Luxurious Goat Leather Lining for Breathability and Comfort Innovative Microlight Sole for Lightweight Flexibility and Support Timeless Classic Derby Design, Perfect for Formal and Business Wear Available in EU Sizes: 39, 40, 41, 42, 43, 44, 45 Wholesale Orders Welcome (Minimum Order: 16 Pairs)","_links":{"self":[{"href":"https:\/\/turkishtrade.co\/fr\/wp-json\/wp\/v2\/product\/7988","targetHints":{"allow":["GET"]}}],"collection":[{"href":"https:\/\/turkishtrade.co\/fr\/wp-json\/wp\/v2\/product"}],"about":[{"href":"https:\/\/turkishtrade.co\/fr\/wp-json\/wp\/v2\/types\/product"}],"wp:featuredmedia":[{"embeddable":true,"href":"https:\/\/turkishtrade.co\/fr\/wp-json\/wp\/v2\/media\/7028"}],"wp:attachment":[{"href":"https:\/\/turkishtrade.co\/fr\/wp-json\/wp\/v2\/media?parent=7988"}],"wp:term":[{"taxonomy":"product_brand","embeddable":true,"href":"https:\/\/turkishtrade.co\/fr\/wp-json\/wp\/v2\/product_brand?post=7988"},{"taxonomy":"product_cat","embeddable":true,"href":"https:\/\/turkishtrade.co\/fr\/wp-json\/wp\/v2\/product_cat?post=7988"},{"taxonomy":"product_tag","embeddable":true,"href":"https:\/\/turkishtrade.co\/fr\/wp-json\/wp\/v2\/product_tag?post=7988"}],"curies":[{"name":"wp","href":"https:\/\/api.w.org\/{rel}","templated":true}]}}