{"id":7972,"date":"2026-01-29T14:46:27","date_gmt":"2026-01-29T14:46:27","guid":{"rendered":"https:\/\/turkishtrade.co\/?post_type=product&#038;p=7972"},"modified":"2026-04-09T20:39:03","modified_gmt":"2026-04-09T20:39:03","slug":"black-leather-double-monk-strap-shoes","status":"publish","type":"product","link":"https:\/\/turkishtrade.co\/fr\/shop\/black-leather-double-monk-strap-shoes\/","title":{"rendered":"Cuir noir Double Monk Strap Chaussures Elite | Classic Men's"},"content":{"rendered":"<p><strong>Chaussures \u00e0 double courroie de moine en cuir noir<\/strong>. Qualit\u00e9 et design d'\u00e9lite.<\/p>\n<p>Entrez dans une sophistication intemporelle avec nos chaussures classiques en cuir noir \u00e0 double courroie Monk pour hommes. Con\u00e7ues pour le gentleman moderne, ces chaussures exquises allient savoir-faire traditionnel et confort contemporain. Chaque paire de ces <strong>chaussures \u00e0 double bride monk en cuir noir<\/strong> t\u00e9moigne d'une qualit\u00e9 sup\u00e9rieure, ce qui en fait un compl\u00e9ment indispensable \u00e0 toute garde-robe exigeante.<\/p>\n<p>Fabriqu\u00e9es \u00e0 partir du meilleur cuir de veau v\u00e9ritable, l'ext\u00e9rieur de ces chaussures \u00e0 bride de moine pr\u00e9sente une finition riche et polie qui respire le luxe. L'attention port\u00e9e aux d\u00e9tails est \u00e9vidente dans l'\u00e9l\u00e9gant bout de la chaussure et les perforations subtiles et de bon go\u00fbt qui ajoutent une couche de raffinement sartorial. Que vous assistiez \u00e0 une r\u00e9union d'affaires importante, \u00e0 un \u00e9v\u00e9nement formel ou \u00e0 une soir\u00e9e mondaine, ces chaussures sont id\u00e9ales. <strong>chaussures \u00e0 double bride monk en cuir noir<\/strong> vous permettra de laisser une impression durable.<\/p>\n<h3>Confort et durabilit\u00e9 in\u00e9gal\u00e9s<\/h3>\n<p>Au-del\u00e0 de leur apparence remarquable, ces chaussures haut de gamme pour hommes offrent un confort exceptionnel. L'int\u00e9rieur est enti\u00e8rement doubl\u00e9 de cuir de ch\u00e8vre souple, offrant un environnement respirant et moelleux \u00e0 vos pieds. Cette doublure naturelle s'adapte \u00e0 la forme de votre pied au fil du temps, garantissant un ajustement sur mesure qui am\u00e9liore le confort \u00e0 chaque pas. La base de ces chaussures exceptionnelles est le cuir de ch\u00e8vre. <strong>chaussures \u00e0 double bride monk en cuir noir<\/strong> est une semelle d'ULM \u00e0 la pointe de la technologie. Con\u00e7ue pour \u00eatre durable et remarquablement l\u00e9g\u00e8re, cette semelle offre une traction et une flexibilit\u00e9 excellentes, r\u00e9duisant la fatigue pendant les longues p\u00e9riodes d'utilisation.<\/p>\n<h3>Une polyvalence pour toutes les occasions<\/h3>\n<p>La polyvalence de ces produits classiques <strong>chaussures \u00e0 double bride monk en cuir noir<\/strong> est in\u00e9gal\u00e9e. Elles s'associent parfaitement \u00e0 un costume d'affaires, ajoutent une touche d'\u00e9l\u00e9gance \u00e0 une tenue d\u00e9contract\u00e9e ou compl\u00e8tent un ensemble de smoking. L'embl\u00e9matique fermeture \u00e0 double boucle assure non seulement un maintien s\u00fbr, mais constitue \u00e9galement un \u00e9l\u00e9ment de style distinctif, qui vous d\u00e9marque des chaussures \u00e0 lacets traditionnelles. Disponibles dans une large gamme de tailles allant du 39 au 45, il est facile de trouver la chaussure id\u00e9ale.<\/p>\n<p>Pour les d\u00e9taillants et les entreprises, nous sommes heureux d'offrir ces services \u00e0 forte demande. <strong>chaussures \u00e0 double bride monk en cuir noir<\/strong> en gros. Avec une quantit\u00e9 minimale de commande de 16 paires, vous pouvez approvisionner votre stock avec un produit qui promet \u00e0 la fois style et qualit\u00e9 durable, attirant les clients qui appr\u00e9cient les chaussures de qualit\u00e9. Investissez dans une paire de ces chaussures classiques pour hommes et faites l'exp\u00e9rience de la fusion parfaite entre le design traditionnel et le confort moderne.<\/p>","protected":false},"excerpt":{"rendered":"<ul>\n<li><strong>Mat\u00e9riaux de premi\u00e8re qualit\u00e9 :<\/strong> Fabriqu\u00e9 en cuir de veau v\u00e9ritable avec une luxueuse doublure en cuir de ch\u00e8vre.<\/li>\n<li><strong>Design classique :<\/strong> Il est dot\u00e9 d'une \u00e9l\u00e9gante double bride de moine, d'un bout de pied sophistiqu\u00e9 et de subtils d\u00e9tails de broderie.<\/li>\n<li><strong>L\u00e9ger Confort :<\/strong> \u00c9quip\u00e9 d'une semelle microlight durable et flexible pour une utilisation tout au long de la journ\u00e9e.<\/li>\n<li><strong>Tailles disponibles :<\/strong> Propos\u00e9 dans une gamme compl\u00e8te de tailles allant de 39 \u00e0 45.<\/li>\n<li><strong>Opportunit\u00e9 de vente en gros :<\/strong> Disponible pour les achats en gros avec une commande minimum de 16 paires.<\/li>\n<\/ul>","protected":false},"featured_media":7027,"template":"","meta":{"_acf_changed":false,"_uag_custom_page_level_css":"","site-sidebar-layout":"default","site-content-layout":"","ast-site-content-layout":"default","site-content-style":"default","site-sidebar-style":"default","ast-global-header-display":"","ast-banner-title-visibility":"","ast-main-header-display":"","ast-hfb-above-header-display":"","ast-hfb-below-header-display":"","ast-hfb-mobile-header-display":"","site-post-title":"","ast-breadcrumbs-content":"","ast-featured-img":"","footer-sml-layout":"","ast-disable-related-posts":"","theme-transparent-header-meta":"","adv-header-id-meta":"","stick-header-meta":"","header-above-stick-meta":"","header-main-stick-meta":"","header-below-stick-meta":"","astra-migrate-meta-layouts":"default","ast-page-background-enabled":"default","ast-page-background-meta":{"desktop":{"background-color":"var(--ast-global-color-4)","background-image":"","background-repeat":"repeat","background-position":"center center","background-size":"auto","background-attachment":"scroll","background-type":"","background-media":"","overlay-type":"","overlay-color":"","overlay-opacity":"","overlay-gradient":""},"tablet":{"background-color":"","background-image":"","background-repeat":"repeat","background-position":"center center","background-size":"auto","background-attachment":"scroll","background-type":"","background-media":"","overlay-type":"","overlay-color":"","overlay-opacity":"","overlay-gradient":""},"mobile":{"background-color":"","background-image":"","background-repeat":"repeat","background-position":"center center","background-size":"auto","background-attachment":"scroll","background-type":"","background-media":"","overlay-type":"","overlay-color":"","overlay-opacity":"","overlay-gradient":""}},"ast-content-background-meta":{"desktop":{"background-color":"var(--ast-global-color-5)","background-image":"","background-repeat":"repeat","background-position":"center center","background-size":"auto","background-attachment":"scroll","background-type":"","background-media":"","overlay-type":"","overlay-color":"","overlay-opacity":"","overlay-gradient":""},"tablet":{"background-color":"var(--ast-global-color-5)","background-image":"","background-repeat":"repeat","background-position":"center center","background-size":"auto","background-attachment":"scroll","background-type":"","background-media":"","overlay-type":"","overlay-color":"","overlay-opacity":"","overlay-gradient":""},"mobile":{"background-color":"var(--ast-global-color-5)","background-image":"","background-repeat":"repeat","background-position":"center center","background-size":"auto","background-attachment":"scroll","background-type":"","background-media":"","overlay-type":"","overlay-color":"","overlay-opacity":"","overlay-gradient":""}}},"product_brand":[],"product_cat":[47,430,1200],"product_tag":[196,202,145,1327,251,189,324,466,281],"class_list":{"0":"post-7972","1":"product","2":"type-product","3":"status-publish","4":"has-post-thumbnail","6":"product_cat-classic","7":"product_cat-men","8":"product_cat-mens-shoes-2","9":"product_tag-black-leather-shoes","10":"product_tag-calf-leather","11":"product_tag-classic-shoes","12":"product_tag-double-monk-strap","13":"product_tag-formal-shoes","14":"product_tag-goat-leather-lining","15":"product_tag-mens-dress-shoes","16":"product_tag-microlight-sole","17":"product_tag-wholesale-shoes","18":"desktop-align-center","19":"tablet-align-center","20":"mobile-align-center","22":"first","23":"instock","24":"shipping-taxable","25":"purchasable","26":"product-type-variable","27":"has-default-attributes"},"acf":[],"uagb_featured_image_src":{"full":["https:\/\/turkishtrade.co\/wp-content\/uploads\/2026\/01\/2600FKHMN00044-BLACK.png",453,250,false],"thumbnail":["https:\/\/turkishtrade.co\/wp-content\/uploads\/2026\/01\/2600FKHMN00044-BLACK-150x150.png",150,150,true],"medium":["https:\/\/turkishtrade.co\/wp-content\/uploads\/2026\/01\/2600FKHMN00044-BLACK-300x166.png",300,166,true],"medium_large":["https:\/\/turkishtrade.co\/wp-content\/uploads\/2026\/01\/2600FKHMN00044-BLACK.png",453,250,false],"large":["https:\/\/turkishtrade.co\/wp-content\/uploads\/2026\/01\/2600FKHMN00044-BLACK.png",453,250,false],"1536x1536":["https:\/\/turkishtrade.co\/wp-content\/uploads\/2026\/01\/2600FKHMN00044-BLACK.png",453,250,false],"2048x2048":["https:\/\/turkishtrade.co\/wp-content\/uploads\/2026\/01\/2600FKHMN00044-BLACK.png",453,250,false],"trp-custom-language-flag":["https:\/\/turkishtrade.co\/wp-content\/uploads\/2026\/01\/2600FKHMN00044-BLACK-18x10.png",18,10,true],"woocommerce_thumbnail":["https:\/\/turkishtrade.co\/wp-content\/uploads\/2026\/01\/2600FKHMN00044-BLACK-400x250.png",400,250,true],"woocommerce_single":["https:\/\/turkishtrade.co\/wp-content\/uploads\/2026\/01\/2600FKHMN00044-BLACK.png",453,250,false],"woocommerce_gallery_thumbnail":["https:\/\/turkishtrade.co\/wp-content\/uploads\/2026\/01\/2600FKHMN00044-BLACK-100x100.png",100,100,true]},"uagb_author_info":{"display_name":"python python","author_link":"https:\/\/turkishtrade.co\/fr\/author\/"},"uagb_comment_info":0,"uagb_excerpt":"Premium Materials: Crafted from genuine calf leather with a luxurious goat leather lining. Classic Design: Features an elegant double monk strap with a sophisticated cap toe and subtle brogue detailing. Lightweight Comfort: Equipped with a durable and flexible microlight sole for all-day wear. Available Sizes: Offered in a comprehensive range of sizes from 39 to\u2026","_links":{"self":[{"href":"https:\/\/turkishtrade.co\/fr\/wp-json\/wp\/v2\/product\/7972","targetHints":{"allow":["GET"]}}],"collection":[{"href":"https:\/\/turkishtrade.co\/fr\/wp-json\/wp\/v2\/product"}],"about":[{"href":"https:\/\/turkishtrade.co\/fr\/wp-json\/wp\/v2\/types\/product"}],"wp:featuredmedia":[{"embeddable":true,"href":"https:\/\/turkishtrade.co\/fr\/wp-json\/wp\/v2\/media\/7027"}],"wp:attachment":[{"href":"https:\/\/turkishtrade.co\/fr\/wp-json\/wp\/v2\/media?parent=7972"}],"wp:term":[{"taxonomy":"product_brand","embeddable":true,"href":"https:\/\/turkishtrade.co\/fr\/wp-json\/wp\/v2\/product_brand?post=7972"},{"taxonomy":"product_cat","embeddable":true,"href":"https:\/\/turkishtrade.co\/fr\/wp-json\/wp\/v2\/product_cat?post=7972"},{"taxonomy":"product_tag","embeddable":true,"href":"https:\/\/turkishtrade.co\/fr\/wp-json\/wp\/v2\/product_tag?post=7972"}],"curies":[{"name":"wp","href":"https:\/\/api.w.org\/{rel}","templated":true}]}}