{"id":7970,"date":"2026-01-29T14:46:26","date_gmt":"2026-01-29T14:46:26","guid":{"rendered":"https:\/\/turkishtrade.co\/?post_type=product&#038;p=7970"},"modified":"2026-04-09T20:39:08","modified_gmt":"2026-04-09T20:39:08","slug":"mens-black-leather-derby-shoes-15","status":"publish","type":"product","link":"https:\/\/turkishtrade.co\/fr\/shop\/mens-black-leather-derby-shoes-15\/","title":{"rendered":"Chaussures derby en cuir noir pour homme Exclusive | Classic Cuir de veau noir pour homme"},"content":{"rendered":"<p><strong>chaussures derby en cuir noir pour hommes<\/strong>. Qualit\u00e9 et design exclusifs.<\/p>\n<p>\u00c9levez votre collection de chaussures avec ces chaussures exquises. <strong>chaussures derby en cuir noir pour hommes<\/strong>. Con\u00e7ues pour le gentleman exigeant, ces chaussures classiques allient un design intemporel \u00e0 un confort sup\u00e9rieur et une durabilit\u00e9 exceptionnelle. Fabriqu\u00e9e en cuir de veau textur\u00e9 de haute qualit\u00e9, la tige pr\u00e9sente un aspect riche et sophistiqu\u00e9 qui donne de la profondeur \u00e0 n'importe quelle tenue, que ce soit pour une r\u00e9union d'affaires cruciale, un \u00e9v\u00e9nement formel ou une soir\u00e9e \u00e9l\u00e9gante. L'attention m\u00e9ticuleuse port\u00e9e aux d\u00e9tails des coutures et le design distinctif de l'embout refl\u00e8tent un niveau d'expertise artisanale in\u00e9gal\u00e9, qui fait de ces chaussures un mod\u00e8le \u00e0 part.<\/p>\n<h3>Un confort in\u00e9gal\u00e9 et une qualit\u00e9 sup\u00e9rieure<\/h3>\n<p>Profitez d'un confort in\u00e9gal\u00e9 d\u00e8s que vous glissez vos pieds dans la luxueuse doublure en cuir de ch\u00e8vre. Cet int\u00e9rieur incroyablement doux et respirant berce votre pied, garantissant un confort maximal tout au long des journ\u00e9es les plus longues, \u00e9vitant ainsi l'inconfort et la fatigue. Associ\u00e9es \u00e0 une semelle microlight innovante, ces <strong>chaussures derby en cuir noir pour hommes<\/strong> offrent une flexibilit\u00e9 l\u00e9g\u00e8re exceptionnelle, une absorption sup\u00e9rieure des chocs et une excellente adh\u00e9rence sur diff\u00e9rentes surfaces, rendant chaque pas stable et sans effort. La construction robuste mais l\u00e9g\u00e8re garantit que ces chaussures ne sont pas seulement \u00e9l\u00e9gantes, mais qu'elles sont aussi con\u00e7ues pour durer, en conservant leur aspect impeccable et leur int\u00e9grit\u00e9 structurelle pendant des ann\u00e9es de port assidu.<\/p>\n<h3>Style intemporel et \u00e9l\u00e9gance polyvalente<\/h3>\n<p>La silhouette derby classique et durable fait de ces chaussures en cuir noir un compl\u00e9ment indispensable et polyvalent \u00e0 toute garde-robe. Leur design sophistiqu\u00e9 permet de les porter impeccablement avec un costume \u00e9l\u00e9gant pour les occasions les plus formelles, ou de les porter sans effort avec un pantalon chino ou un pantalon \u00e9l\u00e9gant pour un look d\u00e9contract\u00e9 raffin\u00e9. Disponibles dans une large gamme de tailles allant du 39 au 45, il est facile de trouver la taille id\u00e9ale. Ces tailles <strong>chaussures derby en cuir noir pour hommes<\/strong> sont plus que de simples chaussures ; elles sont une v\u00e9ritable d\u00e9claration de go\u00fbt raffin\u00e9 et de style personnel impeccable.<\/p>\n<h3>Opportunit\u00e9 exclusive de vente en gros pour les d\u00e9taillants<\/h3>\n<p>Pour les entreprises et les d\u00e9taillants qui cherchent \u00e0 stocker des chaussures de haute qualit\u00e9 et tr\u00e8s demand\u00e9es, ces chaussures de qualit\u00e9 sup\u00e9rieure sont un excellent moyen d'am\u00e9liorer la qualit\u00e9 de leurs produits. <strong>chaussures derby en cuir noir pour hommes<\/strong> sont disponibles \u00e0 l'achat en gros. Avec une quantit\u00e9 minimale de commande de seulement 16 paires, vous pouvez facilement offrir \u00e0 vos clients exigeants un m\u00e9lange d'\u00e9l\u00e9gance traditionnelle, de confort moderne et de durabilit\u00e9 exceptionnelle. Notre engagement in\u00e9branlable en faveur d'une fabrication de qualit\u00e9 sup\u00e9rieure garantit que chaque paire r\u00e9pond aux normes les plus strictes de l'industrie, ce qui en fait un atout pr\u00e9cieux et attrayant pour votre stock. Investissez dans la qualit\u00e9, investissez dans un style durable et augmentez votre offre de produits avec ces remarquables chaussures derby en cuir noir pour hommes. Contactez-nous d\u00e8s aujourd'hui pour discuter des commandes en gros et am\u00e9liorer votre collection.<\/p>","protected":false},"excerpt":{"rendered":"<ul>\n<li>Fabriqu\u00e9 en cuir de veau de premi\u00e8re qualit\u00e9 pour une durabilit\u00e9 et un look sophistiqu\u00e9.<\/li>\n<li>La doublure en cuir de ch\u00e8vre luxueux assure une respirabilit\u00e9 et un confort exceptionnels.<\/li>\n<li>\u00c9quip\u00e9e d'une semelle l\u00e9g\u00e8re et flexible pour un port tout au long de la journ\u00e9e et une adh\u00e9rence sup\u00e9rieure.<\/li>\n<li>Design derby classique, convenant aussi bien aux occasions formelles qu'aux occasions d\u00e9contract\u00e9es.<\/li>\n<li>Disponible dans une large gamme de tailles : 39, 40, 41, 42, 43, 44, 45.<\/li>\n<li>Quantit\u00e9 minimale de commande : 16 paires. Les demandes de vente en gros sont les bienvenues !<\/li>\n<\/ul>","protected":false},"featured_media":7025,"template":"","meta":{"_acf_changed":false,"_uag_custom_page_level_css":"","site-sidebar-layout":"default","site-content-layout":"","ast-site-content-layout":"default","site-content-style":"default","site-sidebar-style":"default","ast-global-header-display":"","ast-banner-title-visibility":"","ast-main-header-display":"","ast-hfb-above-header-display":"","ast-hfb-below-header-display":"","ast-hfb-mobile-header-display":"","site-post-title":"","ast-breadcrumbs-content":"","ast-featured-img":"","footer-sml-layout":"","ast-disable-related-posts":"","theme-transparent-header-meta":"","adv-header-id-meta":"","stick-header-meta":"","header-above-stick-meta":"","header-main-stick-meta":"","header-below-stick-meta":"","astra-migrate-meta-layouts":"default","ast-page-background-enabled":"default","ast-page-background-meta":{"desktop":{"background-color":"var(--ast-global-color-4)","background-image":"","background-repeat":"repeat","background-position":"center center","background-size":"auto","background-attachment":"scroll","background-type":"","background-media":"","overlay-type":"","overlay-color":"","overlay-opacity":"","overlay-gradient":""},"tablet":{"background-color":"","background-image":"","background-repeat":"repeat","background-position":"center center","background-size":"auto","background-attachment":"scroll","background-type":"","background-media":"","overlay-type":"","overlay-color":"","overlay-opacity":"","overlay-gradient":""},"mobile":{"background-color":"","background-image":"","background-repeat":"repeat","background-position":"center center","background-size":"auto","background-attachment":"scroll","background-type":"","background-media":"","overlay-type":"","overlay-color":"","overlay-opacity":"","overlay-gradient":""}},"ast-content-background-meta":{"desktop":{"background-color":"var(--ast-global-color-5)","background-image":"","background-repeat":"repeat","background-position":"center center","background-size":"auto","background-attachment":"scroll","background-type":"","background-media":"","overlay-type":"","overlay-color":"","overlay-opacity":"","overlay-gradient":""},"tablet":{"background-color":"var(--ast-global-color-5)","background-image":"","background-repeat":"repeat","background-position":"center center","background-size":"auto","background-attachment":"scroll","background-type":"","background-media":"","overlay-type":"","overlay-color":"","overlay-opacity":"","overlay-gradient":""},"mobile":{"background-color":"var(--ast-global-color-5)","background-image":"","background-repeat":"repeat","background-position":"center center","background-size":"auto","background-attachment":"scroll","background-type":"","background-media":"","overlay-type":"","overlay-color":"","overlay-opacity":"","overlay-gradient":""}}},"product_brand":[],"product_cat":[47,430,1200],"product_tag":[196,202,145,212,251,1249,324,466,262],"class_list":{"0":"post-7970","1":"product","2":"type-product","3":"status-publish","4":"has-post-thumbnail","6":"product_cat-classic","7":"product_cat-men","8":"product_cat-mens-shoes-2","9":"product_tag-black-leather-shoes","10":"product_tag-calf-leather","11":"product_tag-classic-shoes","12":"product_tag-derby-shoes","13":"product_tag-formal-shoes","14":"product_tag-goat-lining","15":"product_tag-mens-dress-shoes","16":"product_tag-microlight-sole","17":"product_tag-wholesale-mens-shoes","18":"desktop-align-center","19":"tablet-align-center","20":"mobile-align-center","22":"first","23":"instock","24":"shipping-taxable","25":"purchasable","26":"product-type-variable","27":"has-default-attributes"},"acf":[],"uagb_featured_image_src":{"full":["https:\/\/turkishtrade.co\/wp-content\/uploads\/2026\/01\/2600FKHMN00042-BLACK.png",453,250,false],"thumbnail":["https:\/\/turkishtrade.co\/wp-content\/uploads\/2026\/01\/2600FKHMN00042-BLACK-150x150.png",150,150,true],"medium":["https:\/\/turkishtrade.co\/wp-content\/uploads\/2026\/01\/2600FKHMN00042-BLACK-300x166.png",300,166,true],"medium_large":["https:\/\/turkishtrade.co\/wp-content\/uploads\/2026\/01\/2600FKHMN00042-BLACK.png",453,250,false],"large":["https:\/\/turkishtrade.co\/wp-content\/uploads\/2026\/01\/2600FKHMN00042-BLACK.png",453,250,false],"1536x1536":["https:\/\/turkishtrade.co\/wp-content\/uploads\/2026\/01\/2600FKHMN00042-BLACK.png",453,250,false],"2048x2048":["https:\/\/turkishtrade.co\/wp-content\/uploads\/2026\/01\/2600FKHMN00042-BLACK.png",453,250,false],"trp-custom-language-flag":["https:\/\/turkishtrade.co\/wp-content\/uploads\/2026\/01\/2600FKHMN00042-BLACK-18x10.png",18,10,true],"woocommerce_thumbnail":["https:\/\/turkishtrade.co\/wp-content\/uploads\/2026\/01\/2600FKHMN00042-BLACK-400x250.png",400,250,true],"woocommerce_single":["https:\/\/turkishtrade.co\/wp-content\/uploads\/2026\/01\/2600FKHMN00042-BLACK.png",453,250,false],"woocommerce_gallery_thumbnail":["https:\/\/turkishtrade.co\/wp-content\/uploads\/2026\/01\/2600FKHMN00042-BLACK-100x100.png",100,100,true]},"uagb_author_info":{"display_name":"python python","author_link":"https:\/\/turkishtrade.co\/fr\/author\/"},"uagb_comment_info":0,"uagb_excerpt":"Crafted from premium calf leather for durability and a sophisticated look. Luxurious goat leather lining ensures exceptional breathability and comfort. Equipped with a lightweight, flexible microlight sole for all-day wear and superior grip. Classic derby design, suitable for both formal and smart-casual occasions. Available in a comprehensive range of sizes: 39, 40, 41, 42, 43,\u2026","_links":{"self":[{"href":"https:\/\/turkishtrade.co\/fr\/wp-json\/wp\/v2\/product\/7970","targetHints":{"allow":["GET"]}}],"collection":[{"href":"https:\/\/turkishtrade.co\/fr\/wp-json\/wp\/v2\/product"}],"about":[{"href":"https:\/\/turkishtrade.co\/fr\/wp-json\/wp\/v2\/types\/product"}],"wp:featuredmedia":[{"embeddable":true,"href":"https:\/\/turkishtrade.co\/fr\/wp-json\/wp\/v2\/media\/7025"}],"wp:attachment":[{"href":"https:\/\/turkishtrade.co\/fr\/wp-json\/wp\/v2\/media?parent=7970"}],"wp:term":[{"taxonomy":"product_brand","embeddable":true,"href":"https:\/\/turkishtrade.co\/fr\/wp-json\/wp\/v2\/product_brand?post=7970"},{"taxonomy":"product_cat","embeddable":true,"href":"https:\/\/turkishtrade.co\/fr\/wp-json\/wp\/v2\/product_cat?post=7970"},{"taxonomy":"product_tag","embeddable":true,"href":"https:\/\/turkishtrade.co\/fr\/wp-json\/wp\/v2\/product_tag?post=7970"}],"curies":[{"name":"wp","href":"https:\/\/api.w.org\/{rel}","templated":true}]}}