{"id":7969,"date":"2026-01-29T14:46:26","date_gmt":"2026-01-29T14:46:26","guid":{"rendered":"https:\/\/turkishtrade.co\/?post_type=product&#038;p=7969"},"modified":"2026-04-09T20:39:11","modified_gmt":"2026-04-09T20:39:11","slug":"mens-calf-leather-loafers-12","status":"publish","type":"product","link":"https:\/\/turkishtrade.co\/fr\/shop\/mens-calf-leather-loafers-12\/","title":{"rendered":"Cuir de veau Loafers Proven | Classic Men's Dark Brown Calf"},"content":{"rendered":"<p>Entrez dans l'\u00e9l\u00e9gance intemporelle avec notre exquise <strong>Mocassins en cuir de veau pour hommes<\/strong>. Con\u00e7ues pour le gentleman exigeant, ces chaussures sophistiqu\u00e9es de couleur marron fonc\u00e9 allient harmonieusement style classique et confort in\u00e9gal\u00e9. Chaque paire de nos <strong>Mocassins en cuir de veau pour hommes<\/strong> t\u00e9moigne d'un savoir-faire sup\u00e9rieur, garantissant un ajout durable et \u00e9l\u00e9gant \u00e0 votre collection de chaussures.<\/p>\n<h3>Une qualit\u00e9 et un savoir-faire in\u00e9gal\u00e9s<\/h3>\n<p>D\u00e9couvrez le luxe du cuir de veau v\u00e9ritable, m\u00e9ticuleusement s\u00e9lectionn\u00e9 pour sa texture lisse, son aspect riche et sa durabilit\u00e9 exceptionnelle. La tige de ces mocassins haut de gamme arbore une teinte marron fonc\u00e9 profonde et polyvalente qui s'harmonise avec un large \u00e9ventail de tenues, qu'il s'agisse de v\u00eatements d'affaires ou d'ensembles d\u00e9contract\u00e9s et \u00e9l\u00e9gants. Au-del\u00e0 de l'aspect ext\u00e9rieur, l'int\u00e9rieur de ces mocassins est d'une qualit\u00e9 exceptionnelle. <strong>Mocassins en cuir de veau pour hommes<\/strong> sont dot\u00e9es d'une doublure en cuir de ch\u00e8vre souple et respirant, qui apporte une couche suppl\u00e9mentaire de confort et favorise une bonne ventilation du pied tout au long de la journ\u00e9e. Cette attention port\u00e9e aux d\u00e9tails garantit un ajustement confortable mais doux, ce qui rend ces chaussures agr\u00e9ables \u00e0 porter, des trajets du matin aux soir\u00e9es.<\/p>\n<h3>Confort innovant gr\u00e2ce \u00e0 la semelle Microlight<\/h3>\n<p>Le confort est primordial dans notre conception, et ces mocassins sont dot\u00e9s d'une semelle microlight avanc\u00e9e. Cette technologie innovante r\u00e9duit consid\u00e9rablement le poids total de la chaussure, offrant une sensation de l\u00e9g\u00e8ret\u00e9 qui minimise la fatigue du pied, m\u00eame apr\u00e8s de longues p\u00e9riodes de port. La semelle microlight offre \u00e9galement une flexibilit\u00e9 et une traction excellentes, garantissant une stabilit\u00e9 et une foul\u00e9e confiante sur diverses surfaces. L'\u00e9l\u00e9gant accent rouge sur la semelle ajoute une touche subtile de sophistication moderne, distinguant ces mocassins classiques. Disponibles dans une large gamme de tailles europ\u00e9ennes allant de 39 \u00e0 45, ces mocassins s'adaptent parfaitement \u00e0 votre morphologie.<\/p>\n<h3>Le choix id\u00e9al pour les partenaires grossistes<\/h3>\n<p>Pour les d\u00e9taillants et les entreprises \u00e0 la recherche de chaussures pour hommes de haute qualit\u00e9, nos mocassins classiques en cuir de veau pour hommes repr\u00e9sentent une excellente opportunit\u00e9. Nous proposons ces chaussures de qualit\u00e9 sup\u00e9rieure en gros avec une quantit\u00e9 minimale de commande de 16 paires, ce qui vous permet de stocker une vari\u00e9t\u00e9 de tailles et de r\u00e9pondre aux besoins de votre client\u00e8le. Offrez \u00e0 vos clients une option de chaussures qui incarne le luxe, le confort et un style durable. Ces mocassins en cuir marron fonc\u00e9 ne sont pas de simples chaussures ; ils sont un investissement dans la qualit\u00e9 et la sophistication, et seront certainement un article populaire dans n'importe quelle collection.<\/p>","protected":false},"excerpt":{"rendered":"<ul>\n<li>Exquisite Mocassins en cuir de veau marron fonc\u00e9 pour hommes<\/li>\n<li>Doublure en cuir de ch\u00e8vre de premi\u00e8re qualit\u00e9 pour un confort sup\u00e9rieur<\/li>\n<li>Semelle l\u00e9g\u00e8re pour une utilisation tout au long de la journ\u00e9e<\/li>\n<li>Disponible en tailles UE : 39, 40, 41, 42, 43, 44, 45<\/li>\n<li>Style classique, parfait pour les ensembles sophistiqu\u00e9s<\/li>\n<li>Disponibilit\u00e9 en gros : Commande minimum de 16 paires<\/li>\n<\/ul>","protected":false},"featured_media":7024,"template":"","meta":{"_acf_changed":false,"_uag_custom_page_level_css":"","site-sidebar-layout":"default","site-content-layout":"","ast-site-content-layout":"default","site-content-style":"default","site-sidebar-style":"default","ast-global-header-display":"","ast-banner-title-visibility":"","ast-main-header-display":"","ast-hfb-above-header-display":"","ast-hfb-below-header-display":"","ast-hfb-mobile-header-display":"","site-post-title":"","ast-breadcrumbs-content":"","ast-featured-img":"","footer-sml-layout":"","ast-disable-related-posts":"","theme-transparent-header-meta":"","adv-header-id-meta":"","stick-header-meta":"","header-above-stick-meta":"","header-main-stick-meta":"","header-below-stick-meta":"","astra-migrate-meta-layouts":"default","ast-page-background-enabled":"default","ast-page-background-meta":{"desktop":{"background-color":"var(--ast-global-color-4)","background-image":"","background-repeat":"repeat","background-position":"center center","background-size":"auto","background-attachment":"scroll","background-type":"","background-media":"","overlay-type":"","overlay-color":"","overlay-opacity":"","overlay-gradient":""},"tablet":{"background-color":"","background-image":"","background-repeat":"repeat","background-position":"center center","background-size":"auto","background-attachment":"scroll","background-type":"","background-media":"","overlay-type":"","overlay-color":"","overlay-opacity":"","overlay-gradient":""},"mobile":{"background-color":"","background-image":"","background-repeat":"repeat","background-position":"center center","background-size":"auto","background-attachment":"scroll","background-type":"","background-media":"","overlay-type":"","overlay-color":"","overlay-opacity":"","overlay-gradient":""}},"ast-content-background-meta":{"desktop":{"background-color":"var(--ast-global-color-5)","background-image":"","background-repeat":"repeat","background-position":"center center","background-size":"auto","background-attachment":"scroll","background-type":"","background-media":"","overlay-type":"","overlay-color":"","overlay-opacity":"","overlay-gradient":""},"tablet":{"background-color":"var(--ast-global-color-5)","background-image":"","background-repeat":"repeat","background-position":"center center","background-size":"auto","background-attachment":"scroll","background-type":"","background-media":"","overlay-type":"","overlay-color":"","overlay-opacity":"","overlay-gradient":""},"mobile":{"background-color":"var(--ast-global-color-5)","background-image":"","background-repeat":"repeat","background-position":"center center","background-size":"auto","background-attachment":"scroll","background-type":"","background-media":"","overlay-type":"","overlay-color":"","overlay-opacity":"","overlay-gradient":""}}},"product_brand":[],"product_cat":[47,430,1200],"product_tag":[147,185,754,737,189,215,186,466,184,281],"class_list":{"0":"post-7969","1":"product","2":"type-product","3":"status-publish","4":"has-post-thumbnail","6":"product_cat-classic","7":"product_cat-men","8":"product_cat-mens-shoes-2","9":"product_tag-brown-loafers","10":"product_tag-calf-leather-shoes","11":"product_tag-classic-mens-shoes","12":"product_tag-dress-loafers","13":"product_tag-goat-leather-lining","14":"product_tag-leather-loafers","15":"product_tag-mens-loafers","16":"product_tag-microlight-sole","17":"product_tag-slip-on-shoes","18":"product_tag-wholesale-shoes","19":"desktop-align-center","20":"tablet-align-center","21":"mobile-align-center","23":"first","24":"instock","25":"shipping-taxable","26":"purchasable","27":"product-type-variable","28":"has-default-attributes"},"acf":[],"uagb_featured_image_src":{"full":["https:\/\/turkishtrade.co\/wp-content\/uploads\/2026\/01\/2600FKHMN00041-DARK-BROWN.png",453,250,false],"thumbnail":["https:\/\/turkishtrade.co\/wp-content\/uploads\/2026\/01\/2600FKHMN00041-DARK-BROWN-150x150.png",150,150,true],"medium":["https:\/\/turkishtrade.co\/wp-content\/uploads\/2026\/01\/2600FKHMN00041-DARK-BROWN-300x166.png",300,166,true],"medium_large":["https:\/\/turkishtrade.co\/wp-content\/uploads\/2026\/01\/2600FKHMN00041-DARK-BROWN.png",453,250,false],"large":["https:\/\/turkishtrade.co\/wp-content\/uploads\/2026\/01\/2600FKHMN00041-DARK-BROWN.png",453,250,false],"1536x1536":["https:\/\/turkishtrade.co\/wp-content\/uploads\/2026\/01\/2600FKHMN00041-DARK-BROWN.png",453,250,false],"2048x2048":["https:\/\/turkishtrade.co\/wp-content\/uploads\/2026\/01\/2600FKHMN00041-DARK-BROWN.png",453,250,false],"trp-custom-language-flag":["https:\/\/turkishtrade.co\/wp-content\/uploads\/2026\/01\/2600FKHMN00041-DARK-BROWN-18x10.png",18,10,true],"woocommerce_thumbnail":["https:\/\/turkishtrade.co\/wp-content\/uploads\/2026\/01\/2600FKHMN00041-DARK-BROWN-400x250.png",400,250,true],"woocommerce_single":["https:\/\/turkishtrade.co\/wp-content\/uploads\/2026\/01\/2600FKHMN00041-DARK-BROWN.png",453,250,false],"woocommerce_gallery_thumbnail":["https:\/\/turkishtrade.co\/wp-content\/uploads\/2026\/01\/2600FKHMN00041-DARK-BROWN-100x100.png",100,100,true]},"uagb_author_info":{"display_name":"python python","author_link":"https:\/\/turkishtrade.co\/fr\/author\/"},"uagb_comment_info":0,"uagb_excerpt":"Exquisite Men's Dark Brown Calf Leather Loafers Premium Goat Leather Lining for superior comfort Lightweight Microlight Sole for all-day wear Available in EU Sizes: 39, 40, 41, 42, 43, 44, 45 Classic style, perfect for sophisticated ensembles Wholesale Availability: Minimum order of 16 pairs","_links":{"self":[{"href":"https:\/\/turkishtrade.co\/fr\/wp-json\/wp\/v2\/product\/7969","targetHints":{"allow":["GET"]}}],"collection":[{"href":"https:\/\/turkishtrade.co\/fr\/wp-json\/wp\/v2\/product"}],"about":[{"href":"https:\/\/turkishtrade.co\/fr\/wp-json\/wp\/v2\/types\/product"}],"wp:featuredmedia":[{"embeddable":true,"href":"https:\/\/turkishtrade.co\/fr\/wp-json\/wp\/v2\/media\/7024"}],"wp:attachment":[{"href":"https:\/\/turkishtrade.co\/fr\/wp-json\/wp\/v2\/media?parent=7969"}],"wp:term":[{"taxonomy":"product_brand","embeddable":true,"href":"https:\/\/turkishtrade.co\/fr\/wp-json\/wp\/v2\/product_brand?post=7969"},{"taxonomy":"product_cat","embeddable":true,"href":"https:\/\/turkishtrade.co\/fr\/wp-json\/wp\/v2\/product_cat?post=7969"},{"taxonomy":"product_tag","embeddable":true,"href":"https:\/\/turkishtrade.co\/fr\/wp-json\/wp\/v2\/product_tag?post=7969"}],"curies":[{"name":"wp","href":"https:\/\/api.w.org\/{rel}","templated":true}]}}