{"id":7967,"date":"2026-01-29T14:46:26","date_gmt":"2026-01-29T14:46:26","guid":{"rendered":"https:\/\/turkishtrade.co\/?post_type=product&#038;p=7967"},"modified":"2026-04-09T20:39:17","modified_gmt":"2026-04-09T20:39:17","slug":"mens-black-leather-loafers-19","status":"publish","type":"product","link":"https:\/\/turkishtrade.co\/fr\/shop\/mens-black-leather-loafers-19\/","title":{"rendered":"Mocassins en cuir noir pour hommes Incredible | Classic en cuir de veau noir pour hommes"},"content":{"rendered":"<p>Entrez dans l'\u00e9l\u00e9gance intemporelle avec notre exquise <b>Mocassins en cuir noir pour hommes<\/b>. Con\u00e7ues pour le gentleman exigeant, ces chaussures classiques \u00e0 enfiler allient un style sophistiqu\u00e9 \u00e0 un confort in\u00e9gal\u00e9. Chaque paire de ces <b>mocassins en cuir noir pour hommes<\/b> est m\u00e9ticuleusement fabriqu\u00e9e pour assurer un m\u00e9lange parfait de luxe et de durabilit\u00e9, ce qui en fait un compl\u00e9ment essentiel \u00e0 toute garde-robe. Que ce soit pour les affaires ou les loisirs, ces mocassins offrent un look raffin\u00e9 qui ne se d\u00e9mode jamais, projetant une confiance en soi et un go\u00fbt impeccable. Il ne s'agit pas de simples chaussures, mais d'un investissement dans un style durable.<\/p>\n<h3>Un savoir-faire sup\u00e9rieur et des mat\u00e9riaux de premi\u00e8re qualit\u00e9<\/h3>\n<p>Notre <b>Mocassins en cuir noir pour hommes<\/b> sont fabriqu\u00e9es \u00e0 partir du meilleur cuir de veau v\u00e9ritable, offrant un ext\u00e9rieur \u00e9l\u00e9gant et poli qui respire la qualit\u00e9. La texture naturelle du cuir est \u00e0 la fois raffin\u00e9e et durable, promettant une chaussure qui s'embellit avec l'\u00e2ge. L'int\u00e9rieur est dot\u00e9 d'une doublure en cuir de ch\u00e8vre souple et respirant, qui assure un confort maximal tout au long de la journ\u00e9e en \u00e9vacuant l'humidit\u00e9 et en procurant une sensation de douceur sur le pied. Cette combinaison de mat\u00e9riaux de qualit\u00e9 sup\u00e9rieure ne se contente pas de rehausser l'attrait esth\u00e9tique de la chaussure, mais garantit \u00e9galement sa long\u00e9vit\u00e9 et sa facilit\u00e9 d'utilisation. L'attention m\u00e9ticuleuse port\u00e9e aux d\u00e9tails de chaque couture et de chaque finition garantit que ces chaussures sont vraiment exceptionnelles. <b>mocassins en cuir noir<\/b>, Les produits de la gamme sont con\u00e7us pour durer et impressionner.<\/p>\n<h3>Semelle Microlight innovante pour un confort in\u00e9gal\u00e9<\/h3>\n<p>Faites l'exp\u00e9rience d'un nouveau niveau de confort gr\u00e2ce \u00e0 la semelle microlight innovante, qui est la marque de fabrique de ces chaussures d'exception. <b>mocassins en cuir noir pour hommes<\/b>. Cette technologie de semelle avanc\u00e9e offre un amorti sup\u00e9rieur, une l\u00e9g\u00e8ret\u00e9 remarquable et une excellente flexibilit\u00e9, r\u00e9duisant la fatigue du pied et faisant de chaque pas un plaisir. Contrairement aux semelles traditionnelles plus lourdes, la conception microl\u00e9g\u00e8re garantit que ces semelles ne sont pas trop lourdes. <b>mocassins en cuir pour hommes<\/b> sont incroyablement l\u00e9g\u00e8res pour vos pieds et vous permettent de vous d\u00e9placer sans effort du matin au soir. La semelle durable mais flexible offre une traction fiable et une absorption des chocs, ce qui les rend adapt\u00e9es \u00e0 divers environnements urbains et \u00e0 un port prolong\u00e9 sans inconfort.<\/p>\n<h3>Un style polyvalent pour toutes les occasions<\/h3>\n<p>Le design classique de ces chaussures \u00e0 enfiler <b>Mocassins en cuir noir pour hommes<\/b> les rend incroyablement polyvalents. L'\u00e9l\u00e9gance du bout du pied, subtilement perfor\u00e9 pour une touche de charme traditionnel, est parfaite pour les \u00e9v\u00e9nements formels, les r\u00e9unions d'affaires importantes ou les sorties d\u00e9contract\u00e9es sophistiqu\u00e9es. Associez-les \u00e0 un costume sur mesure pour un look professionnel et pr\u00e9cis, ou habillez-les d'un pantalon \u00e9l\u00e9gant et d'un blazer pour un ensemble raffin\u00e9 pour le week-end. Ces mod\u00e8les <b>mocassins classiques en cuir noir<\/b> Elles passent sans probl\u00e8me d'un code vestimentaire \u00e0 l'autre, ce qui vous permet d'\u00eatre toujours impeccablement styl\u00e9 et pr\u00eat \u00e0 affronter n'importe quel \u00e9v\u00e9nement. Leur attrait intemporel garantit qu'elles resteront un \u00e9l\u00e9ment essentiel de votre collection de chaussures pour les ann\u00e9es \u00e0 venir.<\/p>\n<h3>Opportunit\u00e9 de vente en gros pour les d\u00e9taillants<\/h3>\n<p>Pour les entreprises qui souhaitent proposer des chaussures haut de gamme, nos <b>Mocassins en cuir noir pour hommes<\/b> sont disponibles \u00e0 l'achat en gros. Avec une quantit\u00e9 minimale de commande de seulement 16 paires, les d\u00e9taillants peuvent facilement stocker ces mocassins de haute qualit\u00e9 tr\u00e8s demand\u00e9s. Offrez \u00e0 vos clients le luxe et le confort qu'ils m\u00e9ritent et am\u00e9liorez votre offre de produits avec ces mocassins \u00e9l\u00e9gants et durables. <b>mocassins en cuir noir pour hommes<\/b>. Am\u00e9liorez votre inventaire et r\u00e9pondez \u00e0 la demande croissante de chaussures sophistiqu\u00e9es pour hommes avec un produit qui combine un savoir-faire exceptionnel et un attrait commercial. Passez votre commande d\u00e8s aujourd'hui et offrez une qualit\u00e9 in\u00e9gal\u00e9e \u00e0 votre client\u00e8le.<\/p>","protected":false},"excerpt":{"rendered":"<ul>\n<li>Fabriqu\u00e9 en cuir de veau v\u00e9ritable pour une finition \u00e9l\u00e9gante.<\/li>\n<li>Doublure en cuir de ch\u00e8vre luxueux pour un confort supr\u00eame et une bonne respirabilit\u00e9<\/li>\n<li>Semelle Microlight innovante pour une l\u00e9g\u00e8ret\u00e9 et une flexibilit\u00e9 exceptionnelles<\/li>\n<li>Conception classique et intemporelle des chaussures \u00e0 enfiler, avec des d\u00e9tails \u00e9l\u00e9gants sur le bout du pied.<\/li>\n<li>Disponible dans les tailles 39-45 de l'UE pour un ajustement parfait<\/li>\n<li>Possibilit\u00e9 de vente en gros avec une commande minimum de 16 paires.<\/li>\n<\/ul>","protected":false},"featured_media":7022,"template":"","meta":{"_acf_changed":false,"_uag_custom_page_level_css":"","site-sidebar-layout":"default","site-content-layout":"","ast-site-content-layout":"default","site-content-style":"default","site-sidebar-style":"default","ast-global-header-display":"","ast-banner-title-visibility":"","ast-main-header-display":"","ast-hfb-above-header-display":"","ast-hfb-below-header-display":"","ast-hfb-mobile-header-display":"","site-post-title":"","ast-breadcrumbs-content":"","ast-featured-img":"","footer-sml-layout":"","ast-disable-related-posts":"","theme-transparent-header-meta":"","adv-header-id-meta":"","stick-header-meta":"","header-above-stick-meta":"","header-main-stick-meta":"","header-below-stick-meta":"","astra-migrate-meta-layouts":"default","ast-page-background-enabled":"default","ast-page-background-meta":{"desktop":{"background-color":"var(--ast-global-color-4)","background-image":"","background-repeat":"repeat","background-position":"center center","background-size":"auto","background-attachment":"scroll","background-type":"","background-media":"","overlay-type":"","overlay-color":"","overlay-opacity":"","overlay-gradient":""},"tablet":{"background-color":"","background-image":"","background-repeat":"repeat","background-position":"center center","background-size":"auto","background-attachment":"scroll","background-type":"","background-media":"","overlay-type":"","overlay-color":"","overlay-opacity":"","overlay-gradient":""},"mobile":{"background-color":"","background-image":"","background-repeat":"repeat","background-position":"center center","background-size":"auto","background-attachment":"scroll","background-type":"","background-media":"","overlay-type":"","overlay-color":"","overlay-opacity":"","overlay-gradient":""}},"ast-content-background-meta":{"desktop":{"background-color":"var(--ast-global-color-5)","background-image":"","background-repeat":"repeat","background-position":"center center","background-size":"auto","background-attachment":"scroll","background-type":"","background-media":"","overlay-type":"","overlay-color":"","overlay-opacity":"","overlay-gradient":""},"tablet":{"background-color":"var(--ast-global-color-5)","background-image":"","background-repeat":"repeat","background-position":"center center","background-size":"auto","background-attachment":"scroll","background-type":"","background-media":"","overlay-type":"","overlay-color":"","overlay-opacity":"","overlay-gradient":""},"mobile":{"background-color":"var(--ast-global-color-5)","background-image":"","background-repeat":"repeat","background-position":"center center","background-size":"auto","background-attachment":"scroll","background-type":"","background-media":"","overlay-type":"","overlay-color":"","overlay-opacity":"","overlay-gradient":""}}},"product_brand":[],"product_cat":[47,430,1200],"product_tag":[185,457,220,251,189,733,324,466,184,254],"class_list":{"0":"post-7967","1":"product","2":"type-product","3":"status-publish","4":"has-post-thumbnail","6":"product_cat-classic","7":"product_cat-men","8":"product_cat-mens-shoes-2","9":"product_tag-calf-leather-shoes","10":"product_tag-classic-loafers","11":"product_tag-comfortable-loafers","12":"product_tag-formal-shoes","13":"product_tag-goat-leather-lining","14":"product_tag-mens-black-leather-loafers","15":"product_tag-mens-dress-shoes","16":"product_tag-microlight-sole","17":"product_tag-slip-on-shoes","18":"product_tag-wholesale-footwear","19":"desktop-align-center","20":"tablet-align-center","21":"mobile-align-center","23":"first","24":"instock","25":"shipping-taxable","26":"purchasable","27":"product-type-variable","28":"has-default-attributes"},"acf":[],"uagb_featured_image_src":{"full":["https:\/\/turkishtrade.co\/wp-content\/uploads\/2026\/01\/2600FKHMN00039-BLACK.png",453,250,false],"thumbnail":["https:\/\/turkishtrade.co\/wp-content\/uploads\/2026\/01\/2600FKHMN00039-BLACK-150x150.png",150,150,true],"medium":["https:\/\/turkishtrade.co\/wp-content\/uploads\/2026\/01\/2600FKHMN00039-BLACK-300x166.png",300,166,true],"medium_large":["https:\/\/turkishtrade.co\/wp-content\/uploads\/2026\/01\/2600FKHMN00039-BLACK.png",453,250,false],"large":["https:\/\/turkishtrade.co\/wp-content\/uploads\/2026\/01\/2600FKHMN00039-BLACK.png",453,250,false],"1536x1536":["https:\/\/turkishtrade.co\/wp-content\/uploads\/2026\/01\/2600FKHMN00039-BLACK.png",453,250,false],"2048x2048":["https:\/\/turkishtrade.co\/wp-content\/uploads\/2026\/01\/2600FKHMN00039-BLACK.png",453,250,false],"trp-custom-language-flag":["https:\/\/turkishtrade.co\/wp-content\/uploads\/2026\/01\/2600FKHMN00039-BLACK-18x10.png",18,10,true],"woocommerce_thumbnail":["https:\/\/turkishtrade.co\/wp-content\/uploads\/2026\/01\/2600FKHMN00039-BLACK-400x250.png",400,250,true],"woocommerce_single":["https:\/\/turkishtrade.co\/wp-content\/uploads\/2026\/01\/2600FKHMN00039-BLACK.png",453,250,false],"woocommerce_gallery_thumbnail":["https:\/\/turkishtrade.co\/wp-content\/uploads\/2026\/01\/2600FKHMN00039-BLACK-100x100.png",100,100,true]},"uagb_author_info":{"display_name":"python python","author_link":"https:\/\/turkishtrade.co\/fr\/author\/"},"uagb_comment_info":0,"uagb_excerpt":"Crafted from genuine Calf Leather upper for a sleek finish Luxurious Goat Leather lining for supreme comfort and breathability Innovative Microlight sole for exceptional lightness and flexibility Timeless Classic slip-on design with elegant cap toe detailing Available in EU sizes 39-45 for a perfect fit Wholesale opportunities available with a minimum order of 16 pairs","_links":{"self":[{"href":"https:\/\/turkishtrade.co\/fr\/wp-json\/wp\/v2\/product\/7967","targetHints":{"allow":["GET"]}}],"collection":[{"href":"https:\/\/turkishtrade.co\/fr\/wp-json\/wp\/v2\/product"}],"about":[{"href":"https:\/\/turkishtrade.co\/fr\/wp-json\/wp\/v2\/types\/product"}],"wp:featuredmedia":[{"embeddable":true,"href":"https:\/\/turkishtrade.co\/fr\/wp-json\/wp\/v2\/media\/7022"}],"wp:attachment":[{"href":"https:\/\/turkishtrade.co\/fr\/wp-json\/wp\/v2\/media?parent=7967"}],"wp:term":[{"taxonomy":"product_brand","embeddable":true,"href":"https:\/\/turkishtrade.co\/fr\/wp-json\/wp\/v2\/product_brand?post=7967"},{"taxonomy":"product_cat","embeddable":true,"href":"https:\/\/turkishtrade.co\/fr\/wp-json\/wp\/v2\/product_cat?post=7967"},{"taxonomy":"product_tag","embeddable":true,"href":"https:\/\/turkishtrade.co\/fr\/wp-json\/wp\/v2\/product_tag?post=7967"}],"curies":[{"name":"wp","href":"https:\/\/api.w.org\/{rel}","templated":true}]}}