{"id":7963,"date":"2026-01-29T14:46:25","date_gmt":"2026-01-29T14:46:25","guid":{"rendered":"https:\/\/turkishtrade.co\/?post_type=product&#038;p=7963"},"modified":"2026-04-09T20:39:29","modified_gmt":"2026-04-09T20:39:29","slug":"classic-dark-brown-brogue-oxfords","status":"publish","type":"product","link":"https:\/\/turkishtrade.co\/fr\/shop\/classic-dark-brown-brogue-oxfords\/","title":{"rendered":"Classic Dark Brown Brogue Oxfords Authentic | Classic Dark Brown Calf Leather"},"content":{"rendered":"<p><strong>Brogue Oxfords classiques marron fonc\u00e9<\/strong>. Qualit\u00e9 et design authentiques.<\/p>\n<p>Entrez dans une sophistication in\u00e9gal\u00e9e gr\u00e2ce \u00e0 nos magnifiques <strong>Brogue Oxfords classiques marron fonc\u00e9<\/strong>. Ces chaussures sont l'incarnation de l'\u00e9l\u00e9gance intemporelle, m\u00e9ticuleusement fabriqu\u00e9es pour le gentleman moderne qui appr\u00e9cie \u00e0 la fois le style et la substance. Alliant parfaitement le design traditionnel et le confort contemporain, ces chaussures ont \u00e9t\u00e9 con\u00e7ues pour les hommes modernes. <strong>Brogue Oxfords classiques marron fonc\u00e9<\/strong> sont un compl\u00e9ment essentiel \u00e0 toute garde-robe exigeante, convenant aussi bien aux \u00e9v\u00e9nements formels qu'aux occasions d\u00e9contract\u00e9es et \u00e9l\u00e9gantes.<\/p>\n<h3>Un savoir-faire in\u00e9gal\u00e9 et des mat\u00e9riaux de premi\u00e8re qualit\u00e9<\/h3>\n<p>Notre <strong>Brogue Oxfords classiques marron fonc\u00e9<\/strong> sont fabriqu\u00e9es \u00e0 partir des mat\u00e9riaux les plus nobles. La tige est en cuir de veau souple, connu pour sa texture lisse, sa durabilit\u00e9 et sa capacit\u00e9 \u00e0 d\u00e9velopper une belle patine au fil du temps. Ce cuir de qualit\u00e9 sup\u00e9rieure garantit que vos chaussures n'ont pas seulement un aspect exceptionnel, mais qu'elles r\u00e9sistent \u00e9galement \u00e0 l'\u00e9preuve du temps, vous offrant des ann\u00e9es de port distingu\u00e9. \u00c0 l'int\u00e9rieur, vos pieds seront berc\u00e9s par une luxueuse doublure en cuir de ch\u00e8vre, qui offre une respirabilit\u00e9 sup\u00e9rieure et un toucher doux sur la peau, vous permettant de rester \u00e0 l'aise tout au long de la journ\u00e9e. L'attention port\u00e9e aux d\u00e9tails s'\u00e9tend aux \u00e9l\u00e9gantes perforations brogue, marque de fabrique du design classique, qui ajoutent une touche raffin\u00e9e \u00e0 la riche teinte marron fonc\u00e9.<\/p>\n<h3>Un confort avanc\u00e9 gr\u00e2ce \u00e0 la technologie Microlight<\/h3>\n<p>D\u00e9couvrez un nouveau niveau de confort gr\u00e2ce \u00e0 la semelle microlight innovante. Con\u00e7ue pour \u00eatre exceptionnellement l\u00e9g\u00e8re et flexible, cette technologie de semelle avanc\u00e9e r\u00e9duit consid\u00e9rablement la fatigue du pied, ce qui rend ces chaussures encore plus confortables. <strong>Brogue Oxfords classiques marron fonc\u00e9<\/strong> id\u00e9al pour les longues journ\u00e9es de marche. Malgr\u00e9 sa l\u00e9g\u00e8ret\u00e9, la semelle microlight offre une traction et une durabilit\u00e9 excellentes, assurant stabilit\u00e9 et long\u00e9vit\u00e9. Cette fusion d'un savoir-faire traditionnel et d'une technologie de semelle moderne distingue nos chaussures, offrant un \u00e9quilibre parfait entre l'esth\u00e9tique classique et la facilit\u00e9 d'utilisation contemporaine. Que vous assistiez \u00e0 une r\u00e9union d'affaires ou \u00e0 une rencontre sociale, ces chaussures vous permettront de vous sentir l\u00e9ger et agile.<\/p>\n<h3>Une polyvalence pour toutes les occasions<\/h3>\n<p>La teinte marron fonc\u00e9 de ces oxfords brogue offre une incroyable polyvalence, ce qui les rend parfaitement compatibles avec un large \u00e9ventail de tenues. Associez-les \u00e0 un costume cintr\u00e9 pour un look professionnel soign\u00e9, ou habillez-les d'un pantalon chino et d'un blazer pour un ensemble chic et d\u00e9contract\u00e9. Les d\u00e9tails brogue classiques ajoutent du caract\u00e8re sans \u00eatre trop orn\u00e9s, ce qui fait de ces chaussures un choix sophistiqu\u00e9 pour n'importe quelle situation. Profitez de l'attrait durable de ces <strong>Brogue Oxfords classiques marron fonc\u00e9<\/strong>, Ces chaussures sont con\u00e7ues pour rehausser votre style personnel avec une gr\u00e2ce sans effort. Pour les d\u00e9taillants et les entreprises, ces chaussures exceptionnelles sont disponibles en gros, avec une commande minimum de 16 paires, ce qui offre une opportunit\u00e9 fantastique de stocker un produit de haute qualit\u00e9 et tr\u00e8s demand\u00e9.<\/p>","protected":false},"excerpt":{"rendered":"<ul>\n<li>Tige en cuir de veau de premi\u00e8re qualit\u00e9 pour une qualit\u00e9 durable<\/li>\n<li>La doublure en cuir de ch\u00e8vre luxueux assure la respirabilit\u00e9 et le confort.<\/li>\n<li>La semelle l\u00e9g\u00e8re Microlight offre une adh\u00e9rence et une flexibilit\u00e9 sup\u00e9rieures.<\/li>\n<li>\u00c9l\u00e9gants d\u00e9tails de type brogue pour un look intemporel et sophistiqu\u00e9.<\/li>\n<li>Disponible en tailles europ\u00e9ennes : 39, 40, 41, 42, 43, 44, 45<\/li>\n<li>Commandes en gros accept\u00e9es (commande minimale : 16 paires)<\/li>\n<\/ul>","protected":false},"featured_media":7018,"template":"","meta":{"_acf_changed":false,"_uag_custom_page_level_css":"","site-sidebar-layout":"default","site-content-layout":"","ast-site-content-layout":"default","site-content-style":"default","site-sidebar-style":"default","ast-global-header-display":"","ast-banner-title-visibility":"","ast-main-header-display":"","ast-hfb-above-header-display":"","ast-hfb-below-header-display":"","ast-hfb-mobile-header-display":"","site-post-title":"","ast-breadcrumbs-content":"","ast-featured-img":"","footer-sml-layout":"","ast-disable-related-posts":"","theme-transparent-header-meta":"","adv-header-id-meta":"","stick-header-meta":"","header-above-stick-meta":"","header-main-stick-meta":"","header-below-stick-meta":"","astra-migrate-meta-layouts":"default","ast-page-background-enabled":"default","ast-page-background-meta":{"desktop":{"background-color":"var(--ast-global-color-4)","background-image":"","background-repeat":"repeat","background-position":"center center","background-size":"auto","background-attachment":"scroll","background-type":"","background-media":"","overlay-type":"","overlay-color":"","overlay-opacity":"","overlay-gradient":""},"tablet":{"background-color":"","background-image":"","background-repeat":"repeat","background-position":"center center","background-size":"auto","background-attachment":"scroll","background-type":"","background-media":"","overlay-type":"","overlay-color":"","overlay-opacity":"","overlay-gradient":""},"mobile":{"background-color":"","background-image":"","background-repeat":"repeat","background-position":"center center","background-size":"auto","background-attachment":"scroll","background-type":"","background-media":"","overlay-type":"","overlay-color":"","overlay-opacity":"","overlay-gradient":""}},"ast-content-background-meta":{"desktop":{"background-color":"var(--ast-global-color-5)","background-image":"","background-repeat":"repeat","background-position":"center center","background-size":"auto","background-attachment":"scroll","background-type":"","background-media":"","overlay-type":"","overlay-color":"","overlay-opacity":"","overlay-gradient":""},"tablet":{"background-color":"var(--ast-global-color-5)","background-image":"","background-repeat":"repeat","background-position":"center center","background-size":"auto","background-attachment":"scroll","background-type":"","background-media":"","overlay-type":"","overlay-color":"","overlay-opacity":"","overlay-gradient":""},"mobile":{"background-color":"var(--ast-global-color-5)","background-image":"","background-repeat":"repeat","background-position":"center center","background-size":"auto","background-attachment":"scroll","background-type":"","background-media":"","overlay-type":"","overlay-color":"","overlay-opacity":"","overlay-gradient":""}}},"product_brand":[],"product_cat":[47,430,1200],"product_tag":[715,202,971,408,284,251,1249,466,281],"class_list":{"0":"post-7963","1":"product","2":"type-product","3":"status-publish","4":"has-post-thumbnail","6":"product_cat-classic","7":"product_cat-men","8":"product_cat-mens-shoes-2","9":"product_tag-brogue","10":"product_tag-calf-leather","11":"product_tag-classic-oxfords","12":"product_tag-dark-brown-shoes","13":"product_tag-dress-shoes","14":"product_tag-formal-shoes","15":"product_tag-goat-lining","16":"product_tag-microlight-sole","17":"product_tag-wholesale-shoes","18":"desktop-align-center","19":"tablet-align-center","20":"mobile-align-center","22":"first","23":"instock","24":"shipping-taxable","25":"purchasable","26":"product-type-variable","27":"has-default-attributes"},"acf":[],"uagb_featured_image_src":{"full":["https:\/\/turkishtrade.co\/wp-content\/uploads\/2026\/01\/2600FKHMN00035-BROWN.png",453,250,false],"thumbnail":["https:\/\/turkishtrade.co\/wp-content\/uploads\/2026\/01\/2600FKHMN00035-BROWN-150x150.png",150,150,true],"medium":["https:\/\/turkishtrade.co\/wp-content\/uploads\/2026\/01\/2600FKHMN00035-BROWN-300x166.png",300,166,true],"medium_large":["https:\/\/turkishtrade.co\/wp-content\/uploads\/2026\/01\/2600FKHMN00035-BROWN.png",453,250,false],"large":["https:\/\/turkishtrade.co\/wp-content\/uploads\/2026\/01\/2600FKHMN00035-BROWN.png",453,250,false],"1536x1536":["https:\/\/turkishtrade.co\/wp-content\/uploads\/2026\/01\/2600FKHMN00035-BROWN.png",453,250,false],"2048x2048":["https:\/\/turkishtrade.co\/wp-content\/uploads\/2026\/01\/2600FKHMN00035-BROWN.png",453,250,false],"trp-custom-language-flag":["https:\/\/turkishtrade.co\/wp-content\/uploads\/2026\/01\/2600FKHMN00035-BROWN-18x10.png",18,10,true],"woocommerce_thumbnail":["https:\/\/turkishtrade.co\/wp-content\/uploads\/2026\/01\/2600FKHMN00035-BROWN-400x250.png",400,250,true],"woocommerce_single":["https:\/\/turkishtrade.co\/wp-content\/uploads\/2026\/01\/2600FKHMN00035-BROWN.png",453,250,false],"woocommerce_gallery_thumbnail":["https:\/\/turkishtrade.co\/wp-content\/uploads\/2026\/01\/2600FKHMN00035-BROWN-100x100.png",100,100,true]},"uagb_author_info":{"display_name":"python python","author_link":"https:\/\/turkishtrade.co\/fr\/author\/"},"uagb_comment_info":0,"uagb_excerpt":"Premium Calf Leather Upper for enduring quality Luxurious Goat Leather Lining ensures breathability and comfort Lightweight Microlight Sole offers superior grip and flexibility Elegant Brogue Detailing for a timeless and sophisticated look Available in European Sizes: 39, 40, 41, 42, 43, 44, 45 Wholesale Orders Welcome (Minimum Order: 16 Pairs)","_links":{"self":[{"href":"https:\/\/turkishtrade.co\/fr\/wp-json\/wp\/v2\/product\/7963","targetHints":{"allow":["GET"]}}],"collection":[{"href":"https:\/\/turkishtrade.co\/fr\/wp-json\/wp\/v2\/product"}],"about":[{"href":"https:\/\/turkishtrade.co\/fr\/wp-json\/wp\/v2\/types\/product"}],"wp:featuredmedia":[{"embeddable":true,"href":"https:\/\/turkishtrade.co\/fr\/wp-json\/wp\/v2\/media\/7018"}],"wp:attachment":[{"href":"https:\/\/turkishtrade.co\/fr\/wp-json\/wp\/v2\/media?parent=7963"}],"wp:term":[{"taxonomy":"product_brand","embeddable":true,"href":"https:\/\/turkishtrade.co\/fr\/wp-json\/wp\/v2\/product_brand?post=7963"},{"taxonomy":"product_cat","embeddable":true,"href":"https:\/\/turkishtrade.co\/fr\/wp-json\/wp\/v2\/product_cat?post=7963"},{"taxonomy":"product_tag","embeddable":true,"href":"https:\/\/turkishtrade.co\/fr\/wp-json\/wp\/v2\/product_tag?post=7963"}],"curies":[{"name":"wp","href":"https:\/\/api.w.org\/{rel}","templated":true}]}}