{"id":7962,"date":"2026-01-29T14:46:25","date_gmt":"2026-01-29T14:46:25","guid":{"rendered":"https:\/\/turkishtrade.co\/?post_type=product&#038;p=7962"},"modified":"2026-04-09T20:39:31","modified_gmt":"2026-04-09T20:39:31","slug":"mens-dark-blue-calf-leather-oxford-shoes","status":"publish","type":"product","link":"https:\/\/turkishtrade.co\/fr\/shop\/mens-dark-blue-calf-leather-oxford-shoes\/","title":{"rendered":"Chaussures Oxford en cuir de veau bleu fonc\u00e9 pour hommes Sensational"},"content":{"rendered":"<h3>Rehaussez votre style avec les chaussures Oxford en cuir de veau bleu fonc\u00e9 Premium pour hommes<\/h3>\n<p>Entrez dans la sophistication et le confort in\u00e9gal\u00e9 gr\u00e2ce \u00e0 notre exquise <strong>Chaussures Oxford en cuir de veau bleu fonc\u00e9 pour hommes<\/strong>. Con\u00e7ues pour les hommes exigeants, ces chaussures fabriqu\u00e9es \u00e0 la main allient l'\u00e9l\u00e9gance classique \u00e0 l'innovation moderne, ce qui en fait un compl\u00e9ment indispensable \u00e0 toute garde-robe formelle ou professionnelle. La teinte bleue riche et profonde offre une alternative contemporaine au noir traditionnel et constitue une option polyvalente qui s'associe sans effort \u00e0 toute une s\u00e9rie de tenues, des costumes sur mesure aux ensembles d\u00e9contract\u00e9s \u00e9l\u00e9gants.<\/p>\n<h3>Un savoir-faire in\u00e9gal\u00e9 et des mat\u00e9riaux de qualit\u00e9 sup\u00e9rieure pour nos chaussures Oxford bleu fonc\u00e9<\/h3>\n<p>Au c\u0153ur de ces projets d'exception <strong>Chaussures Oxford en cuir de veau bleu fonc\u00e9 pour hommes<\/strong> repose sur un engagement de qualit\u00e9. Chaque paire est m\u00e9ticuleusement fabriqu\u00e9e \u00e0 partir de mat\u00e9riaux de premi\u00e8re qualit\u00e9. <em>cuir de veau<\/em>, Le cuir de vachette est r\u00e9put\u00e9 pour sa texture lisse, sa durabilit\u00e9 et sa capacit\u00e9 \u00e0 d\u00e9velopper une belle patine au fil du temps. Ce cuir de qualit\u00e9 sup\u00e9rieure garantit non seulement un aspect luxueux, mais aussi une longue dur\u00e9e de vie. \u00c0 l'int\u00e9rieur, vos pieds b\u00e9n\u00e9ficieront d'un confort supr\u00eame gr\u00e2ce au cuir souple et respirant de la chaussure. <em>doublure en cuir de ch\u00e8vre<\/em>, qui \u00e9vacue l'humidit\u00e9 et offre un ajustement semblable \u00e0 celui d'un gant d\u00e8s la premi\u00e8re utilisation. Ce souci du d\u00e9tail dans le choix des mat\u00e9riaux fait de nos <strong>Chaussures Oxford en cuir de veau bleu fonc\u00e9 pour hommes<\/strong> \u00e0 part.<\/p>\n<h3>Un design innovant pour un confort moderne dans les chaussures en cuir de veau<\/h3>\n<p>Au-del\u00e0 de leur esth\u00e9tique \u00e9tonnante, ces <strong>Chaussures Oxford en cuir de veau bleu fonc\u00e9 pour hommes<\/strong> sont con\u00e7us pour le confort. Dot\u00e9s d'un syst\u00e8me de <em>semelle microlight<\/em>, Elles offrent une l\u00e9g\u00e8ret\u00e9 et une flexibilit\u00e9 exceptionnelles, ce qui contraste fortement avec les semelles rigides que l'on trouve sur de nombreuses chaussures de c\u00e9r\u00e9monie. La semelle rouge et noire distinctive offre non seulement une adh\u00e9rence et un amorti sup\u00e9rieurs, mais ajoute \u00e9galement une subtile touche de couleur et une touche de modernit\u00e9, ce qui rend ces chaussures vraiment uniques. <strong>Chaussures Oxford en cuir de veau bleu fonc\u00e9 pour hommes<\/strong>. La fatigue du pied est r\u00e9duite, m\u00eame apr\u00e8s de longues heures de travail, ce qui vous permet de vous d\u00e9placer en toute confiance et avec aisance.<\/p>\n<h3>Le choix parfait pour toutes les occasions : Chaussures Oxford bleu fonc\u00e9 en gros<\/h3>\n<p>Que vous assistiez \u00e0 une r\u00e9union d'affaires cruciale, \u00e0 un mariage sophistiqu\u00e9 ou \u00e0 une soir\u00e9e \u00e9l\u00e9gante, ces <strong>Chaussures Oxford en cuir de veau bleu fonc\u00e9 pour hommes<\/strong> sont votre compagnon id\u00e9al. Leur design Oxford intemporel, caract\u00e9ris\u00e9 par un syst\u00e8me de la\u00e7age ferm\u00e9, projette un air de professionnalisme raffin\u00e9 et de charme classique. Disponibles dans une large gamme de pointures allant du 39 au 45, elles s'adaptent parfaitement \u00e0 chaque homme. Pour les d\u00e9taillants et les entreprises qui cherchent \u00e0 stocker des chaussures formelles de haute qualit\u00e9, ces chaussures haut de gamme sont un excellent choix. <strong>Chaussures Oxford en cuir de veau bleu fonc\u00e9 pour hommes<\/strong> sont disponibles en gros, avec une commande minimum de 16 paires, ce qui vous permet de r\u00e9pondre \u00e0 la demande de chaussures habill\u00e9es pour hommes exceptionnelles.<\/p>\n<p>Investissez dans des chaussures qui en disent long sur votre style et vos pr\u00e9f\u00e9rences en mati\u00e8re de qualit\u00e9. Choisissez nos <strong>Chaussures Oxford en cuir de veau bleu fonc\u00e9 pour hommes<\/strong> et sortez en toute confiance et avec une \u00e9l\u00e9gance in\u00e9gal\u00e9e.<\/p>","protected":false},"excerpt":{"rendered":"<ul>\n<li>Dessus en cuir de veau de premi\u00e8re qualit\u00e9 pour un look sophistiqu\u00e9<\/li>\n<li>La doublure confortable en cuir de ch\u00e8vre assure une bonne respirabilit\u00e9 et une sensation de douceur.<\/li>\n<li>Semelle l\u00e9g\u00e8re et flexible avec un design rouge\/noir distinctif<\/li>\n<li>Style Oxford classique dans une teinte bleu fonc\u00e9 polyvalente<\/li>\n<li>Disponible en tailles 39, 40, 41, 42, 43, 44, 45<\/li>\n<li>Commande minimale de 16 paires pour les demandes en gros<\/li>\n<\/ul>","protected":false},"featured_media":7017,"template":"","meta":{"_acf_changed":false,"_uag_custom_page_level_css":"","site-sidebar-layout":"default","site-content-layout":"","ast-site-content-layout":"default","site-content-style":"default","site-sidebar-style":"default","ast-global-header-display":"","ast-banner-title-visibility":"","ast-main-header-display":"","ast-hfb-above-header-display":"","ast-hfb-below-header-display":"","ast-hfb-mobile-header-display":"","site-post-title":"","ast-breadcrumbs-content":"","ast-featured-img":"","footer-sml-layout":"","ast-disable-related-posts":"","theme-transparent-header-meta":"","adv-header-id-meta":"","stick-header-meta":"","header-above-stick-meta":"","header-main-stick-meta":"","header-below-stick-meta":"","astra-migrate-meta-layouts":"default","ast-page-background-enabled":"default","ast-page-background-meta":{"desktop":{"background-color":"var(--ast-global-color-4)","background-image":"","background-repeat":"repeat","background-position":"center center","background-size":"auto","background-attachment":"scroll","background-type":"","background-media":"","overlay-type":"","overlay-color":"","overlay-opacity":"","overlay-gradient":""},"tablet":{"background-color":"","background-image":"","background-repeat":"repeat","background-position":"center center","background-size":"auto","background-attachment":"scroll","background-type":"","background-media":"","overlay-type":"","overlay-color":"","overlay-opacity":"","overlay-gradient":""},"mobile":{"background-color":"","background-image":"","background-repeat":"repeat","background-position":"center center","background-size":"auto","background-attachment":"scroll","background-type":"","background-media":"","overlay-type":"","overlay-color":"","overlay-opacity":"","overlay-gradient":""}},"ast-content-background-meta":{"desktop":{"background-color":"var(--ast-global-color-5)","background-image":"","background-repeat":"repeat","background-position":"center center","background-size":"auto","background-attachment":"scroll","background-type":"","background-media":"","overlay-type":"","overlay-color":"","overlay-opacity":"","overlay-gradient":""},"tablet":{"background-color":"var(--ast-global-color-5)","background-image":"","background-repeat":"repeat","background-position":"center center","background-size":"auto","background-attachment":"scroll","background-type":"","background-media":"","overlay-type":"","overlay-color":"","overlay-opacity":"","overlay-gradient":""},"mobile":{"background-color":"var(--ast-global-color-5)","background-image":"","background-repeat":"repeat","background-position":"center center","background-size":"auto","background-attachment":"scroll","background-type":"","background-media":"","overlay-type":"","overlay-color":"","overlay-opacity":"","overlay-gradient":""}}},"product_brand":[],"product_cat":[47,430,1200],"product_tag":[405,185,1323,314,189,1322,324,466,281],"class_list":{"0":"post-7962","1":"product","2":"type-product","3":"status-publish","4":"has-post-thumbnail","6":"product_cat-classic","7":"product_cat-men","8":"product_cat-mens-shoes-2","9":"product_tag-business-shoes","10":"product_tag-calf-leather-shoes","11":"product_tag-classic-oxford","12":"product_tag-formal-mens-shoes","13":"product_tag-goat-leather-lining","14":"product_tag-mens-dark-blue-oxford-shoes","15":"product_tag-mens-dress-shoes","16":"product_tag-microlight-sole","17":"product_tag-wholesale-shoes","18":"desktop-align-center","19":"tablet-align-center","20":"mobile-align-center","22":"first","23":"instock","24":"shipping-taxable","25":"purchasable","26":"product-type-variable","27":"has-default-attributes"},"acf":[],"uagb_featured_image_src":{"full":["https:\/\/turkishtrade.co\/wp-content\/uploads\/2026\/01\/2600FKHMN00034-DARK-BLUE.png",453,250,false],"thumbnail":["https:\/\/turkishtrade.co\/wp-content\/uploads\/2026\/01\/2600FKHMN00034-DARK-BLUE-150x150.png",150,150,true],"medium":["https:\/\/turkishtrade.co\/wp-content\/uploads\/2026\/01\/2600FKHMN00034-DARK-BLUE-300x166.png",300,166,true],"medium_large":["https:\/\/turkishtrade.co\/wp-content\/uploads\/2026\/01\/2600FKHMN00034-DARK-BLUE.png",453,250,false],"large":["https:\/\/turkishtrade.co\/wp-content\/uploads\/2026\/01\/2600FKHMN00034-DARK-BLUE.png",453,250,false],"1536x1536":["https:\/\/turkishtrade.co\/wp-content\/uploads\/2026\/01\/2600FKHMN00034-DARK-BLUE.png",453,250,false],"2048x2048":["https:\/\/turkishtrade.co\/wp-content\/uploads\/2026\/01\/2600FKHMN00034-DARK-BLUE.png",453,250,false],"trp-custom-language-flag":["https:\/\/turkishtrade.co\/wp-content\/uploads\/2026\/01\/2600FKHMN00034-DARK-BLUE-18x10.png",18,10,true],"woocommerce_thumbnail":["https:\/\/turkishtrade.co\/wp-content\/uploads\/2026\/01\/2600FKHMN00034-DARK-BLUE-400x250.png",400,250,true],"woocommerce_single":["https:\/\/turkishtrade.co\/wp-content\/uploads\/2026\/01\/2600FKHMN00034-DARK-BLUE.png",453,250,false],"woocommerce_gallery_thumbnail":["https:\/\/turkishtrade.co\/wp-content\/uploads\/2026\/01\/2600FKHMN00034-DARK-BLUE-100x100.png",100,100,true]},"uagb_author_info":{"display_name":"python python","author_link":"https:\/\/turkishtrade.co\/fr\/author\/"},"uagb_comment_info":0,"uagb_excerpt":"Premium calf leather upper for a sophisticated look Comfortable goat leather lining ensures breathability and a soft feel Lightweight and flexible microlight sole with distinctive red\/black design Classic Oxford style in a versatile dark blue hue Available in sizes 39, 40, 41, 42, 43, 44, 45 Minimum order of 16 pairs for wholesale inquiries","_links":{"self":[{"href":"https:\/\/turkishtrade.co\/fr\/wp-json\/wp\/v2\/product\/7962","targetHints":{"allow":["GET"]}}],"collection":[{"href":"https:\/\/turkishtrade.co\/fr\/wp-json\/wp\/v2\/product"}],"about":[{"href":"https:\/\/turkishtrade.co\/fr\/wp-json\/wp\/v2\/types\/product"}],"wp:featuredmedia":[{"embeddable":true,"href":"https:\/\/turkishtrade.co\/fr\/wp-json\/wp\/v2\/media\/7017"}],"wp:attachment":[{"href":"https:\/\/turkishtrade.co\/fr\/wp-json\/wp\/v2\/media?parent=7962"}],"wp:term":[{"taxonomy":"product_brand","embeddable":true,"href":"https:\/\/turkishtrade.co\/fr\/wp-json\/wp\/v2\/product_brand?post=7962"},{"taxonomy":"product_cat","embeddable":true,"href":"https:\/\/turkishtrade.co\/fr\/wp-json\/wp\/v2\/product_cat?post=7962"},{"taxonomy":"product_tag","embeddable":true,"href":"https:\/\/turkishtrade.co\/fr\/wp-json\/wp\/v2\/product_tag?post=7962"}],"curies":[{"name":"wp","href":"https:\/\/api.w.org\/{rel}","templated":true}]}}