{"id":7960,"date":"2026-01-29T14:46:25","date_gmt":"2026-01-29T14:46:25","guid":{"rendered":"https:\/\/turkishtrade.co\/?post_type=product&#038;p=7960"},"modified":"2026-04-09T20:39:37","modified_gmt":"2026-04-09T20:39:37","slug":"mens-black-calfskin-oxford-shoes","status":"publish","type":"product","link":"https:\/\/turkishtrade.co\/fr\/shop\/mens-black-calfskin-oxford-shoes\/","title":{"rendered":"Premium Chaussures Oxford en cuir de veau noir pour hommes"},"content":{"rendered":"<p>Les chaussures Oxford Premium en cuir de veau noir pour homme sont d'une sophistication et d'un confort in\u00e9gal\u00e9s. Con\u00e7ues pour le gentleman exigeant, ces chaussures classiques allient \u00e9l\u00e9gance intemporelle et savoir-faire moderne. Chaque paire de ces exquises chaussures Oxford en cuir de veau noir pour homme est un testament de qualit\u00e9, promettant de rehausser n'importe quel ensemble formel ou professionnel. Que ce soit pour une r\u00e9union importante ou un \u00e9v\u00e9nement sp\u00e9cial, ces chaussures offrent un m\u00e9lange parfait de style et de substance.<\/p>\n<h3>Un savoir-faire in\u00e9gal\u00e9 et des mat\u00e9riaux de premi\u00e8re qualit\u00e9<\/h3>\n<p>Nos chaussures Oxford en cuir de veau noir pour hommes sont m\u00e9ticuleusement fabriqu\u00e9es \u00e0 partir du meilleur cuir de veau v\u00e9ritable, r\u00e9put\u00e9 pour sa texture lisse, sa durabilit\u00e9 et son attrait luxueux. La teinte noire riche et profonde garantit la polyvalence, s'associant sans effort \u00e0 un large \u00e9ventail de tenues. Outre leur aspect ext\u00e9rieur remarquable, ces chaussures pr\u00e9sentent un int\u00e9rieur doubl\u00e9 de cuir de ch\u00e8vre souple, offrant un environnement incroyablement doux et respirant \u00e0 vos pieds. Cette doublure de qualit\u00e9 sup\u00e9rieure garantit un confort maximal, m\u00eame en cas de port prolong\u00e9. De plus, la semelle microlight innovante offre une l\u00e9g\u00e8ret\u00e9 et une flexibilit\u00e9 exceptionnelles, r\u00e9duisant la fatigue et faisant de ces chaussures Oxford en cuir de veau noir pour hommes un plaisir \u00e0 porter tout au long de la journ\u00e9e. La semelle rouge distinctive avec motifs antid\u00e9rapants ajoute \u00e9galement une touche de modernit\u00e9 et garantit une bonne assise.<\/p>\n<h3>Un style intemporel pour toutes les occasions<\/h3>\n<p>Le design Oxford \u00e0 bout simple de ces chaussures Oxford en cuir de veau noir pour hommes repr\u00e9sente le summum de la chaussure classique. Ses lignes \u00e9pur\u00e9es et sa silhouette \u00e9l\u00e9gante en font un choix polyvalent pour une multitude d'occasions. Ces chaussures Oxford en cuir de veau noir pour homme sont l'incarnation de l'excellence sartoriale, qu'il s'agisse d'un environnement professionnel ou d'un \u00e9v\u00e9nement de soir\u00e9e. Elles respirent la confiance et le professionnalisme, ce qui en fait un compl\u00e9ment indispensable \u00e0 toute garde-robe sophistiqu\u00e9e. La construction robuste de ces chaussures garantit qu'elles resteront un \u00e9l\u00e9ment essentiel de votre collection pendant des ann\u00e9es, offrant un style et des performances durables.<\/p>\n<h3>L'opportunit\u00e9 id\u00e9ale pour le commerce de gros<\/h3>\n<p>Nous comprenons les besoins des d\u00e9taillants et des entreprises qui souhaitent offrir \u00e0 leur client\u00e8le des chaussures de qualit\u00e9 sup\u00e9rieure. Nos chaussures Oxford pour hommes en cuir de veau noir sont disponibles \u00e0 l'achat en gros, avec un minimum de commande de seulement 16 paires, dans une gamme compl\u00e8te de tailles allant de l'UE 39 \u00e0 l'UE 45. Il s'agit l\u00e0 d'une excellente occasion de stocker un produit classique et tr\u00e8s recherch\u00e9, qui pla\u00eet \u00e0 une large client\u00e8le. Offrez \u00e0 vos clients le luxe et le confort qu'ils m\u00e9ritent en incluant ces remarquables chaussures Oxford en cuir noir pour hommes dans votre stock. Associez-vous \u00e0 nous pour offrir une qualit\u00e9 sup\u00e9rieure et un style exceptionnel \u00e0 votre march\u00e9, garantissant ainsi la satisfaction de vos clients et la fid\u00e9lisation de votre client\u00e8le.<\/p>","protected":false},"excerpt":{"rendered":"<ul>\n<li>Fabriqu\u00e9 de mani\u00e8re experte en cuir de veau v\u00e9ritable pour un aspect raffin\u00e9 et luxueux.<\/li>\n<li>Doublure en cuir de ch\u00e8vre somptueusement doux, assurant un confort exceptionnel \u00e0 chaque pas.<\/li>\n<li>\u00c9quip\u00e9e d'une semelle microlight innovante, offrant un confort et une durabilit\u00e9 sup\u00e9rieurs en termes de l\u00e9g\u00e8ret\u00e9.<\/li>\n<li>Ces chaussures Oxford en cuir de veau noir sont id\u00e9ales pour les affaires et les occasions formelles.<\/li>\n<li>Disponible dans une large gamme de tailles europ\u00e9ennes : 39, 40, 41, 42, 43, 44, 45.<\/li>\n<li>Disponibilit\u00e9 sp\u00e9ciale pour les grossistes avec une quantit\u00e9 minimale de commande de seulement 16 paires.<\/li>\n<\/ul>","protected":false},"featured_media":7015,"template":"","meta":{"_acf_changed":false,"_uag_custom_page_level_css":"","site-sidebar-layout":"default","site-content-layout":"","ast-site-content-layout":"default","site-content-style":"default","site-sidebar-style":"default","ast-global-header-display":"","ast-banner-title-visibility":"","ast-main-header-display":"","ast-hfb-above-header-display":"","ast-hfb-below-header-display":"","ast-hfb-mobile-header-display":"","site-post-title":"","ast-breadcrumbs-content":"","ast-featured-img":"","footer-sml-layout":"","ast-disable-related-posts":"","theme-transparent-header-meta":"","adv-header-id-meta":"","stick-header-meta":"","header-above-stick-meta":"","header-main-stick-meta":"","header-below-stick-meta":"","astra-migrate-meta-layouts":"default","ast-page-background-enabled":"default","ast-page-background-meta":{"desktop":{"background-color":"var(--ast-global-color-4)","background-image":"","background-repeat":"repeat","background-position":"center center","background-size":"auto","background-attachment":"scroll","background-type":"","background-media":"","overlay-type":"","overlay-color":"","overlay-opacity":"","overlay-gradient":""},"tablet":{"background-color":"","background-image":"","background-repeat":"repeat","background-position":"center center","background-size":"auto","background-attachment":"scroll","background-type":"","background-media":"","overlay-type":"","overlay-color":"","overlay-opacity":"","overlay-gradient":""},"mobile":{"background-color":"","background-image":"","background-repeat":"repeat","background-position":"center center","background-size":"auto","background-attachment":"scroll","background-type":"","background-media":"","overlay-type":"","overlay-color":"","overlay-opacity":"","overlay-gradient":""}},"ast-content-background-meta":{"desktop":{"background-color":"var(--ast-global-color-5)","background-image":"","background-repeat":"repeat","background-position":"center center","background-size":"auto","background-attachment":"scroll","background-type":"","background-media":"","overlay-type":"","overlay-color":"","overlay-opacity":"","overlay-gradient":""},"tablet":{"background-color":"var(--ast-global-color-5)","background-image":"","background-repeat":"repeat","background-position":"center center","background-size":"auto","background-attachment":"scroll","background-type":"","background-media":"","overlay-type":"","overlay-color":"","overlay-opacity":"","overlay-gradient":""},"mobile":{"background-color":"var(--ast-global-color-5)","background-image":"","background-repeat":"repeat","background-position":"center center","background-size":"auto","background-attachment":"scroll","background-type":"","background-media":"","overlay-type":"","overlay-color":"","overlay-opacity":"","overlay-gradient":""}}},"product_brand":[],"product_cat":[47,430,1200],"product_tag":[295,405,1160,754,1308,189,359,1283,787,633],"class_list":{"0":"post-7960","1":"product","2":"type-product","3":"status-publish","4":"has-post-thumbnail","6":"product_cat-classic","7":"product_cat-men","8":"product_cat-mens-shoes-2","9":"product_tag-black-dress-shoes","10":"product_tag-business-shoes","11":"product_tag-calfskin-leather-shoes","12":"product_tag-classic-mens-shoes","13":"product_tag-formal-mens-footwear","14":"product_tag-goat-leather-lining","15":"product_tag-mens-oxford-shoes","16":"product_tag-microlight-sole-shoes","17":"product_tag-premium-mens-shoes","18":"product_tag-wholesale-dress-shoes","19":"desktop-align-center","20":"tablet-align-center","21":"mobile-align-center","23":"first","24":"instock","25":"shipping-taxable","26":"purchasable","27":"product-type-variable","28":"has-default-attributes"},"acf":[],"uagb_featured_image_src":{"full":["https:\/\/turkishtrade.co\/wp-content\/uploads\/2026\/01\/2600FKHMN00032-BLACK.png",453,250,false],"thumbnail":["https:\/\/turkishtrade.co\/wp-content\/uploads\/2026\/01\/2600FKHMN00032-BLACK-150x150.png",150,150,true],"medium":["https:\/\/turkishtrade.co\/wp-content\/uploads\/2026\/01\/2600FKHMN00032-BLACK-300x166.png",300,166,true],"medium_large":["https:\/\/turkishtrade.co\/wp-content\/uploads\/2026\/01\/2600FKHMN00032-BLACK.png",453,250,false],"large":["https:\/\/turkishtrade.co\/wp-content\/uploads\/2026\/01\/2600FKHMN00032-BLACK.png",453,250,false],"1536x1536":["https:\/\/turkishtrade.co\/wp-content\/uploads\/2026\/01\/2600FKHMN00032-BLACK.png",453,250,false],"2048x2048":["https:\/\/turkishtrade.co\/wp-content\/uploads\/2026\/01\/2600FKHMN00032-BLACK.png",453,250,false],"trp-custom-language-flag":["https:\/\/turkishtrade.co\/wp-content\/uploads\/2026\/01\/2600FKHMN00032-BLACK-18x10.png",18,10,true],"woocommerce_thumbnail":["https:\/\/turkishtrade.co\/wp-content\/uploads\/2026\/01\/2600FKHMN00032-BLACK-400x250.png",400,250,true],"woocommerce_single":["https:\/\/turkishtrade.co\/wp-content\/uploads\/2026\/01\/2600FKHMN00032-BLACK.png",453,250,false],"woocommerce_gallery_thumbnail":["https:\/\/turkishtrade.co\/wp-content\/uploads\/2026\/01\/2600FKHMN00032-BLACK-100x100.png",100,100,true]},"uagb_author_info":{"display_name":"python python","author_link":"https:\/\/turkishtrade.co\/fr\/author\/"},"uagb_comment_info":0,"uagb_excerpt":"Expertly crafted from genuine calfskin leather for a refined and luxurious appearance. Features a sumptuously soft goat leather lining, ensuring exceptional comfort with every step. Equipped with an innovative microlight sole, offering superior lightweight comfort and durability. Boasts a timeless plain-toe Oxford design, making these Men's Black Calfskin Oxford Shoes ideal for both business and\u2026","_links":{"self":[{"href":"https:\/\/turkishtrade.co\/fr\/wp-json\/wp\/v2\/product\/7960","targetHints":{"allow":["GET"]}}],"collection":[{"href":"https:\/\/turkishtrade.co\/fr\/wp-json\/wp\/v2\/product"}],"about":[{"href":"https:\/\/turkishtrade.co\/fr\/wp-json\/wp\/v2\/types\/product"}],"wp:featuredmedia":[{"embeddable":true,"href":"https:\/\/turkishtrade.co\/fr\/wp-json\/wp\/v2\/media\/7015"}],"wp:attachment":[{"href":"https:\/\/turkishtrade.co\/fr\/wp-json\/wp\/v2\/media?parent=7960"}],"wp:term":[{"taxonomy":"product_brand","embeddable":true,"href":"https:\/\/turkishtrade.co\/fr\/wp-json\/wp\/v2\/product_brand?post=7960"},{"taxonomy":"product_cat","embeddable":true,"href":"https:\/\/turkishtrade.co\/fr\/wp-json\/wp\/v2\/product_cat?post=7960"},{"taxonomy":"product_tag","embeddable":true,"href":"https:\/\/turkishtrade.co\/fr\/wp-json\/wp\/v2\/product_tag?post=7960"}],"curies":[{"name":"wp","href":"https:\/\/api.w.org\/{rel}","templated":true}]}}