{"id":7959,"date":"2026-01-29T14:46:25","date_gmt":"2026-01-29T14:46:25","guid":{"rendered":"https:\/\/turkishtrade.co\/?post_type=product&#038;p=7959"},"modified":"2026-04-09T20:39:40","modified_gmt":"2026-04-09T20:39:40","slug":"men-black-leather-oxford-shoes","status":"publish","type":"product","link":"https:\/\/turkishtrade.co\/fr\/shop\/men-black-leather-oxford-shoes\/","title":{"rendered":"Chaussures Oxford classiques en cuir de veau noir pour hommes"},"content":{"rendered":"<p>Entrez dans une sophistication in\u00e9gal\u00e9e avec nos chaussures Oxford classiques en cuir de veau noir pour hommes. M\u00e9ticuleusement con\u00e7ues pour le gentleman exigeant, ces chaussures incarnent un m\u00e9lange parfait d'\u00e9l\u00e9gance traditionnelle et de confort moderne. Fabriqu\u00e9es en cuir de veau de premi\u00e8re qualit\u00e9, la tige pr\u00e9sente une texture raffin\u00e9e et une durabilit\u00e9 exceptionnelle, ce qui garantit que ces chaussures resteront un \u00e9l\u00e9ment essentiel de votre garde-robe pendant des ann\u00e9es. La finition noire \u00e9l\u00e9gante et la silhouette Oxford classique en font un choix indispensable pour tout cadre formel ou professionnel, qu'il s'agisse de r\u00e9unions importantes ou de soir\u00e9es \u00e9l\u00e9gantes.<\/p>\n<p>Faites l'exp\u00e9rience d'un confort sup\u00e9rieur \u00e0 chaque pas, gr\u00e2ce \u00e0 la construction soign\u00e9e de ces exquises chaussures Oxford en cuir noir pour hommes. L'int\u00e9rieur est enti\u00e8rement doubl\u00e9 de cuir de ch\u00e8vre souple, offrant une sensation respirante et luxueuse contre votre pied, \u00e9vitant toute g\u00eane m\u00eame en cas de port prolong\u00e9. En dessous, la semelle microlight innovante offre une l\u00e9g\u00e8ret\u00e9 et une flexibilit\u00e9 remarquables, amortissant votre foul\u00e9e sans compromettre le style ou la stabilit\u00e9. Cette technologie de semelle avanc\u00e9e garantit une excellente traction et une usure durable, faisant de ces chaussures non seulement des chaussures \u00e9l\u00e9gantes, mais aussi des chaussures incroyablement pratiques pour un usage quotidien.<\/p>\n<p>Notre engagement en faveur de la qualit\u00e9 s'\u00e9tend \u00e0 chaque d\u00e9tail, des lacets solides qui assurent un ajustement parfait \u00e0 l'accent rouge subtil, mais frappant, de la semelle microlight qui apporte une touche d'\u00e9l\u00e9gance contemporaine. Ces chaussures Oxford en cuir noir pour hommes sont disponibles dans une large gamme de tailles, du 39 au 45, garantissant un ajustement confortable et pr\u00e9cis pour un large \u00e9ventail de clients. Le design classique \u00e0 bout pointu ajoute \u00e0 leur attrait intemporel, ce qui les rend suffisamment polyvalentes pour compl\u00e9ter des costumes sur mesure, des pantalons \u00e9l\u00e9gants ou m\u00eame pour rehausser une tenue d\u00e9contract\u00e9e sophistiqu\u00e9e.<\/p>\n<h3>La quintessence du choix pour les acheteurs en gros<\/h3>\n<p>Pour les grossistes, ces chaussures Oxford en cuir noir pour hommes repr\u00e9sentent une opportunit\u00e9 exceptionnelle d'offrir \u00e0 votre client\u00e8le un produit qui allie un savoir-faire haut de gamme \u00e0 un style durable. Avec une quantit\u00e9 minimale de commande de 16 paires, vous pouvez stocker en toute confiance une option de chaussures haut de gamme qui s\u00e9duit un large segment de march\u00e9 \u00e0 la recherche de qualit\u00e9, de confort et d'\u00e9l\u00e9gance. Ces chaussures sont un investissement dans un style sophistiqu\u00e9, offrant une excellente valeur et la satisfaction du client. Am\u00e9liorez votre collection de chaussures avec un classique qui ne se d\u00e9mode jamais.<\/p>\n<h3>Polyvalence et style in\u00e9gal\u00e9s<\/h3>\n<p>Que ce soit pour une pr\u00e9sentation professionnelle de haut niveau, un \u00e9v\u00e9nement en cravate noire ou un d\u00eener \u00e9l\u00e9gant, ces chaussures oxfords en cuir de veau noir sont le choix ultime. Ils comblent sans effort le foss\u00e9 entre le formel et le d\u00e9contract\u00e9, offrant un niveau de polissage que peu d'autres chaussures peuvent atteindre. Investissez dans une paire de ces remarquables chaussures Oxford en cuir noir pour hommes et faites l'exp\u00e9rience de la combinaison parfaite d'un design patrimonial, d'un confort contemporain et d'une qualit\u00e9 exceptionnelle, en consolidant votre r\u00e9putation de go\u00fbt impeccable.<\/p>","protected":false},"excerpt":{"rendered":"<ul>\n<li>Tige en cuir de veau de premi\u00e8re qualit\u00e9 pour une durabilit\u00e9 sup\u00e9rieure et un attrait classique<\/li>\n<li>La doublure en cuir de ch\u00e8vre souple assure un confort respirant tout au long de la journ\u00e9e.<\/li>\n<li>La semelle l\u00e9g\u00e8re Microlight offre une flexibilit\u00e9 exceptionnelle et une adh\u00e9rence fiable.<\/li>\n<li>Design Oxford intemporel, id\u00e9al pour les tenues de ville et d'affaires<\/li>\n<li>Disponible dans une large gamme de tailles allant de 39 \u00e0 45<\/li>\n<li>Quantit\u00e9 minimale de commande : 16 paires (vente en gros uniquement)<\/li>\n<\/ul>","protected":false},"featured_media":7014,"template":"","meta":{"_acf_changed":false,"_uag_custom_page_level_css":"","site-sidebar-layout":"default","site-content-layout":"","ast-site-content-layout":"default","site-content-style":"default","site-sidebar-style":"default","ast-global-header-display":"","ast-banner-title-visibility":"","ast-main-header-display":"","ast-hfb-above-header-display":"","ast-hfb-below-header-display":"","ast-hfb-mobile-header-display":"","site-post-title":"","ast-breadcrumbs-content":"","ast-featured-img":"","footer-sml-layout":"","ast-disable-related-posts":"","theme-transparent-header-meta":"","adv-header-id-meta":"","stick-header-meta":"","header-above-stick-meta":"","header-main-stick-meta":"","header-below-stick-meta":"","astra-migrate-meta-layouts":"default","ast-page-background-enabled":"default","ast-page-background-meta":{"desktop":{"background-color":"var(--ast-global-color-4)","background-image":"","background-repeat":"repeat","background-position":"center center","background-size":"auto","background-attachment":"scroll","background-type":"","background-media":"","overlay-type":"","overlay-color":"","overlay-opacity":"","overlay-gradient":""},"tablet":{"background-color":"","background-image":"","background-repeat":"repeat","background-position":"center center","background-size":"auto","background-attachment":"scroll","background-type":"","background-media":"","overlay-type":"","overlay-color":"","overlay-opacity":"","overlay-gradient":""},"mobile":{"background-color":"","background-image":"","background-repeat":"repeat","background-position":"center center","background-size":"auto","background-attachment":"scroll","background-type":"","background-media":"","overlay-type":"","overlay-color":"","overlay-opacity":"","overlay-gradient":""}},"ast-content-background-meta":{"desktop":{"background-color":"var(--ast-global-color-5)","background-image":"","background-repeat":"repeat","background-position":"center center","background-size":"auto","background-attachment":"scroll","background-type":"","background-media":"","overlay-type":"","overlay-color":"","overlay-opacity":"","overlay-gradient":""},"tablet":{"background-color":"var(--ast-global-color-5)","background-image":"","background-repeat":"repeat","background-position":"center center","background-size":"auto","background-attachment":"scroll","background-type":"","background-media":"","overlay-type":"","overlay-color":"","overlay-opacity":"","overlay-gradient":""},"mobile":{"background-color":"var(--ast-global-color-5)","background-image":"","background-repeat":"repeat","background-position":"center center","background-size":"auto","background-attachment":"scroll","background-type":"","background-media":"","overlay-type":"","overlay-color":"","overlay-opacity":"","overlay-gradient":""}}},"product_brand":[],"product_cat":[47,430,1200],"product_tag":[405,185,458,1305,284,314,1258,766,466,262],"class_list":{"0":"post-7959","1":"product","2":"type-product","3":"status-publish","4":"has-post-thumbnail","6":"product_cat-classic","7":"product_cat-men","8":"product_cat-mens-shoes-2","9":"product_tag-business-shoes","10":"product_tag-calf-leather-shoes","11":"product_tag-cap-toe-shoes","12":"product_tag-classic-oxford-shoes","13":"product_tag-dress-shoes","14":"product_tag-formal-mens-shoes","15":"product_tag-goat-lined-shoes","16":"product_tag-mens-black-leather-oxford-shoes","17":"product_tag-microlight-sole","18":"product_tag-wholesale-mens-shoes","19":"desktop-align-center","20":"tablet-align-center","21":"mobile-align-center","23":"first","24":"instock","25":"shipping-taxable","26":"purchasable","27":"product-type-variable","28":"has-default-attributes"},"acf":[],"uagb_featured_image_src":{"full":["https:\/\/turkishtrade.co\/wp-content\/uploads\/2026\/01\/2600FKHMN00031-BLACK.png",453,250,false],"thumbnail":["https:\/\/turkishtrade.co\/wp-content\/uploads\/2026\/01\/2600FKHMN00031-BLACK-150x150.png",150,150,true],"medium":["https:\/\/turkishtrade.co\/wp-content\/uploads\/2026\/01\/2600FKHMN00031-BLACK-300x166.png",300,166,true],"medium_large":["https:\/\/turkishtrade.co\/wp-content\/uploads\/2026\/01\/2600FKHMN00031-BLACK.png",453,250,false],"large":["https:\/\/turkishtrade.co\/wp-content\/uploads\/2026\/01\/2600FKHMN00031-BLACK.png",453,250,false],"1536x1536":["https:\/\/turkishtrade.co\/wp-content\/uploads\/2026\/01\/2600FKHMN00031-BLACK.png",453,250,false],"2048x2048":["https:\/\/turkishtrade.co\/wp-content\/uploads\/2026\/01\/2600FKHMN00031-BLACK.png",453,250,false],"trp-custom-language-flag":["https:\/\/turkishtrade.co\/wp-content\/uploads\/2026\/01\/2600FKHMN00031-BLACK-18x10.png",18,10,true],"woocommerce_thumbnail":["https:\/\/turkishtrade.co\/wp-content\/uploads\/2026\/01\/2600FKHMN00031-BLACK-400x250.png",400,250,true],"woocommerce_single":["https:\/\/turkishtrade.co\/wp-content\/uploads\/2026\/01\/2600FKHMN00031-BLACK.png",453,250,false],"woocommerce_gallery_thumbnail":["https:\/\/turkishtrade.co\/wp-content\/uploads\/2026\/01\/2600FKHMN00031-BLACK-100x100.png",100,100,true]},"uagb_author_info":{"display_name":"python python","author_link":"https:\/\/turkishtrade.co\/fr\/author\/"},"uagb_comment_info":0,"uagb_excerpt":"Premium Calf Leather Upper for superior durability and classic appeal Soft Goat Leather Lining ensures breathable comfort all day long Lightweight Microlight Sole offers exceptional flexibility and reliable grip Timeless Oxford Design, ideal for formal wear and business attire Available in a comprehensive size range from 39 to 45 Minimum Order Quantity: 16 Pairs (Wholesale\u2026","_links":{"self":[{"href":"https:\/\/turkishtrade.co\/fr\/wp-json\/wp\/v2\/product\/7959","targetHints":{"allow":["GET"]}}],"collection":[{"href":"https:\/\/turkishtrade.co\/fr\/wp-json\/wp\/v2\/product"}],"about":[{"href":"https:\/\/turkishtrade.co\/fr\/wp-json\/wp\/v2\/types\/product"}],"wp:featuredmedia":[{"embeddable":true,"href":"https:\/\/turkishtrade.co\/fr\/wp-json\/wp\/v2\/media\/7014"}],"wp:attachment":[{"href":"https:\/\/turkishtrade.co\/fr\/wp-json\/wp\/v2\/media?parent=7959"}],"wp:term":[{"taxonomy":"product_brand","embeddable":true,"href":"https:\/\/turkishtrade.co\/fr\/wp-json\/wp\/v2\/product_brand?post=7959"},{"taxonomy":"product_cat","embeddable":true,"href":"https:\/\/turkishtrade.co\/fr\/wp-json\/wp\/v2\/product_cat?post=7959"},{"taxonomy":"product_tag","embeddable":true,"href":"https:\/\/turkishtrade.co\/fr\/wp-json\/wp\/v2\/product_tag?post=7959"}],"curies":[{"name":"wp","href":"https:\/\/api.w.org\/{rel}","templated":true}]}}