{"id":7958,"date":"2026-01-29T14:46:24","date_gmt":"2026-01-29T14:46:24","guid":{"rendered":"https:\/\/turkishtrade.co\/?post_type=product&#038;p=7958"},"modified":"2026-04-09T20:39:42","modified_gmt":"2026-04-09T20:39:42","slug":"men-croc-embossed-leather-loafers","status":"publish","type":"product","link":"https:\/\/turkishtrade.co\/fr\/shop\/men-croc-embossed-leather-loafers\/","title":{"rendered":"Mocassins classiques en cuir gaufr\u00e9 pour hommes"},"content":{"rendered":"<p>\u00c9levez votre collection de chaussures gr\u00e2ce \u00e0 nos chaussures exquises. <strong>Mocassins classiques en cuir gaufr\u00e9 pour hommes<\/strong>, Ces mocassins ont \u00e9t\u00e9 con\u00e7us pour les hommes exigeants qui appr\u00e9cient \u00e0 la fois un style impeccable et un confort supr\u00eame. Ces mocassins sont un v\u00e9ritable t\u00e9moignage d'un savoir-faire sup\u00e9rieur, alliant un design traditionnel \u00e0 des d\u00e9tails luxueux contemporains. Parfaits pour les \u00e9v\u00e9nements formels, les environnements professionnels d\u00e9contract\u00e9s ou pour ajouter une touche de sophistication \u00e0 une tenue de tous les jours, ces mocassins sont un compl\u00e9ment polyvalent et essentiel \u00e0 toute garde-robe soign\u00e9e.<\/p>\n<h3>Une qualit\u00e9 et un savoir-faire in\u00e9gal\u00e9s<\/h3>\n<p>Chaque paire de nos <strong>Mocassins en cuir gaufr\u00e9 pour hommes<\/strong> est m\u00e9ticuleusement confectionn\u00e9 en cuir de veau v\u00e9ritable de premi\u00e8re qualit\u00e9. La texture riche et lisse du cuir de veau conf\u00e8re une esth\u00e9tique raffin\u00e9e, tandis que l'empeigne emboss\u00e9e de crocodile ajoute une touche opulente qui attire imm\u00e9diatement l'attention. Cette attention port\u00e9e aux d\u00e9tails garantit un look sophistiqu\u00e9 qui se d\u00e9marque de la foule. Au-del\u00e0 de leur aspect ext\u00e9rieur remarquable, ces mocassins sont doubl\u00e9s de cuir de ch\u00e8vre souple et doux, offrant un confort et une respirabilit\u00e9 in\u00e9gal\u00e9s, ce qui les rend id\u00e9aux pour un usage prolong\u00e9. La construction robuste garantit la durabilit\u00e9, promettant une chaussure qui conserve son \u00e9l\u00e9gance au fil du temps.<\/p>\n<h3>Confort sup\u00e9rieur gr\u00e2ce \u00e0 la semelle Microlight<\/h3>\n<p>Le confort est primordial, et notre <strong>Mocassins en cuir gaufr\u00e9 pour hommes<\/strong> offrent des performances exceptionnelles \u00e0 cet \u00e9gard. Dot\u00e9es d'une semelle microlight innovante, ces chaussures sont incroyablement l\u00e9g\u00e8res, r\u00e9duisant consid\u00e9rablement la fatigue du pied et garantissant une aisance tout au long de la journ\u00e9e. La semelle durable mais flexible offre une traction et un soutien excellents, combinant une fonctionnalit\u00e9 avanc\u00e9e avec un profil fin et \u00e9l\u00e9gant. Qu'il s'agisse de r\u00e9unions importantes dans la salle de conf\u00e9rence ou d'\u00e9v\u00e9nements sociaux sophistiqu\u00e9s en soir\u00e9e, vous b\u00e9n\u00e9ficierez d'un confort exceptionnel sans jamais compromettre votre style. La conception bien pens\u00e9e assure une foul\u00e9e confortable, que vous soyez debout toute la journ\u00e9e ou que vous profitiez d'une soir\u00e9e tranquille.<\/p>\n<h3>Id\u00e9al pour les acheteurs en gros<\/h3>\n<p>Pour les entreprises qui souhaitent proposer des chaussures de qualit\u00e9 et \u00e9l\u00e9gantes, ces <strong>Mocassins en cuir gaufr\u00e9 pour hommes<\/strong> sont un excellent choix. Disponibles dans une gamme compl\u00e8te de tailles allant du 39 au 45, ils vous permettent de r\u00e9pondre aux besoins d'une client\u00e8le large et diversifi\u00e9e. Nous comprenons les besoins sp\u00e9cifiques de nos partenaires grossistes, et ces mocassins classiques sont propos\u00e9s avec une quantit\u00e9 minimale de commande de seulement 16 paires, ce qui permet aux d\u00e9taillants de s'approvisionner de mani\u00e8re pratique et accessible pour un article populaire et \u00e0 rotation rapide. Offrez \u00e0 vos clients des chaussures haut de gamme qui en disent long sur leur go\u00fbt raffin\u00e9 et votre engagement in\u00e9branlable en faveur de la qualit\u00e9. Investissez dans ces mocassins luxueux et offrez \u00e0 votre client\u00e8le le cadeau d'une \u00e9l\u00e9gance intemporelle et d'un confort durable.<\/p>","protected":false},"excerpt":{"rendered":"<ul>\n<li>Fabriqu\u00e9 en cuir de veau v\u00e9ritable pour un aspect et un toucher luxueux.<\/li>\n<li>Il est dot\u00e9 d'une empeigne gaufr\u00e9e en croco et d'une \u00e9l\u00e9gante boucle en m\u00e9tal dor\u00e9.<\/li>\n<li>Doubl\u00e9 de cuir de ch\u00e8vre souple et respirant pour un confort optimal.<\/li>\n<li>\u00c9quip\u00e9e d'une semelle l\u00e9g\u00e8re pour une flexibilit\u00e9 et un soutien sup\u00e9rieurs.<\/li>\n<li>Disponible dans les tailles 39-45 pour convenir \u00e0 un large \u00e9ventail de clients.<\/li>\n<li>Ces classiques <strong>mocassins en cuir gaufr\u00e9 pour hommes<\/strong> sont id\u00e9ales pour l'achat en gros.<\/li>\n<li>Quantit\u00e9 minimale de 16 paires pour nos clients grossistes.<\/li>\n<\/ul>","protected":false},"featured_media":7013,"template":"","meta":{"_acf_changed":false,"_uag_custom_page_level_css":"","site-sidebar-layout":"default","site-content-layout":"","ast-site-content-layout":"default","site-content-style":"default","site-sidebar-style":"default","ast-global-header-display":"","ast-banner-title-visibility":"","ast-main-header-display":"","ast-hfb-above-header-display":"","ast-hfb-below-header-display":"","ast-hfb-mobile-header-display":"","site-post-title":"","ast-breadcrumbs-content":"","ast-featured-img":"","footer-sml-layout":"","ast-disable-related-posts":"","theme-transparent-header-meta":"","adv-header-id-meta":"","stick-header-meta":"","header-above-stick-meta":"","header-main-stick-meta":"","header-below-stick-meta":"","astra-migrate-meta-layouts":"default","ast-page-background-enabled":"default","ast-page-background-meta":{"desktop":{"background-color":"var(--ast-global-color-4)","background-image":"","background-repeat":"repeat","background-position":"center center","background-size":"auto","background-attachment":"scroll","background-type":"","background-media":"","overlay-type":"","overlay-color":"","overlay-opacity":"","overlay-gradient":""},"tablet":{"background-color":"","background-image":"","background-repeat":"repeat","background-position":"center center","background-size":"auto","background-attachment":"scroll","background-type":"","background-media":"","overlay-type":"","overlay-color":"","overlay-opacity":"","overlay-gradient":""},"mobile":{"background-color":"","background-image":"","background-repeat":"repeat","background-position":"center center","background-size":"auto","background-attachment":"scroll","background-type":"","background-media":"","overlay-type":"","overlay-color":"","overlay-opacity":"","overlay-gradient":""}},"ast-content-background-meta":{"desktop":{"background-color":"var(--ast-global-color-5)","background-image":"","background-repeat":"repeat","background-position":"center center","background-size":"auto","background-attachment":"scroll","background-type":"","background-media":"","overlay-type":"","overlay-color":"","overlay-opacity":"","overlay-gradient":""},"tablet":{"background-color":"var(--ast-global-color-5)","background-image":"","background-repeat":"repeat","background-position":"center center","background-size":"auto","background-attachment":"scroll","background-type":"","background-media":"","overlay-type":"","overlay-color":"","overlay-opacity":"","overlay-gradient":""},"mobile":{"background-color":"var(--ast-global-color-5)","background-image":"","background-repeat":"repeat","background-position":"center center","background-size":"auto","background-attachment":"scroll","background-type":"","background-media":"","overlay-type":"","overlay-color":"","overlay-opacity":"","overlay-gradient":""}}},"product_brand":[],"product_cat":[47,430,1200],"product_tag":[147,263,457,251,1258,384,1321,466,456],"class_list":{"0":"post-7958","1":"product","2":"type-product","3":"status-publish","4":"has-post-thumbnail","6":"product_cat-classic","7":"product_cat-men","8":"product_cat-mens-shoes-2","9":"product_tag-brown-loafers","10":"product_tag-calf-leather-loafers","11":"product_tag-classic-loafers","12":"product_tag-formal-shoes","13":"product_tag-goat-lined-shoes","14":"product_tag-luxury-loafers","15":"product_tag-mens-croc-embossed-leather-loafers","16":"product_tag-microlight-sole","17":"product_tag-wholesale-loafers","18":"desktop-align-center","19":"tablet-align-center","20":"mobile-align-center","22":"first","23":"instock","24":"shipping-taxable","25":"purchasable","26":"product-type-variable","27":"has-default-attributes"},"acf":[],"uagb_featured_image_src":{"full":["https:\/\/turkishtrade.co\/wp-content\/uploads\/2026\/01\/2600FKHMN00030-BROWN.png",453,250,false],"thumbnail":["https:\/\/turkishtrade.co\/wp-content\/uploads\/2026\/01\/2600FKHMN00030-BROWN-150x150.png",150,150,true],"medium":["https:\/\/turkishtrade.co\/wp-content\/uploads\/2026\/01\/2600FKHMN00030-BROWN-300x166.png",300,166,true],"medium_large":["https:\/\/turkishtrade.co\/wp-content\/uploads\/2026\/01\/2600FKHMN00030-BROWN.png",453,250,false],"large":["https:\/\/turkishtrade.co\/wp-content\/uploads\/2026\/01\/2600FKHMN00030-BROWN.png",453,250,false],"1536x1536":["https:\/\/turkishtrade.co\/wp-content\/uploads\/2026\/01\/2600FKHMN00030-BROWN.png",453,250,false],"2048x2048":["https:\/\/turkishtrade.co\/wp-content\/uploads\/2026\/01\/2600FKHMN00030-BROWN.png",453,250,false],"trp-custom-language-flag":["https:\/\/turkishtrade.co\/wp-content\/uploads\/2026\/01\/2600FKHMN00030-BROWN-18x10.png",18,10,true],"woocommerce_thumbnail":["https:\/\/turkishtrade.co\/wp-content\/uploads\/2026\/01\/2600FKHMN00030-BROWN-400x250.png",400,250,true],"woocommerce_single":["https:\/\/turkishtrade.co\/wp-content\/uploads\/2026\/01\/2600FKHMN00030-BROWN.png",453,250,false],"woocommerce_gallery_thumbnail":["https:\/\/turkishtrade.co\/wp-content\/uploads\/2026\/01\/2600FKHMN00030-BROWN-100x100.png",100,100,true]},"uagb_author_info":{"display_name":"python python","author_link":"https:\/\/turkishtrade.co\/fr\/author\/"},"uagb_comment_info":0,"uagb_excerpt":"Crafted from genuine calf leather for a luxurious look and feel. Features a distinctive croc-embossed vamp and elegant gold-tone buckle. Lined with soft, breathable goat leather for ultimate comfort. Equipped with a lightweight microlight sole for superior flexibility and support. Available in sizes 39-45 to fit a wide range of customers. These classic men's croc\u2026","_links":{"self":[{"href":"https:\/\/turkishtrade.co\/fr\/wp-json\/wp\/v2\/product\/7958","targetHints":{"allow":["GET"]}}],"collection":[{"href":"https:\/\/turkishtrade.co\/fr\/wp-json\/wp\/v2\/product"}],"about":[{"href":"https:\/\/turkishtrade.co\/fr\/wp-json\/wp\/v2\/types\/product"}],"wp:featuredmedia":[{"embeddable":true,"href":"https:\/\/turkishtrade.co\/fr\/wp-json\/wp\/v2\/media\/7013"}],"wp:attachment":[{"href":"https:\/\/turkishtrade.co\/fr\/wp-json\/wp\/v2\/media?parent=7958"}],"wp:term":[{"taxonomy":"product_brand","embeddable":true,"href":"https:\/\/turkishtrade.co\/fr\/wp-json\/wp\/v2\/product_brand?post=7958"},{"taxonomy":"product_cat","embeddable":true,"href":"https:\/\/turkishtrade.co\/fr\/wp-json\/wp\/v2\/product_cat?post=7958"},{"taxonomy":"product_tag","embeddable":true,"href":"https:\/\/turkishtrade.co\/fr\/wp-json\/wp\/v2\/product_tag?post=7958"}],"curies":[{"name":"wp","href":"https:\/\/api.w.org\/{rel}","templated":true}]}}