{"id":7941,"date":"2026-01-29T14:46:08","date_gmt":"2026-01-29T14:46:08","guid":{"rendered":"https:\/\/turkishtrade.co\/?post_type=product&#038;p=7941"},"modified":"2026-04-09T20:39:48","modified_gmt":"2026-04-09T20:39:48","slug":"mens-black-calfskin-derby-shoes","status":"publish","type":"product","link":"https:\/\/turkishtrade.co\/fr\/shop\/mens-black-calfskin-derby-shoes\/","title":{"rendered":"Chaussures de derby en cuir noir pour hommes Incroyable | Premium | Style classique"},"content":{"rendered":"<p><strong>Chaussures derby en cuir de veau noir pour hommes<\/strong>. Une qualit\u00e9 et un design incroyables.<\/p>\n<p>Entrez dans un style et un confort in\u00e9gal\u00e9s gr\u00e2ce \u00e0 nos produits de qualit\u00e9 sup\u00e9rieure. <strong>Chaussures derby en cuir de veau noir pour hommes<\/strong>. Con\u00e7ues pour le gentleman exigeant, ces chaussures allient sans effort l'\u00e9l\u00e9gance classique \u00e0 la modernit\u00e9. Fabriqu\u00e9e en cuir de veau de haute qualit\u00e9, la tige offre une texture raffin\u00e9e et une durabilit\u00e9 exceptionnelle, promettant d'\u00eatre un \u00e9l\u00e9ment de base de votre garde-robe pour les ann\u00e9es \u00e0 venir.<\/p>\n<p>La teinte noire profonde garantit la polyvalence, ce qui en fait un choix id\u00e9al pour toute une s\u00e9rie d'occasions, des r\u00e9unions d'affaires importantes aux \u00e9v\u00e9nements sociaux sophistiqu\u00e9s, en passant par les tenues d\u00e9contract\u00e9es.<\/p>\n<h3>Un savoir-faire in\u00e9gal\u00e9 et des mat\u00e9riaux de premi\u00e8re qualit\u00e9<\/h3>\n<p>Chaque paire de nos <strong>Chaussures derby en cuir de veau noir pour hommes<\/strong> t\u00e9moigne d'un savoir-faire artisanal de qualit\u00e9 sup\u00e9rieure. L'ext\u00e9rieur est en cuir de veau v\u00e9ritable, connu pour sa finition lisse et sa nature robuste, qui d\u00e9veloppe une belle patine au fil du temps. \u00c0 l'int\u00e9rieur, vos pieds seront berc\u00e9s par une somptueuse doublure en cuir de ch\u00e8vre, qui offre une grande respirabilit\u00e9 et une sensation agr\u00e9able sur la peau.<\/p>\n<p>Cette combinaison de mat\u00e9riaux haut de gamme ne se contente pas de rehausser l'esth\u00e9tique, elle garantit \u00e9galement un confort durable et un ajustement parfait.<\/p>\n<h3>Confort et durabilit\u00e9 sup\u00e9rieurs<\/h3>\n<p>Marchez sur les nuages gr\u00e2ce \u00e0 la semelle EVA innovante. Contrairement aux semelles lourdes traditionnelles, la semelle EVA est incroyablement l\u00e9g\u00e8re et offre une absorption des chocs et une flexibilit\u00e9 sup\u00e9rieures. Cela signifie moins de fatigue, m\u00eame apr\u00e8s de longues heures pass\u00e9es debout, sans compromettre l'adh\u00e9rence ou la durabilit\u00e9.<\/p>\n<p>La semelle soigneusement con\u00e7ue offre stabilit\u00e9 et soutien, ce qui fait de ces chaussures un produit de qualit\u00e9. <strong>Chaussures derby en cuir de veau noir pour hommes<\/strong> aussi pratiques qu'\u00e9l\u00e9gantes. Que ce soit dans les rues anim\u00e9es de la ville ou dans les bureaux, vous appr\u00e9cierez leur confort fiable et leur construction robuste.<\/p>\n<h3>Un style intemporel pour toutes les occasions<\/h3>\n<p>La chaussure Derby est une pierre angulaire de la chaussure classique pour homme, caract\u00e9ris\u00e9e par son syst\u00e8me de la\u00e7age ouvert qui permet un ajustement plus confortable. Nos <strong>Chaussures derby en cuir de veau noir pour hommes<\/strong> incarnent cet attrait intemporel, ce qui les rend incroyablement polyvalents.<\/p>\n<p>Associez-les \u00e0 un costume \u00e9l\u00e9gant pour un look formel, habillez-les d'un pantalon chino et d'un blazer pour des \u00e9v\u00e9nements d\u00e9contract\u00e9s, ou portez-les avec un jean fonc\u00e9 pour un ensemble \u00e9l\u00e9gant le week-end.<\/p>\n<p>Gr\u00e2ce \u00e0 leur adaptabilit\u00e9, ils constituent un ajout pr\u00e9cieux \u00e0 la collection de toute personne soucieuse de la mode, apportant une finition \u00e9l\u00e9gante et sophistiqu\u00e9e \u00e0 n'importe quelle tenue.<\/p>\n<h3>Opportunit\u00e9 de vente en gros pour les entreprises<\/h3>\n<p>Pour les d\u00e9taillants et les entreprises \u00e0 la recherche de chaussures de haute qualit\u00e9, nos <strong>Chaussures derby en cuir de veau noir pour hommes<\/strong> sont disponibles pour l'achat en gros. Nous offrons des prix comp\u00e9titifs pour les commandes en gros, avec une quantit\u00e9 minimale de seulement 16 paires. Il s'agit d'une excellente occasion d'approvisionner votre inventaire avec des chaussures de qualit\u00e9 sup\u00e9rieure, fabriqu\u00e9es \u00e0 la main, qui ne manqueront pas d'impressionner votre client\u00e8le.<\/p>\n<p>Offrez \u00e0 vos clients un m\u00e9lange parfait de luxe, de confort et de style durable.<\/p>","protected":false},"excerpt":{"rendered":"<ul>\n<li>Tige en cuir de veau exquis pour un toucher luxueux et un look sophistiqu\u00e9.<\/li>\n<li>La doublure en cuir de ch\u00e8vre souple et respirant assure un confort tout au long de la journ\u00e9e.<\/li>\n<li>La semelle en EVA, \u00e0 la fois durable et l\u00e9g\u00e8re, offre une excellente adh\u00e9rence et une bonne absorption des chocs.<\/li>\n<li>Style Derby intemporel, parfait pour les ensembles d\u00e9contract\u00e9s ou classiques.<\/li>\n<li>Disponible dans les tailles 39-45.<\/li>\n<li>Prix de gros disponible avec une commande minimum de 16 paires.<\/li>\n<\/ul>","protected":false},"featured_media":7093,"template":"","meta":{"_acf_changed":false,"_uag_custom_page_level_css":"","site-sidebar-layout":"default","site-content-layout":"","ast-site-content-layout":"default","site-content-style":"default","site-sidebar-style":"default","ast-global-header-display":"","ast-banner-title-visibility":"","ast-main-header-display":"","ast-hfb-above-header-display":"","ast-hfb-below-header-display":"","ast-hfb-mobile-header-display":"","site-post-title":"","ast-breadcrumbs-content":"","ast-featured-img":"","footer-sml-layout":"","ast-disable-related-posts":"","theme-transparent-header-meta":"","adv-header-id-meta":"","stick-header-meta":"","header-above-stick-meta":"","header-main-stick-meta":"","header-below-stick-meta":"","astra-migrate-meta-layouts":"default","ast-page-background-enabled":"default","ast-page-background-meta":{"desktop":{"background-color":"var(--ast-global-color-4)","background-image":"","background-repeat":"repeat","background-position":"center center","background-size":"auto","background-attachment":"scroll","background-type":"","background-media":"","overlay-type":"","overlay-color":"","overlay-opacity":"","overlay-gradient":""},"tablet":{"background-color":"","background-image":"","background-repeat":"repeat","background-position":"center center","background-size":"auto","background-attachment":"scroll","background-type":"","background-media":"","overlay-type":"","overlay-color":"","overlay-opacity":"","overlay-gradient":""},"mobile":{"background-color":"","background-image":"","background-repeat":"repeat","background-position":"center center","background-size":"auto","background-attachment":"scroll","background-type":"","background-media":"","overlay-type":"","overlay-color":"","overlay-opacity":"","overlay-gradient":""}},"ast-content-background-meta":{"desktop":{"background-color":"var(--ast-global-color-5)","background-image":"","background-repeat":"repeat","background-position":"center center","background-size":"auto","background-attachment":"scroll","background-type":"","background-media":"","overlay-type":"","overlay-color":"","overlay-opacity":"","overlay-gradient":""},"tablet":{"background-color":"var(--ast-global-color-5)","background-image":"","background-repeat":"repeat","background-position":"center center","background-size":"auto","background-attachment":"scroll","background-type":"","background-media":"","overlay-type":"","overlay-color":"","overlay-opacity":"","overlay-gradient":""},"mobile":{"background-color":"var(--ast-global-color-5)","background-image":"","background-repeat":"repeat","background-position":"center center","background-size":"auto","background-attachment":"scroll","background-type":"","background-media":"","overlay-type":"","overlay-color":"","overlay-opacity":"","overlay-gradient":""}}},"product_brand":[],"product_cat":[48,47,430,1200],"product_tag":[407,405,566,644,287,1261,1255,324,632,262],"class_list":{"0":"post-7941","1":"product","2":"type-product","3":"status-publish","4":"has-post-thumbnail","6":"product_cat-casual","7":"product_cat-classic","8":"product_cat-men","9":"product_cat-mens-shoes-2","10":"product_tag-black-derby-shoes","11":"product_tag-business-shoes","12":"product_tag-calfskin-shoes","13":"product_tag-classic-footwear","14":"product_tag-eva-sole-shoes","15":"product_tag-formal-oxfords","16":"product_tag-goat-leather-lined","17":"product_tag-mens-dress-shoes","18":"product_tag-premium-leather-shoes","19":"product_tag-wholesale-mens-shoes","20":"desktop-align-center","21":"tablet-align-center","22":"mobile-align-center","24":"first","25":"instock","26":"shipping-taxable","27":"purchasable","28":"product-type-variable","29":"has-default-attributes"},"acf":[],"uagb_featured_image_src":{"full":["https:\/\/turkishtrade.co\/wp-content\/uploads\/2026\/01\/2600FKHMN00028-BLACK.png",453,250,false],"thumbnail":["https:\/\/turkishtrade.co\/wp-content\/uploads\/2026\/01\/2600FKHMN00028-BLACK-150x150.png",150,150,true],"medium":["https:\/\/turkishtrade.co\/wp-content\/uploads\/2026\/01\/2600FKHMN00028-BLACK-300x166.png",300,166,true],"medium_large":["https:\/\/turkishtrade.co\/wp-content\/uploads\/2026\/01\/2600FKHMN00028-BLACK.png",453,250,false],"large":["https:\/\/turkishtrade.co\/wp-content\/uploads\/2026\/01\/2600FKHMN00028-BLACK.png",453,250,false],"1536x1536":["https:\/\/turkishtrade.co\/wp-content\/uploads\/2026\/01\/2600FKHMN00028-BLACK.png",453,250,false],"2048x2048":["https:\/\/turkishtrade.co\/wp-content\/uploads\/2026\/01\/2600FKHMN00028-BLACK.png",453,250,false],"trp-custom-language-flag":["https:\/\/turkishtrade.co\/wp-content\/uploads\/2026\/01\/2600FKHMN00028-BLACK-18x10.png",18,10,true],"woocommerce_thumbnail":["https:\/\/turkishtrade.co\/wp-content\/uploads\/2026\/01\/2600FKHMN00028-BLACK-400x250.png",400,250,true],"woocommerce_single":["https:\/\/turkishtrade.co\/wp-content\/uploads\/2026\/01\/2600FKHMN00028-BLACK.png",453,250,false],"woocommerce_gallery_thumbnail":["https:\/\/turkishtrade.co\/wp-content\/uploads\/2026\/01\/2600FKHMN00028-BLACK-100x100.png",100,100,true]},"uagb_author_info":{"display_name":"python python","author_link":"https:\/\/turkishtrade.co\/fr\/author\/"},"uagb_comment_info":0,"uagb_excerpt":"Exquisite calfskin leather upper for a luxurious feel and sophisticated look. Soft and breathable goat leather lining ensures all-day comfort. Durable yet lightweight EVA sole provides excellent grip and shock absorption. Timeless Derby style, perfect for both casual and classic ensembles. Available in sizes 39-45. Wholesale pricing available with a minimum order of 16 pairs.","_links":{"self":[{"href":"https:\/\/turkishtrade.co\/fr\/wp-json\/wp\/v2\/product\/7941","targetHints":{"allow":["GET"]}}],"collection":[{"href":"https:\/\/turkishtrade.co\/fr\/wp-json\/wp\/v2\/product"}],"about":[{"href":"https:\/\/turkishtrade.co\/fr\/wp-json\/wp\/v2\/types\/product"}],"wp:featuredmedia":[{"embeddable":true,"href":"https:\/\/turkishtrade.co\/fr\/wp-json\/wp\/v2\/media\/7093"}],"wp:attachment":[{"href":"https:\/\/turkishtrade.co\/fr\/wp-json\/wp\/v2\/media?parent=7941"}],"wp:term":[{"taxonomy":"product_brand","embeddable":true,"href":"https:\/\/turkishtrade.co\/fr\/wp-json\/wp\/v2\/product_brand?post=7941"},{"taxonomy":"product_cat","embeddable":true,"href":"https:\/\/turkishtrade.co\/fr\/wp-json\/wp\/v2\/product_cat?post=7941"},{"taxonomy":"product_tag","embeddable":true,"href":"https:\/\/turkishtrade.co\/fr\/wp-json\/wp\/v2\/product_tag?post=7941"}],"curies":[{"name":"wp","href":"https:\/\/api.w.org\/{rel}","templated":true}]}}