{"id":7940,"date":"2026-01-29T14:46:08","date_gmt":"2026-01-29T14:46:08","guid":{"rendered":"https:\/\/turkishtrade.co\/?post_type=product&#038;p=7940"},"modified":"2026-04-09T20:39:51","modified_gmt":"2026-04-09T20:39:51","slug":"mens-calf-leather-derby-shoes-7","status":"publish","type":"product","link":"https:\/\/turkishtrade.co\/fr\/shop\/mens-calf-leather-derby-shoes-7\/","title":{"rendered":"Chaussures derby en cuir de veau pour hommes Incredible | Premium | Classic Style &amp;"},"content":{"rendered":"<h2>Chaussures derby en cuir de veau pour hommes<\/h2>\n<p>Am\u00e9liorez votre style avec nos produits de qualit\u00e9 sup\u00e9rieure <strong>Chaussures derby en cuir de veau pour hommes<\/strong>. Con\u00e7u pour l'excellence.<\/p>\n<p>Entrez dans l'\u00e9l\u00e9gance intemporelle et le confort in\u00e9gal\u00e9 de notre <strong>Chaussures derby classiques en cuir de veau pour hommes<\/strong>. Con\u00e7ues pour l'homme exigeant, ces chaussures haut de gamme allient savoir-faire traditionnel et innovation moderne pour offrir une exp\u00e9rience de la chaussure \u00e0 la fois luxueuse et pratique.<\/p>\n<p>Chaque paire est m\u00e9ticuleusement fabriqu\u00e9e, ce qui garantit sa durabilit\u00e9, son style et un ajustement parfait en toute occasion. Am\u00e9liorez votre collection de chaussures avec ces chaussures exceptionnelles. <strong>Chaussures derby en cuir de veau pour hommes<\/strong>, Un v\u00e9ritable investissement dans la qualit\u00e9 et le design.<\/p>\n<h3>Un savoir-faire in\u00e9gal\u00e9 et des mat\u00e9riaux de premi\u00e8re qualit\u00e9<\/h3>\n<p>Notre <strong>Chaussures derby en cuir de veau pour hommes<\/strong> t\u00e9moignent d'une fabrication de chaussures de qualit\u00e9 sup\u00e9rieure. La tige est fabriqu\u00e9e en cuir de veau de qualit\u00e9 sup\u00e9rieure, r\u00e9put\u00e9 pour sa texture douce, sa r\u00e9sistance et sa capacit\u00e9 \u00e0 d\u00e9velopper une belle patine au fil du temps. Ce mat\u00e9riau de qualit\u00e9 sup\u00e9rieure offre non seulement une esth\u00e9tique sophistiqu\u00e9e, mais garantit \u00e9galement une longue dur\u00e9e de vie.<\/p>\n<p>\u00c0 l'int\u00e9rieur, vos pieds seront envelopp\u00e9s dans une somptueuse doublure en cuir de ch\u00e8vre, r\u00e9put\u00e9e pour sa douceur et sa respirabilit\u00e9 exceptionnelles. Cette doublure naturelle \u00e9vacue l'humidit\u00e9, gardant vos pieds au sec et \u00e0 l'aise tout au long de la journ\u00e9e. <strong>Chaussures derby en cuir de veau pour hommes<\/strong> id\u00e9al pour une utilisation prolong\u00e9e.<\/p>\n<h3>Con\u00e7u pour le confort et la durabilit\u00e9<\/h3>\n<p>Le confort est primordial, et ces <strong>Chaussures derby en cuir de veau pour hommes<\/strong> ne d\u00e9\u00e7oivent pas. Elles sont dot\u00e9es d'une semelle EVA (\u00e9thyl\u00e8ne-ac\u00e9tate de vinyle) avanc\u00e9e, un mat\u00e9riau largement reconnu pour ses propri\u00e9t\u00e9s de l\u00e9g\u00e8ret\u00e9, de flexibilit\u00e9 et d'absorption des chocs. Contrairement aux semelles traditionnelles plus lourdes, la semelle EVA r\u00e9duit consid\u00e9rablement la fatigue, ce qui vous permet de vous d\u00e9placer avec aisance et confiance.<\/p>\n<p>La construction robuste combin\u00e9e \u00e0 la semelle innovante garantit que ces <strong>Chaussures derby en cuir de veau pour hommes<\/strong> sera un ajout fiable \u00e0 votre garde-robe pour les ann\u00e9es \u00e0 venir. Que vous naviguiez dans les rues de la ville ou que vous assistiez \u00e0 un \u00e9v\u00e9nement officiel, vous b\u00e9n\u00e9ficiez d'un soutien et d'un amorti sup\u00e9rieurs \u00e0 chaque pas.<\/p>\n<h3>Un style polyvalent pour toutes les occasions<\/h3>\n<p>La silhouette Derby classique de ces <strong>Chaussures derby en cuir de veau pour hommes<\/strong> les rend incroyablement polyvalents. Leur design \u00e9l\u00e9gant permet de passer sans probl\u00e8me d'un environnement professionnel \u00e0 une sortie d\u00e9contract\u00e9e. Associez-les \u00e0 un costume sur mesure pour une r\u00e9union d'affaires importante, habillez-les avec un pantalon chino et un blazer pour un look raffin\u00e9 le week-end, ou combinez-les avec un jean fonc\u00e9 pour un ensemble d\u00e9contract\u00e9 raffin\u00e9.<\/p>\n<p>Avec leur teinte fonc\u00e9e sophistiqu\u00e9e et leur finition impeccable, ces <strong>Chaussures derby en cuir de veau pour hommes<\/strong> sont con\u00e7ues pour s'harmoniser avec un large \u00e9ventail de tenues, ce qui en fait un \u00e9l\u00e9ment indispensable de la garde-robe de tout homme moderne. D\u00e9couvrez le m\u00e9lange parfait de l'attrait traditionnel et de la fonctionnalit\u00e9 contemporaine.<\/p>\n<h3>Possibilit\u00e9s de vente en gros<\/h3>\n<p>Pour les d\u00e9taillants et les entreprises qui souhaitent proposer des chaussures de haute qualit\u00e9, nos <strong>Chaussures derby en cuir de veau pour hommes<\/strong> sont disponibles \u00e0 l'achat en gros. Nous demandons une quantit\u00e9 minimale de 16 paires, ce qui constitue une excellente occasion de stocker des chaussures de qualit\u00e9 sup\u00e9rieure qui plairont \u00e0 votre client\u00e8le.<\/p>\n<p>Contactez-nous d\u00e8s aujourd'hui pour en savoir plus sur notre programme de vente en gros et apportez ces produits exquis \u00e0 votre entreprise. <strong>Chaussures derby en cuir de veau pour hommes<\/strong> \u00e0 vos clients.<\/p>","protected":false},"excerpt":{"rendered":"<ul>\n<li>Tige en cuir de veau exquis : Durable et \u00e9l\u00e9gante, elle offre une finition sophistiqu\u00e9e.<\/li>\n<li>Doublure en cuir de ch\u00e8vre luxueux : Assure un maximum de confort et de respirabilit\u00e9 pour une utilisation tout au long de la journ\u00e9e.<\/li>\n<li>Semelle l\u00e9g\u00e8re en EVA : Offre un excellent amorti, une grande souplesse et une bonne adh\u00e9rence.<\/li>\n<li>Tailles disponibles : 39, 40, 41, 42, 43, 44, 45 (tailles europ\u00e9ennes).<\/li>\n<li>Style Derby classique : Design polyvalent convenant aussi bien aux ensembles formels que d\u00e9contract\u00e9s.<\/li>\n<li>Disponibilit\u00e9 en gros : Quantit\u00e9 minimale de commande de 16 paires pour nos partenaires commerciaux.<\/li>\n<\/ul>","protected":false},"featured_media":7091,"template":"","meta":{"_acf_changed":false,"_uag_custom_page_level_css":"","site-sidebar-layout":"default","site-content-layout":"","ast-site-content-layout":"default","site-content-style":"default","site-sidebar-style":"default","ast-global-header-display":"","ast-banner-title-visibility":"","ast-main-header-display":"","ast-hfb-above-header-display":"","ast-hfb-below-header-display":"","ast-hfb-mobile-header-display":"","site-post-title":"","ast-breadcrumbs-content":"","ast-featured-img":"","footer-sml-layout":"","ast-disable-related-posts":"","theme-transparent-header-meta":"","adv-header-id-meta":"","stick-header-meta":"","header-above-stick-meta":"","header-main-stick-meta":"","header-below-stick-meta":"","astra-migrate-meta-layouts":"default","ast-page-background-enabled":"default","ast-page-background-meta":{"desktop":{"background-color":"var(--ast-global-color-4)","background-image":"","background-repeat":"repeat","background-position":"center center","background-size":"auto","background-attachment":"scroll","background-type":"","background-media":"","overlay-type":"","overlay-color":"","overlay-opacity":"","overlay-gradient":""},"tablet":{"background-color":"","background-image":"","background-repeat":"repeat","background-position":"center center","background-size":"auto","background-attachment":"scroll","background-type":"","background-media":"","overlay-type":"","overlay-color":"","overlay-opacity":"","overlay-gradient":""},"mobile":{"background-color":"","background-image":"","background-repeat":"repeat","background-position":"center center","background-size":"auto","background-attachment":"scroll","background-type":"","background-media":"","overlay-type":"","overlay-color":"","overlay-opacity":"","overlay-gradient":""}},"ast-content-background-meta":{"desktop":{"background-color":"var(--ast-global-color-5)","background-image":"","background-repeat":"repeat","background-position":"center center","background-size":"auto","background-attachment":"scroll","background-type":"","background-media":"","overlay-type":"","overlay-color":"","overlay-opacity":"","overlay-gradient":""},"tablet":{"background-color":"var(--ast-global-color-5)","background-image":"","background-repeat":"repeat","background-position":"center center","background-size":"auto","background-attachment":"scroll","background-type":"","background-media":"","overlay-type":"","overlay-color":"","overlay-opacity":"","overlay-gradient":""},"mobile":{"background-color":"var(--ast-global-color-5)","background-image":"","background-repeat":"repeat","background-position":"center center","background-size":"auto","background-attachment":"scroll","background-type":"","background-media":"","overlay-type":"","overlay-color":"","overlay-opacity":"","overlay-gradient":""}}},"product_brand":[],"product_cat":[48,47,430,1200],"product_tag":[1253,1259,754,1077,287,251,189,1260,286,281],"class_list":{"0":"post-7940","1":"product","2":"type-product","3":"status-publish","4":"has-post-thumbnail","6":"product_cat-casual","7":"product_cat-classic","8":"product_cat-men","9":"product_cat-mens-shoes-2","10":"product_tag-calf-leather-derby","11":"product_tag-casual-smart-shoes","12":"product_tag-classic-mens-shoes","13":"product_tag-durable-mens-shoes","14":"product_tag-eva-sole-shoes","15":"product_tag-formal-shoes","16":"product_tag-goat-leather-lining","17":"product_tag-handmade-footwear","18":"product_tag-mens-leather-shoes","19":"product_tag-wholesale-shoes","20":"desktop-align-center","21":"tablet-align-center","22":"mobile-align-center","24":"first","25":"instock","26":"shipping-taxable","27":"purchasable","28":"product-type-variable","29":"has-default-attributes"},"acf":[],"uagb_featured_image_src":{"full":["https:\/\/turkishtrade.co\/wp-content\/uploads\/2026\/01\/2600FKHMN00027-DARK-BLUE.png",453,250,false],"thumbnail":["https:\/\/turkishtrade.co\/wp-content\/uploads\/2026\/01\/2600FKHMN00027-DARK-BLUE-150x150.png",150,150,true],"medium":["https:\/\/turkishtrade.co\/wp-content\/uploads\/2026\/01\/2600FKHMN00027-DARK-BLUE-300x166.png",300,166,true],"medium_large":["https:\/\/turkishtrade.co\/wp-content\/uploads\/2026\/01\/2600FKHMN00027-DARK-BLUE.png",453,250,false],"large":["https:\/\/turkishtrade.co\/wp-content\/uploads\/2026\/01\/2600FKHMN00027-DARK-BLUE.png",453,250,false],"1536x1536":["https:\/\/turkishtrade.co\/wp-content\/uploads\/2026\/01\/2600FKHMN00027-DARK-BLUE.png",453,250,false],"2048x2048":["https:\/\/turkishtrade.co\/wp-content\/uploads\/2026\/01\/2600FKHMN00027-DARK-BLUE.png",453,250,false],"trp-custom-language-flag":["https:\/\/turkishtrade.co\/wp-content\/uploads\/2026\/01\/2600FKHMN00027-DARK-BLUE-18x10.png",18,10,true],"woocommerce_thumbnail":["https:\/\/turkishtrade.co\/wp-content\/uploads\/2026\/01\/2600FKHMN00027-DARK-BLUE-400x250.png",400,250,true],"woocommerce_single":["https:\/\/turkishtrade.co\/wp-content\/uploads\/2026\/01\/2600FKHMN00027-DARK-BLUE.png",453,250,false],"woocommerce_gallery_thumbnail":["https:\/\/turkishtrade.co\/wp-content\/uploads\/2026\/01\/2600FKHMN00027-DARK-BLUE-100x100.png",100,100,true]},"uagb_author_info":{"display_name":"python python","author_link":"https:\/\/turkishtrade.co\/fr\/author\/"},"uagb_comment_info":0,"uagb_excerpt":"Exquisite Calf Leather Upper: Durable and stylish, offering a sophisticated finish. Luxurious Goat Leather Lining: Ensures maximum comfort and breathability for all-day wear. Lightweight EVA Sole: Provides excellent cushioning, flexibility, and traction. Available Sizes: 39, 40, 41, 42, 43, 44, 45 (European sizes). Classic Derby Style: Versatile design suitable for both formal and casual ensembles.\u2026","_links":{"self":[{"href":"https:\/\/turkishtrade.co\/fr\/wp-json\/wp\/v2\/product\/7940","targetHints":{"allow":["GET"]}}],"collection":[{"href":"https:\/\/turkishtrade.co\/fr\/wp-json\/wp\/v2\/product"}],"about":[{"href":"https:\/\/turkishtrade.co\/fr\/wp-json\/wp\/v2\/types\/product"}],"wp:featuredmedia":[{"embeddable":true,"href":"https:\/\/turkishtrade.co\/fr\/wp-json\/wp\/v2\/media\/7091"}],"wp:attachment":[{"href":"https:\/\/turkishtrade.co\/fr\/wp-json\/wp\/v2\/media?parent=7940"}],"wp:term":[{"taxonomy":"product_brand","embeddable":true,"href":"https:\/\/turkishtrade.co\/fr\/wp-json\/wp\/v2\/product_brand?post=7940"},{"taxonomy":"product_cat","embeddable":true,"href":"https:\/\/turkishtrade.co\/fr\/wp-json\/wp\/v2\/product_cat?post=7940"},{"taxonomy":"product_tag","embeddable":true,"href":"https:\/\/turkishtrade.co\/fr\/wp-json\/wp\/v2\/product_tag?post=7940"}],"curies":[{"name":"wp","href":"https:\/\/api.w.org\/{rel}","templated":true}]}}