{"id":7939,"date":"2026-01-29T14:46:08","date_gmt":"2026-01-29T14:46:08","guid":{"rendered":"https:\/\/turkishtrade.co\/?post_type=product&#038;p=7939"},"modified":"2026-04-09T20:39:54","modified_gmt":"2026-04-09T20:39:54","slug":"mens-leather-oxford-shoes-6","status":"publish","type":"product","link":"https:\/\/turkishtrade.co\/fr\/shop\/mens-leather-oxford-shoes-6\/","title":{"rendered":"Chaussures d'Oxford en cuir pour hommes Proven | Elegant Chaussures d'Oxford en cuir noir pour hommes"},"content":{"rendered":"<p><strong>Chaussures Oxford en cuir pour hommes<\/strong>. Qualit\u00e9 et conception \u00e9prouv\u00e9es.<\/p>\n<p>Entrez dans un style et un confort in\u00e9gal\u00e9s gr\u00e2ce \u00e0 nos magnifiques <strong>Chaussures Oxford en cuir pour hommes<\/strong>. Con\u00e7ues \u00e0 partir des mat\u00e9riaux les plus nobles, ces chaussures sont destin\u00e9es \u00e0 l'homme moderne qui appr\u00e9cie \u00e0 la fois la sophistication et l'aspect pratique. Que vous vous rendiez \u00e0 une r\u00e9union d'affaires, \u00e0 une sortie d\u00e9contract\u00e9e ou \u00e0 un \u00e9v\u00e9nement sp\u00e9cial, ces chaussures polyvalentes vous permettront de vous sentir \u00e0 l'aise dans la vie de tous les jours. <strong>Chaussures Oxford en cuir pour hommes<\/strong> sont les compagnons parfaits pour combler sans effort le foss\u00e9 entre les tenues habill\u00e9es et les tenues d\u00e9contract\u00e9es.<\/p>\n<h3>Un savoir-faire in\u00e9gal\u00e9 et des mat\u00e9riaux de premi\u00e8re qualit\u00e9<\/h3>\n<p>Chaque paire de ces \u00e9l\u00e9gants <strong>Chaussures Oxford en cuir pour hommes<\/strong> sont dot\u00e9es d'une tige en cuir de veau de premi\u00e8re qualit\u00e9, r\u00e9put\u00e9 pour sa texture lisse, sa durabilit\u00e9 et son aspect luxueux. La finition noire riche assure un attrait intemporel, ce qui en fait un \u00e9l\u00e9ment de base de toute garde-robe.<\/p>\n<p>A l'int\u00e9rieur, vos pieds seront envelopp\u00e9s dans la douceur d'une doublure en cuir de ch\u00e8vre v\u00e9ritable, offrant une respirabilit\u00e9 et un confort exceptionnels du matin au soir.<\/p>\n<p>Cette attention m\u00e9ticuleuse port\u00e9e \u00e0 la s\u00e9lection des mat\u00e9riaux garantit non seulement un aspect sup\u00e9rieur, mais aussi une chaussure qui se moule \u00e0 votre pied pour un ajustement personnalis\u00e9.<\/p>\n<h3>Confort et durabilit\u00e9 gr\u00e2ce aux semelles EVA<\/h3>\n<p>D\u00e9couvrez le confort de marche ultime gr\u00e2ce \u00e0 la l\u00e9g\u00e8ret\u00e9 et \u00e0 la flexibilit\u00e9 de la semelle EVA. Contrairement aux semelles lourdes traditionnelles, notre semelle EVA offre une excellente absorption des chocs, r\u00e9duisant la fatigue m\u00eame apr\u00e8s de longues heures pass\u00e9es debout. La conception unique de la semelle \u00e0 motifs offre une traction et une stabilit\u00e9 fiables sur diff\u00e9rentes surfaces, ce qui vous permet de marcher en toute confiance.<\/p>\n<p>Ces <strong>Chaussures Oxford en cuir pour hommes<\/strong> sont construits pour durer, combinant une construction robuste avec des mat\u00e9riaux choisis pour leur long\u00e9vit\u00e9 et leur r\u00e9sistance.<\/p>\n<h3>Un style polyvalent pour toutes les occasions<\/h3>\n<p>Notre philosophie de conception \u201cCasual Classic\u201d transpara\u00eet dans ces produits. <strong>Chaussures Oxford en cuir pour hommes<\/strong>. Leur silhouette \u00e9l\u00e9gante et leurs d\u00e9tails raffin\u00e9s, dont un bout subtilement textur\u00e9, leur permettent de s'adapter \u00e0 un large \u00e9ventail de tenues. Associez-les \u00e0 un pantalon de tailleur pour une allure professionnelle, \u00e0 un pantalon chino pour une \u00e9l\u00e9gance d\u00e9contract\u00e9e, ou encore \u00e0 un jean fonc\u00e9 pour un ensemble sophistiqu\u00e9 le week-end.<\/p>\n<p>Il ne s'agit pas seulement de chaussures, mais d'un investissement dans un style polyvalent, qui vous permettra de toujours faire bonne impression.<\/p>\n<h3>Disponibilit\u00e9 en gros<\/h3>\n<p>Pour les entreprises qui souhaitent proposer des chaussures de haute qualit\u00e9, nos <strong>Chaussures Oxford en cuir pour hommes<\/strong> sont disponibles \u00e0 l'achat en gros. Avec une quantit\u00e9 minimale de commande de 16 paires, vous pouvez approvisionner votre stock avec un produit qui promet la satisfaction du client et un style intemporel. Rehaussez votre collection avec ces chaussures con\u00e7ues et fabriqu\u00e9es par des experts. <strong>Chaussures Oxford en cuir pour hommes<\/strong>.<\/p>","protected":false},"excerpt":{"rendered":"<ul>\n<li>Dessus en cuir de veau de premi\u00e8re qualit\u00e9 pour un toucher luxueux<\/li>\n<li>La doublure en cuir de ch\u00e8vre souple et respirant assure un confort tout au long de la journ\u00e9e.<\/li>\n<li>Semelle EVA l\u00e9g\u00e8re et flexible offrant une excellente adh\u00e9rence et une grande durabilit\u00e9.<\/li>\n<li>Design polyvalent \u201cclassique d\u00e9contract\u00e9\u201d convenant \u00e0 diverses occasions<\/li>\n<li>Disponible dans les tailles 39-45 de l'UE<\/li>\n<li>Possibilit\u00e9 de vente en gros avec une commande minimum de 16 paires.<\/li>\n<\/ul>","protected":false},"featured_media":7089,"template":"","meta":{"_acf_changed":false,"_uag_custom_page_level_css":"","site-sidebar-layout":"default","site-content-layout":"","ast-site-content-layout":"default","site-content-style":"default","site-sidebar-style":"default","ast-global-header-display":"","ast-banner-title-visibility":"","ast-main-header-display":"","ast-hfb-above-header-display":"","ast-hfb-below-header-display":"","ast-hfb-mobile-header-display":"","site-post-title":"","ast-breadcrumbs-content":"","ast-featured-img":"","footer-sml-layout":"","ast-disable-related-posts":"","theme-transparent-header-meta":"","adv-header-id-meta":"","stick-header-meta":"","header-above-stick-meta":"","header-main-stick-meta":"","header-below-stick-meta":"","astra-migrate-meta-layouts":"default","ast-page-background-enabled":"default","ast-page-background-meta":{"desktop":{"background-color":"var(--ast-global-color-4)","background-image":"","background-repeat":"repeat","background-position":"center center","background-size":"auto","background-attachment":"scroll","background-type":"","background-media":"","overlay-type":"","overlay-color":"","overlay-opacity":"","overlay-gradient":""},"tablet":{"background-color":"","background-image":"","background-repeat":"repeat","background-position":"center center","background-size":"auto","background-attachment":"scroll","background-type":"","background-media":"","overlay-type":"","overlay-color":"","overlay-opacity":"","overlay-gradient":""},"mobile":{"background-color":"","background-image":"","background-repeat":"repeat","background-position":"center center","background-size":"auto","background-attachment":"scroll","background-type":"","background-media":"","overlay-type":"","overlay-color":"","overlay-opacity":"","overlay-gradient":""}},"ast-content-background-meta":{"desktop":{"background-color":"var(--ast-global-color-5)","background-image":"","background-repeat":"repeat","background-position":"center center","background-size":"auto","background-attachment":"scroll","background-type":"","background-media":"","overlay-type":"","overlay-color":"","overlay-opacity":"","overlay-gradient":""},"tablet":{"background-color":"var(--ast-global-color-5)","background-image":"","background-repeat":"repeat","background-position":"center center","background-size":"auto","background-attachment":"scroll","background-type":"","background-media":"","overlay-type":"","overlay-color":"","overlay-opacity":"","overlay-gradient":""},"mobile":{"background-color":"var(--ast-global-color-5)","background-image":"","background-repeat":"repeat","background-position":"center center","background-size":"auto","background-attachment":"scroll","background-type":"","background-media":"","overlay-type":"","overlay-color":"","overlay-opacity":"","overlay-gradient":""}}},"product_brand":[],"product_cat":[48,47,430,1200],"product_tag":[196,451,1242,284,438,201,189,549,210,281],"class_list":{"0":"post-7939","1":"product","2":"type-product","3":"status-publish","4":"has-post-thumbnail","6":"product_cat-casual","7":"product_cat-classic","8":"product_cat-men","9":"product_cat-mens-shoes-2","10":"product_tag-black-leather-shoes","11":"product_tag-calfskin-leather","12":"product_tag-casual-classic-shoes","13":"product_tag-dress-shoes","14":"product_tag-eva-sole","15":"product_tag-formal-footwear","16":"product_tag-goat-leather-lining","17":"product_tag-mens-oxfords","18":"product_tag-smart-casual","19":"product_tag-wholesale-shoes","20":"desktop-align-center","21":"tablet-align-center","22":"mobile-align-center","24":"first","25":"instock","26":"shipping-taxable","27":"purchasable","28":"product-type-variable","29":"has-default-attributes"},"acf":[],"uagb_featured_image_src":{"full":["https:\/\/turkishtrade.co\/wp-content\/uploads\/2026\/01\/2600FKHMN00026-BLACK.png",453,250,false],"thumbnail":["https:\/\/turkishtrade.co\/wp-content\/uploads\/2026\/01\/2600FKHMN00026-BLACK-150x150.png",150,150,true],"medium":["https:\/\/turkishtrade.co\/wp-content\/uploads\/2026\/01\/2600FKHMN00026-BLACK-300x166.png",300,166,true],"medium_large":["https:\/\/turkishtrade.co\/wp-content\/uploads\/2026\/01\/2600FKHMN00026-BLACK.png",453,250,false],"large":["https:\/\/turkishtrade.co\/wp-content\/uploads\/2026\/01\/2600FKHMN00026-BLACK.png",453,250,false],"1536x1536":["https:\/\/turkishtrade.co\/wp-content\/uploads\/2026\/01\/2600FKHMN00026-BLACK.png",453,250,false],"2048x2048":["https:\/\/turkishtrade.co\/wp-content\/uploads\/2026\/01\/2600FKHMN00026-BLACK.png",453,250,false],"trp-custom-language-flag":["https:\/\/turkishtrade.co\/wp-content\/uploads\/2026\/01\/2600FKHMN00026-BLACK-18x10.png",18,10,true],"woocommerce_thumbnail":["https:\/\/turkishtrade.co\/wp-content\/uploads\/2026\/01\/2600FKHMN00026-BLACK-400x250.png",400,250,true],"woocommerce_single":["https:\/\/turkishtrade.co\/wp-content\/uploads\/2026\/01\/2600FKHMN00026-BLACK.png",453,250,false],"woocommerce_gallery_thumbnail":["https:\/\/turkishtrade.co\/wp-content\/uploads\/2026\/01\/2600FKHMN00026-BLACK-100x100.png",100,100,true]},"uagb_author_info":{"display_name":"python python","author_link":"https:\/\/turkishtrade.co\/fr\/author\/"},"uagb_comment_info":0,"uagb_excerpt":"Premium calfskin leather upper for a luxurious feel Soft and breathable goat leather lining ensures all-day comfort Lightweight and flexible EVA sole provides excellent grip and durability Versatile \"Casual Classic\" design suitable for various occasions Available in EU sizes 39-45 Wholesale opportunities available with a minimum order of 16 pairs","_links":{"self":[{"href":"https:\/\/turkishtrade.co\/fr\/wp-json\/wp\/v2\/product\/7939","targetHints":{"allow":["GET"]}}],"collection":[{"href":"https:\/\/turkishtrade.co\/fr\/wp-json\/wp\/v2\/product"}],"about":[{"href":"https:\/\/turkishtrade.co\/fr\/wp-json\/wp\/v2\/types\/product"}],"wp:featuredmedia":[{"embeddable":true,"href":"https:\/\/turkishtrade.co\/fr\/wp-json\/wp\/v2\/media\/7089"}],"wp:attachment":[{"href":"https:\/\/turkishtrade.co\/fr\/wp-json\/wp\/v2\/media?parent=7939"}],"wp:term":[{"taxonomy":"product_brand","embeddable":true,"href":"https:\/\/turkishtrade.co\/fr\/wp-json\/wp\/v2\/product_brand?post=7939"},{"taxonomy":"product_cat","embeddable":true,"href":"https:\/\/turkishtrade.co\/fr\/wp-json\/wp\/v2\/product_cat?post=7939"},{"taxonomy":"product_tag","embeddable":true,"href":"https:\/\/turkishtrade.co\/fr\/wp-json\/wp\/v2\/product_tag?post=7939"}],"curies":[{"name":"wp","href":"https:\/\/api.w.org\/{rel}","templated":true}]}}