{"id":7938,"date":"2026-01-29T14:46:08","date_gmt":"2026-01-29T14:46:08","guid":{"rendered":"https:\/\/turkishtrade.co\/?post_type=product&#038;p=7938"},"modified":"2026-04-09T20:39:57","modified_gmt":"2026-04-09T20:39:57","slug":"black-calfskin-mens-dress-shoes","status":"publish","type":"product","link":"https:\/\/turkishtrade.co\/fr\/shop\/black-calfskin-mens-dress-shoes\/","title":{"rendered":"Chaussures habill\u00e9es pour homme en cuir de veau noir Best-Selling | Premium | Handcrafted Leather"},"content":{"rendered":"<p><strong>Chaussures habill\u00e9es en cuir de veau noir pour hommes<\/strong>. La qualit\u00e9 et le design les plus vendus.<\/p>\n<p>Entrez dans une sophistication et un confort in\u00e9gal\u00e9s gr\u00e2ce \u00e0 nos magnifiques chambres d'h\u00f4tes. <strong>Chaussures habill\u00e9es en cuir de veau noir pour hommes<\/strong>. M\u00e9ticuleusement confectionn\u00e9es dans le cuir de veau le plus fin, ces chaussures sont con\u00e7ues pour le gentleman moderne qui accorde de l'importance au style et \u00e0 la substance.<\/p>\n<p>La tige en cuir de veau noir riche et textur\u00e9 n'est pas seulement d'une \u00e9l\u00e9gance intemporelle, elle est aussi d'une durabilit\u00e9 exceptionnelle, ce qui garantit que ces chaussures de qualit\u00e9 sup\u00e9rieure resteront un \u00e9l\u00e9ment essentiel de votre garde-robe pendant de nombreuses ann\u00e9es.<\/p>\n<p>Que vous vous rendiez \u00e0 une r\u00e9union d'affaires importante, \u00e0 un \u00e9v\u00e9nement formel ou que vous souhaitiez simplement rehausser votre tenue de tous les jours, ces **chaussures habill\u00e9es en cuir de veau noir pour homme** sont le choix id\u00e9al pour faire une impression durable.<\/p>\n<p>Faites l'exp\u00e9rience d'un v\u00e9ritable luxe de l'int\u00e9rieur vers l'ext\u00e9rieur. Chaque paire de ces exceptionnelles **chaussures habill\u00e9es en cuir de veau noir** est dot\u00e9e d'une somptueuse doublure en cuir de ch\u00e8vre, r\u00e9put\u00e9e pour sa douceur et sa respirabilit\u00e9 incroyables. Cette doublure de qualit\u00e9 sup\u00e9rieure s'adapte \u00e0 votre pied, offrant un ajustement sur mesure et assurant le confort de vos pieds tout au long de la journ\u00e9e, m\u00eame en cas de port prolong\u00e9.<\/p>\n<p>Dites adieu \u00e0 l'inconfort et bonjour \u00e0 une paire de chaussures aussi agr\u00e9able \u00e0 porter qu'\u00e0 regarder. La construction soign\u00e9e assure que chaque pas est un plaisir, faisant de ces **chaussures habill\u00e9es en veau noir pour homme** un investissement dans votre bien-\u00eatre et votre style raffin\u00e9.<\/p>\n<h3>Confort et savoir-faire in\u00e9gal\u00e9s dans chaque paire de chaussures habill\u00e9es en cuir de veau noir pour hommes<\/h3>\n<p>Au-del\u00e0 de leur esth\u00e9tique \u00e9tonnante, ces **chaussures habill\u00e9es en veau noir pour homme** sont con\u00e7ues pour offrir un confort et des performances sup\u00e9rieurs. La semelle EVA, \u00e0 la fois l\u00e9g\u00e8re et robuste, offre une excellente absorption des chocs et une grande flexibilit\u00e9, pour une marche amortie qui r\u00e9duit la fatigue. Ce mat\u00e9riau de semelle innovant assure \u00e9galement une adh\u00e9rence fiable, ce qui rend ces **chaussures habill\u00e9es en cuir de veau noir** polyvalentes et adapt\u00e9es \u00e0 diverses surfaces et occasions.<\/p>\n<p>Notre engagement in\u00e9branlable envers l'artisanat est \u00e9vident \u00e0 chaque point, du syst\u00e8me de la\u00e7age pr\u00e9cis \u00e0 la forme \u00e9l\u00e9gante du bout du pied. Nous avons combin\u00e9 des techniques de cordonnerie traditionnelles avec des mat\u00e9riaux contemporains pour cr\u00e9er des **chaussures habill\u00e9es en veau noir pour homme** qui se distinguent par leur qualit\u00e9 et leur confort.<\/p>\n<p>En effet, pour un m\u00e9lange de style classique et de fonctionnalit\u00e9 moderne, ces **chaussures habill\u00e9es pour homme en cuir de veau noir** sont in\u00e9gal\u00e9es.<\/p>\n<p>Disponibles dans une large gamme de pointures europ\u00e9ennes allant du 39 au 45, ces **chaussures habill\u00e9es en cuir de veau noir** s'adressent \u00e0 un large public \u00e0 la recherche de chaussures de qualit\u00e9. Leur design \u201ccasual classic\u201d polyvalent leur permet de passer sans probl\u00e8me d'un costume d'affaires \u00e0 un pantalon d\u00e9contract\u00e9 et \u00e0 un blazer, ce qui les rend incroyablement adaptables.<\/p>\n<p>Investissez dans une paire de chaussures en cuir pour homme qui offre un style durable et une valeur exceptionnelle. Il ne s'agit pas seulement de chaussures, mais d'une d\u00e9claration de go\u00fbt exigeant et d'un engagement de qualit\u00e9 sup\u00e9rieure. Pour les d\u00e9taillants et les entreprises, ces exceptionnelles **chaussures habill\u00e9es en cuir de veau noir pour homme** sont disponibles \u00e0 l'achat en gros, avec une quantit\u00e9 minimale de commande de 16 paires, offrant une excellente opportunit\u00e9 de stocker des chaussures de qualit\u00e9 tr\u00e8s demand\u00e9es que vos clients vont adorer.<\/p>\n<p><h3>Pourquoi choisir nos chaussures habill\u00e9es en cuir de veau noir de premi\u00e8re qualit\u00e9 pour hommes ?<\/h3>\n<ul>\n<li><strong>Mat\u00e9riaux de premi\u00e8re qualit\u00e9 :<\/strong> Confectionn\u00e9 avec une tige en cuir de veau noir v\u00e9ritable et une doublure en cuir de ch\u00e8vre souple.<\/li>\n<li><strong>Confort optimal :<\/strong> La semelle l\u00e9g\u00e8re en EVA offre un amorti et une flexibilit\u00e9 sup\u00e9rieurs.<\/li>\n<li><strong>Style polyvalent :<\/strong> Parfait pour les occasions formelles, professionnelles et d\u00e9contract\u00e9es.<\/li>\n<li><strong>Un savoir-faire d'expert :<\/strong> Construit pour durer avec une attention m\u00e9ticuleuse aux d\u00e9tails.<\/li>\n<li><strong>Disponibilit\u00e9 en gros :<\/strong> Commande minimale de 16 paires pour les clients professionnels \u00e0 la recherche de chaussures de qualit\u00e9.<\/li>\n<\/ul>\n<p>Embrassez la fusion d'un design classique et d'un confort moderne avec notre collection distingu\u00e9e de **chaussures habill\u00e9es en veau noir pour homme**. Am\u00e9liorez votre collection de chaussures aujourd'hui avec une paire qui repr\u00e9sente vraiment un style intemporel.<\/p>","protected":false},"excerpt":{"rendered":"<ul>\n<li>Tige en cuir de veau de premi\u00e8re qualit\u00e9 pour une durabilit\u00e9 et un style sophistiqu\u00e9.<\/li>\n<li>La doublure en cuir de ch\u00e8vre souple et respirant assure un confort tout au long de la journ\u00e9e.<\/li>\n<li>Semelle EVA l\u00e9g\u00e8re et flexible pour une meilleure absorption des chocs.<\/li>\n<li>Mod\u00e8le classique \u00e0 lacets convenant aussi bien aux tenues habill\u00e9es qu'aux tenues d\u00e9contract\u00e9es.<\/li>\n<li>Disponible dans les tailles europ\u00e9ennes 39-45.<\/li>\n<li>Prix de gros disponible avec une commande minimum de 16 paires.<\/li>\n<\/ul>","protected":false},"featured_media":7087,"template":"","meta":{"_acf_changed":false,"_uag_custom_page_level_css":"","site-sidebar-layout":"default","site-content-layout":"","ast-site-content-layout":"default","site-content-style":"default","site-sidebar-style":"default","ast-global-header-display":"","ast-banner-title-visibility":"","ast-main-header-display":"","ast-hfb-above-header-display":"","ast-hfb-below-header-display":"","ast-hfb-mobile-header-display":"","site-post-title":"","ast-breadcrumbs-content":"","ast-featured-img":"","footer-sml-layout":"","ast-disable-related-posts":"","theme-transparent-header-meta":"default","adv-header-id-meta":"","stick-header-meta":"","header-above-stick-meta":"","header-main-stick-meta":"","header-below-stick-meta":"","astra-migrate-meta-layouts":"set","ast-page-background-enabled":"default","ast-page-background-meta":{"desktop":{"background-color":"var(--ast-global-color-4)","background-image":"","background-repeat":"repeat","background-position":"center center","background-size":"auto","background-attachment":"scroll","background-type":"","background-media":"","overlay-type":"","overlay-color":"","overlay-opacity":"","overlay-gradient":""},"tablet":{"background-color":"","background-image":"","background-repeat":"repeat","background-position":"center center","background-size":"auto","background-attachment":"scroll","background-type":"","background-media":"","overlay-type":"","overlay-color":"","overlay-opacity":"","overlay-gradient":""},"mobile":{"background-color":"","background-image":"","background-repeat":"repeat","background-position":"center center","background-size":"auto","background-attachment":"scroll","background-type":"","background-media":"","overlay-type":"","overlay-color":"","overlay-opacity":"","overlay-gradient":""}},"ast-content-background-meta":{"desktop":{"background-color":"var(--ast-global-color-5)","background-image":"","background-repeat":"repeat","background-position":"center center","background-size":"auto","background-attachment":"scroll","background-type":"","background-media":"","overlay-type":"","overlay-color":"","overlay-opacity":"","overlay-gradient":""},"tablet":{"background-color":"var(--ast-global-color-5)","background-image":"","background-repeat":"repeat","background-position":"center center","background-size":"auto","background-attachment":"scroll","background-type":"","background-media":"","overlay-type":"","overlay-color":"","overlay-opacity":"","overlay-gradient":""},"mobile":{"background-color":"var(--ast-global-color-5)","background-image":"","background-repeat":"repeat","background-position":"center center","background-size":"auto","background-attachment":"scroll","background-type":"","background-media":"","overlay-type":"","overlay-color":"","overlay-opacity":"","overlay-gradient":""}}},"product_brand":[],"product_cat":[48,47,430,1200],"product_tag":[295,405,566,1242,287,251,1258,286,392],"class_list":{"0":"post-7938","1":"product","2":"type-product","3":"status-publish","4":"has-post-thumbnail","6":"product_cat-casual","7":"product_cat-classic","8":"product_cat-men","9":"product_cat-mens-shoes-2","10":"product_tag-black-dress-shoes","11":"product_tag-business-shoes","12":"product_tag-calfskin-shoes","13":"product_tag-casual-classic-shoes","14":"product_tag-eva-sole-shoes","15":"product_tag-formal-shoes","16":"product_tag-goat-lined-shoes","17":"product_tag-mens-leather-shoes","18":"product_tag-premium-dress-shoes","19":"desktop-align-center","20":"tablet-align-center","21":"mobile-align-center","23":"first","24":"instock","25":"shipping-taxable","26":"purchasable","27":"product-type-variable","28":"has-default-attributes"},"acf":[],"uagb_featured_image_src":{"full":["https:\/\/turkishtrade.co\/wp-content\/uploads\/2026\/01\/2600FKHMN00025-BLACK.png",453,250,false],"thumbnail":["https:\/\/turkishtrade.co\/wp-content\/uploads\/2026\/01\/2600FKHMN00025-BLACK-150x150.png",150,150,true],"medium":["https:\/\/turkishtrade.co\/wp-content\/uploads\/2026\/01\/2600FKHMN00025-BLACK-300x166.png",300,166,true],"medium_large":["https:\/\/turkishtrade.co\/wp-content\/uploads\/2026\/01\/2600FKHMN00025-BLACK.png",453,250,false],"large":["https:\/\/turkishtrade.co\/wp-content\/uploads\/2026\/01\/2600FKHMN00025-BLACK.png",453,250,false],"1536x1536":["https:\/\/turkishtrade.co\/wp-content\/uploads\/2026\/01\/2600FKHMN00025-BLACK.png",453,250,false],"2048x2048":["https:\/\/turkishtrade.co\/wp-content\/uploads\/2026\/01\/2600FKHMN00025-BLACK.png",453,250,false],"trp-custom-language-flag":["https:\/\/turkishtrade.co\/wp-content\/uploads\/2026\/01\/2600FKHMN00025-BLACK-18x10.png",18,10,true],"woocommerce_thumbnail":["https:\/\/turkishtrade.co\/wp-content\/uploads\/2026\/01\/2600FKHMN00025-BLACK-400x250.png",400,250,true],"woocommerce_single":["https:\/\/turkishtrade.co\/wp-content\/uploads\/2026\/01\/2600FKHMN00025-BLACK.png",453,250,false],"woocommerce_gallery_thumbnail":["https:\/\/turkishtrade.co\/wp-content\/uploads\/2026\/01\/2600FKHMN00025-BLACK-100x100.png",100,100,true]},"uagb_author_info":{"display_name":"python python","author_link":"https:\/\/turkishtrade.co\/fr\/author\/"},"uagb_comment_info":0,"uagb_excerpt":"Premium calfskin leather upper for durability and sophisticated style. Soft, breathable goat leather lining ensures all-day comfort. Lightweight and flexible EVA sole for superior shock absorption. Classic lace-up design suitable for both formal and smart-casual wear. Available in men's European sizes 39-45. Wholesale pricing available with a minimum order of 16 pairs.","_links":{"self":[{"href":"https:\/\/turkishtrade.co\/fr\/wp-json\/wp\/v2\/product\/7938","targetHints":{"allow":["GET"]}}],"collection":[{"href":"https:\/\/turkishtrade.co\/fr\/wp-json\/wp\/v2\/product"}],"about":[{"href":"https:\/\/turkishtrade.co\/fr\/wp-json\/wp\/v2\/types\/product"}],"wp:featuredmedia":[{"embeddable":true,"href":"https:\/\/turkishtrade.co\/fr\/wp-json\/wp\/v2\/media\/7087"}],"wp:attachment":[{"href":"https:\/\/turkishtrade.co\/fr\/wp-json\/wp\/v2\/media?parent=7938"}],"wp:term":[{"taxonomy":"product_brand","embeddable":true,"href":"https:\/\/turkishtrade.co\/fr\/wp-json\/wp\/v2\/product_brand?post=7938"},{"taxonomy":"product_cat","embeddable":true,"href":"https:\/\/turkishtrade.co\/fr\/wp-json\/wp\/v2\/product_cat?post=7938"},{"taxonomy":"product_tag","embeddable":true,"href":"https:\/\/turkishtrade.co\/fr\/wp-json\/wp\/v2\/product_tag?post=7938"}],"curies":[{"name":"wp","href":"https:\/\/api.w.org\/{rel}","templated":true}]}}