{"id":7932,"date":"2026-01-29T14:46:07","date_gmt":"2026-01-29T14:46:07","guid":{"rendered":"https:\/\/turkishtrade.co\/?post_type=product&#038;p=7932"},"modified":"2026-04-09T20:40:11","modified_gmt":"2026-04-09T20:40:11","slug":"mens-brown-leather-loafers-6","status":"publish","type":"product","link":"https:\/\/turkishtrade.co\/fr\/shop\/mens-brown-leather-loafers-6\/","title":{"rendered":"Mocassins en cuir marron pour hommes Best-Selling | Premium | Casual &amp; Classic"},"content":{"rendered":"<p><strong>Mocassins en cuir brun pour hommes<\/strong>. La qualit\u00e9 et le design les plus vendus.<\/p>\n<p>D\u00e9couvrez l'alliance parfaite du style, du confort et de la durabilit\u00e9 gr\u00e2ce \u00e0 nos produits exquis. <strong>Mocassins en cuir brun pour hommes<\/strong>. Con\u00e7us pour l'homme moderne qui appr\u00e9cie \u00e0 la fois l'esth\u00e9tique et l'aspect pratique, ces mocassins sont indispensables \u00e0 toute garde-robe. Fabriqu\u00e9s en cuir de vachette v\u00e9ritable de premi\u00e8re qualit\u00e9, ces mocassins sont un compl\u00e9ment essentiel \u00e0 toute garde-robe. <strong>Mocassins en cuir brun pour hommes<\/strong> pr\u00e9sentent une finition riche et textur\u00e9e qui ne fait que s'am\u00e9liorer avec l'\u00e2ge.<\/p>\n<p>Les variations naturelles du cuir garantissent que chaque paire est unique, offrant un look sophistiqu\u00e9 qui se d\u00e9marque.<\/p>\n<h3>Un confort et une qualit\u00e9 in\u00e9gal\u00e9s<\/h3>\n<p>Profitez d'un confort in\u00e9gal\u00e9 \u00e0 chaque pas, gr\u00e2ce \u00e0 la luxueuse doublure en cuir de ch\u00e8vre. Cet int\u00e9rieur doux et respirant berce vos pieds et vous offre une exp\u00e9rience agr\u00e9able tout au long de la journ\u00e9e. Dites adieu \u00e0 l'inconfort et bonjour \u00e0 une chaussure con\u00e7ue pour durer.<\/p>\n<p>L'essentiel de ces mesures d'exception <strong>Mocassins en cuir brun pour hommes<\/strong> r\u00e9side dans sa semelle EVA innovante. Cette semelle l\u00e9g\u00e8re mais incroyablement durable offre une excellente absorption des chocs et une grande souplesse, ce qui la rend id\u00e9ale pour une utilisation tout au long de la journ\u00e9e, que vous naviguiez dans les rues de la ville ou que vous vous d\u00e9tendiez lors d'une escapade le week-end.<\/p>\n<p>La construction robuste garantit que ces mocassins seront un \u00e9l\u00e9ment essentiel de votre collection pour les ann\u00e9es \u00e0 venir.<\/p>\n<h3>Un style polyvalent pour toutes les occasions<\/h3>\n<p>Notre <strong>Mocassins en cuir brun pour hommes<\/strong> incarnent un style classique et d\u00e9contract\u00e9, ce qui les rend incroyablement polyvalentes. Associez-les \u00e0 un pantalon chino et \u00e0 un polo pour un look d\u00e9contract\u00e9 le week-end, ou habillez-les d'un pantalon de tailleur et d'un blazer pour des \u00e9v\u00e9nements d\u00e9contract\u00e9s.<\/p>\n<p>La teinte brune intemporelle et le design \u00e9l\u00e9gant s'associent sans effort \u00e0 un large \u00e9ventail de tenues, ce qui prouve leur adaptabilit\u00e9. Ces mocassins sont disponibles dans une large gamme de pointures allant du 39 au 45, garantissant un ajustement parfait aux diff\u00e9rentes tailles de pieds.<\/p>\n<p>Chaque paire est m\u00e9ticuleusement inspect\u00e9e pour r\u00e9pondre aux normes les plus strictes en mati\u00e8re d'artisanat, ce qui permet d'obtenir un produit auquel vous pouvez faire confiance pour sa qualit\u00e9 et son attrait.<\/p>\n<h3>Opportunit\u00e9 de vente en gros<\/h3>\n<p>Pour les entreprises qui souhaitent proposer des chaussures haut de gamme, nos <strong>Mocassins en cuir brun pour hommes<\/strong> sont disponibles pour les commandes en gros. Avec une quantit\u00e9 minimale de commande de seulement 16 paires, vous pouvez facilement vous approvisionner en ces mocassins populaires et tr\u00e8s demand\u00e9s. Offrez \u00e0 vos clients un produit de qualit\u00e9 sup\u00e9rieure qui allie cuir v\u00e9ritable, savoir-faire artisanal et confort exceptionnel.<\/p>\n<p>Ces <strong>Mocassins en cuir brun pour hommes<\/strong> repr\u00e9sentent un excellent investissement pour les acheteurs individuels et les d\u00e9taillants, promettant satisfaction et style. Rehaussez votre collection de chaussures aujourd'hui avec ces mocassins d\u00e9contract\u00e9s vraiment remarquables.<\/p>","protected":false},"excerpt":{"rendered":"<ul>\n<li>Fabriqu\u00e9 en cuir de vachette v\u00e9ritable pour une qualit\u00e9 durable<\/li>\n<li>La doublure en cuir de ch\u00e8vre luxueux assure un confort et une respirabilit\u00e9 exceptionnels.<\/li>\n<li>Semelle l\u00e9g\u00e8re et flexible en EVA pour un meilleur amorti.<\/li>\n<li>Mocassins classiques et d\u00e9contract\u00e9s avec des d\u00e9tails \u00e9l\u00e9gants<\/li>\n<li>Disponible pour l'achat en gros (commande minimum de 16 paires)<\/li>\n<\/ul>","protected":false},"featured_media":7075,"template":"","meta":{"_acf_changed":false,"_uag_custom_page_level_css":"","site-sidebar-layout":"default","site-content-layout":"","ast-site-content-layout":"default","site-content-style":"default","site-sidebar-style":"default","ast-global-header-display":"","ast-banner-title-visibility":"","ast-main-header-display":"","ast-hfb-above-header-display":"","ast-hfb-below-header-display":"","ast-hfb-mobile-header-display":"","site-post-title":"","ast-breadcrumbs-content":"","ast-featured-img":"","footer-sml-layout":"","ast-disable-related-posts":"","theme-transparent-header-meta":"","adv-header-id-meta":"","stick-header-meta":"","header-above-stick-meta":"","header-main-stick-meta":"","header-below-stick-meta":"","astra-migrate-meta-layouts":"default","ast-page-background-enabled":"default","ast-page-background-meta":{"desktop":{"background-color":"var(--ast-global-color-4)","background-image":"","background-repeat":"repeat","background-position":"center center","background-size":"auto","background-attachment":"scroll","background-type":"","background-media":"","overlay-type":"","overlay-color":"","overlay-opacity":"","overlay-gradient":""},"tablet":{"background-color":"","background-image":"","background-repeat":"repeat","background-position":"center center","background-size":"auto","background-attachment":"scroll","background-type":"","background-media":"","overlay-type":"","overlay-color":"","overlay-opacity":"","overlay-gradient":""},"mobile":{"background-color":"","background-image":"","background-repeat":"repeat","background-position":"center center","background-size":"auto","background-attachment":"scroll","background-type":"","background-media":"","overlay-type":"","overlay-color":"","overlay-opacity":"","overlay-gradient":""}},"ast-content-background-meta":{"desktop":{"background-color":"var(--ast-global-color-5)","background-image":"","background-repeat":"repeat","background-position":"center center","background-size":"auto","background-attachment":"scroll","background-type":"","background-media":"","overlay-type":"","overlay-color":"","overlay-opacity":"","overlay-gradient":""},"tablet":{"background-color":"var(--ast-global-color-5)","background-image":"","background-repeat":"repeat","background-position":"center center","background-size":"auto","background-attachment":"scroll","background-type":"","background-media":"","overlay-type":"","overlay-color":"","overlay-opacity":"","overlay-gradient":""},"mobile":{"background-color":"var(--ast-global-color-5)","background-image":"","background-repeat":"repeat","background-position":"center center","background-size":"auto","background-attachment":"scroll","background-type":"","background-media":"","overlay-type":"","overlay-color":"","overlay-opacity":"","overlay-gradient":""}}},"product_brand":[],"product_cat":[48,47,430,1200],"product_tag":[292,241,457,222,287,221,198,186,184,254],"class_list":{"0":"post-7932","1":"product","2":"type-product","3":"status-publish","4":"has-post-thumbnail","6":"product_cat-casual","7":"product_cat-classic","8":"product_cat-men","9":"product_cat-mens-shoes-2","10":"product_tag-brown-leather-shoes","11":"product_tag-casual-footwear","12":"product_tag-classic-loafers","13":"product_tag-comfortable-shoes","14":"product_tag-eva-sole-shoes","15":"product_tag-genuine-leather","16":"product_tag-mens-fashion","17":"product_tag-mens-loafers","18":"product_tag-slip-on-shoes","19":"product_tag-wholesale-footwear","20":"desktop-align-center","21":"tablet-align-center","22":"mobile-align-center","24":"first","25":"instock","26":"shipping-taxable","27":"purchasable","28":"product-type-variable","29":"has-default-attributes"},"acf":[],"uagb_featured_image_src":{"full":["https:\/\/turkishtrade.co\/wp-content\/uploads\/2026\/01\/2600FKHMN00019-BROWN.png",453,250,false],"thumbnail":["https:\/\/turkishtrade.co\/wp-content\/uploads\/2026\/01\/2600FKHMN00019-BROWN-150x150.png",150,150,true],"medium":["https:\/\/turkishtrade.co\/wp-content\/uploads\/2026\/01\/2600FKHMN00019-BROWN-300x166.png",300,166,true],"medium_large":["https:\/\/turkishtrade.co\/wp-content\/uploads\/2026\/01\/2600FKHMN00019-BROWN.png",453,250,false],"large":["https:\/\/turkishtrade.co\/wp-content\/uploads\/2026\/01\/2600FKHMN00019-BROWN.png",453,250,false],"1536x1536":["https:\/\/turkishtrade.co\/wp-content\/uploads\/2026\/01\/2600FKHMN00019-BROWN.png",453,250,false],"2048x2048":["https:\/\/turkishtrade.co\/wp-content\/uploads\/2026\/01\/2600FKHMN00019-BROWN.png",453,250,false],"trp-custom-language-flag":["https:\/\/turkishtrade.co\/wp-content\/uploads\/2026\/01\/2600FKHMN00019-BROWN-18x10.png",18,10,true],"woocommerce_thumbnail":["https:\/\/turkishtrade.co\/wp-content\/uploads\/2026\/01\/2600FKHMN00019-BROWN-400x250.png",400,250,true],"woocommerce_single":["https:\/\/turkishtrade.co\/wp-content\/uploads\/2026\/01\/2600FKHMN00019-BROWN.png",453,250,false],"woocommerce_gallery_thumbnail":["https:\/\/turkishtrade.co\/wp-content\/uploads\/2026\/01\/2600FKHMN00019-BROWN-100x100.png",100,100,true]},"uagb_author_info":{"display_name":"python python","author_link":"https:\/\/turkishtrade.co\/fr\/author\/"},"uagb_comment_info":0,"uagb_excerpt":"Crafted from genuine cowhide leather for lasting quality Luxurious goat leather lining ensures exceptional comfort and breathability Lightweight and flexible EVA sole provides superior cushioning Classic casual loafer design with elegant detailing Available for wholesale purchase (minimum order of 16 pairs)","_links":{"self":[{"href":"https:\/\/turkishtrade.co\/fr\/wp-json\/wp\/v2\/product\/7932","targetHints":{"allow":["GET"]}}],"collection":[{"href":"https:\/\/turkishtrade.co\/fr\/wp-json\/wp\/v2\/product"}],"about":[{"href":"https:\/\/turkishtrade.co\/fr\/wp-json\/wp\/v2\/types\/product"}],"wp:featuredmedia":[{"embeddable":true,"href":"https:\/\/turkishtrade.co\/fr\/wp-json\/wp\/v2\/media\/7075"}],"wp:attachment":[{"href":"https:\/\/turkishtrade.co\/fr\/wp-json\/wp\/v2\/media?parent=7932"}],"wp:term":[{"taxonomy":"product_brand","embeddable":true,"href":"https:\/\/turkishtrade.co\/fr\/wp-json\/wp\/v2\/product_brand?post=7932"},{"taxonomy":"product_cat","embeddable":true,"href":"https:\/\/turkishtrade.co\/fr\/wp-json\/wp\/v2\/product_cat?post=7932"},{"taxonomy":"product_tag","embeddable":true,"href":"https:\/\/turkishtrade.co\/fr\/wp-json\/wp\/v2\/product_tag?post=7932"}],"curies":[{"name":"wp","href":"https:\/\/api.w.org\/{rel}","templated":true}]}}