{"id":7931,"date":"2026-01-29T14:46:06","date_gmt":"2026-01-29T14:46:06","guid":{"rendered":"https:\/\/turkishtrade.co\/?post_type=product&#038;p=7931"},"modified":"2026-04-09T20:40:14","modified_gmt":"2026-04-09T20:40:14","slug":"mens-brown-leather-derby-shoes-10","status":"publish","type":"product","link":"https:\/\/turkishtrade.co\/fr\/shop\/mens-brown-leather-derby-shoes-10\/","title":{"rendered":"Chaussures de derby en cuir marron pour hommes Elite | Premium | Calf Leather &amp;"},"content":{"rendered":"<h3>Rehaussez votre style avec des chaussures derby en cuir marron pour hommes de premi\u00e8re qualit\u00e9<\/h3>\n<p>Entrez dans l'\u00e9l\u00e9gance intemporelle et le confort in\u00e9gal\u00e9 de nos produits m\u00e9ticuleusement fabriqu\u00e9s. <strong>Chaussures derby en cuir marron pour hommes<\/strong>. Con\u00e7ues pour le gentleman exigeant, ces chaussures allient une esth\u00e9tique classique \u00e0 une fonctionnalit\u00e9 moderne, ce qui en fait un compl\u00e9ment essentiel \u00e0 toute garde-robe sophistiqu\u00e9e.<\/p>\n<p>Que vous vous rendiez \u00e0 une r\u00e9union d'affaires, \u00e0 une sortie d\u00e9contract\u00e9e ou \u00e0 un \u00e9v\u00e9nement sp\u00e9cial, ces <strong>Chaussures derby en cuir marron pour hommes<\/strong> vous permettra de vous d\u00e9marquer \u00e0 chaque pas.<\/p>\n<h3>Un savoir-faire et des mat\u00e9riaux in\u00e9gal\u00e9s<\/h3>\n<p>Chaque paire de ces produits d'exception <strong>Chaussures derby en cuir marron pour hommes<\/strong> t\u00e9moigne d'un savoir-faire sup\u00e9rieur. La tige est fabriqu\u00e9e en cuir de veau de haute qualit\u00e9, connu pour sa texture souple, sa riche teinte brune et sa remarquable durabilit\u00e9. Ce cuir de qualit\u00e9 sup\u00e9rieure n'a pas seulement un aspect luxueux, il se moule \u00e9galement \u00e0 votre pied au fil du temps, offrant un ajustement sur mesure.<\/p>\n<p>\u00c0 l'int\u00e9rieur, vos pieds seront envelopp\u00e9s d'une doublure en cuir de ch\u00e8vre doux et respirant, assurant un confort et une a\u00e9ration maximums tout au long de la journ\u00e9e. Cette s\u00e9lection minutieuse de mat\u00e9riaux garantit \u00e0 la fois une sensation de luxe et une longue dur\u00e9e de vie, ce qui conf\u00e8re \u00e0 ces chaussures un caract\u00e8re unique. <strong>Chaussures derby en cuir marron pour hommes<\/strong> \u00e0 part.<\/p>\n<h3>Con\u00e7u pour le confort et la durabilit\u00e9<\/h3>\n<p>Faites l'exp\u00e9rience du confort tout au long de la journ\u00e9e sans faire de compromis sur le style. Nos <strong>Chaussures derby en cuir marron pour hommes<\/strong> sont dot\u00e9es d'une semelle EVA \u00e0 la fois l\u00e9g\u00e8re et incroyablement durable. Cette semelle innovante absorbe parfaitement les chocs, r\u00e9duit la fatigue et offre une foul\u00e9e souple.<\/p>\n<p>La construction robuste combin\u00e9e \u00e0 la semelle EVA permet \u00e0 ces chaussures de r\u00e9sister \u00e0 l'usure quotidienne, ce qui en fait un choix fiable pour les ann\u00e9es \u00e0 venir.<\/p>\n<p>Disponibles dans une large gamme de tailles allant de 39 \u00e0 45 (EU), ces chaussures \u00e9l\u00e9gantes vous conviendront parfaitement. <strong>Chaussures derby en cuir marron pour hommes<\/strong> est sans effort.<\/p>\n<h3>Un style polyvalent pour toutes les occasions<\/h3>\n<p>Le design derby classique de ces <strong>Chaussures derby en cuir marron pour hommes<\/strong> les rend incroyablement polyvalents. La riche couleur marron s'accorde sans effort avec diverses tenues, des costumes \u00e9l\u00e9gants aux pantalons d\u00e9contract\u00e9s en passant par les jeans. Leur aspect sophistiqu\u00e9 les rend adapt\u00e9es aux environnements professionnels formels, tandis que leur construction confortable leur permet de passer en douceur aux tenues de week-end.<\/p>\n<p>Investissez dans une paire de <strong>Chaussures derby en cuir marron pour hommes<\/strong> qui offrent \u00e0 la fois une \u00e9l\u00e9gance sartoriale et une facilit\u00e9 d'utilisation en toute occasion.<\/p>\n<h3>Opportunit\u00e9 de vente en gros pour les entreprises<\/h3>\n<p>Pour les d\u00e9taillants qui souhaitent proposer des chaussures haut de gamme \u00e0 leur client\u00e8le, nos <strong>Chaussures derby en cuir marron pour hommes<\/strong> sont disponibles en gros. Avec une quantit\u00e9 minimale de commande de seulement 16 paires, les entreprises peuvent facilement stocker ces chaussures de haute qualit\u00e9 tr\u00e8s demand\u00e9es. Offrez \u00e0 vos clients ce qu'il y a de mieux en mati\u00e8re de chaussures pour hommes - nos chaussures exceptionnelles pour hommes. <strong>Chaussures derby en cuir marron pour hommes<\/strong> - et voyez vos ventes augmenter.<\/p>","protected":false},"excerpt":{"rendered":"<ul>\n<li>Dessus en cuir de veau exquis pour un look sophistiqu\u00e9<\/li>\n<li>Doublure en cuir de ch\u00e8vre souple et respirant pour un confort sup\u00e9rieur<\/li>\n<li>Semelle EVA l\u00e9g\u00e8re et durable pour une utilisation tout au long de la journ\u00e9e<\/li>\n<li>Chaussure derby classique, parfaite pour une tenue d\u00e9contract\u00e9e ou habill\u00e9e.<\/li>\n<li>Disponible dans les tailles 39-45 (EU)<\/li>\n<li>Possibilit\u00e9 de vente en gros (commande minimale : 16 paires)<\/li>\n<\/ul>","protected":false},"featured_media":7073,"template":"","meta":{"_acf_changed":false,"_uag_custom_page_level_css":"","site-sidebar-layout":"default","site-content-layout":"","ast-site-content-layout":"default","site-content-style":"default","site-sidebar-style":"default","ast-global-header-display":"","ast-banner-title-visibility":"","ast-main-header-display":"","ast-hfb-above-header-display":"","ast-hfb-below-header-display":"","ast-hfb-mobile-header-display":"","site-post-title":"","ast-breadcrumbs-content":"","ast-featured-img":"","footer-sml-layout":"","ast-disable-related-posts":"","theme-transparent-header-meta":"","adv-header-id-meta":"","stick-header-meta":"","header-above-stick-meta":"","header-main-stick-meta":"","header-below-stick-meta":"","astra-migrate-meta-layouts":"default","ast-page-background-enabled":"default","ast-page-background-meta":{"desktop":{"background-color":"var(--ast-global-color-4)","background-image":"","background-repeat":"repeat","background-position":"center center","background-size":"auto","background-attachment":"scroll","background-type":"","background-media":"","overlay-type":"","overlay-color":"","overlay-opacity":"","overlay-gradient":""},"tablet":{"background-color":"","background-image":"","background-repeat":"repeat","background-position":"center center","background-size":"auto","background-attachment":"scroll","background-type":"","background-media":"","overlay-type":"","overlay-color":"","overlay-opacity":"","overlay-gradient":""},"mobile":{"background-color":"","background-image":"","background-repeat":"repeat","background-position":"center center","background-size":"auto","background-attachment":"scroll","background-type":"","background-media":"","overlay-type":"","overlay-color":"","overlay-opacity":"","overlay-gradient":""}},"ast-content-background-meta":{"desktop":{"background-color":"var(--ast-global-color-5)","background-image":"","background-repeat":"repeat","background-position":"center center","background-size":"auto","background-attachment":"scroll","background-type":"","background-media":"","overlay-type":"","overlay-color":"","overlay-opacity":"","overlay-gradient":""},"tablet":{"background-color":"var(--ast-global-color-5)","background-image":"","background-repeat":"repeat","background-position":"center center","background-size":"auto","background-attachment":"scroll","background-type":"","background-media":"","overlay-type":"","overlay-color":"","overlay-opacity":"","overlay-gradient":""},"mobile":{"background-color":"var(--ast-global-color-5)","background-image":"","background-repeat":"repeat","background-position":"center center","background-size":"auto","background-attachment":"scroll","background-type":"","background-media":"","overlay-type":"","overlay-color":"","overlay-opacity":"","overlay-gradient":""}}},"product_brand":[],"product_cat":[48,47,430,1200],"product_tag":[218,202,449,145,212,438,227,198,281],"class_list":{"0":"post-7931","1":"product","2":"type-product","3":"status-publish","4":"has-post-thumbnail","6":"product_cat-casual","7":"product_cat-classic","8":"product_cat-men","9":"product_cat-mens-shoes-2","10":"product_tag-brown-shoes","11":"product_tag-calf-leather","12":"product_tag-casual-shoes","13":"product_tag-classic-shoes","14":"product_tag-derby-shoes","15":"product_tag-eva-sole","16":"product_tag-leather-shoes","17":"product_tag-mens-fashion","18":"product_tag-wholesale-shoes","19":"desktop-align-center","20":"tablet-align-center","21":"mobile-align-center","23":"first","24":"instock","25":"shipping-taxable","26":"purchasable","27":"product-type-variable","28":"has-default-attributes"},"acf":[],"uagb_featured_image_src":{"full":["https:\/\/turkishtrade.co\/wp-content\/uploads\/2026\/01\/2600FKHMN00018-BROWN.png",453,250,false],"thumbnail":["https:\/\/turkishtrade.co\/wp-content\/uploads\/2026\/01\/2600FKHMN00018-BROWN-150x150.png",150,150,true],"medium":["https:\/\/turkishtrade.co\/wp-content\/uploads\/2026\/01\/2600FKHMN00018-BROWN-300x166.png",300,166,true],"medium_large":["https:\/\/turkishtrade.co\/wp-content\/uploads\/2026\/01\/2600FKHMN00018-BROWN.png",453,250,false],"large":["https:\/\/turkishtrade.co\/wp-content\/uploads\/2026\/01\/2600FKHMN00018-BROWN.png",453,250,false],"1536x1536":["https:\/\/turkishtrade.co\/wp-content\/uploads\/2026\/01\/2600FKHMN00018-BROWN.png",453,250,false],"2048x2048":["https:\/\/turkishtrade.co\/wp-content\/uploads\/2026\/01\/2600FKHMN00018-BROWN.png",453,250,false],"trp-custom-language-flag":["https:\/\/turkishtrade.co\/wp-content\/uploads\/2026\/01\/2600FKHMN00018-BROWN-18x10.png",18,10,true],"woocommerce_thumbnail":["https:\/\/turkishtrade.co\/wp-content\/uploads\/2026\/01\/2600FKHMN00018-BROWN-400x250.png",400,250,true],"woocommerce_single":["https:\/\/turkishtrade.co\/wp-content\/uploads\/2026\/01\/2600FKHMN00018-BROWN.png",453,250,false],"woocommerce_gallery_thumbnail":["https:\/\/turkishtrade.co\/wp-content\/uploads\/2026\/01\/2600FKHMN00018-BROWN-100x100.png",100,100,true]},"uagb_author_info":{"display_name":"python python","author_link":"https:\/\/turkishtrade.co\/fr\/author\/"},"uagb_comment_info":0,"uagb_excerpt":"Exquisite calf leather upper for a sophisticated look Soft and breathable goat leather lining for superior comfort Lightweight and durable EVA sole for all-day wear Classic derby shoe design, perfect for both casual and formal attire Available in sizes 39-45 (EU) Wholesale opportunities available (Minimum order: 16 pairs)","_links":{"self":[{"href":"https:\/\/turkishtrade.co\/fr\/wp-json\/wp\/v2\/product\/7931","targetHints":{"allow":["GET"]}}],"collection":[{"href":"https:\/\/turkishtrade.co\/fr\/wp-json\/wp\/v2\/product"}],"about":[{"href":"https:\/\/turkishtrade.co\/fr\/wp-json\/wp\/v2\/types\/product"}],"wp:featuredmedia":[{"embeddable":true,"href":"https:\/\/turkishtrade.co\/fr\/wp-json\/wp\/v2\/media\/7073"}],"wp:attachment":[{"href":"https:\/\/turkishtrade.co\/fr\/wp-json\/wp\/v2\/media?parent=7931"}],"wp:term":[{"taxonomy":"product_brand","embeddable":true,"href":"https:\/\/turkishtrade.co\/fr\/wp-json\/wp\/v2\/product_brand?post=7931"},{"taxonomy":"product_cat","embeddable":true,"href":"https:\/\/turkishtrade.co\/fr\/wp-json\/wp\/v2\/product_cat?post=7931"},{"taxonomy":"product_tag","embeddable":true,"href":"https:\/\/turkishtrade.co\/fr\/wp-json\/wp\/v2\/product_tag?post=7931"}],"curies":[{"name":"wp","href":"https:\/\/api.w.org\/{rel}","templated":true}]}}