{"id":7929,"date":"2026-01-29T14:46:06","date_gmt":"2026-01-29T14:46:06","guid":{"rendered":"https:\/\/turkishtrade.co\/?post_type=product&#038;p=7929"},"modified":"2026-04-09T20:40:21","modified_gmt":"2026-04-09T20:40:21","slug":"mens-classic-calf-leather-loafers","status":"publish","type":"product","link":"https:\/\/turkishtrade.co\/fr\/shop\/mens-classic-calf-leather-loafers\/","title":{"rendered":"Mocassins classiques en cuir de veau pour hommes Sensationnel | \u00c9levez votre style : - Turc"},"content":{"rendered":"<p><strong>Mocassins classiques en cuir de veau pour hommes<\/strong>. Une qualit\u00e9 et un design sensationnels.<\/p>\n<p>Entrez dans l'\u00e9l\u00e9gance intemporelle et le confort in\u00e9gal\u00e9 de notre exquise collection d'objets d'art. <strong>Mocassins classiques en cuir de veau pour hommes<\/strong>. Con\u00e7us pour l'homme exigeant, ces mocassins allient parfaitement le style traditionnel \u00e0 la technologie moderne de la chaussure. Fabriqu\u00e9e en cuir de veau de premi\u00e8re qualit\u00e9, la tige offre un aspect et un toucher luxueux qui ne font que s'am\u00e9liorer avec le temps.<\/p>\n<p>Le ton riche et sombre de ces <strong>Mocassins classiques en cuir de veau pour hommes<\/strong> en fait un compl\u00e9ment incroyablement polyvalent \u00e0 toute garde-robe, convenant \u00e0 une myriade d'occasions, des r\u00e9unions d'affaires d\u00e9contract\u00e9es aux sorties d\u00e9contract\u00e9es du week-end.<\/p>\n<h3>Un confort in\u00e9gal\u00e9 et des mat\u00e9riaux de premi\u00e8re qualit\u00e9<\/h3>\n<p>Au c\u0153ur de ces projets d'exception <strong>Mocassins classiques en cuir de veau pour hommes<\/strong> est un engagement en faveur de la qualit\u00e9 et du confort de l'utilisateur. L'ext\u00e9rieur est en cuir de veau v\u00e9ritable, connu pour sa texture lisse, sa durabilit\u00e9 et son aspect sophistiqu\u00e9. Ce mat\u00e9riau de qualit\u00e9 sup\u00e9rieure garantit que vos mocassins r\u00e9sisteront \u00e0 l'\u00e9preuve du temps, en conservant leur \u00e9tat impeccable et leur \u00e9clat \u00e9l\u00e9gant, m\u00eame en cas d'usure r\u00e9guli\u00e8re.<\/p>\n<p>\u00c0 l'int\u00e9rieur, vos pieds seront envelopp\u00e9s dans la douce \u00e9treinte de la doublure en cuir de ch\u00e8vre. Cette mati\u00e8re naturelle est r\u00e9put\u00e9e pour sa respirabilit\u00e9 et ses propri\u00e9t\u00e9s d'\u00e9vacuation de l'humidit\u00e9, ce qui permet \u00e0 vos pieds de rester au frais et au sec tout au long de la journ\u00e9e.<\/p>\n<p>Dites adieu \u00e0 l'inconfort et bonjour \u00e0 une exp\u00e9rience de marche aussi agr\u00e9able qu'elle l'est en apparence. L'attention port\u00e9e aux d\u00e9tails int\u00e9rieurs est un v\u00e9ritable atout pour ces chaussures. <strong>Mocassins classiques en cuir de veau pour hommes<\/strong> \u00e0 part.<\/p>\n<h3>Technologie de semelle avanc\u00e9e pour une utilisation quotidienne<\/h3>\n<p>La semelle EVA innovante compl\u00e8te la tige et la doublure luxueuses. Contrairement aux semelles lourdes traditionnelles, l'EVA (\u00e9thyl\u00e8ne-ac\u00e9tate de vinyle) offre une l\u00e9g\u00e8ret\u00e9, une flexibilit\u00e9 et une absorption des chocs remarquables. C'est ce qui fait de nos <strong>Mocassins classiques en cuir de veau pour hommes<\/strong> incroyablement confortable pour des p\u00e9riodes de port prolong\u00e9es, r\u00e9duisant la fatigue et offrant un amorti \u00e0 chaque foul\u00e9e.<\/p>\n<p>La semelle ext\u00e9rieure textur\u00e9e offre une adh\u00e9rence fiable, garantissant la stabilit\u00e9 sur diff\u00e9rentes surfaces.<\/p>\n<h3>Un m\u00e9lange parfait de style classique et d\u00e9contract\u00e9<\/h3>\n<p>Que vous vous habilliez pour un vendredi d\u00e9contract\u00e9 au bureau, pour un d\u00eener ou simplement pour une journ\u00e9e de d\u00e9tente, ces mocassins s'adaptent sans effort. Leur design classique, avec des d\u00e9tails subtils cousus \u00e0 la main sur l'empeigne, d\u00e9gage une sophistication discr\u00e8te qui rehausse n'importe quelle tenue.<\/p>\n<p>Disponible dans une large gamme de tailles europ\u00e9ennes allant de 39 \u00e0 45, il est possible de trouver la taille id\u00e9ale pour ces produits essentiels. <strong>Mocassins classiques en cuir de veau pour hommes<\/strong> est simple.<\/p>\n<h3>Opportunit\u00e9 de vente en gros<\/h3>\n<p>Pour les entreprises qui souhaitent offrir des chaussures de qualit\u00e9 \u00e0 leur client\u00e8le, ces <strong>Mocassins classiques en cuir de veau pour hommes<\/strong> sont disponibles \u00e0 l'achat en gros avec une commande minimum de 16 paires. D\u00e9couvrez la combinaison d'un savoir-faire sup\u00e9rieur, de mat\u00e9riaux de haute qualit\u00e9 et d'un style intemporel qui s\u00e9duira vos clients. Investissez dans des chaussures qui promettent \u00e0 la fois \u00e9l\u00e9gance et confort durable.<\/p>","protected":false},"excerpt":{"rendered":"<ul>\n<li>D\u00e9couvrez nos produits haut de gamme <strong>Mocassins classiques en cuir de veau pour hommes<\/strong>, Les chaussures de sport de la s\u00e9rie \" B \" ont \u00e9t\u00e9 con\u00e7ues pour un style durable.<\/li>\n<li>La tige est en cuir de veau luxueux pour un look sophistiqu\u00e9.<\/li>\n<li>Confort sup\u00e9rieur gr\u00e2ce \u00e0 la doublure en cuir de ch\u00e8vre souple.<\/li>\n<li>Semelle EVA l\u00e9g\u00e8re et flexible offrant un excellent amorti et une bonne adh\u00e9rence.<\/li>\n<li>Disponible dans les tailles 39-45 de l'UE, parfait pour diverses pr\u00e9f\u00e9rences.<\/li>\n<li>Id\u00e9al pour les occasions d\u00e9contract\u00e9es ou \u00e9l\u00e9gantes.<\/li>\n<li>Prix de gros disponible avec une commande minimum de 16 paires.<\/li>\n<\/ul>","protected":false},"featured_media":7069,"template":"","meta":{"_acf_changed":false,"_uag_custom_page_level_css":"","site-sidebar-layout":"default","site-content-layout":"","ast-site-content-layout":"default","site-content-style":"default","site-sidebar-style":"default","ast-global-header-display":"","ast-banner-title-visibility":"","ast-main-header-display":"","ast-hfb-above-header-display":"","ast-hfb-below-header-display":"","ast-hfb-mobile-header-display":"","site-post-title":"","ast-breadcrumbs-content":"","ast-featured-img":"","footer-sml-layout":"","ast-disable-related-posts":"","theme-transparent-header-meta":"","adv-header-id-meta":"","stick-header-meta":"","header-above-stick-meta":"","header-main-stick-meta":"","header-below-stick-meta":"","astra-migrate-meta-layouts":"default","ast-page-background-enabled":"default","ast-page-background-meta":{"desktop":{"background-color":"var(--ast-global-color-4)","background-image":"","background-repeat":"repeat","background-position":"center center","background-size":"auto","background-attachment":"scroll","background-type":"","background-media":"","overlay-type":"","overlay-color":"","overlay-opacity":"","overlay-gradient":""},"tablet":{"background-color":"","background-image":"","background-repeat":"repeat","background-position":"center center","background-size":"auto","background-attachment":"scroll","background-type":"","background-media":"","overlay-type":"","overlay-color":"","overlay-opacity":"","overlay-gradient":""},"mobile":{"background-color":"","background-image":"","background-repeat":"repeat","background-position":"center center","background-size":"auto","background-attachment":"scroll","background-type":"","background-media":"","overlay-type":"","overlay-color":"","overlay-opacity":"","overlay-gradient":""}},"ast-content-background-meta":{"desktop":{"background-color":"var(--ast-global-color-5)","background-image":"","background-repeat":"repeat","background-position":"center center","background-size":"auto","background-attachment":"scroll","background-type":"","background-media":"","overlay-type":"","overlay-color":"","overlay-opacity":"","overlay-gradient":""},"tablet":{"background-color":"var(--ast-global-color-5)","background-image":"","background-repeat":"repeat","background-position":"center center","background-size":"auto","background-attachment":"scroll","background-type":"","background-media":"","overlay-type":"","overlay-color":"","overlay-opacity":"","overlay-gradient":""},"mobile":{"background-color":"var(--ast-global-color-5)","background-image":"","background-repeat":"repeat","background-position":"center center","background-size":"auto","background-attachment":"scroll","background-type":"","background-media":"","overlay-type":"","overlay-color":"","overlay-opacity":"","overlay-gradient":""}}},"product_brand":[],"product_cat":[48,47,430,1200],"product_tag":[263,1248,220,756,287,189,746,953,186,254],"class_list":{"0":"post-7929","1":"product","2":"type-product","3":"status-publish","4":"has-post-thumbnail","6":"product_cat-casual","7":"product_cat-classic","8":"product_cat-men","9":"product_cat-mens-shoes-2","10":"product_tag-calf-leather-loafers","11":"product_tag-classic-casual-shoes","12":"product_tag-comfortable-loafers","13":"product_tag-european-sizes","14":"product_tag-eva-sole-shoes","15":"product_tag-goat-leather-lining","16":"product_tag-leather-slip-ons","17":"product_tag-mens-dress-casual","18":"product_tag-mens-loafers","19":"product_tag-wholesale-footwear","20":"desktop-align-center","21":"tablet-align-center","22":"mobile-align-center","24":"first","25":"instock","26":"shipping-taxable","27":"purchasable","28":"product-type-variable","29":"has-default-attributes"},"acf":[],"uagb_featured_image_src":{"full":["https:\/\/turkishtrade.co\/wp-content\/uploads\/2026\/01\/2600FKHMN00016-BLACK.png",453,250,false],"thumbnail":["https:\/\/turkishtrade.co\/wp-content\/uploads\/2026\/01\/2600FKHMN00016-BLACK-150x150.png",150,150,true],"medium":["https:\/\/turkishtrade.co\/wp-content\/uploads\/2026\/01\/2600FKHMN00016-BLACK-300x166.png",300,166,true],"medium_large":["https:\/\/turkishtrade.co\/wp-content\/uploads\/2026\/01\/2600FKHMN00016-BLACK.png",453,250,false],"large":["https:\/\/turkishtrade.co\/wp-content\/uploads\/2026\/01\/2600FKHMN00016-BLACK.png",453,250,false],"1536x1536":["https:\/\/turkishtrade.co\/wp-content\/uploads\/2026\/01\/2600FKHMN00016-BLACK.png",453,250,false],"2048x2048":["https:\/\/turkishtrade.co\/wp-content\/uploads\/2026\/01\/2600FKHMN00016-BLACK.png",453,250,false],"trp-custom-language-flag":["https:\/\/turkishtrade.co\/wp-content\/uploads\/2026\/01\/2600FKHMN00016-BLACK-18x10.png",18,10,true],"woocommerce_thumbnail":["https:\/\/turkishtrade.co\/wp-content\/uploads\/2026\/01\/2600FKHMN00016-BLACK-400x250.png",400,250,true],"woocommerce_single":["https:\/\/turkishtrade.co\/wp-content\/uploads\/2026\/01\/2600FKHMN00016-BLACK.png",453,250,false],"woocommerce_gallery_thumbnail":["https:\/\/turkishtrade.co\/wp-content\/uploads\/2026\/01\/2600FKHMN00016-BLACK-100x100.png",100,100,true]},"uagb_author_info":{"display_name":"python python","author_link":"https:\/\/turkishtrade.co\/fr\/author\/"},"uagb_comment_info":0,"uagb_excerpt":"Discover our premium Men's Classic Calf Leather Loafers, crafted for enduring style. Features a luxurious calf leather upper for a sophisticated look. Experience superior comfort with soft goat leather lining. Lightweight and flexible EVA sole provides excellent cushioning and grip. Available in EU sizes 39-45, perfect for diverse preferences. Ideal for both casual and classic\u2026","_links":{"self":[{"href":"https:\/\/turkishtrade.co\/fr\/wp-json\/wp\/v2\/product\/7929","targetHints":{"allow":["GET"]}}],"collection":[{"href":"https:\/\/turkishtrade.co\/fr\/wp-json\/wp\/v2\/product"}],"about":[{"href":"https:\/\/turkishtrade.co\/fr\/wp-json\/wp\/v2\/types\/product"}],"wp:featuredmedia":[{"embeddable":true,"href":"https:\/\/turkishtrade.co\/fr\/wp-json\/wp\/v2\/media\/7069"}],"wp:attachment":[{"href":"https:\/\/turkishtrade.co\/fr\/wp-json\/wp\/v2\/media?parent=7929"}],"wp:term":[{"taxonomy":"product_brand","embeddable":true,"href":"https:\/\/turkishtrade.co\/fr\/wp-json\/wp\/v2\/product_brand?post=7929"},{"taxonomy":"product_cat","embeddable":true,"href":"https:\/\/turkishtrade.co\/fr\/wp-json\/wp\/v2\/product_cat?post=7929"},{"taxonomy":"product_tag","embeddable":true,"href":"https:\/\/turkishtrade.co\/fr\/wp-json\/wp\/v2\/product_tag?post=7929"}],"curies":[{"name":"wp","href":"https:\/\/api.w.org\/{rel}","templated":true}]}}