{"id":7911,"date":"2026-01-29T14:45:47","date_gmt":"2026-01-29T14:45:47","guid":{"rendered":"https:\/\/turkishtrade.co\/?post_type=product&#038;p=7911"},"modified":"2026-04-09T20:40:31","modified_gmt":"2026-04-09T20:40:31","slug":"mens-brown-suede-shoes","status":"publish","type":"product","link":"https:\/\/turkishtrade.co\/fr\/shop\/mens-brown-suede-shoes\/","title":{"rendered":"Chaussures en daim marron pour hommes Luxe | Premium | Style classique"},"content":{"rendered":"<p>Am\u00e9liorez votre collection de chaussures gr\u00e2ce \u00e0 nos chaussures de qualit\u00e9 sup\u00e9rieure. <strong>Chaussures en daim marron pour hommes<\/strong>. M\u00e9ticuleusement con\u00e7ues pour le gentleman moderne, ces chaussures sophistiqu\u00e9es de <strong>Chaussures en daim marron pour hommes<\/strong> allient un design classique \u00e0 une fonctionnalit\u00e9 contemporaine, ce qui en fait un compl\u00e9ment essentiel \u00e0 toute garde-robe exigeante.<\/p>\n<p>La tige en daim marron riche, d\u00e9licatement fabriqu\u00e9e \u00e0 partir de cuir de veau v\u00e9ritable, offre un aspect et un toucher luxueux qui ne font que s'am\u00e9liorer avec l'\u00e2ge.<\/p>\n<p>Ces \u00e9v\u00e9nements exceptionnels <strong>Chaussures en daim marron pour hommes<\/strong> ne se contentent pas d'\u00eatre esth\u00e9tiques ; elles sont m\u00e9ticuleusement con\u00e7ues pour \u00eatre port\u00e9es toute la journ\u00e9e, offrant \u00e0 la fois une \u00e9l\u00e9gance durable et un confort pratique. Le design distinctif de la pointe du tablier ajoute une touche de charme raffin\u00e9 \u00e0 ces chaussures polyvalentes.<\/p>\n<h3>Confort et qualit\u00e9 in\u00e9gal\u00e9s dans chaque paire de chaussures en daim marron pour hommes<\/h3>\n<p>Faites l'exp\u00e9rience d'un confort supr\u00eame \u00e0 chaque pas lorsque vous portez notre <strong>Chaussures en daim marron pour hommes<\/strong>, Les chaussures de sport sont tr\u00e8s confortables, gr\u00e2ce \u00e0 la doublure en cuir de ch\u00e8vre de premi\u00e8re qualit\u00e9 qui berce d\u00e9licatement vos pieds. Cette doublure naturelle assure une excellente respirabilit\u00e9, ce qui permet \u00e0 vos pieds de rester frais et confortables tout au long de la journ\u00e9e.<\/p>\n<p>La semelle en EVA, \u00e0 la fois l\u00e9g\u00e8re et remarquablement durable, offre un amorti et une flexibilit\u00e9 exceptionnels, garantissant une stabilit\u00e9 sup\u00e9rieure et r\u00e9duisant consid\u00e9rablement la fatigue. <strong>Chaussures en daim marron pour hommes<\/strong> un choix id\u00e9al pour les longues heures pass\u00e9es debout. Des d\u00e9tails m\u00e9ticuleusement cousus aux lacets robustes, chaque \u00e9l\u00e9ment de ces chaussures est un choix id\u00e9al pour de longues heures de marche. <strong>Chaussures en daim marron pour hommes<\/strong> t\u00e9moigne d'un savoir-faire sup\u00e9rieur et d'un souci constant du d\u00e9tail.<\/p>\n<h3>Un style intemporel pour toutes les occasions avec vos chaussures en daim marron pour hommes<\/h3>\n<p>Notre syst\u00e8me polyvalent <strong>Chaussures en daim marron pour hommes<\/strong> pr\u00e9sentent un design sophistiqu\u00e9 qui permet de passer facilement d'une tenue de bureau d\u00e9contract\u00e9e \u00e0 des sorties d\u00e9contract\u00e9es le week-end. La teinte brune chaude fait de ces <strong>Chaussures en daim marron pour hommes<\/strong> s'associe parfaitement \u00e0 un large \u00e9ventail de tenues, du pantalon de tailleur \u00e0 votre jean pr\u00e9f\u00e9r\u00e9.<\/p>\n<p>Un m\u00e9lange parfait d'\u00e9l\u00e9gance classique et de d\u00e9contraction moderne. Ces <strong>Chaussures en daim marron pour hommes<\/strong> sont con\u00e7ues pour les personnes exigeantes qui appr\u00e9cient \u00e0 la fois un style impeccable et un confort pratique dans leurs chaussures de tous les jours, ce qui leur permet de toujours faire bonne impression.<\/p>\n<h3>Opportunit\u00e9 de vente en gros pour Chaussures en daim marron pour hommes<\/h3>\n<p>Am\u00e9liorez votre inventaire avec ces produits exquis <strong>Chaussures en daim marron pour hommes<\/strong>. Disponibles dans une large gamme de tailles europ\u00e9ennes (39-45), elles sont indispensables \u00e0 tout d\u00e9taillant soucieux de proposer des chaussures pour hommes de haute qualit\u00e9 et \u00e0 la mode. Nous sommes fiers d'offrir des prix de gros comp\u00e9titifs pour les commandes \u00e0 partir d'un minimum de 16 paires.<\/p>\n<p>En vous associant \u00e0 nous, vous offrez \u00e0 vos clients des chaussures de qualit\u00e9 sup\u00e9rieure qui allient durabilit\u00e9, confort exceptionnel et style sophistiqu\u00e9. En investissant dans ces <strong>Chaussures en daim marron pour hommes<\/strong> repr\u00e9sentent une excellente opportunit\u00e9 pour votre entreprise, promettant une forte demande et une satisfaction exceptionnelle de la client\u00e8le, ce qui en fait un compl\u00e9ment rentable \u00e0 votre gamme de produits.<\/p>","protected":false},"excerpt":{"rendered":"<ul>\n<li>Fabriqu\u00e9 en cuir de veau velours v\u00e9ritable pour une finition luxueuse.<\/li>\n<li>Doublure en cuir de ch\u00e8vre de premi\u00e8re qualit\u00e9 pour un confort et une respirabilit\u00e9 optimaux.<\/li>\n<li>Semelle EVA l\u00e9g\u00e8re et flexible pour une utilisation tout au long de la journ\u00e9e.<\/li>\n<li>Bout de canne stylis\u00e9 avec fermeture \u00e0 lacets classique<\/li>\n<li>Disponible dans une large gamme de tailles europ\u00e9ennes (39-45)<\/li>\n<li>Les commandes en gros sont les bienvenues avec une quantit\u00e9 minimale de 16 paires.<\/li>\n<\/ul>","protected":false},"featured_media":7063,"template":"","meta":{"_acf_changed":false,"_uag_custom_page_level_css":"","site-sidebar-layout":"default","site-content-layout":"","ast-site-content-layout":"default","site-content-style":"default","site-sidebar-style":"default","ast-global-header-display":"","ast-banner-title-visibility":"","ast-main-header-display":"","ast-hfb-above-header-display":"","ast-hfb-below-header-display":"","ast-hfb-mobile-header-display":"","site-post-title":"","ast-breadcrumbs-content":"","ast-featured-img":"","footer-sml-layout":"","ast-disable-related-posts":"","theme-transparent-header-meta":"","adv-header-id-meta":"","stick-header-meta":"","header-above-stick-meta":"","header-main-stick-meta":"","header-below-stick-meta":"","astra-migrate-meta-layouts":"default","ast-page-background-enabled":"default","ast-page-background-meta":{"desktop":{"background-color":"var(--ast-global-color-4)","background-image":"","background-repeat":"repeat","background-position":"center center","background-size":"auto","background-attachment":"scroll","background-type":"","background-media":"","overlay-type":"","overlay-color":"","overlay-opacity":"","overlay-gradient":""},"tablet":{"background-color":"","background-image":"","background-repeat":"repeat","background-position":"center center","background-size":"auto","background-attachment":"scroll","background-type":"","background-media":"","overlay-type":"","overlay-color":"","overlay-opacity":"","overlay-gradient":""},"mobile":{"background-color":"","background-image":"","background-repeat":"repeat","background-position":"center center","background-size":"auto","background-attachment":"scroll","background-type":"","background-media":"","overlay-type":"","overlay-color":"","overlay-opacity":"","overlay-gradient":""}},"ast-content-background-meta":{"desktop":{"background-color":"var(--ast-global-color-5)","background-image":"","background-repeat":"repeat","background-position":"center center","background-size":"auto","background-attachment":"scroll","background-type":"","background-media":"","overlay-type":"","overlay-color":"","overlay-opacity":"","overlay-gradient":""},"tablet":{"background-color":"var(--ast-global-color-5)","background-image":"","background-repeat":"repeat","background-position":"center center","background-size":"auto","background-attachment":"scroll","background-type":"","background-media":"","overlay-type":"","overlay-color":"","overlay-opacity":"","overlay-gradient":""},"mobile":{"background-color":"var(--ast-global-color-5)","background-image":"","background-repeat":"repeat","background-position":"center center","background-size":"auto","background-attachment":"scroll","background-type":"","background-media":"","overlay-type":"","overlay-color":"","overlay-opacity":"","overlay-gradient":""}}},"product_brand":[],"product_cat":[48,47,430,1200],"product_tag":[335,1243,185,809,1245,1244,287,1246,337,262],"class_list":{"0":"post-7911","1":"product","2":"type-product","3":"status-publish","4":"has-post-thumbnail","6":"product_cat-casual","7":"product_cat-classic","8":"product_cat-men","9":"product_cat-mens-shoes-2","10":"product_tag-apron-toe-shoes","11":"product_tag-brown-casual-shoes","12":"product_tag-calf-leather-shoes","13":"product_tag-classic-mens-footwear","14":"product_tag-comfortable-suede","15":"product_tag-derby-style-shoes","16":"product_tag-eva-sole-shoes","17":"product_tag-fashionable-footwear","18":"product_tag-mens-suede-shoes","19":"product_tag-wholesale-mens-shoes","20":"desktop-align-center","21":"tablet-align-center","22":"mobile-align-center","24":"first","25":"instock","26":"shipping-taxable","27":"purchasable","28":"product-type-variable","29":"has-default-attributes"},"acf":[],"uagb_featured_image_src":{"full":["https:\/\/turkishtrade.co\/wp-content\/uploads\/2026\/01\/2600FKHMN00013-CAMEL.png",453,250,false],"thumbnail":["https:\/\/turkishtrade.co\/wp-content\/uploads\/2026\/01\/2600FKHMN00013-CAMEL-150x150.png",150,150,true],"medium":["https:\/\/turkishtrade.co\/wp-content\/uploads\/2026\/01\/2600FKHMN00013-CAMEL-300x166.png",300,166,true],"medium_large":["https:\/\/turkishtrade.co\/wp-content\/uploads\/2026\/01\/2600FKHMN00013-CAMEL.png",453,250,false],"large":["https:\/\/turkishtrade.co\/wp-content\/uploads\/2026\/01\/2600FKHMN00013-CAMEL.png",453,250,false],"1536x1536":["https:\/\/turkishtrade.co\/wp-content\/uploads\/2026\/01\/2600FKHMN00013-CAMEL.png",453,250,false],"2048x2048":["https:\/\/turkishtrade.co\/wp-content\/uploads\/2026\/01\/2600FKHMN00013-CAMEL.png",453,250,false],"trp-custom-language-flag":["https:\/\/turkishtrade.co\/wp-content\/uploads\/2026\/01\/2600FKHMN00013-CAMEL-18x10.png",18,10,true],"woocommerce_thumbnail":["https:\/\/turkishtrade.co\/wp-content\/uploads\/2026\/01\/2600FKHMN00013-CAMEL-400x250.png",400,250,true],"woocommerce_single":["https:\/\/turkishtrade.co\/wp-content\/uploads\/2026\/01\/2600FKHMN00013-CAMEL.png",453,250,false],"woocommerce_gallery_thumbnail":["https:\/\/turkishtrade.co\/wp-content\/uploads\/2026\/01\/2600FKHMN00013-CAMEL-100x100.png",100,100,true]},"uagb_author_info":{"display_name":"python python","author_link":"https:\/\/turkishtrade.co\/fr\/author\/"},"uagb_comment_info":0,"uagb_excerpt":"Crafted from genuine calf leather suede for a luxurious finish Lined with premium goat leather for ultimate comfort and breathability Features a lightweight and flexible EVA sole for all-day wear Stylish apron toe design with a classic lace-up closure Available in a wide range of EU sizes (39-45) Wholesale orders are welcome with a minimum\u2026","_links":{"self":[{"href":"https:\/\/turkishtrade.co\/fr\/wp-json\/wp\/v2\/product\/7911","targetHints":{"allow":["GET"]}}],"collection":[{"href":"https:\/\/turkishtrade.co\/fr\/wp-json\/wp\/v2\/product"}],"about":[{"href":"https:\/\/turkishtrade.co\/fr\/wp-json\/wp\/v2\/types\/product"}],"wp:featuredmedia":[{"embeddable":true,"href":"https:\/\/turkishtrade.co\/fr\/wp-json\/wp\/v2\/media\/7063"}],"wp:attachment":[{"href":"https:\/\/turkishtrade.co\/fr\/wp-json\/wp\/v2\/media?parent=7911"}],"wp:term":[{"taxonomy":"product_brand","embeddable":true,"href":"https:\/\/turkishtrade.co\/fr\/wp-json\/wp\/v2\/product_brand?post=7911"},{"taxonomy":"product_cat","embeddable":true,"href":"https:\/\/turkishtrade.co\/fr\/wp-json\/wp\/v2\/product_cat?post=7911"},{"taxonomy":"product_tag","embeddable":true,"href":"https:\/\/turkishtrade.co\/fr\/wp-json\/wp\/v2\/product_tag?post=7911"}],"curies":[{"name":"wp","href":"https:\/\/api.w.org\/{rel}","templated":true}]}}