{"id":7909,"date":"2026-01-29T14:45:47","date_gmt":"2026-01-29T14:45:47","guid":{"rendered":"https:\/\/turkishtrade.co\/?post_type=product&#038;p=7909"},"modified":"2026-04-09T20:40:39","modified_gmt":"2026-04-09T20:40:39","slug":"mens-brown-leather-oxford-shoes","status":"publish","type":"product","link":"https:\/\/turkishtrade.co\/fr\/shop\/mens-brown-leather-oxford-shoes\/","title":{"rendered":"Chaussures Oxford en cuir marron pour hommes Luxe | Premium | Confort &amp; Style"},"content":{"rendered":"<p><strong>Chaussures Oxford en cuir marron pour hommes<\/strong>. Qualit\u00e9 et design de luxe.<\/p>\n<p>D\u00e9couvrez l'incarnation d'un style intemporel et d'un confort in\u00e9gal\u00e9 avec notre exquise <strong>Chaussures Oxford en cuir marron pour hommes<\/strong>. M\u00e9ticuleusement fabriqu\u00e9es pour r\u00e9pondre aux normes les plus \u00e9lev\u00e9es de qualit\u00e9 et de conception, ces chaussures sont le m\u00e9lange parfait de l'\u00e9l\u00e9gance classique et de la polyvalence moderne.<\/p>\n<p>Que vous vous habilliez pour un \u00e9v\u00e9nement formel, une r\u00e9union d'affaires ou que vous souhaitiez simplement rehausser votre look chic et d\u00e9contract\u00e9, ces <strong>Chaussures Oxford en cuir marron pour hommes<\/strong> vous permettra de sortir de chez vous avec assurance et sophistication, et de faire une impression durable.<\/p>\n<h3>Un savoir-faire in\u00e9gal\u00e9 et des mat\u00e9riaux de premi\u00e8re qualit\u00e9<\/h3>\n<p>Chaque paire de ces produits d'exception <strong>Chaussures Oxford en cuir marron pour hommes<\/strong> t\u00e9moigne d'une qualit\u00e9 artistique sup\u00e9rieure et d'une grande attention port\u00e9e aux d\u00e9tails. L'empeigne est fa\u00e7onn\u00e9e de mani\u00e8re experte \u00e0 partir de v\u00e9ritables <em>cuir de veau<\/em>, Le bois de h\u00eatre est r\u00e9put\u00e9 pour sa texture souple, sa durabilit\u00e9 exceptionnelle et sa riche teinte brune profonde qui ne fait que s'am\u00e9liorer avec l'\u00e2ge.<\/p>\n<p>Ce mat\u00e9riau de qualit\u00e9 sup\u00e9rieure garantit un aspect soign\u00e9 qui r\u00e9siste \u00e0 l'\u00e9preuve du temps. \u00c0 l'int\u00e9rieur, vos pieds seront berc\u00e9s dans le luxe gr\u00e2ce \u00e0 la semelle souple et respirante. <em>doublure en cuir de ch\u00e8vre<\/em>. Cette doublure naturelle \u00e9vacue l'humidit\u00e9, garantissant un confort maximal et une sensation de fra\u00eecheur, m\u00eame en cas de port prolong\u00e9. <strong>Chaussures Oxford en cuir marron pour hommes<\/strong> des autres.<\/p>\n<p>Contrairement \u00e0 de nombreuses chaussures de ville traditionnelles, notre conception int\u00e8gre une structure l\u00e9g\u00e8re mais robuste. <em>Semelle EVA<\/em>. Ce mat\u00e9riau de semelle innovant offre un amorti sup\u00e9rieur, une excellente absorption des chocs et une flexibilit\u00e9 accrue, ce qui en fait sans doute la semelle la plus confortable et la plus pratique. <strong>Chaussures Oxford en cuir marron pour hommes<\/strong> que vous ne poss\u00e9derez jamais.<\/p>\n<h3>Un style polyvalent pour toutes les occasions<\/h3>\n<p>Le design classique de ces chaussures \u00e0 capuchon <strong>Chaussures Oxford en cuir marron pour hommes<\/strong> Les chaussures sont un \u00e9l\u00e9ment essentiel de la garde-robe de tout gentleman exigeant. Leur riche teinte brune offre une incroyable polyvalence, s'associant sans effort \u00e0 un large \u00e9ventail de tenues, des costumes d'affaires \u00e9l\u00e9gants aux pantalons chinos et d\u00e9contract\u00e9s.<\/p>\n<p>Parfaites pour le bureau, les mariages, les \u00e9v\u00e9nements sp\u00e9ciaux ou simplement pour ajouter une touche de raffinement \u00e0 votre tenue de tous les jours, ces \u201cCasual Classic\u201d <strong>Chaussures Oxford en cuir marron pour hommes<\/strong> s'adaptent facilement \u00e0 votre style de vie. Disponibles dans une gamme compl\u00e8te de tailles allant du 39 au 45, nous nous engageons \u00e0 garantir un ajustement parfait pour chaque client, consolidant ainsi leur statut d'\u00e9l\u00e9ment essentiel. <strong>Chaussures Oxford en cuir marron pour hommes<\/strong>.<\/p>\n<h3>Opportunit\u00e9 de vente en gros pour les entreprises<\/h3>\n<p>Pour les d\u00e9taillants et les entreprises qui souhaitent proposer des chaussures haut de gamme, ces chaussures sophistiqu\u00e9es ont \u00e9t\u00e9 con\u00e7ues pour r\u00e9pondre aux besoins des consommateurs. <strong>Chaussures Oxford en cuir marron pour hommes<\/strong> sont disponibles pour l'achat en gros. B\u00e9n\u00e9ficiez de prix comp\u00e9titifs et d'une qualit\u00e9 sup\u00e9rieure qui impressionneront votre client\u00e8le et am\u00e9lioreront votre offre de produits.<\/p>\n<p>Avec une quantit\u00e9 minimale de commande de seulement 16 paires, vous pouvez facilement vous approvisionner en ces produits tr\u00e8s demand\u00e9s. <strong>Chaussures Oxford en cuir marron pour hommes<\/strong> et offrez \u00e0 vos clients un produit qui allie luxe, confort et attrait intemporel.<\/p>\n<p>Am\u00e9liorez votre inventaire avec des chaussures qui se distinguent sur le march\u00e9 et attirent un large public \u00e0 la recherche de qualit\u00e9 et de style.<\/p>","protected":false},"excerpt":{"rendered":"<ul>\n<li>Prime <strong>Chaussures Oxford en cuir marron pour hommes<\/strong> avec un design Cap Toe sophistiqu\u00e9<\/li>\n<li>Fabriqu\u00e9 en cuir de veau v\u00e9ritable pour une durabilit\u00e9 sup\u00e9rieure et une esth\u00e9tique riche.<\/li>\n<li>La doublure en cuir de ch\u00e8vre luxueux assure une respirabilit\u00e9 exceptionnelle et un confort tout au long de la journ\u00e9e.<\/li>\n<li>Semelle EVA l\u00e9g\u00e8re et flexible pour un meilleur amorti et un meilleur soutien.<\/li>\n<li>Disponible dans une large gamme de tailles allant de 39 \u00e0 45<\/li>\n<li>Prix de gros disponible avec une quantit\u00e9 minimale de 16 paires.<\/li>\n<\/ul>","protected":false},"featured_media":7059,"template":"","meta":{"_acf_changed":false,"_uag_custom_page_level_css":"","site-sidebar-layout":"default","site-content-layout":"","ast-site-content-layout":"default","site-content-style":"default","site-sidebar-style":"default","ast-global-header-display":"","ast-banner-title-visibility":"","ast-main-header-display":"","ast-hfb-above-header-display":"","ast-hfb-below-header-display":"","ast-hfb-mobile-header-display":"","site-post-title":"","ast-breadcrumbs-content":"","ast-featured-img":"","footer-sml-layout":"","ast-disable-related-posts":"","theme-transparent-header-meta":"","adv-header-id-meta":"","stick-header-meta":"","header-above-stick-meta":"","header-main-stick-meta":"","header-below-stick-meta":"","astra-migrate-meta-layouts":"default","ast-page-background-enabled":"default","ast-page-background-meta":{"desktop":{"background-color":"var(--ast-global-color-4)","background-image":"","background-repeat":"repeat","background-position":"center center","background-size":"auto","background-attachment":"scroll","background-type":"","background-media":"","overlay-type":"","overlay-color":"","overlay-opacity":"","overlay-gradient":""},"tablet":{"background-color":"","background-image":"","background-repeat":"repeat","background-position":"center center","background-size":"auto","background-attachment":"scroll","background-type":"","background-media":"","overlay-type":"","overlay-color":"","overlay-opacity":"","overlay-gradient":""},"mobile":{"background-color":"","background-image":"","background-repeat":"repeat","background-position":"center center","background-size":"auto","background-attachment":"scroll","background-type":"","background-media":"","overlay-type":"","overlay-color":"","overlay-opacity":"","overlay-gradient":""}},"ast-content-background-meta":{"desktop":{"background-color":"var(--ast-global-color-5)","background-image":"","background-repeat":"repeat","background-position":"center center","background-size":"auto","background-attachment":"scroll","background-type":"","background-media":"","overlay-type":"","overlay-color":"","overlay-opacity":"","overlay-gradient":""},"tablet":{"background-color":"var(--ast-global-color-5)","background-image":"","background-repeat":"repeat","background-position":"center center","background-size":"auto","background-attachment":"scroll","background-type":"","background-media":"","overlay-type":"","overlay-color":"","overlay-opacity":"","overlay-gradient":""},"mobile":{"background-color":"var(--ast-global-color-5)","background-image":"","background-repeat":"repeat","background-position":"center center","background-size":"auto","background-attachment":"scroll","background-type":"","background-media":"","overlay-type":"","overlay-color":"","overlay-opacity":"","overlay-gradient":""}}},"product_brand":[],"product_cat":[48,47,430,1200],"product_tag":[830,566,1241,1242,287,251,803,1240,324,281],"class_list":{"0":"post-7909","1":"product","2":"type-product","3":"status-publish","4":"has-post-thumbnail","6":"product_cat-casual","7":"product_cat-classic","8":"product_cat-men","9":"product_cat-mens-shoes-2","10":"product_tag-brown-oxford-shoes","11":"product_tag-calfskin-shoes","12":"product_tag-cap-toe-oxford","13":"product_tag-casual-classic-shoes","14":"product_tag-eva-sole-shoes","15":"product_tag-formal-shoes","16":"product_tag-leather-oxford-shoes","17":"product_tag-mens-brown-leather-oxford-shoes","18":"product_tag-mens-dress-shoes","19":"product_tag-wholesale-shoes","20":"desktop-align-center","21":"tablet-align-center","22":"mobile-align-center","24":"first","25":"instock","26":"shipping-taxable","27":"purchasable","28":"product-type-variable","29":"has-default-attributes"},"acf":[],"uagb_featured_image_src":{"full":["https:\/\/turkishtrade.co\/wp-content\/uploads\/2026\/01\/2600FKHMN00011-BROWN.png",453,250,false],"thumbnail":["https:\/\/turkishtrade.co\/wp-content\/uploads\/2026\/01\/2600FKHMN00011-BROWN-150x150.png",150,150,true],"medium":["https:\/\/turkishtrade.co\/wp-content\/uploads\/2026\/01\/2600FKHMN00011-BROWN-300x166.png",300,166,true],"medium_large":["https:\/\/turkishtrade.co\/wp-content\/uploads\/2026\/01\/2600FKHMN00011-BROWN.png",453,250,false],"large":["https:\/\/turkishtrade.co\/wp-content\/uploads\/2026\/01\/2600FKHMN00011-BROWN.png",453,250,false],"1536x1536":["https:\/\/turkishtrade.co\/wp-content\/uploads\/2026\/01\/2600FKHMN00011-BROWN.png",453,250,false],"2048x2048":["https:\/\/turkishtrade.co\/wp-content\/uploads\/2026\/01\/2600FKHMN00011-BROWN.png",453,250,false],"trp-custom-language-flag":["https:\/\/turkishtrade.co\/wp-content\/uploads\/2026\/01\/2600FKHMN00011-BROWN-18x10.png",18,10,true],"woocommerce_thumbnail":["https:\/\/turkishtrade.co\/wp-content\/uploads\/2026\/01\/2600FKHMN00011-BROWN-400x250.png",400,250,true],"woocommerce_single":["https:\/\/turkishtrade.co\/wp-content\/uploads\/2026\/01\/2600FKHMN00011-BROWN.png",453,250,false],"woocommerce_gallery_thumbnail":["https:\/\/turkishtrade.co\/wp-content\/uploads\/2026\/01\/2600FKHMN00011-BROWN-100x100.png",100,100,true]},"uagb_author_info":{"display_name":"python python","author_link":"https:\/\/turkishtrade.co\/fr\/author\/"},"uagb_comment_info":0,"uagb_excerpt":"Premium Men's Brown Leather Oxford Shoes with a sophisticated Cap Toe design Crafted from genuine Calfskin Leather Upper for superior durability and a rich aesthetic Luxurious Goat Leather Lining ensures exceptional breathability and all-day comfort Features a lightweight and flexible EVA Sole for enhanced cushioning and support Available in a comprehensive range of sizes from\u2026","_links":{"self":[{"href":"https:\/\/turkishtrade.co\/fr\/wp-json\/wp\/v2\/product\/7909","targetHints":{"allow":["GET"]}}],"collection":[{"href":"https:\/\/turkishtrade.co\/fr\/wp-json\/wp\/v2\/product"}],"about":[{"href":"https:\/\/turkishtrade.co\/fr\/wp-json\/wp\/v2\/types\/product"}],"wp:featuredmedia":[{"embeddable":true,"href":"https:\/\/turkishtrade.co\/fr\/wp-json\/wp\/v2\/media\/7059"}],"wp:attachment":[{"href":"https:\/\/turkishtrade.co\/fr\/wp-json\/wp\/v2\/media?parent=7909"}],"wp:term":[{"taxonomy":"product_brand","embeddable":true,"href":"https:\/\/turkishtrade.co\/fr\/wp-json\/wp\/v2\/product_brand?post=7909"},{"taxonomy":"product_cat","embeddable":true,"href":"https:\/\/turkishtrade.co\/fr\/wp-json\/wp\/v2\/product_cat?post=7909"},{"taxonomy":"product_tag","embeddable":true,"href":"https:\/\/turkishtrade.co\/fr\/wp-json\/wp\/v2\/product_tag?post=7909"}],"curies":[{"name":"wp","href":"https:\/\/api.w.org\/{rel}","templated":true}]}}